{"id":1008,"date":"2025-08-26T04:43:18","date_gmt":"2025-08-26T04:43:18","guid":{"rendered":"https:\/\/awtaproducttesting.swim.net.au\/?page_id=1008"},"modified":"2025-11-27T02:58:57","modified_gmt":"2025-11-27T02:58:57","slug":"graffiti-management","status":"publish","type":"page","link":"https:\/\/awtaproducttesting.com.au\/fr\/services\/by-industry\/building-construction\/graffiti-management\/","title":{"rendered":"Gestion des graffitis"},"content":{"rendered":"<div class=\"wp-block-group is-style-boxed is-layout-constrained wp-block-group-is-layout-constrained\">\n<div class=\"wp-block-columns is-layout-flex wp-container-core-columns-is-layout-9d6595d7 wp-block-columns-is-layout-flex\">\n<div class=\"wp-block-column is-vertically-aligned-center is-layout-constrained wp-block-column-is-layout-constrained\">\n<p><\/p>\n\n\n\n<p>Pour favoriser une gestion efficace des graffitis, AWTA Product Testing propose des tests de surface conform\u00e9ment \u00e0 la norme ASTM D6578. <em>Pratique normalis\u00e9e pour la d\u00e9termination de la r\u00e9sistance aux graffitis<\/em>.<\/p>\n\n\n\n<p>Cette m\u00e9thode, reconnue au niveau international, fournit<\/p>\n\n\n\n<ul class=\"wp-block-list\">\n<li>Une proc\u00e9dure d'essai coh\u00e9rente pour l'application des graffitis sur les surfaces<\/li>\n\n\n\n<li>Un syst\u00e8me de notation qui \u00e9value la capacit\u00e9 d'une surface \u00e0 \u00eatre restaur\u00e9e apr\u00e8s l'enl\u00e8vement d'un graffiti.<\/li>\n\n\n\n<li>Aper\u00e7u de la durabilit\u00e9 et de la nettoyabilit\u00e9 des rev\u00eatements, des films et des mat\u00e9riaux de construction<\/li>\n<\/ul>\n\n\n\n<p>Ce test est id\u00e9al pour les fabricants, les propri\u00e9taires de b\u00e2timents et les urbanistes qui cherchent \u00e0 s\u00e9lectionner des mat\u00e9riaux offrant une grande r\u00e9sistance aux graffitis et un entretien plus facile.<\/p>\n<\/div>\n\n\n\n<div class=\"wp-block-column is-layout-flow wp-block-column-is-layout-flow\">\n<figure class=\"wp-block-image size-full\"><img loading=\"lazy\" decoding=\"async\" width=\"540\" height=\"360\" src=\"https:\/\/awtaproducttesting.com.au\/app\/uploads\/2025\/09\/A-yellow-subway-train-car-covered-in-vibrant-graffiti-art-stands-at-a-station-platform-with-overhead-lighting.-Berlin-Germany.-28-March-2025.jpg\" alt=\"\" class=\"wp-image-1533\" srcset=\"https:\/\/awtaproducttesting.com.au\/app\/uploads\/2025\/09\/A-yellow-subway-train-car-covered-in-vibrant-graffiti-art-stands-at-a-station-platform-with-overhead-lighting.-Berlin-Germany.-28-March-2025.jpg 540w, https:\/\/awtaproducttesting.com.au\/app\/uploads\/2025\/09\/A-yellow-subway-train-car-covered-in-vibrant-graffiti-art-stands-at-a-station-platform-with-overhead-lighting.-Berlin-Germany.-28-March-2025-300x200.jpg 300w, https:\/\/awtaproducttesting.com.au\/app\/uploads\/2025\/09\/A-yellow-subway-train-car-covered-in-vibrant-graffiti-art-stands-at-a-station-platform-with-overhead-lighting.-Berlin-Germany.-28-March-2025-18x12.jpg 18w\" sizes=\"auto, (max-width: 540px) 100vw, 540px\" \/><\/figure>\n<\/div>\n<\/div>\n\n\n\n<h2 class=\"wp-block-heading\">Plus d'informations<\/h2>\n\n\n\n<div class=\"wp-block-buttons is-nowrap is-layout-flex wp-container-core-buttons-is-layout-ad2f72ca wp-block-buttons-is-layout-flex\">\n<div class=\"wp-block-button is-style-gray-buttons\"><a class=\"wp-block-button__link wp-element-button\" href=\"\/fr\/app\/uploads\/2025\/09\/Graffiti-Testing-Information-Sheet-.pdf\/\" target=\"_blank\" rel=\"noreferrer noopener\">Fiche d'information sur le d\u00e9pistage des graffitis<\/a><\/div>\n<\/div>\n\n\n\n<h2 class=\"wp-block-heading\">Lire la suite<\/h2>\n\n\n\n<div class=\"wp-block-buttons is-nowrap is-layout-flex wp-container-core-buttons-is-layout-ad2f72ca wp-block-buttons-is-layout-flex\">\n<div class=\"wp-block-button is-style-default\"><a class=\"wp-block-button__link wp-element-button\" href=\"\/fr\/services\/by-industry\/transport-and-automotive\/street-sign-retroreflective-materials\/\">Panneaux de signalisation<\/a><\/div>\n<\/div>\n<\/div>","protected":false},"excerpt":{"rendered":"<p>To support effective graffiti management, AWTA Product Testing offers surface testing in accordance with the ASTM D6578 standard \u2013 Standard Practice for Determinatio\u2026<\/p>","protected":false},"author":1,"featured_media":0,"parent":629,"menu_order":0,"comment_status":"closed","ping_status":"closed","template":"","meta":{"_acf_changed":false,"footnotes":""},"class_list":["post-1008","page","type-page","status-publish","hentry"],"acf":[],"yoast_head":"<!-- This site is optimized with the Yoast SEO plugin v27.0 - https:\/\/yoast.com\/product\/yoast-seo-wordpress\/ -->\n<title>Graffiti Management - AWTA Product Testing<\/title>\n<meta name=\"robots\" content=\"index, follow, max-snippet:-1, max-image-preview:large, max-video-preview:-1\" \/>\n<link rel=\"canonical\" href=\"https:\/\/awtaproducttesting.com.au\/fr\/services\/by-industry\/building-construction\/graffiti-management\/\" \/>\n<meta property=\"og:locale\" content=\"fr_FR\" \/>\n<meta property=\"og:type\" content=\"article\" \/>\n<meta property=\"og:title\" content=\"Graffiti Management - AWTA Product Testing\" \/>\n<meta property=\"og:description\" content=\"To support effective graffiti management, AWTA Product Testing offers surface testing in accordance with the ASTM D6578 standard \u2013 Standard Practice for Determinatio\u2026\" \/>\n<meta property=\"og:url\" content=\"https:\/\/awtaproducttesting.com.au\/fr\/services\/by-industry\/building-construction\/graffiti-management\/\" \/>\n<meta property=\"og:site_name\" content=\"AWTA Product Testing\" \/>\n<meta property=\"article:modified_time\" content=\"2025-11-27T02:58:57+00:00\" \/>\n<meta property=\"og:image\" content=\"https:\/\/awtaproducttesting.com.au\/app\/uploads\/2025\/09\/A-yellow-subway-train-car-covered-in-vibrant-graffiti-art-stands-at-a-station-platform-with-overhead-lighting.-Berlin-Germany.-28-March-2025.jpg\" \/>\n\t<meta property=\"og:image:width\" content=\"540\" \/>\n\t<meta property=\"og:image:height\" content=\"360\" \/>\n\t<meta property=\"og:image:type\" content=\"image\/jpeg\" \/>\n<meta name=\"twitter:card\" content=\"summary_large_image\" \/>\n<meta name=\"twitter:label1\" content=\"Est. reading time\" \/>\n\t<meta name=\"twitter:data1\" content=\"1 minute\" \/>\n<script type=\"application\/ld+json\" class=\"yoast-schema-graph\">{\"@context\":\"https:\/\/schema.org\",\"@graph\":[{\"@type\":\"WebPage\",\"@id\":\"https:\/\/awtaproducttesting.com.au\/services\/by-industry\/building-construction\/graffiti-management\/\",\"url\":\"https:\/\/awtaproducttesting.com.au\/services\/by-industry\/building-construction\/graffiti-management\/\",\"name\":\"Graffiti Management - AWTA Product Testing\",\"isPartOf\":{\"@id\":\"https:\/\/awtaproducttesting.com.au\/#website\"},\"primaryImageOfPage\":{\"@id\":\"https:\/\/awtaproducttesting.com.au\/services\/by-industry\/building-construction\/graffiti-management\/#primaryimage\"},\"image\":{\"@id\":\"https:\/\/awtaproducttesting.com.au\/services\/by-industry\/building-construction\/graffiti-management\/#primaryimage\"},\"thumbnailUrl\":\"https:\/\/awtaproducttesting.com.au\/app\/uploads\/2025\/09\/A-yellow-subway-train-car-covered-in-vibrant-graffiti-art-stands-at-a-station-platform-with-overhead-lighting.-Berlin-Germany.-28-March-2025.jpg\",\"datePublished\":\"2025-08-26T04:43:18+00:00\",\"dateModified\":\"2025-11-27T02:58:57+00:00\",\"breadcrumb\":{\"@id\":\"https:\/\/awtaproducttesting.com.au\/services\/by-industry\/building-construction\/graffiti-management\/#breadcrumb\"},\"inLanguage\":\"fr-FR\",\"potentialAction\":[{\"@type\":\"ReadAction\",\"target\":[\"https:\/\/awtaproducttesting.com.au\/services\/by-industry\/building-construction\/graffiti-management\/\"]}]},{\"@type\":\"ImageObject\",\"inLanguage\":\"fr-FR\",\"@id\":\"https:\/\/awtaproducttesting.com.au\/services\/by-industry\/building-construction\/graffiti-management\/#primaryimage\",\"url\":\"https:\/\/awtaproducttesting.com.au\/app\/uploads\/2025\/09\/A-yellow-subway-train-car-covered-in-vibrant-graffiti-art-stands-at-a-station-platform-with-overhead-lighting.-Berlin-Germany.-28-March-2025.jpg\",\"contentUrl\":\"https:\/\/awtaproducttesting.com.au\/app\/uploads\/2025\/09\/A-yellow-subway-train-car-covered-in-vibrant-graffiti-art-stands-at-a-station-platform-with-overhead-lighting.-Berlin-Germany.-28-March-2025.jpg\"},{\"@type\":\"BreadcrumbList\",\"@id\":\"https:\/\/awtaproducttesting.com.au\/services\/by-industry\/building-construction\/graffiti-management\/#breadcrumb\",\"itemListElement\":[{\"@type\":\"ListItem\",\"position\":1,\"name\":\"Home\",\"item\":\"https:\/\/awtaproducttesting.com.au\/\"},{\"@type\":\"ListItem\",\"position\":2,\"name\":\"Services\",\"item\":\"https:\/\/awtaproducttesting.com.au\/services\/\"},{\"@type\":\"ListItem\",\"position\":3,\"name\":\"By Industry\",\"item\":\"https:\/\/awtaproducttesting.com.au\/services\/by-industry\/\"},{\"@type\":\"ListItem\",\"position\":4,\"name\":\"Building &amp; Construction Industry\",\"item\":\"https:\/\/awtaproducttesting.com.au\/services\/by-industry\/building-construction\/\"},{\"@type\":\"ListItem\",\"position\":5,\"name\":\"Graffiti Management\"}]},{\"@type\":\"WebSite\",\"@id\":\"https:\/\/awtaproducttesting.com.au\/#website\",\"url\":\"https:\/\/awtaproducttesting.com.au\/\",\"name\":\"AWTA Product Testing\",\"description\":\"\",\"publisher\":{\"@id\":\"https:\/\/awtaproducttesting.com.au\/#organization\"},\"potentialAction\":[{\"@type\":\"SearchAction\",\"target\":{\"@type\":\"EntryPoint\",\"urlTemplate\":\"https:\/\/awtaproducttesting.com.au\/?s={search_term_string}\"},\"query-input\":{\"@type\":\"PropertyValueSpecification\",\"valueRequired\":true,\"valueName\":\"search_term_string\"}}],\"inLanguage\":\"fr-FR\"},{\"@type\":\"Organization\",\"@id\":\"https:\/\/awtaproducttesting.com.au\/#organization\",\"name\":\"AWTA Product Testing\",\"url\":\"https:\/\/awtaproducttesting.com.au\/\",\"logo\":{\"@type\":\"ImageObject\",\"inLanguage\":\"fr-FR\",\"@id\":\"https:\/\/awtaproducttesting.com.au\/#\/schema\/logo\/image\/\",\"url\":\"https:\/\/awtaproducttesting.com.au\/app\/uploads\/2025\/08\/PT-News-Banner-scaled.jpg\",\"contentUrl\":\"https:\/\/awtaproducttesting.com.au\/app\/uploads\/2025\/08\/PT-News-Banner-scaled.jpg\",\"width\":2560,\"height\":1580,\"caption\":\"AWTA Product Testing\"},\"image\":{\"@id\":\"https:\/\/awtaproducttesting.com.au\/#\/schema\/logo\/image\/\"}}]}<\/script>\n<!-- \/ Yoast SEO plugin. -->","yoast_head_json":{"title":"Graffiti Management - AWTA Product Testing","robots":{"index":"index","follow":"follow","max-snippet":"max-snippet:-1","max-image-preview":"max-image-preview:large","max-video-preview":"max-video-preview:-1"},"canonical":"https:\/\/awtaproducttesting.com.au\/fr\/services\/by-industry\/building-construction\/graffiti-management\/","og_locale":"fr_FR","og_type":"article","og_title":"Graffiti Management - AWTA Product Testing","og_description":"To support effective graffiti management, AWTA Product Testing offers surface testing in accordance with the ASTM D6578 standard \u2013 Standard Practice for Determinatio\u2026","og_url":"https:\/\/awtaproducttesting.com.au\/fr\/services\/by-industry\/building-construction\/graffiti-management\/","og_site_name":"AWTA Product Testing","article_modified_time":"2025-11-27T02:58:57+00:00","og_image":[{"width":540,"height":360,"url":"https:\/\/awtaproducttesting.com.au\/app\/uploads\/2025\/09\/A-yellow-subway-train-car-covered-in-vibrant-graffiti-art-stands-at-a-station-platform-with-overhead-lighting.-Berlin-Germany.-28-March-2025.jpg","type":"image\/jpeg"}],"twitter_card":"summary_large_image","twitter_misc":{"Est. reading time":"1 minute"},"schema":{"@context":"https:\/\/schema.org","@graph":[{"@type":"WebPage","@id":"https:\/\/awtaproducttesting.com.au\/services\/by-industry\/building-construction\/graffiti-management\/","url":"https:\/\/awtaproducttesting.com.au\/services\/by-industry\/building-construction\/graffiti-management\/","name":"Graffiti Management - AWTA Product Testing","isPartOf":{"@id":"https:\/\/awtaproducttesting.com.au\/#website"},"primaryImageOfPage":{"@id":"https:\/\/awtaproducttesting.com.au\/services\/by-industry\/building-construction\/graffiti-management\/#primaryimage"},"image":{"@id":"https:\/\/awtaproducttesting.com.au\/services\/by-industry\/building-construction\/graffiti-management\/#primaryimage"},"thumbnailUrl":"https:\/\/awtaproducttesting.com.au\/app\/uploads\/2025\/09\/A-yellow-subway-train-car-covered-in-vibrant-graffiti-art-stands-at-a-station-platform-with-overhead-lighting.-Berlin-Germany.-28-March-2025.jpg","datePublished":"2025-08-26T04:43:18+00:00","dateModified":"2025-11-27T02:58:57+00:00","breadcrumb":{"@id":"https:\/\/awtaproducttesting.com.au\/services\/by-industry\/building-construction\/graffiti-management\/#breadcrumb"},"inLanguage":"fr-FR","potentialAction":[{"@type":"ReadAction","target":["https:\/\/awtaproducttesting.com.au\/services\/by-industry\/building-construction\/graffiti-management\/"]}]},{"@type":"ImageObject","inLanguage":"fr-FR","@id":"https:\/\/awtaproducttesting.com.au\/services\/by-industry\/building-construction\/graffiti-management\/#primaryimage","url":"https:\/\/awtaproducttesting.com.au\/app\/uploads\/2025\/09\/A-yellow-subway-train-car-covered-in-vibrant-graffiti-art-stands-at-a-station-platform-with-overhead-lighting.-Berlin-Germany.-28-March-2025.jpg","contentUrl":"https:\/\/awtaproducttesting.com.au\/app\/uploads\/2025\/09\/A-yellow-subway-train-car-covered-in-vibrant-graffiti-art-stands-at-a-station-platform-with-overhead-lighting.-Berlin-Germany.-28-March-2025.jpg"},{"@type":"BreadcrumbList","@id":"https:\/\/awtaproducttesting.com.au\/services\/by-industry\/building-construction\/graffiti-management\/#breadcrumb","itemListElement":[{"@type":"ListItem","position":1,"name":"Home","item":"https:\/\/awtaproducttesting.com.au\/"},{"@type":"ListItem","position":2,"name":"Services","item":"https:\/\/awtaproducttesting.com.au\/services\/"},{"@type":"ListItem","position":3,"name":"By Industry","item":"https:\/\/awtaproducttesting.com.au\/services\/by-industry\/"},{"@type":"ListItem","position":4,"name":"Building &amp; Construction Industry","item":"https:\/\/awtaproducttesting.com.au\/services\/by-industry\/building-construction\/"},{"@type":"ListItem","position":5,"name":"Graffiti Management"}]},{"@type":"WebSite","@id":"https:\/\/awtaproducttesting.com.au\/#website","url":"https:\/\/awtaproducttesting.com.au\/","name":"Tests de produits de l'AWTA","description":"","publisher":{"@id":"https:\/\/awtaproducttesting.com.au\/#organization"},"potentialAction":[{"@type":"SearchAction","target":{"@type":"EntryPoint","urlTemplate":"https:\/\/awtaproducttesting.com.au\/?s={search_term_string}"},"query-input":{"@type":"PropertyValueSpecification","valueRequired":true,"valueName":"search_term_string"}}],"inLanguage":"fr-FR"},{"@type":"Organization","@id":"https:\/\/awtaproducttesting.com.au\/#organization","name":"Tests de produits de l'AWTA","url":"https:\/\/awtaproducttesting.com.au\/","logo":{"@type":"ImageObject","inLanguage":"fr-FR","@id":"https:\/\/awtaproducttesting.com.au\/#\/schema\/logo\/image\/","url":"https:\/\/awtaproducttesting.com.au\/app\/uploads\/2025\/08\/PT-News-Banner-scaled.jpg","contentUrl":"https:\/\/awtaproducttesting.com.au\/app\/uploads\/2025\/08\/PT-News-Banner-scaled.jpg","width":2560,"height":1580,"caption":"AWTA Product Testing"},"image":{"@id":"https:\/\/awtaproducttesting.com.au\/#\/schema\/logo\/image\/"}}]}},"_links":{"self":[{"href":"https:\/\/awtaproducttesting.com.au\/fr\/wp-json\/wp\/v2\/pages\/1008","targetHints":{"allow":["GET"]}}],"collection":[{"href":"https:\/\/awtaproducttesting.com.au\/fr\/wp-json\/wp\/v2\/pages"}],"about":[{"href":"https:\/\/awtaproducttesting.com.au\/fr\/wp-json\/wp\/v2\/types\/page"}],"author":[{"embeddable":true,"href":"https:\/\/awtaproducttesting.com.au\/fr\/wp-json\/wp\/v2\/users\/1"}],"replies":[{"embeddable":true,"href":"https:\/\/awtaproducttesting.com.au\/fr\/wp-json\/wp\/v2\/comments?post=1008"}],"version-history":[{"count":18,"href":"https:\/\/awtaproducttesting.com.au\/fr\/wp-json\/wp\/v2\/pages\/1008\/revisions"}],"predecessor-version":[{"id":3275,"href":"https:\/\/awtaproducttesting.com.au\/fr\/wp-json\/wp\/v2\/pages\/1008\/revisions\/3275"}],"up":[{"embeddable":true,"href":"https:\/\/awtaproducttesting.com.au\/fr\/wp-json\/wp\/v2\/pages\/629"}],"wp:attachment":[{"href":"https:\/\/awtaproducttesting.com.au\/fr\/wp-json\/wp\/v2\/media?parent=1008"}],"curies":[{"name":"wp","href":"https:\/\/api.w.org\/{rel}","templated":true}]}}