{"id":1042,"date":"2025-08-26T04:54:58","date_gmt":"2025-08-26T04:54:58","guid":{"rendered":"https:\/\/awtaproducttesting.swim.net.au\/?page_id=1042"},"modified":"2025-12-03T04:07:19","modified_gmt":"2025-12-03T04:07:19","slug":"by-industry","status":"publish","type":"page","link":"https:\/\/awtaproducttesting.com.au\/fr\/services\/by-industry\/","title":{"rendered":"Par secteur d'activit\u00e9"},"content":{"rendered":"<div class=\"wp-block-group is-style-boxed is-layout-constrained wp-block-group-is-layout-constrained\">\n<div class=\"wp-block-columns is-layout-flex wp-container-core-columns-is-layout-9d6595d7 wp-block-columns-is-layout-flex\">\n<div class=\"wp-block-column is-layout-flow wp-block-column-is-layout-flow\">\n<h2 class=\"wp-block-heading\">B\u00e2timent et construction<\/h2>\n\n\n\n<p>Les essais de produits de l'AWTA offrent une gamme de services comprenant les performances en mati\u00e8re d'incendie, de thermique, de physique, de chimie et d'alt\u00e9ration des conditions m\u00e9t\u00e9orologiques pour toute une s\u00e9rie de mat\u00e9riaux de construction et d'industries.<\/p>\n\n\n\n<div class=\"wp-block-buttons is-layout-flex wp-block-buttons-is-layout-flex\">\n<div class=\"wp-block-button\"><a class=\"wp-block-button__link wp-element-button\" href=\"\/fr\/services\/by-industry\/building-construction\/\">Lire la suite<\/a><\/div>\n<\/div>\n<\/div>\n\n\n\n<div class=\"wp-block-column is-layout-flow wp-block-column-is-layout-flow\">\n<figure class=\"wp-block-image size-large\"><img loading=\"lazy\" decoding=\"async\" width=\"1024\" height=\"681\" src=\"https:\/\/awtaproducttesting.com.au\/app\/uploads\/2025\/12\/AdobeStock_68632352-1024x681.jpeg\" alt=\"\" class=\"wp-image-3308\" srcset=\"https:\/\/awtaproducttesting.com.au\/app\/uploads\/2025\/12\/AdobeStock_68632352-1024x681.jpeg 1024w, https:\/\/awtaproducttesting.com.au\/app\/uploads\/2025\/12\/AdobeStock_68632352-300x200.jpeg 300w, https:\/\/awtaproducttesting.com.au\/app\/uploads\/2025\/12\/AdobeStock_68632352-768x511.jpeg 768w, https:\/\/awtaproducttesting.com.au\/app\/uploads\/2025\/12\/AdobeStock_68632352-1536x1022.jpeg 1536w, https:\/\/awtaproducttesting.com.au\/app\/uploads\/2025\/12\/AdobeStock_68632352-2048x1363.jpeg 2048w, https:\/\/awtaproducttesting.com.au\/app\/uploads\/2025\/12\/AdobeStock_68632352-18x12.jpeg 18w, https:\/\/awtaproducttesting.com.au\/app\/uploads\/2025\/12\/AdobeStock_68632352-scaled.jpeg 2560w\" sizes=\"auto, (max-width: 1024px) 100vw, 1024px\" \/><\/figure>\n<\/div>\n<\/div>\n<\/div>\n\n\n\n<div class=\"wp-block-group is-style-boxed is-layout-constrained wp-block-group-is-layout-constrained\">\n<div class=\"wp-block-columns is-layout-flex wp-container-core-columns-is-layout-9d6595d7 wp-block-columns-is-layout-flex\">\n<div class=\"wp-block-column is-layout-flow wp-block-column-is-layout-flow\">\n<figure class=\"wp-block-image size-full\"><img loading=\"lazy\" decoding=\"async\" width=\"1185\" height=\"1190\" src=\"https:\/\/awtaproducttesting.com.au\/app\/uploads\/2025\/10\/textiles-hanger.webp\" alt=\"\" class=\"wp-image-2471\" srcset=\"https:\/\/awtaproducttesting.com.au\/app\/uploads\/2025\/10\/textiles-hanger.webp 1185w, https:\/\/awtaproducttesting.com.au\/app\/uploads\/2025\/10\/textiles-hanger-300x300.webp 300w, https:\/\/awtaproducttesting.com.au\/app\/uploads\/2025\/10\/textiles-hanger-1020x1024.webp 1020w, https:\/\/awtaproducttesting.com.au\/app\/uploads\/2025\/10\/textiles-hanger-150x150.webp 150w, https:\/\/awtaproducttesting.com.au\/app\/uploads\/2025\/10\/textiles-hanger-768x771.webp 768w, https:\/\/awtaproducttesting.com.au\/app\/uploads\/2025\/10\/textiles-hanger-12x12.webp 12w\" sizes=\"auto, (max-width: 1185px) 100vw, 1185px\" \/><\/figure>\n<\/div>\n\n\n\n<div class=\"wp-block-column is-layout-flow wp-block-column-is-layout-flow\">\n<h2 class=\"wp-block-heading\">Textiles et habillement<\/h2>\n\n\n\n<p>AWTA&nbsp;Product Testing provides industry-leading testing services for textile products, ensuring fast, accurate, and reliable results.<\/p>\n\n\n\n<p>We conduct a comprehensive range of&nbsp;physical, chemical, optical, and flammability tests, all performed to meet both&nbsp;national and international standards. Our testing supports compliance, performance validation, and quality assurance across a wide variety of textile applications.<\/p>\n\n\n\n<div class=\"wp-block-buttons is-layout-flex wp-block-buttons-is-layout-flex\">\n<div class=\"wp-block-button\"><a class=\"wp-block-button__link wp-element-button\" href=\"\/fr\/services\/by-industry\/textiles-and-apparel\/\">Lire la suite<\/a><\/div>\n<\/div>\n<\/div>\n<\/div>\n<\/div>\n\n\n\n<div class=\"wp-block-group is-style-boxed is-layout-constrained wp-block-group-is-layout-constrained\">\n<div class=\"wp-block-columns is-layout-flex wp-container-core-columns-is-layout-9d6595d7 wp-block-columns-is-layout-flex\">\n<div class=\"wp-block-column is-layout-flow wp-block-column-is-layout-flow\">\n<h2 class=\"wp-block-heading\">Transport et automobile<\/h2>\n\n\n\n<p>AWTA Product Testing offre des services d'essai aux entreprises qui fournissent les industries automobile, a\u00e9rospatiale et marine.  En outre, nous proposons des essais de r\u00e9tror\u00e9flexion et des essais physiques sur les mat\u00e9riaux de signalisation routi\u00e8re.<\/p>\n\n\n\n<p>Les essais peuvent \u00eatre r\u00e9alis\u00e9s par rapport \u00e0 une s\u00e9rie de normes, notamment les normes OEM, la Society of Automotive Engineers (SAE), la Federal Aviation Regulation (FAR), l'Organisation maritime internationale (OMI), les normes internationales et les normes australiennes.<\/p>\n\n\n\n<div class=\"wp-block-buttons is-layout-flex wp-block-buttons-is-layout-flex\">\n<div class=\"wp-block-button\"><a class=\"wp-block-button__link wp-element-button\" href=\"\/fr\/services\/by-industry\/transport-and-automotive\/\">Lire la suite<\/a><\/div>\n<\/div>\n<\/div>\n\n\n\n<div class=\"wp-block-column is-layout-flow wp-block-column-is-layout-flow\">\n<figure class=\"wp-block-image size-full\"><img loading=\"lazy\" decoding=\"async\" width=\"1254\" height=\"837\" src=\"https:\/\/awtaproducttesting.com.au\/app\/uploads\/2025\/08\/Automotive-3.jpg\" alt=\"\" class=\"wp-image-1719\" srcset=\"https:\/\/awtaproducttesting.com.au\/app\/uploads\/2025\/08\/Automotive-3.jpg 1254w, https:\/\/awtaproducttesting.com.au\/app\/uploads\/2025\/08\/Automotive-3-300x200.jpg 300w, https:\/\/awtaproducttesting.com.au\/app\/uploads\/2025\/08\/Automotive-3-1024x683.jpg 1024w, https:\/\/awtaproducttesting.com.au\/app\/uploads\/2025\/08\/Automotive-3-768x513.jpg 768w, https:\/\/awtaproducttesting.com.au\/app\/uploads\/2025\/08\/Automotive-3-18x12.jpg 18w\" sizes=\"auto, (max-width: 1254px) 100vw, 1254px\" \/><\/figure>\n<\/div>\n<\/div>\n<\/div>\n\n\n\n<div class=\"wp-block-group is-style-boxed is-layout-constrained wp-block-group-is-layout-constrained\">\n<div class=\"wp-block-columns is-layout-flex wp-container-core-columns-is-layout-9d6595d7 wp-block-columns-is-layout-flex\">\n<div class=\"wp-block-column is-layout-flow wp-block-column-is-layout-flow\">\n<figure class=\"wp-block-image size-full\"><img loading=\"lazy\" decoding=\"async\" width=\"1254\" height=\"836\" src=\"https:\/\/awtaproducttesting.com.au\/app\/uploads\/2025\/08\/Safety-Image.jpg\" alt=\"\" class=\"wp-image-2740\" srcset=\"https:\/\/awtaproducttesting.com.au\/app\/uploads\/2025\/08\/Safety-Image.jpg 1254w, https:\/\/awtaproducttesting.com.au\/app\/uploads\/2025\/08\/Safety-Image-300x200.jpg 300w, https:\/\/awtaproducttesting.com.au\/app\/uploads\/2025\/08\/Safety-Image-1024x683.jpg 1024w, https:\/\/awtaproducttesting.com.au\/app\/uploads\/2025\/08\/Safety-Image-768x512.jpg 768w, https:\/\/awtaproducttesting.com.au\/app\/uploads\/2025\/08\/Safety-Image-18x12.jpg 18w\" sizes=\"auto, (max-width: 1254px) 100vw, 1254px\" \/><\/figure>\n<\/div>\n\n\n\n<div class=\"wp-block-column is-layout-flow wp-block-column-is-layout-flow\">\n<h2 class=\"wp-block-heading\">Essais de s\u00e9curit\u00e9<\/h2>\n\n\n\n<p>AWTA Product Testing effectue des \u00e9valuations de s\u00e9curit\u00e9 sp\u00e9cialis\u00e9es pour aider les fabricants \u00e0 s'assurer que leurs produits respectent les normes nationales de s\u00e9curit\u00e9 et de performance. Nos services d'essais de s\u00e9curit\u00e9 couvrent une gamme d'\u00e9valuations con\u00e7ues pour prot\u00e9ger les consommateurs et soutenir la conformit\u00e9 r\u00e9glementaire, de la v\u00e9rification de la s\u00e9curit\u00e9 des enfants dans les produits contenant des piles bouton ou des pi\u00e8ces de monnaie \u00e0 l'\u00e9valuation de la performance de la surface pour la r\u00e9sistance aux graffitis.<\/p>\n\n\n\n<div class=\"wp-block-buttons is-layout-flex wp-block-buttons-is-layout-flex\">\n<div class=\"wp-block-button\"><a class=\"wp-block-button__link wp-element-button\" href=\"\/fr\/services\/by-industry\/safety-testing\/\">Lire la suite<\/a><\/div>\n<\/div>\n<\/div>\n<\/div>\n<\/div>","protected":false},"excerpt":{"rendered":"<p>Building &amp; Construction AWTA Product Testing offers a range of services including fire, thermal, physical, chemical, and weathering performance across a range of b\u2026<\/p>","protected":false},"author":1,"featured_media":0,"parent":39,"menu_order":0,"comment_status":"closed","ping_status":"closed","template":"","meta":{"_acf_changed":false,"footnotes":""},"class_list":["post-1042","page","type-page","status-publish","hentry"],"acf":[],"yoast_head":"<!-- This site is optimized with the Yoast SEO plugin v27.0 - https:\/\/yoast.com\/product\/yoast-seo-wordpress\/ -->\n<title>By Industry - AWTA Product Testing<\/title>\n<meta name=\"robots\" content=\"index, follow, max-snippet:-1, max-image-preview:large, max-video-preview:-1\" \/>\n<link rel=\"canonical\" href=\"https:\/\/awtaproducttesting.com.au\/fr\/services\/by-industry\/\" \/>\n<meta property=\"og:locale\" content=\"fr_FR\" \/>\n<meta property=\"og:type\" content=\"article\" \/>\n<meta property=\"og:title\" content=\"By Industry - AWTA Product Testing\" \/>\n<meta property=\"og:description\" content=\"Building &amp; Construction AWTA Product Testing offers a range of services including fire, thermal, physical, chemical, and weathering performance across a range of b\u2026\" \/>\n<meta property=\"og:url\" content=\"https:\/\/awtaproducttesting.com.au\/fr\/services\/by-industry\/\" \/>\n<meta property=\"og:site_name\" content=\"AWTA Product Testing\" \/>\n<meta property=\"article:modified_time\" content=\"2025-12-03T04:07:19+00:00\" \/>\n<meta property=\"og:image\" content=\"https:\/\/awtaproducttesting.com.au\/app\/uploads\/2025\/12\/AdobeStock_68632352-scaled.jpeg\" \/>\n\t<meta property=\"og:image:width\" content=\"2560\" \/>\n\t<meta property=\"og:image:height\" content=\"1704\" \/>\n\t<meta property=\"og:image:type\" content=\"image\/jpeg\" \/>\n<meta name=\"twitter:card\" content=\"summary_large_image\" \/>\n<meta name=\"twitter:label1\" content=\"Est. reading time\" \/>\n\t<meta name=\"twitter:data1\" content=\"1 minute\" \/>\n<script type=\"application\/ld+json\" class=\"yoast-schema-graph\">{\"@context\":\"https:\/\/schema.org\",\"@graph\":[{\"@type\":\"WebPage\",\"@id\":\"https:\/\/awtaproducttesting.com.au\/services\/by-industry\/\",\"url\":\"https:\/\/awtaproducttesting.com.au\/services\/by-industry\/\",\"name\":\"By Industry - AWTA Product Testing\",\"isPartOf\":{\"@id\":\"https:\/\/awtaproducttesting.com.au\/#website\"},\"primaryImageOfPage\":{\"@id\":\"https:\/\/awtaproducttesting.com.au\/services\/by-industry\/#primaryimage\"},\"image\":{\"@id\":\"https:\/\/awtaproducttesting.com.au\/services\/by-industry\/#primaryimage\"},\"thumbnailUrl\":\"https:\/\/awtaproducttesting.com.au\/app\/uploads\/2025\/12\/AdobeStock_68632352-1024x681.jpeg\",\"datePublished\":\"2025-08-26T04:54:58+00:00\",\"dateModified\":\"2025-12-03T04:07:19+00:00\",\"breadcrumb\":{\"@id\":\"https:\/\/awtaproducttesting.com.au\/services\/by-industry\/#breadcrumb\"},\"inLanguage\":\"fr-FR\",\"potentialAction\":[{\"@type\":\"ReadAction\",\"target\":[\"https:\/\/awtaproducttesting.com.au\/services\/by-industry\/\"]}]},{\"@type\":\"ImageObject\",\"inLanguage\":\"fr-FR\",\"@id\":\"https:\/\/awtaproducttesting.com.au\/services\/by-industry\/#primaryimage\",\"url\":\"https:\/\/awtaproducttesting.com.au\/app\/uploads\/2025\/12\/AdobeStock_68632352-1024x681.jpeg\",\"contentUrl\":\"https:\/\/awtaproducttesting.com.au\/app\/uploads\/2025\/12\/AdobeStock_68632352-1024x681.jpeg\"},{\"@type\":\"BreadcrumbList\",\"@id\":\"https:\/\/awtaproducttesting.com.au\/services\/by-industry\/#breadcrumb\",\"itemListElement\":[{\"@type\":\"ListItem\",\"position\":1,\"name\":\"Home\",\"item\":\"https:\/\/awtaproducttesting.com.au\/\"},{\"@type\":\"ListItem\",\"position\":2,\"name\":\"Services\",\"item\":\"https:\/\/awtaproducttesting.com.au\/services\/\"},{\"@type\":\"ListItem\",\"position\":3,\"name\":\"By Industry\"}]},{\"@type\":\"WebSite\",\"@id\":\"https:\/\/awtaproducttesting.com.au\/#website\",\"url\":\"https:\/\/awtaproducttesting.com.au\/\",\"name\":\"AWTA Product Testing\",\"description\":\"\",\"publisher\":{\"@id\":\"https:\/\/awtaproducttesting.com.au\/#organization\"},\"potentialAction\":[{\"@type\":\"SearchAction\",\"target\":{\"@type\":\"EntryPoint\",\"urlTemplate\":\"https:\/\/awtaproducttesting.com.au\/?s={search_term_string}\"},\"query-input\":{\"@type\":\"PropertyValueSpecification\",\"valueRequired\":true,\"valueName\":\"search_term_string\"}}],\"inLanguage\":\"fr-FR\"},{\"@type\":\"Organization\",\"@id\":\"https:\/\/awtaproducttesting.com.au\/#organization\",\"name\":\"AWTA Product Testing\",\"url\":\"https:\/\/awtaproducttesting.com.au\/\",\"logo\":{\"@type\":\"ImageObject\",\"inLanguage\":\"fr-FR\",\"@id\":\"https:\/\/awtaproducttesting.com.au\/#\/schema\/logo\/image\/\",\"url\":\"https:\/\/awtaproducttesting.com.au\/app\/uploads\/2025\/08\/PT-News-Banner-scaled.jpg\",\"contentUrl\":\"https:\/\/awtaproducttesting.com.au\/app\/uploads\/2025\/08\/PT-News-Banner-scaled.jpg\",\"width\":2560,\"height\":1580,\"caption\":\"AWTA Product Testing\"},\"image\":{\"@id\":\"https:\/\/awtaproducttesting.com.au\/#\/schema\/logo\/image\/\"}}]}<\/script>\n<!-- \/ Yoast SEO plugin. -->","yoast_head_json":{"title":"By Industry - AWTA Product Testing","robots":{"index":"index","follow":"follow","max-snippet":"max-snippet:-1","max-image-preview":"max-image-preview:large","max-video-preview":"max-video-preview:-1"},"canonical":"https:\/\/awtaproducttesting.com.au\/fr\/services\/by-industry\/","og_locale":"fr_FR","og_type":"article","og_title":"By Industry - AWTA Product Testing","og_description":"Building &amp; Construction AWTA Product Testing offers a range of services including fire, thermal, physical, chemical, and weathering performance across a range of b\u2026","og_url":"https:\/\/awtaproducttesting.com.au\/fr\/services\/by-industry\/","og_site_name":"AWTA Product Testing","article_modified_time":"2025-12-03T04:07:19+00:00","og_image":[{"width":2560,"height":1704,"url":"https:\/\/awtaproducttesting.com.au\/app\/uploads\/2025\/12\/AdobeStock_68632352-scaled.jpeg","type":"image\/jpeg"}],"twitter_card":"summary_large_image","twitter_misc":{"Est. reading time":"1 minute"},"schema":{"@context":"https:\/\/schema.org","@graph":[{"@type":"WebPage","@id":"https:\/\/awtaproducttesting.com.au\/services\/by-industry\/","url":"https:\/\/awtaproducttesting.com.au\/services\/by-industry\/","name":"By Industry - AWTA Product Testing","isPartOf":{"@id":"https:\/\/awtaproducttesting.com.au\/#website"},"primaryImageOfPage":{"@id":"https:\/\/awtaproducttesting.com.au\/services\/by-industry\/#primaryimage"},"image":{"@id":"https:\/\/awtaproducttesting.com.au\/services\/by-industry\/#primaryimage"},"thumbnailUrl":"https:\/\/awtaproducttesting.com.au\/app\/uploads\/2025\/12\/AdobeStock_68632352-1024x681.jpeg","datePublished":"2025-08-26T04:54:58+00:00","dateModified":"2025-12-03T04:07:19+00:00","breadcrumb":{"@id":"https:\/\/awtaproducttesting.com.au\/services\/by-industry\/#breadcrumb"},"inLanguage":"fr-FR","potentialAction":[{"@type":"ReadAction","target":["https:\/\/awtaproducttesting.com.au\/services\/by-industry\/"]}]},{"@type":"ImageObject","inLanguage":"fr-FR","@id":"https:\/\/awtaproducttesting.com.au\/services\/by-industry\/#primaryimage","url":"https:\/\/awtaproducttesting.com.au\/app\/uploads\/2025\/12\/AdobeStock_68632352-1024x681.jpeg","contentUrl":"https:\/\/awtaproducttesting.com.au\/app\/uploads\/2025\/12\/AdobeStock_68632352-1024x681.jpeg"},{"@type":"BreadcrumbList","@id":"https:\/\/awtaproducttesting.com.au\/services\/by-industry\/#breadcrumb","itemListElement":[{"@type":"ListItem","position":1,"name":"Home","item":"https:\/\/awtaproducttesting.com.au\/"},{"@type":"ListItem","position":2,"name":"Services","item":"https:\/\/awtaproducttesting.com.au\/services\/"},{"@type":"ListItem","position":3,"name":"By Industry"}]},{"@type":"WebSite","@id":"https:\/\/awtaproducttesting.com.au\/#website","url":"https:\/\/awtaproducttesting.com.au\/","name":"Tests de produits de l'AWTA","description":"","publisher":{"@id":"https:\/\/awtaproducttesting.com.au\/#organization"},"potentialAction":[{"@type":"SearchAction","target":{"@type":"EntryPoint","urlTemplate":"https:\/\/awtaproducttesting.com.au\/?s={search_term_string}"},"query-input":{"@type":"PropertyValueSpecification","valueRequired":true,"valueName":"search_term_string"}}],"inLanguage":"fr-FR"},{"@type":"Organization","@id":"https:\/\/awtaproducttesting.com.au\/#organization","name":"Tests de produits de l'AWTA","url":"https:\/\/awtaproducttesting.com.au\/","logo":{"@type":"ImageObject","inLanguage":"fr-FR","@id":"https:\/\/awtaproducttesting.com.au\/#\/schema\/logo\/image\/","url":"https:\/\/awtaproducttesting.com.au\/app\/uploads\/2025\/08\/PT-News-Banner-scaled.jpg","contentUrl":"https:\/\/awtaproducttesting.com.au\/app\/uploads\/2025\/08\/PT-News-Banner-scaled.jpg","width":2560,"height":1580,"caption":"AWTA Product Testing"},"image":{"@id":"https:\/\/awtaproducttesting.com.au\/#\/schema\/logo\/image\/"}}]}},"_links":{"self":[{"href":"https:\/\/awtaproducttesting.com.au\/fr\/wp-json\/wp\/v2\/pages\/1042","targetHints":{"allow":["GET"]}}],"collection":[{"href":"https:\/\/awtaproducttesting.com.au\/fr\/wp-json\/wp\/v2\/pages"}],"about":[{"href":"https:\/\/awtaproducttesting.com.au\/fr\/wp-json\/wp\/v2\/types\/page"}],"author":[{"embeddable":true,"href":"https:\/\/awtaproducttesting.com.au\/fr\/wp-json\/wp\/v2\/users\/1"}],"replies":[{"embeddable":true,"href":"https:\/\/awtaproducttesting.com.au\/fr\/wp-json\/wp\/v2\/comments?post=1042"}],"version-history":[{"count":42,"href":"https:\/\/awtaproducttesting.com.au\/fr\/wp-json\/wp\/v2\/pages\/1042\/revisions"}],"predecessor-version":[{"id":3310,"href":"https:\/\/awtaproducttesting.com.au\/fr\/wp-json\/wp\/v2\/pages\/1042\/revisions\/3310"}],"up":[{"embeddable":true,"href":"https:\/\/awtaproducttesting.com.au\/fr\/wp-json\/wp\/v2\/pages\/39"}],"wp:attachment":[{"href":"https:\/\/awtaproducttesting.com.au\/fr\/wp-json\/wp\/v2\/media?parent=1042"}],"curies":[{"name":"wp","href":"https:\/\/api.w.org\/{rel}","templated":true}]}}