{"id":1056,"date":"2025-08-26T05:17:24","date_gmt":"2025-08-26T05:17:24","guid":{"rendered":"https:\/\/awtaproducttesting.swim.net.au\/?page_id=1056"},"modified":"2025-12-16T01:18:20","modified_gmt":"2025-12-16T01:18:20","slug":"fixed-upholstery-insulation-and-theatre-curtains","status":"publish","type":"page","link":"https:\/\/awtaproducttesting.com.au\/fr\/services\/by-industry\/building-construction\/national-construction-code-ncc-fire-performance\/fixed-upholstery-insulation-and-theatre-curtains\/","title":{"rendered":"Rembourrage fixe, isolation et rideaux de th\u00e9\u00e2tre"},"content":{"rendered":"<div class=\"wp-block-group is-style-boxed is-layout-constrained wp-block-group-is-layout-constrained\">\n<div class=\"wp-block-columns is-layout-flex wp-container-core-columns-is-layout-9d6595d7 wp-block-columns-is-layout-flex\">\n<div class=\"wp-block-column is-vertically-aligned-center is-layout-constrained wp-block-column-is-layout-constrained\">\n<p>Les essais sont effectu\u00e9s selon la norme AS\/NZS 1530.3. Il s'agit d'un essai de chaleur radiante dans lequel un \u00e9chantillon est rapproch\u00e9 progressivement d'un panneau radiant par \u00e9tapes jusqu'\u00e0 ce qu'il s'enflamme ou qu'une distance minimale soit atteinte. Les indices de propagation de la flamme, de chaleur d\u00e9gag\u00e9e, d'inflammabilit\u00e9 et de fum\u00e9e d\u00e9gag\u00e9e sont d\u00e9termin\u00e9s.<\/p>\n<\/div>\n\n\n\n<div class=\"wp-block-column is-layout-flow wp-block-column-is-layout-flow\">\n<figure class=\"wp-block-image size-full\"><img loading=\"lazy\" decoding=\"async\" width=\"1254\" height=\"725\" src=\"https:\/\/awtaproducttesting.com.au\/app\/uploads\/2025\/11\/Theatre-Curtains.jpg\" alt=\"\" class=\"wp-image-3218\" srcset=\"https:\/\/awtaproducttesting.com.au\/app\/uploads\/2025\/11\/Theatre-Curtains.jpg 1254w, https:\/\/awtaproducttesting.com.au\/app\/uploads\/2025\/11\/Theatre-Curtains-300x173.jpg 300w, https:\/\/awtaproducttesting.com.au\/app\/uploads\/2025\/11\/Theatre-Curtains-1024x592.jpg 1024w, https:\/\/awtaproducttesting.com.au\/app\/uploads\/2025\/11\/Theatre-Curtains-768x444.jpg 768w, https:\/\/awtaproducttesting.com.au\/app\/uploads\/2025\/11\/Theatre-Curtains-18x10.jpg 18w\" sizes=\"auto, (max-width: 1254px) 100vw, 1254px\" \/><\/figure>\n<\/div>\n<\/div>\n\n\n\n<h2 class=\"wp-block-heading\">Plus d'informations<\/h2>\n\n\n\n<div class=\"wp-block-buttons is-layout-flex wp-block-buttons-is-layout-flex\">\n<div class=\"wp-block-button is-style-gray-buttons\"><a class=\"wp-block-button__link wp-element-button\" href=\"\/fr\/app\/uploads\/2025\/09\/AS-1530.3-EFH-SSF.pdf\/\" target=\"_blank\" rel=\"noreferrer noopener\">AS\/NZS 1530.3 Formulaire de soumission d'\u00e9chantillons<\/a><\/div>\n\n\n\n<div class=\"wp-block-button is-style-gray-buttons\"><a class=\"wp-block-button__link wp-element-button\" href=\"\/fr\/app\/uploads\/2025\/09\/AS-1530.3-Early-Fire-Hazard-Properties-TIS.pdf\/\" target=\"_blank\" rel=\"noreferrer noopener\">AS\/NZS 1530.3 Test Information Sheet<\/a><\/div>\n<\/div>\n<\/div>","protected":false},"excerpt":{"rendered":"<p>Testing is carried out AS\/NZS 1530.3 which is a radiant heat test where a sample is moved progressively closer to a radiant panel in stages until it ignites or a minim\u2026<\/p>","protected":false},"author":1,"featured_media":0,"parent":720,"menu_order":0,"comment_status":"closed","ping_status":"closed","template":"","meta":{"_acf_changed":false,"footnotes":""},"class_list":["post-1056","page","type-page","status-publish","hentry"],"acf":[],"yoast_head":"<!-- This site is optimized with the Yoast SEO plugin v27.0 - https:\/\/yoast.com\/product\/yoast-seo-wordpress\/ -->\n<title>Fixed Upholstery, Insulation and Theatre Curtains - AWTA Product Testing<\/title>\n<meta name=\"robots\" content=\"index, follow, max-snippet:-1, max-image-preview:large, max-video-preview:-1\" \/>\n<link rel=\"canonical\" href=\"https:\/\/awtaproducttesting.com.au\/fr\/services\/by-industry\/building-construction\/national-construction-code-ncc-fire-performance\/fixed-upholstery-insulation-and-theatre-curtains\/\" \/>\n<meta property=\"og:locale\" content=\"fr_FR\" \/>\n<meta property=\"og:type\" content=\"article\" \/>\n<meta property=\"og:title\" content=\"Fixed Upholstery, Insulation and Theatre Curtains - AWTA Product Testing\" \/>\n<meta property=\"og:description\" content=\"Testing is carried out AS\/NZS 1530.3 which is a radiant heat test where a sample is moved progressively closer to a radiant panel in stages until it ignites or a minim\u2026\" \/>\n<meta property=\"og:url\" content=\"https:\/\/awtaproducttesting.com.au\/fr\/services\/by-industry\/building-construction\/national-construction-code-ncc-fire-performance\/fixed-upholstery-insulation-and-theatre-curtains\/\" \/>\n<meta property=\"og:site_name\" content=\"AWTA Product Testing\" \/>\n<meta property=\"article:modified_time\" content=\"2025-12-16T01:18:20+00:00\" \/>\n<meta property=\"og:image\" content=\"https:\/\/awtaproducttesting.com.au\/app\/uploads\/2025\/11\/Theatre-Curtains.jpg\" \/>\n\t<meta property=\"og:image:width\" content=\"1254\" \/>\n\t<meta property=\"og:image:height\" content=\"725\" \/>\n\t<meta property=\"og:image:type\" content=\"image\/jpeg\" \/>\n<meta name=\"twitter:card\" content=\"summary_large_image\" \/>\n<script type=\"application\/ld+json\" class=\"yoast-schema-graph\">{\"@context\":\"https:\/\/schema.org\",\"@graph\":[{\"@type\":\"WebPage\",\"@id\":\"https:\/\/awtaproducttesting.com.au\/services\/by-industry\/building-construction\/national-construction-code-ncc-fire-performance\/fixed-upholstery-insulation-and-theatre-curtains\/\",\"url\":\"https:\/\/awtaproducttesting.com.au\/services\/by-industry\/building-construction\/national-construction-code-ncc-fire-performance\/fixed-upholstery-insulation-and-theatre-curtains\/\",\"name\":\"Fixed Upholstery, Insulation and Theatre Curtains - AWTA Product Testing\",\"isPartOf\":{\"@id\":\"https:\/\/awtaproducttesting.com.au\/#website\"},\"primaryImageOfPage\":{\"@id\":\"https:\/\/awtaproducttesting.com.au\/services\/by-industry\/building-construction\/national-construction-code-ncc-fire-performance\/fixed-upholstery-insulation-and-theatre-curtains\/#primaryimage\"},\"image\":{\"@id\":\"https:\/\/awtaproducttesting.com.au\/services\/by-industry\/building-construction\/national-construction-code-ncc-fire-performance\/fixed-upholstery-insulation-and-theatre-curtains\/#primaryimage\"},\"thumbnailUrl\":\"https:\/\/awtaproducttesting.com.au\/app\/uploads\/2025\/11\/Theatre-Curtains.jpg\",\"datePublished\":\"2025-08-26T05:17:24+00:00\",\"dateModified\":\"2025-12-16T01:18:20+00:00\",\"breadcrumb\":{\"@id\":\"https:\/\/awtaproducttesting.com.au\/services\/by-industry\/building-construction\/national-construction-code-ncc-fire-performance\/fixed-upholstery-insulation-and-theatre-curtains\/#breadcrumb\"},\"inLanguage\":\"fr-FR\",\"potentialAction\":[{\"@type\":\"ReadAction\",\"target\":[\"https:\/\/awtaproducttesting.com.au\/services\/by-industry\/building-construction\/national-construction-code-ncc-fire-performance\/fixed-upholstery-insulation-and-theatre-curtains\/\"]}]},{\"@type\":\"ImageObject\",\"inLanguage\":\"fr-FR\",\"@id\":\"https:\/\/awtaproducttesting.com.au\/services\/by-industry\/building-construction\/national-construction-code-ncc-fire-performance\/fixed-upholstery-insulation-and-theatre-curtains\/#primaryimage\",\"url\":\"https:\/\/awtaproducttesting.com.au\/app\/uploads\/2025\/11\/Theatre-Curtains.jpg\",\"contentUrl\":\"https:\/\/awtaproducttesting.com.au\/app\/uploads\/2025\/11\/Theatre-Curtains.jpg\"},{\"@type\":\"BreadcrumbList\",\"@id\":\"https:\/\/awtaproducttesting.com.au\/services\/by-industry\/building-construction\/national-construction-code-ncc-fire-performance\/fixed-upholstery-insulation-and-theatre-curtains\/#breadcrumb\",\"itemListElement\":[{\"@type\":\"ListItem\",\"position\":1,\"name\":\"Home\",\"item\":\"https:\/\/awtaproducttesting.com.au\/\"},{\"@type\":\"ListItem\",\"position\":2,\"name\":\"Services\",\"item\":\"https:\/\/awtaproducttesting.com.au\/services\/\"},{\"@type\":\"ListItem\",\"position\":3,\"name\":\"By Industry\",\"item\":\"https:\/\/awtaproducttesting.com.au\/services\/by-industry\/\"},{\"@type\":\"ListItem\",\"position\":4,\"name\":\"Building &amp; Construction Industry\",\"item\":\"https:\/\/awtaproducttesting.com.au\/services\/by-industry\/building-construction\/\"},{\"@type\":\"ListItem\",\"position\":5,\"name\":\"National Construction Code (NCC) Fire Performance\",\"item\":\"https:\/\/awtaproducttesting.com.au\/services\/by-industry\/building-construction\/national-construction-code-ncc-fire-performance\/\"},{\"@type\":\"ListItem\",\"position\":6,\"name\":\"Fixed Upholstery, Insulation and Theatre Curtains\"}]},{\"@type\":\"WebSite\",\"@id\":\"https:\/\/awtaproducttesting.com.au\/#website\",\"url\":\"https:\/\/awtaproducttesting.com.au\/\",\"name\":\"AWTA Product Testing\",\"description\":\"\",\"publisher\":{\"@id\":\"https:\/\/awtaproducttesting.com.au\/#organization\"},\"potentialAction\":[{\"@type\":\"SearchAction\",\"target\":{\"@type\":\"EntryPoint\",\"urlTemplate\":\"https:\/\/awtaproducttesting.com.au\/?s={search_term_string}\"},\"query-input\":{\"@type\":\"PropertyValueSpecification\",\"valueRequired\":true,\"valueName\":\"search_term_string\"}}],\"inLanguage\":\"fr-FR\"},{\"@type\":\"Organization\",\"@id\":\"https:\/\/awtaproducttesting.com.au\/#organization\",\"name\":\"AWTA Product Testing\",\"url\":\"https:\/\/awtaproducttesting.com.au\/\",\"logo\":{\"@type\":\"ImageObject\",\"inLanguage\":\"fr-FR\",\"@id\":\"https:\/\/awtaproducttesting.com.au\/#\/schema\/logo\/image\/\",\"url\":\"https:\/\/awtaproducttesting.com.au\/app\/uploads\/2025\/08\/PT-News-Banner-scaled.jpg\",\"contentUrl\":\"https:\/\/awtaproducttesting.com.au\/app\/uploads\/2025\/08\/PT-News-Banner-scaled.jpg\",\"width\":2560,\"height\":1580,\"caption\":\"AWTA Product Testing\"},\"image\":{\"@id\":\"https:\/\/awtaproducttesting.com.au\/#\/schema\/logo\/image\/\"}}]}<\/script>\n<!-- \/ Yoast SEO plugin. -->","yoast_head_json":{"title":"Fixed Upholstery, Insulation and Theatre Curtains - AWTA Product Testing","robots":{"index":"index","follow":"follow","max-snippet":"max-snippet:-1","max-image-preview":"max-image-preview:large","max-video-preview":"max-video-preview:-1"},"canonical":"https:\/\/awtaproducttesting.com.au\/fr\/services\/by-industry\/building-construction\/national-construction-code-ncc-fire-performance\/fixed-upholstery-insulation-and-theatre-curtains\/","og_locale":"fr_FR","og_type":"article","og_title":"Fixed Upholstery, Insulation and Theatre Curtains - AWTA Product Testing","og_description":"Testing is carried out AS\/NZS 1530.3 which is a radiant heat test where a sample is moved progressively closer to a radiant panel in stages until it ignites or a minim\u2026","og_url":"https:\/\/awtaproducttesting.com.au\/fr\/services\/by-industry\/building-construction\/national-construction-code-ncc-fire-performance\/fixed-upholstery-insulation-and-theatre-curtains\/","og_site_name":"AWTA Product Testing","article_modified_time":"2025-12-16T01:18:20+00:00","og_image":[{"width":1254,"height":725,"url":"https:\/\/awtaproducttesting.com.au\/app\/uploads\/2025\/11\/Theatre-Curtains.jpg","type":"image\/jpeg"}],"twitter_card":"summary_large_image","schema":{"@context":"https:\/\/schema.org","@graph":[{"@type":"WebPage","@id":"https:\/\/awtaproducttesting.com.au\/services\/by-industry\/building-construction\/national-construction-code-ncc-fire-performance\/fixed-upholstery-insulation-and-theatre-curtains\/","url":"https:\/\/awtaproducttesting.com.au\/services\/by-industry\/building-construction\/national-construction-code-ncc-fire-performance\/fixed-upholstery-insulation-and-theatre-curtains\/","name":"Fixed Upholstery, Insulation and Theatre Curtains - AWTA Product Testing","isPartOf":{"@id":"https:\/\/awtaproducttesting.com.au\/#website"},"primaryImageOfPage":{"@id":"https:\/\/awtaproducttesting.com.au\/services\/by-industry\/building-construction\/national-construction-code-ncc-fire-performance\/fixed-upholstery-insulation-and-theatre-curtains\/#primaryimage"},"image":{"@id":"https:\/\/awtaproducttesting.com.au\/services\/by-industry\/building-construction\/national-construction-code-ncc-fire-performance\/fixed-upholstery-insulation-and-theatre-curtains\/#primaryimage"},"thumbnailUrl":"https:\/\/awtaproducttesting.com.au\/app\/uploads\/2025\/11\/Theatre-Curtains.jpg","datePublished":"2025-08-26T05:17:24+00:00","dateModified":"2025-12-16T01:18:20+00:00","breadcrumb":{"@id":"https:\/\/awtaproducttesting.com.au\/services\/by-industry\/building-construction\/national-construction-code-ncc-fire-performance\/fixed-upholstery-insulation-and-theatre-curtains\/#breadcrumb"},"inLanguage":"fr-FR","potentialAction":[{"@type":"ReadAction","target":["https:\/\/awtaproducttesting.com.au\/services\/by-industry\/building-construction\/national-construction-code-ncc-fire-performance\/fixed-upholstery-insulation-and-theatre-curtains\/"]}]},{"@type":"ImageObject","inLanguage":"fr-FR","@id":"https:\/\/awtaproducttesting.com.au\/services\/by-industry\/building-construction\/national-construction-code-ncc-fire-performance\/fixed-upholstery-insulation-and-theatre-curtains\/#primaryimage","url":"https:\/\/awtaproducttesting.com.au\/app\/uploads\/2025\/11\/Theatre-Curtains.jpg","contentUrl":"https:\/\/awtaproducttesting.com.au\/app\/uploads\/2025\/11\/Theatre-Curtains.jpg"},{"@type":"BreadcrumbList","@id":"https:\/\/awtaproducttesting.com.au\/services\/by-industry\/building-construction\/national-construction-code-ncc-fire-performance\/fixed-upholstery-insulation-and-theatre-curtains\/#breadcrumb","itemListElement":[{"@type":"ListItem","position":1,"name":"Home","item":"https:\/\/awtaproducttesting.com.au\/"},{"@type":"ListItem","position":2,"name":"Services","item":"https:\/\/awtaproducttesting.com.au\/services\/"},{"@type":"ListItem","position":3,"name":"By Industry","item":"https:\/\/awtaproducttesting.com.au\/services\/by-industry\/"},{"@type":"ListItem","position":4,"name":"Building &amp; Construction Industry","item":"https:\/\/awtaproducttesting.com.au\/services\/by-industry\/building-construction\/"},{"@type":"ListItem","position":5,"name":"National Construction Code (NCC) Fire Performance","item":"https:\/\/awtaproducttesting.com.au\/services\/by-industry\/building-construction\/national-construction-code-ncc-fire-performance\/"},{"@type":"ListItem","position":6,"name":"Fixed Upholstery, Insulation and Theatre Curtains"}]},{"@type":"WebSite","@id":"https:\/\/awtaproducttesting.com.au\/#website","url":"https:\/\/awtaproducttesting.com.au\/","name":"Tests de produits de l'AWTA","description":"","publisher":{"@id":"https:\/\/awtaproducttesting.com.au\/#organization"},"potentialAction":[{"@type":"SearchAction","target":{"@type":"EntryPoint","urlTemplate":"https:\/\/awtaproducttesting.com.au\/?s={search_term_string}"},"query-input":{"@type":"PropertyValueSpecification","valueRequired":true,"valueName":"search_term_string"}}],"inLanguage":"fr-FR"},{"@type":"Organization","@id":"https:\/\/awtaproducttesting.com.au\/#organization","name":"Tests de produits de l'AWTA","url":"https:\/\/awtaproducttesting.com.au\/","logo":{"@type":"ImageObject","inLanguage":"fr-FR","@id":"https:\/\/awtaproducttesting.com.au\/#\/schema\/logo\/image\/","url":"https:\/\/awtaproducttesting.com.au\/app\/uploads\/2025\/08\/PT-News-Banner-scaled.jpg","contentUrl":"https:\/\/awtaproducttesting.com.au\/app\/uploads\/2025\/08\/PT-News-Banner-scaled.jpg","width":2560,"height":1580,"caption":"AWTA Product Testing"},"image":{"@id":"https:\/\/awtaproducttesting.com.au\/#\/schema\/logo\/image\/"}}]}},"_links":{"self":[{"href":"https:\/\/awtaproducttesting.com.au\/fr\/wp-json\/wp\/v2\/pages\/1056","targetHints":{"allow":["GET"]}}],"collection":[{"href":"https:\/\/awtaproducttesting.com.au\/fr\/wp-json\/wp\/v2\/pages"}],"about":[{"href":"https:\/\/awtaproducttesting.com.au\/fr\/wp-json\/wp\/v2\/types\/page"}],"author":[{"embeddable":true,"href":"https:\/\/awtaproducttesting.com.au\/fr\/wp-json\/wp\/v2\/users\/1"}],"replies":[{"embeddable":true,"href":"https:\/\/awtaproducttesting.com.au\/fr\/wp-json\/wp\/v2\/comments?post=1056"}],"version-history":[{"count":19,"href":"https:\/\/awtaproducttesting.com.au\/fr\/wp-json\/wp\/v2\/pages\/1056\/revisions"}],"predecessor-version":[{"id":3506,"href":"https:\/\/awtaproducttesting.com.au\/fr\/wp-json\/wp\/v2\/pages\/1056\/revisions\/3506"}],"up":[{"embeddable":true,"href":"https:\/\/awtaproducttesting.com.au\/fr\/wp-json\/wp\/v2\/pages\/720"}],"wp:attachment":[{"href":"https:\/\/awtaproducttesting.com.au\/fr\/wp-json\/wp\/v2\/media?parent=1056"}],"curies":[{"name":"wp","href":"https:\/\/api.w.org\/{rel}","templated":true}]}}