{"id":2130,"date":"2025-10-20T02:26:24","date_gmt":"2025-10-20T02:26:24","guid":{"rendered":"https:\/\/awtaproducttesting.swim.net.au\/?page_id=2130"},"modified":"2025-11-27T03:16:28","modified_gmt":"2025-11-27T03:16:28","slug":"hi-vis","status":"publish","type":"page","link":"https:\/\/awtaproducttesting.com.au\/fr\/services\/by-industry\/safety-testing\/hi-vis\/","title":{"rendered":"V\u00eatements de travail \u00e0 haute visibilit\u00e9"},"content":{"rendered":"<div class=\"wp-block-group is-style-boxed is-layout-constrained wp-block-group-is-layout-constrained\">\n<div class=\"wp-block-columns is-layout-flex wp-container-core-columns-is-layout-9d6595d7 wp-block-columns-is-layout-flex\">\n<div class=\"wp-block-column is-layout-flow wp-block-column-is-layout-flow\">\n<h2 class=\"wp-block-heading\"><\/h2>\n\n\n\n<p>Cette norme r\u00e9cemment publi\u00e9e d\u00e9taille les exigences minimales de conception des v\u00eatements de s\u00e9curit\u00e9 \u00e0 haute visibilit\u00e9 pour les applications \u00e0 haut risque (les exigences de conception des ensembles de lutte contre l'incendie se trouvent dans la norme AS 4602.2). La norme actualis\u00e9e comprend des niveaux de classification suppl\u00e9mentaires dans chaque cat\u00e9gorie, afin d'aider les consommateurs \u00e0 choisir leurs v\u00eatements. La visibilit\u00e9 augmente \u00e0 chaque niveau avec l'obligation de placer des boucles de bandes r\u00e9tror\u00e9fl\u00e9chissantes suppl\u00e9mentaires.<\/p>\n<\/div>\n\n\n\n<div class=\"wp-block-column is-layout-flow wp-block-column-is-layout-flow\">\n<figure class=\"wp-block-image size-full\"><img loading=\"lazy\" decoding=\"async\" width=\"440\" height=\"240\" src=\"https:\/\/awtaproducttesting.com.au\/app\/uploads\/2025\/10\/240_F_1682398745_X9tdtAa7shZHNbITqtmwnWMPHZOJcDwT.jpg\" alt=\"\" class=\"wp-image-2131\" srcset=\"https:\/\/awtaproducttesting.com.au\/app\/uploads\/2025\/10\/240_F_1682398745_X9tdtAa7shZHNbITqtmwnWMPHZOJcDwT.jpg 440w, https:\/\/awtaproducttesting.com.au\/app\/uploads\/2025\/10\/240_F_1682398745_X9tdtAa7shZHNbITqtmwnWMPHZOJcDwT-300x164.jpg 300w, https:\/\/awtaproducttesting.com.au\/app\/uploads\/2025\/10\/240_F_1682398745_X9tdtAa7shZHNbITqtmwnWMPHZOJcDwT-18x10.jpg 18w\" sizes=\"auto, (max-width: 440px) 100vw, 440px\" \/><\/figure>\n<\/div>\n<\/div>\n\n\n\n<div class=\"wp-block-columns is-layout-flex wp-container-core-columns-is-layout-9d6595d7 wp-block-columns-is-layout-flex\">\n<div class=\"wp-block-column is-layout-flow wp-block-column-is-layout-flow\">\n<figure class=\"wp-block-image size-full\"><img loading=\"lazy\" decoding=\"async\" width=\"849\" height=\"566\" src=\"https:\/\/awtaproducttesting.com.au\/app\/uploads\/2025\/10\/sadfvc.jpg\" alt=\"\" class=\"wp-image-2422\" srcset=\"https:\/\/awtaproducttesting.com.au\/app\/uploads\/2025\/10\/sadfvc.jpg 849w, https:\/\/awtaproducttesting.com.au\/app\/uploads\/2025\/10\/sadfvc-300x200.jpg 300w, https:\/\/awtaproducttesting.com.au\/app\/uploads\/2025\/10\/sadfvc-768x512.jpg 768w, https:\/\/awtaproducttesting.com.au\/app\/uploads\/2025\/10\/sadfvc-18x12.jpg 18w\" sizes=\"auto, (max-width: 849px) 100vw, 849px\" \/><\/figure>\n<\/div>\n\n\n\n<div class=\"wp-block-column is-layout-flow wp-block-column-is-layout-flow\">\n<h2 class=\"wp-block-heading\"><\/h2>\n\n\n\n<p>AWTA Product Testing est accr\u00e9dit\u00e9 par NATA pour r\u00e9aliser l'ensemble des tests requis pour toutes les classes de tissus et de bandes r\u00e9tror\u00e9fl\u00e9chissantes de la norme AS\/NZS 1906.4-2023.<\/p>\n\n\n\n<ul class=\"wp-block-list\">\n<li>Mat\u00e9riaux color\u00e9s \u00e0 haute visibilit\u00e9 de jour (classes F, NF, F(W) et NF(W))<\/li>\n\n\n\n<li>Mat\u00e9riaux r\u00e9tror\u00e9fl\u00e9chissants (classe R)<\/li>\n\n\n\n<li>Mat\u00e9riaux r\u00e9tror\u00e9fl\u00e9chissants-fluorescents combin\u00e9s (classe RF)<\/li>\n\n\n\n<li>Bande r\u00e9tror\u00e9fl\u00e9chissante \/ haute visibilit\u00e9 \u00e0 performances s\u00e9par\u00e9es (Classe (SP)<\/li>\n<\/ul>\n<\/div>\n<\/div>\n\n\n\n<h2 class=\"wp-block-heading\">Plus d'informations<\/h2>\n\n\n\n<div class=\"wp-block-buttons is-layout-flex wp-block-buttons-is-layout-flex\">\n<div class=\"wp-block-button is-style-gray-buttons\"><a class=\"wp-block-button__link wp-element-button\" href=\"\/fr\/app\/uploads\/2025\/09\/AS-4602.2-Retroreflective-tape.pdf\/\" target=\"_blank\" rel=\"noreferrer noopener\">AS 4602.2<\/a><\/div>\n\n\n\n<div class=\"wp-block-button is-style-gray-buttons\"><a class=\"wp-block-button__link wp-element-button\" href=\"\/fr\/app\/uploads\/2025\/09\/AS-1906.4-Hi-Vis-garments-TIS.pdf\/\" target=\"_blank\" rel=\"noreferrer noopener\">AS\/NZS 1906.4<\/a><\/div>\n<\/div>\n<\/div>","protected":false},"excerpt":{"rendered":"<p>This recently released standard details minimum garment design requirements for high visibility safety garments for high-risk applications, (firefighting ensemble desi\u2026<\/p>","protected":false},"author":1,"featured_media":0,"parent":635,"menu_order":0,"comment_status":"closed","ping_status":"closed","template":"","meta":{"_acf_changed":false,"footnotes":""},"class_list":["post-2130","page","type-page","status-publish","hentry"],"acf":[],"yoast_head":"<!-- This site is optimized with the Yoast SEO plugin v27.0 - https:\/\/yoast.com\/product\/yoast-seo-wordpress\/ -->\n<title>High Visibility Workwear - AWTA Product Testing<\/title>\n<meta name=\"robots\" content=\"index, follow, max-snippet:-1, max-image-preview:large, max-video-preview:-1\" \/>\n<link rel=\"canonical\" href=\"https:\/\/awtaproducttesting.com.au\/fr\/services\/by-industry\/safety-testing\/hi-vis\/\" \/>\n<meta property=\"og:locale\" content=\"fr_FR\" \/>\n<meta property=\"og:type\" content=\"article\" \/>\n<meta property=\"og:title\" content=\"High Visibility Workwear - AWTA Product Testing\" \/>\n<meta property=\"og:description\" content=\"This recently released standard details minimum garment design requirements for high visibility safety garments for high-risk applications, (firefighting ensemble desi\u2026\" \/>\n<meta property=\"og:url\" content=\"https:\/\/awtaproducttesting.com.au\/fr\/services\/by-industry\/safety-testing\/hi-vis\/\" \/>\n<meta property=\"og:site_name\" content=\"AWTA Product Testing\" \/>\n<meta property=\"article:modified_time\" content=\"2025-11-27T03:16:28+00:00\" \/>\n<meta property=\"og:image\" content=\"https:\/\/awtaproducttesting.com.au\/app\/uploads\/2025\/10\/240_F_1682398745_X9tdtAa7shZHNbITqtmwnWMPHZOJcDwT.jpg\" \/>\n\t<meta property=\"og:image:width\" content=\"440\" \/>\n\t<meta property=\"og:image:height\" content=\"240\" \/>\n\t<meta property=\"og:image:type\" content=\"image\/jpeg\" \/>\n<meta name=\"twitter:card\" content=\"summary_large_image\" \/>\n<meta name=\"twitter:label1\" content=\"Est. reading time\" \/>\n\t<meta name=\"twitter:data1\" content=\"1 minute\" \/>\n<script type=\"application\/ld+json\" class=\"yoast-schema-graph\">{\"@context\":\"https:\/\/schema.org\",\"@graph\":[{\"@type\":\"WebPage\",\"@id\":\"https:\/\/awtaproducttesting.com.au\/services\/by-industry\/safety-testing\/hi-vis\/\",\"url\":\"https:\/\/awtaproducttesting.com.au\/services\/by-industry\/safety-testing\/hi-vis\/\",\"name\":\"High Visibility Workwear - AWTA Product Testing\",\"isPartOf\":{\"@id\":\"https:\/\/awtaproducttesting.com.au\/#website\"},\"primaryImageOfPage\":{\"@id\":\"https:\/\/awtaproducttesting.com.au\/services\/by-industry\/safety-testing\/hi-vis\/#primaryimage\"},\"image\":{\"@id\":\"https:\/\/awtaproducttesting.com.au\/services\/by-industry\/safety-testing\/hi-vis\/#primaryimage\"},\"thumbnailUrl\":\"https:\/\/awtaproducttesting.com.au\/app\/uploads\/2025\/10\/240_F_1682398745_X9tdtAa7shZHNbITqtmwnWMPHZOJcDwT.jpg\",\"datePublished\":\"2025-10-20T02:26:24+00:00\",\"dateModified\":\"2025-11-27T03:16:28+00:00\",\"breadcrumb\":{\"@id\":\"https:\/\/awtaproducttesting.com.au\/services\/by-industry\/safety-testing\/hi-vis\/#breadcrumb\"},\"inLanguage\":\"fr-FR\",\"potentialAction\":[{\"@type\":\"ReadAction\",\"target\":[\"https:\/\/awtaproducttesting.com.au\/services\/by-industry\/safety-testing\/hi-vis\/\"]}]},{\"@type\":\"ImageObject\",\"inLanguage\":\"fr-FR\",\"@id\":\"https:\/\/awtaproducttesting.com.au\/services\/by-industry\/safety-testing\/hi-vis\/#primaryimage\",\"url\":\"https:\/\/awtaproducttesting.com.au\/app\/uploads\/2025\/10\/240_F_1682398745_X9tdtAa7shZHNbITqtmwnWMPHZOJcDwT.jpg\",\"contentUrl\":\"https:\/\/awtaproducttesting.com.au\/app\/uploads\/2025\/10\/240_F_1682398745_X9tdtAa7shZHNbITqtmwnWMPHZOJcDwT.jpg\"},{\"@type\":\"BreadcrumbList\",\"@id\":\"https:\/\/awtaproducttesting.com.au\/services\/by-industry\/safety-testing\/hi-vis\/#breadcrumb\",\"itemListElement\":[{\"@type\":\"ListItem\",\"position\":1,\"name\":\"Home\",\"item\":\"https:\/\/awtaproducttesting.com.au\/\"},{\"@type\":\"ListItem\",\"position\":2,\"name\":\"Services\",\"item\":\"https:\/\/awtaproducttesting.com.au\/services\/\"},{\"@type\":\"ListItem\",\"position\":3,\"name\":\"By Industry\",\"item\":\"https:\/\/awtaproducttesting.com.au\/services\/by-industry\/\"},{\"@type\":\"ListItem\",\"position\":4,\"name\":\"Safety Testing\",\"item\":\"https:\/\/awtaproducttesting.com.au\/services\/by-industry\/safety-testing\/\"},{\"@type\":\"ListItem\",\"position\":5,\"name\":\"High Visibility Workwear\"}]},{\"@type\":\"WebSite\",\"@id\":\"https:\/\/awtaproducttesting.com.au\/#website\",\"url\":\"https:\/\/awtaproducttesting.com.au\/\",\"name\":\"AWTA Product Testing\",\"description\":\"\",\"publisher\":{\"@id\":\"https:\/\/awtaproducttesting.com.au\/#organization\"},\"potentialAction\":[{\"@type\":\"SearchAction\",\"target\":{\"@type\":\"EntryPoint\",\"urlTemplate\":\"https:\/\/awtaproducttesting.com.au\/?s={search_term_string}\"},\"query-input\":{\"@type\":\"PropertyValueSpecification\",\"valueRequired\":true,\"valueName\":\"search_term_string\"}}],\"inLanguage\":\"fr-FR\"},{\"@type\":\"Organization\",\"@id\":\"https:\/\/awtaproducttesting.com.au\/#organization\",\"name\":\"AWTA Product Testing\",\"url\":\"https:\/\/awtaproducttesting.com.au\/\",\"logo\":{\"@type\":\"ImageObject\",\"inLanguage\":\"fr-FR\",\"@id\":\"https:\/\/awtaproducttesting.com.au\/#\/schema\/logo\/image\/\",\"url\":\"https:\/\/awtaproducttesting.com.au\/app\/uploads\/2025\/08\/PT-News-Banner-scaled.jpg\",\"contentUrl\":\"https:\/\/awtaproducttesting.com.au\/app\/uploads\/2025\/08\/PT-News-Banner-scaled.jpg\",\"width\":2560,\"height\":1580,\"caption\":\"AWTA Product Testing\"},\"image\":{\"@id\":\"https:\/\/awtaproducttesting.com.au\/#\/schema\/logo\/image\/\"}}]}<\/script>\n<!-- \/ Yoast SEO plugin. -->","yoast_head_json":{"title":"High Visibility Workwear - AWTA Product Testing","robots":{"index":"index","follow":"follow","max-snippet":"max-snippet:-1","max-image-preview":"max-image-preview:large","max-video-preview":"max-video-preview:-1"},"canonical":"https:\/\/awtaproducttesting.com.au\/fr\/services\/by-industry\/safety-testing\/hi-vis\/","og_locale":"fr_FR","og_type":"article","og_title":"High Visibility Workwear - AWTA Product Testing","og_description":"This recently released standard details minimum garment design requirements for high visibility safety garments for high-risk applications, (firefighting ensemble desi\u2026","og_url":"https:\/\/awtaproducttesting.com.au\/fr\/services\/by-industry\/safety-testing\/hi-vis\/","og_site_name":"AWTA Product Testing","article_modified_time":"2025-11-27T03:16:28+00:00","og_image":[{"width":440,"height":240,"url":"https:\/\/awtaproducttesting.com.au\/app\/uploads\/2025\/10\/240_F_1682398745_X9tdtAa7shZHNbITqtmwnWMPHZOJcDwT.jpg","type":"image\/jpeg"}],"twitter_card":"summary_large_image","twitter_misc":{"Est. reading time":"1 minute"},"schema":{"@context":"https:\/\/schema.org","@graph":[{"@type":"WebPage","@id":"https:\/\/awtaproducttesting.com.au\/services\/by-industry\/safety-testing\/hi-vis\/","url":"https:\/\/awtaproducttesting.com.au\/services\/by-industry\/safety-testing\/hi-vis\/","name":"High Visibility Workwear - AWTA Product Testing","isPartOf":{"@id":"https:\/\/awtaproducttesting.com.au\/#website"},"primaryImageOfPage":{"@id":"https:\/\/awtaproducttesting.com.au\/services\/by-industry\/safety-testing\/hi-vis\/#primaryimage"},"image":{"@id":"https:\/\/awtaproducttesting.com.au\/services\/by-industry\/safety-testing\/hi-vis\/#primaryimage"},"thumbnailUrl":"https:\/\/awtaproducttesting.com.au\/app\/uploads\/2025\/10\/240_F_1682398745_X9tdtAa7shZHNbITqtmwnWMPHZOJcDwT.jpg","datePublished":"2025-10-20T02:26:24+00:00","dateModified":"2025-11-27T03:16:28+00:00","breadcrumb":{"@id":"https:\/\/awtaproducttesting.com.au\/services\/by-industry\/safety-testing\/hi-vis\/#breadcrumb"},"inLanguage":"fr-FR","potentialAction":[{"@type":"ReadAction","target":["https:\/\/awtaproducttesting.com.au\/services\/by-industry\/safety-testing\/hi-vis\/"]}]},{"@type":"ImageObject","inLanguage":"fr-FR","@id":"https:\/\/awtaproducttesting.com.au\/services\/by-industry\/safety-testing\/hi-vis\/#primaryimage","url":"https:\/\/awtaproducttesting.com.au\/app\/uploads\/2025\/10\/240_F_1682398745_X9tdtAa7shZHNbITqtmwnWMPHZOJcDwT.jpg","contentUrl":"https:\/\/awtaproducttesting.com.au\/app\/uploads\/2025\/10\/240_F_1682398745_X9tdtAa7shZHNbITqtmwnWMPHZOJcDwT.jpg"},{"@type":"BreadcrumbList","@id":"https:\/\/awtaproducttesting.com.au\/services\/by-industry\/safety-testing\/hi-vis\/#breadcrumb","itemListElement":[{"@type":"ListItem","position":1,"name":"Home","item":"https:\/\/awtaproducttesting.com.au\/"},{"@type":"ListItem","position":2,"name":"Services","item":"https:\/\/awtaproducttesting.com.au\/services\/"},{"@type":"ListItem","position":3,"name":"By Industry","item":"https:\/\/awtaproducttesting.com.au\/services\/by-industry\/"},{"@type":"ListItem","position":4,"name":"Safety Testing","item":"https:\/\/awtaproducttesting.com.au\/services\/by-industry\/safety-testing\/"},{"@type":"ListItem","position":5,"name":"High Visibility Workwear"}]},{"@type":"WebSite","@id":"https:\/\/awtaproducttesting.com.au\/#website","url":"https:\/\/awtaproducttesting.com.au\/","name":"Tests de produits de l'AWTA","description":"","publisher":{"@id":"https:\/\/awtaproducttesting.com.au\/#organization"},"potentialAction":[{"@type":"SearchAction","target":{"@type":"EntryPoint","urlTemplate":"https:\/\/awtaproducttesting.com.au\/?s={search_term_string}"},"query-input":{"@type":"PropertyValueSpecification","valueRequired":true,"valueName":"search_term_string"}}],"inLanguage":"fr-FR"},{"@type":"Organization","@id":"https:\/\/awtaproducttesting.com.au\/#organization","name":"Tests de produits de l'AWTA","url":"https:\/\/awtaproducttesting.com.au\/","logo":{"@type":"ImageObject","inLanguage":"fr-FR","@id":"https:\/\/awtaproducttesting.com.au\/#\/schema\/logo\/image\/","url":"https:\/\/awtaproducttesting.com.au\/app\/uploads\/2025\/08\/PT-News-Banner-scaled.jpg","contentUrl":"https:\/\/awtaproducttesting.com.au\/app\/uploads\/2025\/08\/PT-News-Banner-scaled.jpg","width":2560,"height":1580,"caption":"AWTA Product Testing"},"image":{"@id":"https:\/\/awtaproducttesting.com.au\/#\/schema\/logo\/image\/"}}]}},"_links":{"self":[{"href":"https:\/\/awtaproducttesting.com.au\/fr\/wp-json\/wp\/v2\/pages\/2130","targetHints":{"allow":["GET"]}}],"collection":[{"href":"https:\/\/awtaproducttesting.com.au\/fr\/wp-json\/wp\/v2\/pages"}],"about":[{"href":"https:\/\/awtaproducttesting.com.au\/fr\/wp-json\/wp\/v2\/types\/page"}],"author":[{"embeddable":true,"href":"https:\/\/awtaproducttesting.com.au\/fr\/wp-json\/wp\/v2\/users\/1"}],"replies":[{"embeddable":true,"href":"https:\/\/awtaproducttesting.com.au\/fr\/wp-json\/wp\/v2\/comments?post=2130"}],"version-history":[{"count":17,"href":"https:\/\/awtaproducttesting.com.au\/fr\/wp-json\/wp\/v2\/pages\/2130\/revisions"}],"predecessor-version":[{"id":3265,"href":"https:\/\/awtaproducttesting.com.au\/fr\/wp-json\/wp\/v2\/pages\/2130\/revisions\/3265"}],"up":[{"embeddable":true,"href":"https:\/\/awtaproducttesting.com.au\/fr\/wp-json\/wp\/v2\/pages\/635"}],"wp:attachment":[{"href":"https:\/\/awtaproducttesting.com.au\/fr\/wp-json\/wp\/v2\/media?parent=2130"}],"curies":[{"name":"wp","href":"https:\/\/api.w.org\/{rel}","templated":true}]}}