{"id":2134,"date":"2025-10-20T02:30:01","date_gmt":"2025-10-20T02:30:01","guid":{"rendered":"https:\/\/awtaproducttesting.swim.net.au\/?page_id=2134"},"modified":"2025-11-16T23:29:59","modified_gmt":"2025-11-16T23:29:59","slug":"bean-bags","status":"publish","type":"page","link":"https:\/\/awtaproducttesting.com.au\/fr\/services\/by-industry\/safety-testing\/bean-bags\/","title":{"rendered":"Sacs \u00e0 f\u00e8ves"},"content":{"rendered":"<div class=\"wp-block-group is-style-boxed is-layout-constrained wp-block-group-is-layout-constrained\">\n<div class=\"wp-block-columns is-layout-flex wp-container-core-columns-is-layout-9d6595d7 wp-block-columns-is-layout-flex\">\n<div class=\"wp-block-column is-layout-flow wp-block-column-is-layout-flow\">\n<h2 class=\"wp-block-heading\"><\/h2>\n\n\n\n<p>Le terme \u201csac \u00e0 haricots\u201d, tel qu'il est utilis\u00e9 dans la norme de s\u00e9curit\u00e9, comprend les articles dot\u00e9s d'une ouverture par laquelle le remplissage est accessible ou peut s'\u00e9chapper, et couvre un grand nombre de produits, y compris :<\/p>\n\n\n\n<ul class=\"wp-block-list\">\n<li>Sacs de f\u00e8ves humides et secs<\/li>\n\n\n\n<li>Oreillers<\/li>\n\n\n\n<li>Matelas pour Futon<\/li>\n\n\n\n<li>Coussins fantaisie<\/li>\n\n\n\n<li>Lits pour animaux<\/li>\n\n\n\n<li>Tables stables<\/li>\n<\/ul>\n<\/div>\n\n\n\n<div class=\"wp-block-column is-layout-flow wp-block-column-is-layout-flow\">\n<figure class=\"wp-block-image size-full\"><img loading=\"lazy\" decoding=\"async\" width=\"429\" height=\"240\" src=\"https:\/\/awtaproducttesting.com.au\/app\/uploads\/2025\/10\/beanbags.jpg\" alt=\"\" class=\"wp-image-2136\" srcset=\"https:\/\/awtaproducttesting.com.au\/app\/uploads\/2025\/10\/beanbags.jpg 429w, https:\/\/awtaproducttesting.com.au\/app\/uploads\/2025\/10\/beanbags-300x168.jpg 300w, https:\/\/awtaproducttesting.com.au\/app\/uploads\/2025\/10\/beanbags-18x10.jpg 18w\" sizes=\"auto, (max-width: 429px) 100vw, 429px\" \/><\/figure>\n<\/div>\n<\/div>\n\n\n\n<p>Les sacs \u00e0 f\u00e8ves sont des coussins ou des articles similaires constitu\u00e9s d'un sac ou d'une housse renfermant un remplissage de petites billes telles que des billes de polystyr\u00e8ne ou d'autres mat\u00e9riaux synth\u00e9tiques similaires. Le sac est muni d'une ouverture permettant d'acc\u00e9der aux billes. Les enfants risquent de s'\u00e9touffer ou de suffoquer s'ils utilisent un sac de haricots dangereux ou endommag\u00e9. Les surfaces molles et rembourr\u00e9es peuvent \u00e9galement emp\u00eacher les b\u00e9b\u00e9s et les jeunes enfants qui se retournent de se tourner ou de soulever leur visage pour respirer librement. Ces risques ont \u00e9t\u00e9 identifi\u00e9s dans la norme de s\u00e9curit\u00e9 2014 relative aux biens de consommation (sacs haricots), qui comprend un certain nombre de conditions auxquelles ces biens doivent r\u00e9pondre pour \u00eatre vendus l\u00e9galement en Australie. Les solutions pr\u00e9ventives obligatoires comprennent un \u00e9tiquetage sp\u00e9cifique et des exigences r\u00e9duites en mati\u00e8re d'accessibilit\u00e9.<\/p>\n<\/div>","protected":false},"excerpt":{"rendered":"<p>The term \u201cbean bags\u201d, as used in the safety standard, include items with an opening where the filling is accessed or can escape, and cover a large of products, inc\u2026<\/p>","protected":false},"author":1,"featured_media":0,"parent":635,"menu_order":0,"comment_status":"closed","ping_status":"closed","template":"","meta":{"_acf_changed":false,"footnotes":""},"class_list":["post-2134","page","type-page","status-publish","hentry"],"acf":[],"yoast_head":"<!-- This site is optimized with the Yoast SEO plugin v27.0 - https:\/\/yoast.com\/product\/yoast-seo-wordpress\/ -->\n<title>Bean Bags - AWTA Product Testing<\/title>\n<meta name=\"robots\" content=\"index, follow, max-snippet:-1, max-image-preview:large, max-video-preview:-1\" \/>\n<link rel=\"canonical\" href=\"https:\/\/awtaproducttesting.com.au\/fr\/services\/by-industry\/safety-testing\/bean-bags\/\" \/>\n<meta property=\"og:locale\" content=\"fr_FR\" \/>\n<meta property=\"og:type\" content=\"article\" \/>\n<meta property=\"og:title\" content=\"Bean Bags - AWTA Product Testing\" \/>\n<meta property=\"og:description\" content=\"The term \u201cbean bags\u201d, as used in the safety standard, include items with an opening where the filling is accessed or can escape, and cover a large of products, inc\u2026\" \/>\n<meta property=\"og:url\" content=\"https:\/\/awtaproducttesting.com.au\/fr\/services\/by-industry\/safety-testing\/bean-bags\/\" \/>\n<meta property=\"og:site_name\" content=\"AWTA Product Testing\" \/>\n<meta property=\"article:modified_time\" content=\"2025-11-16T23:29:59+00:00\" \/>\n<meta property=\"og:image\" content=\"https:\/\/awtaproducttesting.com.au\/app\/uploads\/2025\/10\/beanbags.jpg\" \/>\n\t<meta property=\"og:image:width\" content=\"429\" \/>\n\t<meta property=\"og:image:height\" content=\"240\" \/>\n\t<meta property=\"og:image:type\" content=\"image\/jpeg\" \/>\n<meta name=\"twitter:card\" content=\"summary_large_image\" \/>\n<meta name=\"twitter:label1\" content=\"Est. reading time\" \/>\n\t<meta name=\"twitter:data1\" content=\"1 minute\" \/>\n<script type=\"application\/ld+json\" class=\"yoast-schema-graph\">{\"@context\":\"https:\/\/schema.org\",\"@graph\":[{\"@type\":\"WebPage\",\"@id\":\"https:\/\/awtaproducttesting.com.au\/services\/by-industry\/safety-testing\/bean-bags\/\",\"url\":\"https:\/\/awtaproducttesting.com.au\/services\/by-industry\/safety-testing\/bean-bags\/\",\"name\":\"Bean Bags - AWTA Product Testing\",\"isPartOf\":{\"@id\":\"https:\/\/awtaproducttesting.com.au\/#website\"},\"primaryImageOfPage\":{\"@id\":\"https:\/\/awtaproducttesting.com.au\/services\/by-industry\/safety-testing\/bean-bags\/#primaryimage\"},\"image\":{\"@id\":\"https:\/\/awtaproducttesting.com.au\/services\/by-industry\/safety-testing\/bean-bags\/#primaryimage\"},\"thumbnailUrl\":\"https:\/\/awtaproducttesting.com.au\/app\/uploads\/2025\/10\/beanbags.jpg\",\"datePublished\":\"2025-10-20T02:30:01+00:00\",\"dateModified\":\"2025-11-16T23:29:59+00:00\",\"breadcrumb\":{\"@id\":\"https:\/\/awtaproducttesting.com.au\/services\/by-industry\/safety-testing\/bean-bags\/#breadcrumb\"},\"inLanguage\":\"fr-FR\",\"potentialAction\":[{\"@type\":\"ReadAction\",\"target\":[\"https:\/\/awtaproducttesting.com.au\/services\/by-industry\/safety-testing\/bean-bags\/\"]}]},{\"@type\":\"ImageObject\",\"inLanguage\":\"fr-FR\",\"@id\":\"https:\/\/awtaproducttesting.com.au\/services\/by-industry\/safety-testing\/bean-bags\/#primaryimage\",\"url\":\"https:\/\/awtaproducttesting.com.au\/app\/uploads\/2025\/10\/beanbags.jpg\",\"contentUrl\":\"https:\/\/awtaproducttesting.com.au\/app\/uploads\/2025\/10\/beanbags.jpg\"},{\"@type\":\"BreadcrumbList\",\"@id\":\"https:\/\/awtaproducttesting.com.au\/services\/by-industry\/safety-testing\/bean-bags\/#breadcrumb\",\"itemListElement\":[{\"@type\":\"ListItem\",\"position\":1,\"name\":\"Home\",\"item\":\"https:\/\/awtaproducttesting.com.au\/\"},{\"@type\":\"ListItem\",\"position\":2,\"name\":\"Services\",\"item\":\"https:\/\/awtaproducttesting.com.au\/services\/\"},{\"@type\":\"ListItem\",\"position\":3,\"name\":\"By Industry\",\"item\":\"https:\/\/awtaproducttesting.com.au\/services\/by-industry\/\"},{\"@type\":\"ListItem\",\"position\":4,\"name\":\"Safety Testing\",\"item\":\"https:\/\/awtaproducttesting.com.au\/services\/by-industry\/safety-testing\/\"},{\"@type\":\"ListItem\",\"position\":5,\"name\":\"Bean Bags\"}]},{\"@type\":\"WebSite\",\"@id\":\"https:\/\/awtaproducttesting.com.au\/#website\",\"url\":\"https:\/\/awtaproducttesting.com.au\/\",\"name\":\"AWTA Product Testing\",\"description\":\"\",\"publisher\":{\"@id\":\"https:\/\/awtaproducttesting.com.au\/#organization\"},\"potentialAction\":[{\"@type\":\"SearchAction\",\"target\":{\"@type\":\"EntryPoint\",\"urlTemplate\":\"https:\/\/awtaproducttesting.com.au\/?s={search_term_string}\"},\"query-input\":{\"@type\":\"PropertyValueSpecification\",\"valueRequired\":true,\"valueName\":\"search_term_string\"}}],\"inLanguage\":\"fr-FR\"},{\"@type\":\"Organization\",\"@id\":\"https:\/\/awtaproducttesting.com.au\/#organization\",\"name\":\"AWTA Product Testing\",\"url\":\"https:\/\/awtaproducttesting.com.au\/\",\"logo\":{\"@type\":\"ImageObject\",\"inLanguage\":\"fr-FR\",\"@id\":\"https:\/\/awtaproducttesting.com.au\/#\/schema\/logo\/image\/\",\"url\":\"https:\/\/awtaproducttesting.com.au\/app\/uploads\/2025\/08\/PT-News-Banner-scaled.jpg\",\"contentUrl\":\"https:\/\/awtaproducttesting.com.au\/app\/uploads\/2025\/08\/PT-News-Banner-scaled.jpg\",\"width\":2560,\"height\":1580,\"caption\":\"AWTA Product Testing\"},\"image\":{\"@id\":\"https:\/\/awtaproducttesting.com.au\/#\/schema\/logo\/image\/\"}}]}<\/script>\n<!-- \/ Yoast SEO plugin. -->","yoast_head_json":{"title":"Bean Bags - AWTA Product Testing","robots":{"index":"index","follow":"follow","max-snippet":"max-snippet:-1","max-image-preview":"max-image-preview:large","max-video-preview":"max-video-preview:-1"},"canonical":"https:\/\/awtaproducttesting.com.au\/fr\/services\/by-industry\/safety-testing\/bean-bags\/","og_locale":"fr_FR","og_type":"article","og_title":"Bean Bags - AWTA Product Testing","og_description":"The term \u201cbean bags\u201d, as used in the safety standard, include items with an opening where the filling is accessed or can escape, and cover a large of products, inc\u2026","og_url":"https:\/\/awtaproducttesting.com.au\/fr\/services\/by-industry\/safety-testing\/bean-bags\/","og_site_name":"AWTA Product Testing","article_modified_time":"2025-11-16T23:29:59+00:00","og_image":[{"width":429,"height":240,"url":"https:\/\/awtaproducttesting.com.au\/app\/uploads\/2025\/10\/beanbags.jpg","type":"image\/jpeg"}],"twitter_card":"summary_large_image","twitter_misc":{"Est. reading time":"1 minute"},"schema":{"@context":"https:\/\/schema.org","@graph":[{"@type":"WebPage","@id":"https:\/\/awtaproducttesting.com.au\/services\/by-industry\/safety-testing\/bean-bags\/","url":"https:\/\/awtaproducttesting.com.au\/services\/by-industry\/safety-testing\/bean-bags\/","name":"Bean Bags - AWTA Product Testing","isPartOf":{"@id":"https:\/\/awtaproducttesting.com.au\/#website"},"primaryImageOfPage":{"@id":"https:\/\/awtaproducttesting.com.au\/services\/by-industry\/safety-testing\/bean-bags\/#primaryimage"},"image":{"@id":"https:\/\/awtaproducttesting.com.au\/services\/by-industry\/safety-testing\/bean-bags\/#primaryimage"},"thumbnailUrl":"https:\/\/awtaproducttesting.com.au\/app\/uploads\/2025\/10\/beanbags.jpg","datePublished":"2025-10-20T02:30:01+00:00","dateModified":"2025-11-16T23:29:59+00:00","breadcrumb":{"@id":"https:\/\/awtaproducttesting.com.au\/services\/by-industry\/safety-testing\/bean-bags\/#breadcrumb"},"inLanguage":"fr-FR","potentialAction":[{"@type":"ReadAction","target":["https:\/\/awtaproducttesting.com.au\/services\/by-industry\/safety-testing\/bean-bags\/"]}]},{"@type":"ImageObject","inLanguage":"fr-FR","@id":"https:\/\/awtaproducttesting.com.au\/services\/by-industry\/safety-testing\/bean-bags\/#primaryimage","url":"https:\/\/awtaproducttesting.com.au\/app\/uploads\/2025\/10\/beanbags.jpg","contentUrl":"https:\/\/awtaproducttesting.com.au\/app\/uploads\/2025\/10\/beanbags.jpg"},{"@type":"BreadcrumbList","@id":"https:\/\/awtaproducttesting.com.au\/services\/by-industry\/safety-testing\/bean-bags\/#breadcrumb","itemListElement":[{"@type":"ListItem","position":1,"name":"Home","item":"https:\/\/awtaproducttesting.com.au\/"},{"@type":"ListItem","position":2,"name":"Services","item":"https:\/\/awtaproducttesting.com.au\/services\/"},{"@type":"ListItem","position":3,"name":"By Industry","item":"https:\/\/awtaproducttesting.com.au\/services\/by-industry\/"},{"@type":"ListItem","position":4,"name":"Safety Testing","item":"https:\/\/awtaproducttesting.com.au\/services\/by-industry\/safety-testing\/"},{"@type":"ListItem","position":5,"name":"Bean Bags"}]},{"@type":"WebSite","@id":"https:\/\/awtaproducttesting.com.au\/#website","url":"https:\/\/awtaproducttesting.com.au\/","name":"Tests de produits de l'AWTA","description":"","publisher":{"@id":"https:\/\/awtaproducttesting.com.au\/#organization"},"potentialAction":[{"@type":"SearchAction","target":{"@type":"EntryPoint","urlTemplate":"https:\/\/awtaproducttesting.com.au\/?s={search_term_string}"},"query-input":{"@type":"PropertyValueSpecification","valueRequired":true,"valueName":"search_term_string"}}],"inLanguage":"fr-FR"},{"@type":"Organization","@id":"https:\/\/awtaproducttesting.com.au\/#organization","name":"Tests de produits de l'AWTA","url":"https:\/\/awtaproducttesting.com.au\/","logo":{"@type":"ImageObject","inLanguage":"fr-FR","@id":"https:\/\/awtaproducttesting.com.au\/#\/schema\/logo\/image\/","url":"https:\/\/awtaproducttesting.com.au\/app\/uploads\/2025\/08\/PT-News-Banner-scaled.jpg","contentUrl":"https:\/\/awtaproducttesting.com.au\/app\/uploads\/2025\/08\/PT-News-Banner-scaled.jpg","width":2560,"height":1580,"caption":"AWTA Product Testing"},"image":{"@id":"https:\/\/awtaproducttesting.com.au\/#\/schema\/logo\/image\/"}}]}},"_links":{"self":[{"href":"https:\/\/awtaproducttesting.com.au\/fr\/wp-json\/wp\/v2\/pages\/2134","targetHints":{"allow":["GET"]}}],"collection":[{"href":"https:\/\/awtaproducttesting.com.au\/fr\/wp-json\/wp\/v2\/pages"}],"about":[{"href":"https:\/\/awtaproducttesting.com.au\/fr\/wp-json\/wp\/v2\/types\/page"}],"author":[{"embeddable":true,"href":"https:\/\/awtaproducttesting.com.au\/fr\/wp-json\/wp\/v2\/users\/1"}],"replies":[{"embeddable":true,"href":"https:\/\/awtaproducttesting.com.au\/fr\/wp-json\/wp\/v2\/comments?post=2134"}],"version-history":[{"count":7,"href":"https:\/\/awtaproducttesting.com.au\/fr\/wp-json\/wp\/v2\/pages\/2134\/revisions"}],"predecessor-version":[{"id":3001,"href":"https:\/\/awtaproducttesting.com.au\/fr\/wp-json\/wp\/v2\/pages\/2134\/revisions\/3001"}],"up":[{"embeddable":true,"href":"https:\/\/awtaproducttesting.com.au\/fr\/wp-json\/wp\/v2\/pages\/635"}],"wp:attachment":[{"href":"https:\/\/awtaproducttesting.com.au\/fr\/wp-json\/wp\/v2\/media?parent=2134"}],"curies":[{"name":"wp","href":"https:\/\/api.w.org\/{rel}","templated":true}]}}