{"id":2172,"date":"2025-10-20T03:42:46","date_gmt":"2025-10-20T03:42:46","guid":{"rendered":"https:\/\/awtaproducttesting.swim.net.au\/?page_id=2172"},"modified":"2025-12-19T06:14:34","modified_gmt":"2025-12-19T06:14:34","slug":"automotive","status":"publish","type":"page","link":"https:\/\/awtaproducttesting.com.au\/fr\/services\/by-industry\/transport-and-automotive\/automotive\/","title":{"rendered":"Automobile"},"content":{"rendered":"<div class=\"wp-block-group is-layout-constrained wp-block-group-is-layout-constrained\">\n<div class=\"wp-block-columns is-layout-flex wp-container-core-columns-is-layout-9d6595d7 wp-block-columns-is-layout-flex\">\n<div class=\"wp-block-column is-layout-flow wp-block-column-is-layout-flow\"><\/div>\n\n\n\n<div class=\"wp-block-column is-layout-flow wp-block-column-is-layout-flow\"><\/div>\n<\/div>\n<\/div>\n\n\n\n<div class=\"wp-block-group is-style-boxed is-layout-constrained wp-block-group-is-layout-constrained\">\n<div class=\"wp-block-columns is-layout-flex wp-container-core-columns-is-layout-9d6595d7 wp-block-columns-is-layout-flex\">\n<div class=\"wp-block-column is-vertically-aligned-center is-layout-constrained wp-block-column-is-layout-constrained\">\n<h3 class=\"wp-block-heading\">M\u00e9t\u00e9orologie acc\u00e9l\u00e9r\u00e9e<\/h3>\n\n\n\n<p>Le laboratoire propose des expositions \u00e0 l'arc au x\u00e9non et au QUV qui simulent les effets de la lumi\u00e8re ainsi que de l'humidit\u00e9, de la temp\u00e9rature et de la pluie.&nbsp;<\/p>\n\n\n\n<div style=\"height:30px\" aria-hidden=\"true\" class=\"wp-block-spacer\"><\/div>\n\n\n\n<h3 class=\"wp-block-heading\">Essais au brouillard salin<\/h3>\n\n\n\n<p>Les essais sont g\u00e9n\u00e9ralement r\u00e9alis\u00e9s pour v\u00e9rifier les performances des composants m\u00e9talliques et des composants m\u00e9talliques rev\u00eatus dans une chambre \u00e0 brouillard salin dans un environnement salin \u00e0 forte humidit\u00e9.  Les normes d'essai typiques sont les m\u00e9thodes ASTM B117, SAE et OEM.<\/p>\n<\/div>\n\n\n\n<div class=\"wp-block-column is-layout-flow wp-block-column-is-layout-flow\">\n<figure class=\"wp-block-image size-full\"><img loading=\"lazy\" decoding=\"async\" width=\"1254\" height=\"678\" src=\"https:\/\/awtaproducttesting.com.au\/app\/uploads\/2025\/11\/Car-Rusting.jpg\" alt=\"\" class=\"wp-image-3122\" srcset=\"https:\/\/awtaproducttesting.com.au\/app\/uploads\/2025\/11\/Car-Rusting.jpg 1254w, https:\/\/awtaproducttesting.com.au\/app\/uploads\/2025\/11\/Car-Rusting-300x162.jpg 300w, https:\/\/awtaproducttesting.com.au\/app\/uploads\/2025\/11\/Car-Rusting-1024x554.jpg 1024w, https:\/\/awtaproducttesting.com.au\/app\/uploads\/2025\/11\/Car-Rusting-768x415.jpg 768w, https:\/\/awtaproducttesting.com.au\/app\/uploads\/2025\/11\/Car-Rusting-18x10.jpg 18w\" sizes=\"auto, (max-width: 1254px) 100vw, 1254px\" \/><\/figure>\n<\/div>\n<\/div>\n\n\n\n<div class=\"wp-block-columns is-layout-flex wp-container-core-columns-is-layout-9d6595d7 wp-block-columns-is-layout-flex\">\n<div class=\"wp-block-column is-layout-flow wp-block-column-is-layout-flow\">\n<figure class=\"wp-block-image size-large\"><img loading=\"lazy\" decoding=\"async\" width=\"1024\" height=\"771\" src=\"https:\/\/awtaproducttesting.com.au\/app\/uploads\/2025\/12\/AdobeStock_1398817492-1024x771.jpeg\" alt=\"\" class=\"wp-image-3354\" srcset=\"https:\/\/awtaproducttesting.com.au\/app\/uploads\/2025\/12\/AdobeStock_1398817492-1024x771.jpeg 1024w, https:\/\/awtaproducttesting.com.au\/app\/uploads\/2025\/12\/AdobeStock_1398817492-300x226.jpeg 300w, https:\/\/awtaproducttesting.com.au\/app\/uploads\/2025\/12\/AdobeStock_1398817492-768x578.jpeg 768w, https:\/\/awtaproducttesting.com.au\/app\/uploads\/2025\/12\/AdobeStock_1398817492-1536x1157.jpeg 1536w, https:\/\/awtaproducttesting.com.au\/app\/uploads\/2025\/12\/AdobeStock_1398817492-2048x1543.jpeg 2048w, https:\/\/awtaproducttesting.com.au\/app\/uploads\/2025\/12\/AdobeStock_1398817492-16x12.jpeg 16w, https:\/\/awtaproducttesting.com.au\/app\/uploads\/2025\/12\/AdobeStock_1398817492-scaled.jpeg 2560w\" sizes=\"auto, (max-width: 1024px) 100vw, 1024px\" \/><\/figure>\n<\/div>\n\n\n\n<div class=\"wp-block-column is-vertically-aligned-center is-layout-constrained wp-block-column-is-layout-constrained\">\n<h3 class=\"wp-block-heading\">Textiles automobiles<\/h3>\n\n\n\n<p>Les essais sur les textiles sont au c\u0153ur de nos activit\u00e9s et les textiles automobiles peuvent \u00eatre test\u00e9s sur le plan physique, de la solidit\u00e9 des couleurs et de l'inflammabilit\u00e9.<\/p>\n\n\n\n<div style=\"height:30px\" aria-hidden=\"true\" class=\"wp-block-spacer\"><\/div>\n\n\n\n<h3 class=\"wp-block-heading\">Inflammabilit\u00e9 des composants automobiles<\/h3>\n\n\n\n<p>Les garnitures int\u00e9rieures et les textiles sont g\u00e9n\u00e9ralement test\u00e9s selon les m\u00e9thodes des \u00e9quipementiers ou selon les normes SAE J369, ISO 3795 et MVSS 302.<\/p>\n<\/div>\n<\/div>\n\n\n\n<div class=\"wp-block-columns is-layout-flex wp-container-core-columns-is-layout-9d6595d7 wp-block-columns-is-layout-flex\">\n<div class=\"wp-block-column is-vertically-aligned-center is-layout-constrained wp-block-column-is-layout-constrained\">\n<h3 class=\"wp-block-heading\">Substances pr\u00e9occupantes<\/h3>\n\n\n\n<p>Les composants sont test\u00e9s par rapport aux exigences des \u00e9quipementiers pour s'assurer qu'ils n'\u00e9mettent pas ou ne contiennent pas de substances pr\u00e9occupantes au-del\u00e0 des limites sp\u00e9cifi\u00e9es.<\/p>\n\n\n\n<div style=\"height:30px\" aria-hidden=\"true\" class=\"wp-block-spacer\"><\/div>\n\n\n\n<h3 class=\"wp-block-heading\">Cyclisme environnemental<\/h3>\n\n\n\n<p>Les composants int\u00e9rieurs et ext\u00e9rieurs sont soumis \u00e0 des tests de performance physique lorsqu'ils sont expos\u00e9s \u00e0 une s\u00e9rie de conditions allant du chaud au froid et \u00e0 l'humidit\u00e9, en fonction des exigences du cahier des charges.<\/p>\n<\/div>\n\n\n\n<div class=\"wp-block-column is-layout-flow wp-block-column-is-layout-flow\">\n<figure class=\"wp-block-image size-large\"><img loading=\"lazy\" decoding=\"async\" width=\"1024\" height=\"683\" src=\"https:\/\/awtaproducttesting.com.au\/app\/uploads\/2025\/11\/Car-sunlight-1-1024x683.jpg\" alt=\"\" class=\"wp-image-3126\" srcset=\"https:\/\/awtaproducttesting.com.au\/app\/uploads\/2025\/11\/Car-sunlight-1-1024x683.jpg 1024w, https:\/\/awtaproducttesting.com.au\/app\/uploads\/2025\/11\/Car-sunlight-1-300x200.jpg 300w, https:\/\/awtaproducttesting.com.au\/app\/uploads\/2025\/11\/Car-sunlight-1-768x512.jpg 768w, https:\/\/awtaproducttesting.com.au\/app\/uploads\/2025\/11\/Car-sunlight-1-18x12.jpg 18w, https:\/\/awtaproducttesting.com.au\/app\/uploads\/2025\/11\/Car-sunlight-1.jpg 1254w\" sizes=\"auto, (max-width: 1024px) 100vw, 1024px\" \/><\/figure>\n<\/div>\n<\/div>\n\n\n\n<h2 class=\"wp-block-heading\">Plus d'informations<\/h2>\n\n\n\n<div class=\"wp-block-buttons is-layout-flex wp-block-buttons-is-layout-flex\">\n<div class=\"wp-block-button is-style-gray-buttons\"><a class=\"wp-block-button__link wp-element-button\" href=\"https:\/\/awtaproducttesting.com.au\/fr\/forms\/horizontal-burn-ssf\/horizontal-burn-ssf\/\">Formulaire de soumission d'\u00e9chantillons d'inflammabilit\u00e9 horizontale<\/a><\/div>\n<\/div>\n<\/div>","protected":false},"excerpt":{"rendered":"<p>Accelerated Weathering The laboratory offers Xenon Arc and QUV exposure that simulate the effects of light together with humidity, temperature, and rainfall.&nbsp; Sal\u2026<\/p>","protected":false},"author":1,"featured_media":0,"parent":983,"menu_order":0,"comment_status":"closed","ping_status":"closed","template":"","meta":{"_acf_changed":false,"footnotes":""},"class_list":["post-2172","page","type-page","status-publish","hentry"],"acf":[],"yoast_head":"<!-- This site is optimized with the Yoast SEO plugin v27.0 - https:\/\/yoast.com\/product\/yoast-seo-wordpress\/ -->\n<title>Automotive - AWTA Product Testing<\/title>\n<meta name=\"robots\" content=\"index, follow, max-snippet:-1, max-image-preview:large, max-video-preview:-1\" \/>\n<link rel=\"canonical\" href=\"https:\/\/awtaproducttesting.com.au\/fr\/services\/by-industry\/transport-and-automotive\/automotive\/\" \/>\n<meta property=\"og:locale\" content=\"fr_FR\" \/>\n<meta property=\"og:type\" content=\"article\" \/>\n<meta property=\"og:title\" content=\"Automotive - AWTA Product Testing\" \/>\n<meta property=\"og:description\" content=\"Accelerated Weathering The laboratory offers Xenon Arc and QUV exposure that simulate the effects of light together with humidity, temperature, and rainfall.&nbsp; Sal\u2026\" \/>\n<meta property=\"og:url\" content=\"https:\/\/awtaproducttesting.com.au\/fr\/services\/by-industry\/transport-and-automotive\/automotive\/\" \/>\n<meta property=\"og:site_name\" content=\"AWTA Product Testing\" \/>\n<meta property=\"article:modified_time\" content=\"2025-12-19T06:14:34+00:00\" \/>\n<meta property=\"og:image\" content=\"https:\/\/awtaproducttesting.com.au\/app\/uploads\/2025\/11\/Car-Rusting.jpg\" \/>\n\t<meta property=\"og:image:width\" content=\"1254\" \/>\n\t<meta property=\"og:image:height\" content=\"678\" \/>\n\t<meta property=\"og:image:type\" content=\"image\/jpeg\" \/>\n<meta name=\"twitter:card\" content=\"summary_large_image\" \/>\n<meta name=\"twitter:label1\" content=\"Est. reading time\" \/>\n\t<meta name=\"twitter:data1\" content=\"2 minutes\" \/>\n<script type=\"application\/ld+json\" class=\"yoast-schema-graph\">{\"@context\":\"https:\/\/schema.org\",\"@graph\":[{\"@type\":\"WebPage\",\"@id\":\"https:\/\/awtaproducttesting.com.au\/services\/by-industry\/transport-and-automotive\/automotive\/\",\"url\":\"https:\/\/awtaproducttesting.com.au\/services\/by-industry\/transport-and-automotive\/automotive\/\",\"name\":\"Automotive - AWTA Product Testing\",\"isPartOf\":{\"@id\":\"https:\/\/awtaproducttesting.com.au\/#website\"},\"primaryImageOfPage\":{\"@id\":\"https:\/\/awtaproducttesting.com.au\/services\/by-industry\/transport-and-automotive\/automotive\/#primaryimage\"},\"image\":{\"@id\":\"https:\/\/awtaproducttesting.com.au\/services\/by-industry\/transport-and-automotive\/automotive\/#primaryimage\"},\"thumbnailUrl\":\"https:\/\/awtaproducttesting.com.au\/app\/uploads\/2025\/11\/Car-Rusting.jpg\",\"datePublished\":\"2025-10-20T03:42:46+00:00\",\"dateModified\":\"2025-12-19T06:14:34+00:00\",\"breadcrumb\":{\"@id\":\"https:\/\/awtaproducttesting.com.au\/services\/by-industry\/transport-and-automotive\/automotive\/#breadcrumb\"},\"inLanguage\":\"fr-FR\",\"potentialAction\":[{\"@type\":\"ReadAction\",\"target\":[\"https:\/\/awtaproducttesting.com.au\/services\/by-industry\/transport-and-automotive\/automotive\/\"]}]},{\"@type\":\"ImageObject\",\"inLanguage\":\"fr-FR\",\"@id\":\"https:\/\/awtaproducttesting.com.au\/services\/by-industry\/transport-and-automotive\/automotive\/#primaryimage\",\"url\":\"https:\/\/awtaproducttesting.com.au\/app\/uploads\/2025\/11\/Car-Rusting.jpg\",\"contentUrl\":\"https:\/\/awtaproducttesting.com.au\/app\/uploads\/2025\/11\/Car-Rusting.jpg\"},{\"@type\":\"BreadcrumbList\",\"@id\":\"https:\/\/awtaproducttesting.com.au\/services\/by-industry\/transport-and-automotive\/automotive\/#breadcrumb\",\"itemListElement\":[{\"@type\":\"ListItem\",\"position\":1,\"name\":\"Home\",\"item\":\"https:\/\/awtaproducttesting.com.au\/\"},{\"@type\":\"ListItem\",\"position\":2,\"name\":\"Services\",\"item\":\"https:\/\/awtaproducttesting.com.au\/services\/\"},{\"@type\":\"ListItem\",\"position\":3,\"name\":\"By Industry\",\"item\":\"https:\/\/awtaproducttesting.com.au\/services\/by-industry\/\"},{\"@type\":\"ListItem\",\"position\":4,\"name\":\"Transport &amp; Automotive\",\"item\":\"https:\/\/awtaproducttesting.com.au\/services\/by-industry\/transport-and-automotive\/\"},{\"@type\":\"ListItem\",\"position\":5,\"name\":\"Automotive\"}]},{\"@type\":\"WebSite\",\"@id\":\"https:\/\/awtaproducttesting.com.au\/#website\",\"url\":\"https:\/\/awtaproducttesting.com.au\/\",\"name\":\"AWTA Product Testing\",\"description\":\"\",\"publisher\":{\"@id\":\"https:\/\/awtaproducttesting.com.au\/#organization\"},\"potentialAction\":[{\"@type\":\"SearchAction\",\"target\":{\"@type\":\"EntryPoint\",\"urlTemplate\":\"https:\/\/awtaproducttesting.com.au\/?s={search_term_string}\"},\"query-input\":{\"@type\":\"PropertyValueSpecification\",\"valueRequired\":true,\"valueName\":\"search_term_string\"}}],\"inLanguage\":\"fr-FR\"},{\"@type\":\"Organization\",\"@id\":\"https:\/\/awtaproducttesting.com.au\/#organization\",\"name\":\"AWTA Product Testing\",\"url\":\"https:\/\/awtaproducttesting.com.au\/\",\"logo\":{\"@type\":\"ImageObject\",\"inLanguage\":\"fr-FR\",\"@id\":\"https:\/\/awtaproducttesting.com.au\/#\/schema\/logo\/image\/\",\"url\":\"https:\/\/awtaproducttesting.com.au\/app\/uploads\/2025\/08\/PT-News-Banner-scaled.jpg\",\"contentUrl\":\"https:\/\/awtaproducttesting.com.au\/app\/uploads\/2025\/08\/PT-News-Banner-scaled.jpg\",\"width\":2560,\"height\":1580,\"caption\":\"AWTA Product Testing\"},\"image\":{\"@id\":\"https:\/\/awtaproducttesting.com.au\/#\/schema\/logo\/image\/\"}}]}<\/script>\n<!-- \/ Yoast SEO plugin. -->","yoast_head_json":{"title":"Automotive - AWTA Product Testing","robots":{"index":"index","follow":"follow","max-snippet":"max-snippet:-1","max-image-preview":"max-image-preview:large","max-video-preview":"max-video-preview:-1"},"canonical":"https:\/\/awtaproducttesting.com.au\/fr\/services\/by-industry\/transport-and-automotive\/automotive\/","og_locale":"fr_FR","og_type":"article","og_title":"Automotive - AWTA Product Testing","og_description":"Accelerated Weathering The laboratory offers Xenon Arc and QUV exposure that simulate the effects of light together with humidity, temperature, and rainfall.&nbsp; Sal\u2026","og_url":"https:\/\/awtaproducttesting.com.au\/fr\/services\/by-industry\/transport-and-automotive\/automotive\/","og_site_name":"AWTA Product Testing","article_modified_time":"2025-12-19T06:14:34+00:00","og_image":[{"width":1254,"height":678,"url":"https:\/\/awtaproducttesting.com.au\/app\/uploads\/2025\/11\/Car-Rusting.jpg","type":"image\/jpeg"}],"twitter_card":"summary_large_image","twitter_misc":{"Est. reading time":"2 minutes"},"schema":{"@context":"https:\/\/schema.org","@graph":[{"@type":"WebPage","@id":"https:\/\/awtaproducttesting.com.au\/services\/by-industry\/transport-and-automotive\/automotive\/","url":"https:\/\/awtaproducttesting.com.au\/services\/by-industry\/transport-and-automotive\/automotive\/","name":"Automotive - AWTA Product Testing","isPartOf":{"@id":"https:\/\/awtaproducttesting.com.au\/#website"},"primaryImageOfPage":{"@id":"https:\/\/awtaproducttesting.com.au\/services\/by-industry\/transport-and-automotive\/automotive\/#primaryimage"},"image":{"@id":"https:\/\/awtaproducttesting.com.au\/services\/by-industry\/transport-and-automotive\/automotive\/#primaryimage"},"thumbnailUrl":"https:\/\/awtaproducttesting.com.au\/app\/uploads\/2025\/11\/Car-Rusting.jpg","datePublished":"2025-10-20T03:42:46+00:00","dateModified":"2025-12-19T06:14:34+00:00","breadcrumb":{"@id":"https:\/\/awtaproducttesting.com.au\/services\/by-industry\/transport-and-automotive\/automotive\/#breadcrumb"},"inLanguage":"fr-FR","potentialAction":[{"@type":"ReadAction","target":["https:\/\/awtaproducttesting.com.au\/services\/by-industry\/transport-and-automotive\/automotive\/"]}]},{"@type":"ImageObject","inLanguage":"fr-FR","@id":"https:\/\/awtaproducttesting.com.au\/services\/by-industry\/transport-and-automotive\/automotive\/#primaryimage","url":"https:\/\/awtaproducttesting.com.au\/app\/uploads\/2025\/11\/Car-Rusting.jpg","contentUrl":"https:\/\/awtaproducttesting.com.au\/app\/uploads\/2025\/11\/Car-Rusting.jpg"},{"@type":"BreadcrumbList","@id":"https:\/\/awtaproducttesting.com.au\/services\/by-industry\/transport-and-automotive\/automotive\/#breadcrumb","itemListElement":[{"@type":"ListItem","position":1,"name":"Home","item":"https:\/\/awtaproducttesting.com.au\/"},{"@type":"ListItem","position":2,"name":"Services","item":"https:\/\/awtaproducttesting.com.au\/services\/"},{"@type":"ListItem","position":3,"name":"By Industry","item":"https:\/\/awtaproducttesting.com.au\/services\/by-industry\/"},{"@type":"ListItem","position":4,"name":"Transport &amp; Automotive","item":"https:\/\/awtaproducttesting.com.au\/services\/by-industry\/transport-and-automotive\/"},{"@type":"ListItem","position":5,"name":"Automotive"}]},{"@type":"WebSite","@id":"https:\/\/awtaproducttesting.com.au\/#website","url":"https:\/\/awtaproducttesting.com.au\/","name":"Tests de produits de l'AWTA","description":"","publisher":{"@id":"https:\/\/awtaproducttesting.com.au\/#organization"},"potentialAction":[{"@type":"SearchAction","target":{"@type":"EntryPoint","urlTemplate":"https:\/\/awtaproducttesting.com.au\/?s={search_term_string}"},"query-input":{"@type":"PropertyValueSpecification","valueRequired":true,"valueName":"search_term_string"}}],"inLanguage":"fr-FR"},{"@type":"Organization","@id":"https:\/\/awtaproducttesting.com.au\/#organization","name":"Tests de produits de l'AWTA","url":"https:\/\/awtaproducttesting.com.au\/","logo":{"@type":"ImageObject","inLanguage":"fr-FR","@id":"https:\/\/awtaproducttesting.com.au\/#\/schema\/logo\/image\/","url":"https:\/\/awtaproducttesting.com.au\/app\/uploads\/2025\/08\/PT-News-Banner-scaled.jpg","contentUrl":"https:\/\/awtaproducttesting.com.au\/app\/uploads\/2025\/08\/PT-News-Banner-scaled.jpg","width":2560,"height":1580,"caption":"AWTA Product Testing"},"image":{"@id":"https:\/\/awtaproducttesting.com.au\/#\/schema\/logo\/image\/"}}]}},"_links":{"self":[{"href":"https:\/\/awtaproducttesting.com.au\/fr\/wp-json\/wp\/v2\/pages\/2172","targetHints":{"allow":["GET"]}}],"collection":[{"href":"https:\/\/awtaproducttesting.com.au\/fr\/wp-json\/wp\/v2\/pages"}],"about":[{"href":"https:\/\/awtaproducttesting.com.au\/fr\/wp-json\/wp\/v2\/types\/page"}],"author":[{"embeddable":true,"href":"https:\/\/awtaproducttesting.com.au\/fr\/wp-json\/wp\/v2\/users\/1"}],"replies":[{"embeddable":true,"href":"https:\/\/awtaproducttesting.com.au\/fr\/wp-json\/wp\/v2\/comments?post=2172"}],"version-history":[{"count":22,"href":"https:\/\/awtaproducttesting.com.au\/fr\/wp-json\/wp\/v2\/pages\/2172\/revisions"}],"predecessor-version":[{"id":3590,"href":"https:\/\/awtaproducttesting.com.au\/fr\/wp-json\/wp\/v2\/pages\/2172\/revisions\/3590"}],"up":[{"embeddable":true,"href":"https:\/\/awtaproducttesting.com.au\/fr\/wp-json\/wp\/v2\/pages\/983"}],"wp:attachment":[{"href":"https:\/\/awtaproducttesting.com.au\/fr\/wp-json\/wp\/v2\/media?parent=2172"}],"curies":[{"name":"wp","href":"https:\/\/api.w.org\/{rel}","templated":true}]}}