{"id":2365,"date":"2025-10-23T04:35:29","date_gmt":"2025-10-23T04:35:29","guid":{"rendered":"https:\/\/awtaproducttesting.swim.net.au\/?page_id=2365"},"modified":"2025-12-16T02:45:33","modified_gmt":"2025-12-16T02:45:33","slug":"carpets-rugs","status":"publish","type":"page","link":"https:\/\/awtaproducttesting.com.au\/fr\/services\/by-industry\/textiles-and-apparel\/interior-furnishings\/carpets-rugs\/","title":{"rendered":"Tapis et couvertures"},"content":{"rendered":"<div class=\"wp-block-group is-style-boxed is-layout-constrained wp-block-group-is-layout-constrained\">\n<div class=\"wp-block-columns is-layout-flex wp-container-core-columns-is-layout-9d6595d7 wp-block-columns-is-layout-flex\">\n<div class=\"wp-block-column is-layout-flow wp-block-column-is-layout-flow\">\n<p>Depuis plus de 50 ans, les tests accr\u00e9dit\u00e9s NATA r\u00e9alis\u00e9s par l'AWTA sur les moquettes et les tapis sont largement utilis\u00e9s par les architectes, les constructeurs\/d\u00e9veloppeurs, les minist\u00e8res, les entrepreneurs et les fabricants de moquettes.<\/p>\n<\/div>\n\n\n\n<div class=\"wp-block-column is-layout-flow wp-block-column-is-layout-flow\">\n<figure class=\"wp-block-image size-large\"><img loading=\"lazy\" decoding=\"async\" width=\"1024\" height=\"731\" src=\"https:\/\/awtaproducttesting.com.au\/app\/uploads\/2025\/11\/Rug-image-1024x731.jpg\" alt=\"\" class=\"wp-image-3099\" srcset=\"https:\/\/awtaproducttesting.com.au\/app\/uploads\/2025\/11\/Rug-image-1024x731.jpg 1024w, https:\/\/awtaproducttesting.com.au\/app\/uploads\/2025\/11\/Rug-image-300x214.jpg 300w, https:\/\/awtaproducttesting.com.au\/app\/uploads\/2025\/11\/Rug-image-768x549.jpg 768w, https:\/\/awtaproducttesting.com.au\/app\/uploads\/2025\/11\/Rug-image-1536x1097.jpg 1536w, https:\/\/awtaproducttesting.com.au\/app\/uploads\/2025\/11\/Rug-image-2048x1463.jpg 2048w, https:\/\/awtaproducttesting.com.au\/app\/uploads\/2025\/11\/Rug-image-18x12.jpg 18w, https:\/\/awtaproducttesting.com.au\/app\/uploads\/2025\/11\/Rug-image-scaled.jpg 2560w\" sizes=\"auto, (max-width: 1024px) 100vw, 1024px\" \/><\/figure>\n<\/div>\n<\/div>\n\n\n\n<h2 class=\"wp-block-heading\">Paquets de notation de l'ACCS<\/h2>\n\n\n\n<p>L'Australian Carpet Classification Scheme (ACCS) est un syst\u00e8me de classification des tapis coordonn\u00e9 par le Carpet Institute of Australia.<\/p>\n\n\n\n<p>Les exigences en mati\u00e8re d'essais comprennent la v\u00e9rification de la construction, la durabilit\u00e9 et l'apparence apr\u00e8s utilisation et l'inflammabilit\u00e9 de petites sources.<\/p>\n\n\n\n<p>Les moquettes class\u00e9es par l'ACCS sont test\u00e9es de mani\u00e8re ind\u00e9pendante par des laboratoires accr\u00e9dit\u00e9s et sont ensuite class\u00e9es en fonction de leur aptitude \u00e0 \u00eatre utilis\u00e9es dans des installations contractuelles et r\u00e9sidentielles dans des conditions de trafic d\u00e9crites comme l\u00e9g\u00e8res, moyennes, lourdes et extra-lourdes.<\/p>\n\n\n\n<h2 class=\"wp-block-heading\">Contenu organique volatil (COV)<\/h2>\n\n\n\n<p>Les essais sur les COV sont effectu\u00e9s dans le laboratoire de notre coentreprise AWTA-JSIC Jin Ao, \u00e0 Nanjing.  L'analyse des \u00e9chantillons est coordonn\u00e9e par AWTA Product Testing et, bien que nous puissions vous aider \u00e0 envoyer des \u00e9chantillons \u00e0 Jin Ao, les clients sont invit\u00e9s \u00e0 livrer leurs produits directement au laboratoire de Nanjing.<\/p>\n\n\n\n<div style=\"height:100px\" aria-hidden=\"true\" class=\"wp-block-spacer\"><\/div>\n\n\n\n<h2 class=\"wp-block-heading\">Plus d'informations<\/h2>\n\n\n\n<div class=\"wp-block-buttons is-layout-flex wp-block-buttons-is-layout-flex\">\n<div class=\"wp-block-button is-style-gray-buttons\"><a class=\"wp-block-button__link wp-element-button\" href=\"\/fr\/app\/uploads\/2025\/09\/ACCS-P003-P007-TIS.pdf\/\" target=\"_blank\" rel=\"noreferrer noopener\">Fiche d'information sur le test de notation de l'ACCS<\/a><\/div>\n\n\n\n<div class=\"wp-block-button is-style-gray-buttons\"><a class=\"wp-block-button__link wp-element-button\" href=\"\/fr\/app\/uploads\/2025\/09\/ISO-10580-VOC-Carpet-SSF.pdf\/\" target=\"_blank\" rel=\"noreferrer noopener\">ISO 10580 Formulaire de soumission d'\u00e9chantillons de COV (moquette)<\/a><\/div>\n<\/div>\n<\/div>","protected":false},"excerpt":{"rendered":"<p>For over 50 years the NATA accredited testing provided by AWTA on carpets and rugs has been extensively utilised by architects, builder\/developers, government departme\u2026<\/p>","protected":false},"author":3,"featured_media":0,"parent":2353,"menu_order":0,"comment_status":"closed","ping_status":"closed","template":"","meta":{"_acf_changed":false,"footnotes":""},"class_list":["post-2365","page","type-page","status-publish","hentry"],"acf":[],"yoast_head":"<!-- This site is optimized with the Yoast SEO plugin v27.0 - https:\/\/yoast.com\/product\/yoast-seo-wordpress\/ -->\n<title>Carpets &amp; Rugs - AWTA Product Testing<\/title>\n<meta name=\"robots\" content=\"index, follow, max-snippet:-1, max-image-preview:large, max-video-preview:-1\" \/>\n<link rel=\"canonical\" href=\"https:\/\/awtaproducttesting.com.au\/fr\/services\/by-industry\/textiles-and-apparel\/interior-furnishings\/carpets-rugs\/\" \/>\n<meta property=\"og:locale\" content=\"fr_FR\" \/>\n<meta property=\"og:type\" content=\"article\" \/>\n<meta property=\"og:title\" content=\"Carpets &amp; Rugs - AWTA Product Testing\" \/>\n<meta property=\"og:description\" content=\"For over 50 years the NATA accredited testing provided by AWTA on carpets and rugs has been extensively utilised by architects, builder\/developers, government departme\u2026\" \/>\n<meta property=\"og:url\" content=\"https:\/\/awtaproducttesting.com.au\/fr\/services\/by-industry\/textiles-and-apparel\/interior-furnishings\/carpets-rugs\/\" \/>\n<meta property=\"og:site_name\" content=\"AWTA Product Testing\" \/>\n<meta property=\"article:modified_time\" content=\"2025-12-16T02:45:33+00:00\" \/>\n<meta property=\"og:image\" content=\"https:\/\/awtaproducttesting.com.au\/app\/uploads\/2025\/11\/Rug-image-scaled.jpg\" \/>\n\t<meta property=\"og:image:width\" content=\"2560\" \/>\n\t<meta property=\"og:image:height\" content=\"1829\" \/>\n\t<meta property=\"og:image:type\" content=\"image\/jpeg\" \/>\n<meta name=\"twitter:card\" content=\"summary_large_image\" \/>\n<meta name=\"twitter:label1\" content=\"Est. reading time\" \/>\n\t<meta name=\"twitter:data1\" content=\"1 minute\" \/>\n<script type=\"application\/ld+json\" class=\"yoast-schema-graph\">{\"@context\":\"https:\/\/schema.org\",\"@graph\":[{\"@type\":\"WebPage\",\"@id\":\"https:\/\/awtaproducttesting.com.au\/services\/by-industry\/textiles-and-apparel\/interior-furnishings\/carpets-rugs\/\",\"url\":\"https:\/\/awtaproducttesting.com.au\/services\/by-industry\/textiles-and-apparel\/interior-furnishings\/carpets-rugs\/\",\"name\":\"Carpets &amp; Rugs - AWTA Product Testing\",\"isPartOf\":{\"@id\":\"https:\/\/awtaproducttesting.com.au\/#website\"},\"primaryImageOfPage\":{\"@id\":\"https:\/\/awtaproducttesting.com.au\/services\/by-industry\/textiles-and-apparel\/interior-furnishings\/carpets-rugs\/#primaryimage\"},\"image\":{\"@id\":\"https:\/\/awtaproducttesting.com.au\/services\/by-industry\/textiles-and-apparel\/interior-furnishings\/carpets-rugs\/#primaryimage\"},\"thumbnailUrl\":\"https:\/\/awtaproducttesting.com.au\/app\/uploads\/2025\/11\/Rug-image-1024x731.jpg\",\"datePublished\":\"2025-10-23T04:35:29+00:00\",\"dateModified\":\"2025-12-16T02:45:33+00:00\",\"breadcrumb\":{\"@id\":\"https:\/\/awtaproducttesting.com.au\/services\/by-industry\/textiles-and-apparel\/interior-furnishings\/carpets-rugs\/#breadcrumb\"},\"inLanguage\":\"fr-FR\",\"potentialAction\":[{\"@type\":\"ReadAction\",\"target\":[\"https:\/\/awtaproducttesting.com.au\/services\/by-industry\/textiles-and-apparel\/interior-furnishings\/carpets-rugs\/\"]}]},{\"@type\":\"ImageObject\",\"inLanguage\":\"fr-FR\",\"@id\":\"https:\/\/awtaproducttesting.com.au\/services\/by-industry\/textiles-and-apparel\/interior-furnishings\/carpets-rugs\/#primaryimage\",\"url\":\"https:\/\/awtaproducttesting.com.au\/app\/uploads\/2025\/11\/Rug-image-1024x731.jpg\",\"contentUrl\":\"https:\/\/awtaproducttesting.com.au\/app\/uploads\/2025\/11\/Rug-image-1024x731.jpg\"},{\"@type\":\"BreadcrumbList\",\"@id\":\"https:\/\/awtaproducttesting.com.au\/services\/by-industry\/textiles-and-apparel\/interior-furnishings\/carpets-rugs\/#breadcrumb\",\"itemListElement\":[{\"@type\":\"ListItem\",\"position\":1,\"name\":\"Home\",\"item\":\"https:\/\/awtaproducttesting.com.au\/\"},{\"@type\":\"ListItem\",\"position\":2,\"name\":\"Services\",\"item\":\"https:\/\/awtaproducttesting.com.au\/services\/\"},{\"@type\":\"ListItem\",\"position\":3,\"name\":\"By Industry\",\"item\":\"https:\/\/awtaproducttesting.com.au\/services\/by-industry\/\"},{\"@type\":\"ListItem\",\"position\":4,\"name\":\"Textiles &amp; Apparel\",\"item\":\"https:\/\/awtaproducttesting.com.au\/services\/by-industry\/textiles-and-apparel\/\"},{\"@type\":\"ListItem\",\"position\":5,\"name\":\"Interior Furnishings\",\"item\":\"https:\/\/awtaproducttesting.com.au\/services\/by-industry\/textiles-and-apparel\/interior-furnishings\/\"},{\"@type\":\"ListItem\",\"position\":6,\"name\":\"Carpets &amp; Rugs\"}]},{\"@type\":\"WebSite\",\"@id\":\"https:\/\/awtaproducttesting.com.au\/#website\",\"url\":\"https:\/\/awtaproducttesting.com.au\/\",\"name\":\"AWTA Product Testing\",\"description\":\"\",\"publisher\":{\"@id\":\"https:\/\/awtaproducttesting.com.au\/#organization\"},\"potentialAction\":[{\"@type\":\"SearchAction\",\"target\":{\"@type\":\"EntryPoint\",\"urlTemplate\":\"https:\/\/awtaproducttesting.com.au\/?s={search_term_string}\"},\"query-input\":{\"@type\":\"PropertyValueSpecification\",\"valueRequired\":true,\"valueName\":\"search_term_string\"}}],\"inLanguage\":\"fr-FR\"},{\"@type\":\"Organization\",\"@id\":\"https:\/\/awtaproducttesting.com.au\/#organization\",\"name\":\"AWTA Product Testing\",\"url\":\"https:\/\/awtaproducttesting.com.au\/\",\"logo\":{\"@type\":\"ImageObject\",\"inLanguage\":\"fr-FR\",\"@id\":\"https:\/\/awtaproducttesting.com.au\/#\/schema\/logo\/image\/\",\"url\":\"https:\/\/awtaproducttesting.com.au\/app\/uploads\/2025\/08\/PT-News-Banner-scaled.jpg\",\"contentUrl\":\"https:\/\/awtaproducttesting.com.au\/app\/uploads\/2025\/08\/PT-News-Banner-scaled.jpg\",\"width\":2560,\"height\":1580,\"caption\":\"AWTA Product Testing\"},\"image\":{\"@id\":\"https:\/\/awtaproducttesting.com.au\/#\/schema\/logo\/image\/\"}}]}<\/script>\n<!-- \/ Yoast SEO plugin. -->","yoast_head_json":{"title":"Carpets &amp; Rugs - AWTA Product Testing","robots":{"index":"index","follow":"follow","max-snippet":"max-snippet:-1","max-image-preview":"max-image-preview:large","max-video-preview":"max-video-preview:-1"},"canonical":"https:\/\/awtaproducttesting.com.au\/fr\/services\/by-industry\/textiles-and-apparel\/interior-furnishings\/carpets-rugs\/","og_locale":"fr_FR","og_type":"article","og_title":"Carpets &amp; Rugs - AWTA Product Testing","og_description":"For over 50 years the NATA accredited testing provided by AWTA on carpets and rugs has been extensively utilised by architects, builder\/developers, government departme\u2026","og_url":"https:\/\/awtaproducttesting.com.au\/fr\/services\/by-industry\/textiles-and-apparel\/interior-furnishings\/carpets-rugs\/","og_site_name":"AWTA Product Testing","article_modified_time":"2025-12-16T02:45:33+00:00","og_image":[{"width":2560,"height":1829,"url":"https:\/\/awtaproducttesting.com.au\/app\/uploads\/2025\/11\/Rug-image-scaled.jpg","type":"image\/jpeg"}],"twitter_card":"summary_large_image","twitter_misc":{"Est. reading time":"1 minute"},"schema":{"@context":"https:\/\/schema.org","@graph":[{"@type":"WebPage","@id":"https:\/\/awtaproducttesting.com.au\/services\/by-industry\/textiles-and-apparel\/interior-furnishings\/carpets-rugs\/","url":"https:\/\/awtaproducttesting.com.au\/services\/by-industry\/textiles-and-apparel\/interior-furnishings\/carpets-rugs\/","name":"Carpets &amp; Rugs - AWTA Product Testing","isPartOf":{"@id":"https:\/\/awtaproducttesting.com.au\/#website"},"primaryImageOfPage":{"@id":"https:\/\/awtaproducttesting.com.au\/services\/by-industry\/textiles-and-apparel\/interior-furnishings\/carpets-rugs\/#primaryimage"},"image":{"@id":"https:\/\/awtaproducttesting.com.au\/services\/by-industry\/textiles-and-apparel\/interior-furnishings\/carpets-rugs\/#primaryimage"},"thumbnailUrl":"https:\/\/awtaproducttesting.com.au\/app\/uploads\/2025\/11\/Rug-image-1024x731.jpg","datePublished":"2025-10-23T04:35:29+00:00","dateModified":"2025-12-16T02:45:33+00:00","breadcrumb":{"@id":"https:\/\/awtaproducttesting.com.au\/services\/by-industry\/textiles-and-apparel\/interior-furnishings\/carpets-rugs\/#breadcrumb"},"inLanguage":"fr-FR","potentialAction":[{"@type":"ReadAction","target":["https:\/\/awtaproducttesting.com.au\/services\/by-industry\/textiles-and-apparel\/interior-furnishings\/carpets-rugs\/"]}]},{"@type":"ImageObject","inLanguage":"fr-FR","@id":"https:\/\/awtaproducttesting.com.au\/services\/by-industry\/textiles-and-apparel\/interior-furnishings\/carpets-rugs\/#primaryimage","url":"https:\/\/awtaproducttesting.com.au\/app\/uploads\/2025\/11\/Rug-image-1024x731.jpg","contentUrl":"https:\/\/awtaproducttesting.com.au\/app\/uploads\/2025\/11\/Rug-image-1024x731.jpg"},{"@type":"BreadcrumbList","@id":"https:\/\/awtaproducttesting.com.au\/services\/by-industry\/textiles-and-apparel\/interior-furnishings\/carpets-rugs\/#breadcrumb","itemListElement":[{"@type":"ListItem","position":1,"name":"Home","item":"https:\/\/awtaproducttesting.com.au\/"},{"@type":"ListItem","position":2,"name":"Services","item":"https:\/\/awtaproducttesting.com.au\/services\/"},{"@type":"ListItem","position":3,"name":"By Industry","item":"https:\/\/awtaproducttesting.com.au\/services\/by-industry\/"},{"@type":"ListItem","position":4,"name":"Textiles &amp; Apparel","item":"https:\/\/awtaproducttesting.com.au\/services\/by-industry\/textiles-and-apparel\/"},{"@type":"ListItem","position":5,"name":"Interior Furnishings","item":"https:\/\/awtaproducttesting.com.au\/services\/by-industry\/textiles-and-apparel\/interior-furnishings\/"},{"@type":"ListItem","position":6,"name":"Carpets &amp; Rugs"}]},{"@type":"WebSite","@id":"https:\/\/awtaproducttesting.com.au\/#website","url":"https:\/\/awtaproducttesting.com.au\/","name":"Tests de produits de l'AWTA","description":"","publisher":{"@id":"https:\/\/awtaproducttesting.com.au\/#organization"},"potentialAction":[{"@type":"SearchAction","target":{"@type":"EntryPoint","urlTemplate":"https:\/\/awtaproducttesting.com.au\/?s={search_term_string}"},"query-input":{"@type":"PropertyValueSpecification","valueRequired":true,"valueName":"search_term_string"}}],"inLanguage":"fr-FR"},{"@type":"Organization","@id":"https:\/\/awtaproducttesting.com.au\/#organization","name":"Tests de produits de l'AWTA","url":"https:\/\/awtaproducttesting.com.au\/","logo":{"@type":"ImageObject","inLanguage":"fr-FR","@id":"https:\/\/awtaproducttesting.com.au\/#\/schema\/logo\/image\/","url":"https:\/\/awtaproducttesting.com.au\/app\/uploads\/2025\/08\/PT-News-Banner-scaled.jpg","contentUrl":"https:\/\/awtaproducttesting.com.au\/app\/uploads\/2025\/08\/PT-News-Banner-scaled.jpg","width":2560,"height":1580,"caption":"AWTA Product Testing"},"image":{"@id":"https:\/\/awtaproducttesting.com.au\/#\/schema\/logo\/image\/"}}]}},"_links":{"self":[{"href":"https:\/\/awtaproducttesting.com.au\/fr\/wp-json\/wp\/v2\/pages\/2365","targetHints":{"allow":["GET"]}}],"collection":[{"href":"https:\/\/awtaproducttesting.com.au\/fr\/wp-json\/wp\/v2\/pages"}],"about":[{"href":"https:\/\/awtaproducttesting.com.au\/fr\/wp-json\/wp\/v2\/types\/page"}],"author":[{"embeddable":true,"href":"https:\/\/awtaproducttesting.com.au\/fr\/wp-json\/wp\/v2\/users\/3"}],"replies":[{"embeddable":true,"href":"https:\/\/awtaproducttesting.com.au\/fr\/wp-json\/wp\/v2\/comments?post=2365"}],"version-history":[{"count":11,"href":"https:\/\/awtaproducttesting.com.au\/fr\/wp-json\/wp\/v2\/pages\/2365\/revisions"}],"predecessor-version":[{"id":3522,"href":"https:\/\/awtaproducttesting.com.au\/fr\/wp-json\/wp\/v2\/pages\/2365\/revisions\/3522"}],"up":[{"embeddable":true,"href":"https:\/\/awtaproducttesting.com.au\/fr\/wp-json\/wp\/v2\/pages\/2353"}],"wp:attachment":[{"href":"https:\/\/awtaproducttesting.com.au\/fr\/wp-json\/wp\/v2\/media?parent=2365"}],"curies":[{"name":"wp","href":"https:\/\/api.w.org\/{rel}","templated":true}]}}