{"id":2369,"date":"2025-10-23T05:00:30","date_gmt":"2025-10-23T05:00:30","guid":{"rendered":"https:\/\/awtaproducttesting.swim.net.au\/?page_id=2369"},"modified":"2025-11-21T05:53:19","modified_gmt":"2025-11-21T05:53:19","slug":"pool-covers","status":"publish","type":"page","link":"https:\/\/awtaproducttesting.com.au\/fr\/services\/by-industry\/textiles-and-apparel\/outdoor-textiles\/pool-covers\/","title":{"rendered":"Couvertures de piscine"},"content":{"rendered":"<div class=\"wp-block-group is-style-boxed is-layout-constrained wp-block-group-is-layout-constrained\">\n<div class=\"wp-block-columns is-layout-flex wp-container-core-columns-is-layout-9d6595d7 wp-block-columns-is-layout-flex\">\n<div class=\"wp-block-column is-layout-flow wp-block-column-is-layout-flow\">\n<p>Introduite en 2022, la norme volontaire australienne AS 5348 a \u00e9t\u00e9 d\u00e9velopp\u00e9e pour fournir une s\u00e9rie d'exigences de performance con\u00e7ues pour r\u00e9duire les co\u00fbts associ\u00e9s aux piscines et aux spas.<\/p>\n\n\n\n<p><br>Tout en conservant les m\u00e9thodes d'essai physique sp\u00e9cifi\u00e9es dans le syst\u00e8me de certification remplac\u00e9 de l'industrie (SPASA), des exigences suppl\u00e9mentaires ont \u00e9t\u00e9 ajout\u00e9es pour mesurer des propri\u00e9t\u00e9s telles que le taux d'\u00e9vaporation de l'eau, la stabilit\u00e9 du laminage et les volumes d'absorption de l'eau.<\/p>\n<\/div>\n\n\n\n<div class=\"wp-block-column is-layout-flow wp-block-column-is-layout-flow\">\n<figure class=\"wp-block-image size-full\"><img loading=\"lazy\" decoding=\"async\" width=\"540\" height=\"360\" src=\"https:\/\/awtaproducttesting.com.au\/app\/uploads\/2025\/10\/Swimming-pool-cover-for-protection-against-dirt-leaves-heating-and-cooling-water-copy-space.-Blue-tarpaulin-pool-cover.jpg\" alt=\"\" class=\"wp-image-2445\" srcset=\"https:\/\/awtaproducttesting.com.au\/app\/uploads\/2025\/10\/Swimming-pool-cover-for-protection-against-dirt-leaves-heating-and-cooling-water-copy-space.-Blue-tarpaulin-pool-cover.jpg 540w, https:\/\/awtaproducttesting.com.au\/app\/uploads\/2025\/10\/Swimming-pool-cover-for-protection-against-dirt-leaves-heating-and-cooling-water-copy-space.-Blue-tarpaulin-pool-cover-300x200.jpg 300w, https:\/\/awtaproducttesting.com.au\/app\/uploads\/2025\/10\/Swimming-pool-cover-for-protection-against-dirt-leaves-heating-and-cooling-water-copy-space.-Blue-tarpaulin-pool-cover-18x12.jpg 18w\" sizes=\"auto, (max-width: 540px) 100vw, 540px\" \/><\/figure>\n<\/div>\n<\/div>\n<\/div>","protected":false},"excerpt":{"rendered":"<p>Introduite en 2022, la norme volontaire australienne AS 5348 a \u00e9t\u00e9 d\u00e9velopp\u00e9e pour fournir une s\u00e9rie d'exigences de performance con\u00e7ues pour r\u00e9duire les co\u00fbts associ\u00e9s \u00e0 la...<\/p>","protected":false},"author":3,"featured_media":0,"parent":2362,"menu_order":0,"comment_status":"closed","ping_status":"closed","template":"","meta":{"_acf_changed":false,"footnotes":""},"class_list":["post-2369","page","type-page","status-publish","hentry"],"acf":[],"yoast_head":"<!-- This site is optimized with the Yoast SEO plugin v27.0 - https:\/\/yoast.com\/product\/yoast-seo-wordpress\/ -->\n<title>Pool Covers - AWTA Product Testing<\/title>\n<meta name=\"robots\" content=\"index, follow, max-snippet:-1, max-image-preview:large, max-video-preview:-1\" \/>\n<link rel=\"canonical\" href=\"https:\/\/awtaproducttesting.com.au\/fr\/services\/by-industry\/textiles-and-apparel\/outdoor-textiles\/pool-covers\/\" \/>\n<meta property=\"og:locale\" content=\"fr_FR\" \/>\n<meta property=\"og:type\" content=\"article\" \/>\n<meta property=\"og:title\" content=\"Pool Covers - AWTA Product Testing\" \/>\n<meta property=\"og:description\" content=\"Introduced in 2022, the voluntary Australian standard AS 5348 was developed to provide a series of performance requirements designed to reduce costs associated with po\u2026\" \/>\n<meta property=\"og:url\" content=\"https:\/\/awtaproducttesting.com.au\/fr\/services\/by-industry\/textiles-and-apparel\/outdoor-textiles\/pool-covers\/\" \/>\n<meta property=\"og:site_name\" content=\"AWTA Product Testing\" \/>\n<meta property=\"article:modified_time\" content=\"2025-11-21T05:53:19+00:00\" \/>\n<meta property=\"og:image\" content=\"https:\/\/awtaproducttesting.com.au\/app\/uploads\/2025\/10\/Swimming-pool-cover-for-protection-against-dirt-leaves-heating-and-cooling-water-copy-space.-Blue-tarpaulin-pool-cover.jpg\" \/>\n\t<meta property=\"og:image:width\" content=\"540\" \/>\n\t<meta property=\"og:image:height\" content=\"360\" \/>\n\t<meta property=\"og:image:type\" content=\"image\/jpeg\" \/>\n<meta name=\"twitter:card\" content=\"summary_large_image\" \/>\n<script type=\"application\/ld+json\" class=\"yoast-schema-graph\">{\"@context\":\"https:\/\/schema.org\",\"@graph\":[{\"@type\":\"WebPage\",\"@id\":\"https:\/\/awtaproducttesting.com.au\/services\/by-industry\/textiles-and-apparel\/outdoor-textiles\/pool-covers\/\",\"url\":\"https:\/\/awtaproducttesting.com.au\/services\/by-industry\/textiles-and-apparel\/outdoor-textiles\/pool-covers\/\",\"name\":\"Pool Covers - AWTA Product Testing\",\"isPartOf\":{\"@id\":\"https:\/\/awtaproducttesting.com.au\/#website\"},\"primaryImageOfPage\":{\"@id\":\"https:\/\/awtaproducttesting.com.au\/services\/by-industry\/textiles-and-apparel\/outdoor-textiles\/pool-covers\/#primaryimage\"},\"image\":{\"@id\":\"https:\/\/awtaproducttesting.com.au\/services\/by-industry\/textiles-and-apparel\/outdoor-textiles\/pool-covers\/#primaryimage\"},\"thumbnailUrl\":\"https:\/\/awtaproducttesting.com.au\/app\/uploads\/2025\/10\/Swimming-pool-cover-for-protection-against-dirt-leaves-heating-and-cooling-water-copy-space.-Blue-tarpaulin-pool-cover.jpg\",\"datePublished\":\"2025-10-23T05:00:30+00:00\",\"dateModified\":\"2025-11-21T05:53:19+00:00\",\"breadcrumb\":{\"@id\":\"https:\/\/awtaproducttesting.com.au\/services\/by-industry\/textiles-and-apparel\/outdoor-textiles\/pool-covers\/#breadcrumb\"},\"inLanguage\":\"fr-FR\",\"potentialAction\":[{\"@type\":\"ReadAction\",\"target\":[\"https:\/\/awtaproducttesting.com.au\/services\/by-industry\/textiles-and-apparel\/outdoor-textiles\/pool-covers\/\"]}]},{\"@type\":\"ImageObject\",\"inLanguage\":\"fr-FR\",\"@id\":\"https:\/\/awtaproducttesting.com.au\/services\/by-industry\/textiles-and-apparel\/outdoor-textiles\/pool-covers\/#primaryimage\",\"url\":\"https:\/\/awtaproducttesting.com.au\/app\/uploads\/2025\/10\/Swimming-pool-cover-for-protection-against-dirt-leaves-heating-and-cooling-water-copy-space.-Blue-tarpaulin-pool-cover.jpg\",\"contentUrl\":\"https:\/\/awtaproducttesting.com.au\/app\/uploads\/2025\/10\/Swimming-pool-cover-for-protection-against-dirt-leaves-heating-and-cooling-water-copy-space.-Blue-tarpaulin-pool-cover.jpg\"},{\"@type\":\"BreadcrumbList\",\"@id\":\"https:\/\/awtaproducttesting.com.au\/services\/by-industry\/textiles-and-apparel\/outdoor-textiles\/pool-covers\/#breadcrumb\",\"itemListElement\":[{\"@type\":\"ListItem\",\"position\":1,\"name\":\"Home\",\"item\":\"https:\/\/awtaproducttesting.com.au\/\"},{\"@type\":\"ListItem\",\"position\":2,\"name\":\"Services\",\"item\":\"https:\/\/awtaproducttesting.com.au\/services\/\"},{\"@type\":\"ListItem\",\"position\":3,\"name\":\"By Industry\",\"item\":\"https:\/\/awtaproducttesting.com.au\/services\/by-industry\/\"},{\"@type\":\"ListItem\",\"position\":4,\"name\":\"Textiles &amp; Apparel\",\"item\":\"https:\/\/awtaproducttesting.com.au\/services\/by-industry\/textiles-and-apparel\/\"},{\"@type\":\"ListItem\",\"position\":5,\"name\":\"Outdoor Textiles\",\"item\":\"https:\/\/awtaproducttesting.com.au\/services\/by-industry\/textiles-and-apparel\/outdoor-textiles\/\"},{\"@type\":\"ListItem\",\"position\":6,\"name\":\"Pool Covers\"}]},{\"@type\":\"WebSite\",\"@id\":\"https:\/\/awtaproducttesting.com.au\/#website\",\"url\":\"https:\/\/awtaproducttesting.com.au\/\",\"name\":\"AWTA Product Testing\",\"description\":\"\",\"publisher\":{\"@id\":\"https:\/\/awtaproducttesting.com.au\/#organization\"},\"potentialAction\":[{\"@type\":\"SearchAction\",\"target\":{\"@type\":\"EntryPoint\",\"urlTemplate\":\"https:\/\/awtaproducttesting.com.au\/?s={search_term_string}\"},\"query-input\":{\"@type\":\"PropertyValueSpecification\",\"valueRequired\":true,\"valueName\":\"search_term_string\"}}],\"inLanguage\":\"fr-FR\"},{\"@type\":\"Organization\",\"@id\":\"https:\/\/awtaproducttesting.com.au\/#organization\",\"name\":\"AWTA Product Testing\",\"url\":\"https:\/\/awtaproducttesting.com.au\/\",\"logo\":{\"@type\":\"ImageObject\",\"inLanguage\":\"fr-FR\",\"@id\":\"https:\/\/awtaproducttesting.com.au\/#\/schema\/logo\/image\/\",\"url\":\"https:\/\/awtaproducttesting.com.au\/app\/uploads\/2025\/08\/PT-News-Banner-scaled.jpg\",\"contentUrl\":\"https:\/\/awtaproducttesting.com.au\/app\/uploads\/2025\/08\/PT-News-Banner-scaled.jpg\",\"width\":2560,\"height\":1580,\"caption\":\"AWTA Product Testing\"},\"image\":{\"@id\":\"https:\/\/awtaproducttesting.com.au\/#\/schema\/logo\/image\/\"}}]}<\/script>\n<!-- \/ Yoast SEO plugin. -->","yoast_head_json":{"title":"Pool Covers - AWTA Product Testing","robots":{"index":"index","follow":"follow","max-snippet":"max-snippet:-1","max-image-preview":"max-image-preview:large","max-video-preview":"max-video-preview:-1"},"canonical":"https:\/\/awtaproducttesting.com.au\/fr\/services\/by-industry\/textiles-and-apparel\/outdoor-textiles\/pool-covers\/","og_locale":"fr_FR","og_type":"article","og_title":"Pool Covers - AWTA Product Testing","og_description":"Introduced in 2022, the voluntary Australian standard AS 5348 was developed to provide a series of performance requirements designed to reduce costs associated with po\u2026","og_url":"https:\/\/awtaproducttesting.com.au\/fr\/services\/by-industry\/textiles-and-apparel\/outdoor-textiles\/pool-covers\/","og_site_name":"AWTA Product Testing","article_modified_time":"2025-11-21T05:53:19+00:00","og_image":[{"width":540,"height":360,"url":"https:\/\/awtaproducttesting.com.au\/app\/uploads\/2025\/10\/Swimming-pool-cover-for-protection-against-dirt-leaves-heating-and-cooling-water-copy-space.-Blue-tarpaulin-pool-cover.jpg","type":"image\/jpeg"}],"twitter_card":"summary_large_image","schema":{"@context":"https:\/\/schema.org","@graph":[{"@type":"WebPage","@id":"https:\/\/awtaproducttesting.com.au\/services\/by-industry\/textiles-and-apparel\/outdoor-textiles\/pool-covers\/","url":"https:\/\/awtaproducttesting.com.au\/services\/by-industry\/textiles-and-apparel\/outdoor-textiles\/pool-covers\/","name":"Pool Covers - AWTA Product Testing","isPartOf":{"@id":"https:\/\/awtaproducttesting.com.au\/#website"},"primaryImageOfPage":{"@id":"https:\/\/awtaproducttesting.com.au\/services\/by-industry\/textiles-and-apparel\/outdoor-textiles\/pool-covers\/#primaryimage"},"image":{"@id":"https:\/\/awtaproducttesting.com.au\/services\/by-industry\/textiles-and-apparel\/outdoor-textiles\/pool-covers\/#primaryimage"},"thumbnailUrl":"https:\/\/awtaproducttesting.com.au\/app\/uploads\/2025\/10\/Swimming-pool-cover-for-protection-against-dirt-leaves-heating-and-cooling-water-copy-space.-Blue-tarpaulin-pool-cover.jpg","datePublished":"2025-10-23T05:00:30+00:00","dateModified":"2025-11-21T05:53:19+00:00","breadcrumb":{"@id":"https:\/\/awtaproducttesting.com.au\/services\/by-industry\/textiles-and-apparel\/outdoor-textiles\/pool-covers\/#breadcrumb"},"inLanguage":"fr-FR","potentialAction":[{"@type":"ReadAction","target":["https:\/\/awtaproducttesting.com.au\/services\/by-industry\/textiles-and-apparel\/outdoor-textiles\/pool-covers\/"]}]},{"@type":"ImageObject","inLanguage":"fr-FR","@id":"https:\/\/awtaproducttesting.com.au\/services\/by-industry\/textiles-and-apparel\/outdoor-textiles\/pool-covers\/#primaryimage","url":"https:\/\/awtaproducttesting.com.au\/app\/uploads\/2025\/10\/Swimming-pool-cover-for-protection-against-dirt-leaves-heating-and-cooling-water-copy-space.-Blue-tarpaulin-pool-cover.jpg","contentUrl":"https:\/\/awtaproducttesting.com.au\/app\/uploads\/2025\/10\/Swimming-pool-cover-for-protection-against-dirt-leaves-heating-and-cooling-water-copy-space.-Blue-tarpaulin-pool-cover.jpg"},{"@type":"BreadcrumbList","@id":"https:\/\/awtaproducttesting.com.au\/services\/by-industry\/textiles-and-apparel\/outdoor-textiles\/pool-covers\/#breadcrumb","itemListElement":[{"@type":"ListItem","position":1,"name":"Home","item":"https:\/\/awtaproducttesting.com.au\/"},{"@type":"ListItem","position":2,"name":"Services","item":"https:\/\/awtaproducttesting.com.au\/services\/"},{"@type":"ListItem","position":3,"name":"By Industry","item":"https:\/\/awtaproducttesting.com.au\/services\/by-industry\/"},{"@type":"ListItem","position":4,"name":"Textiles &amp; Apparel","item":"https:\/\/awtaproducttesting.com.au\/services\/by-industry\/textiles-and-apparel\/"},{"@type":"ListItem","position":5,"name":"Outdoor Textiles","item":"https:\/\/awtaproducttesting.com.au\/services\/by-industry\/textiles-and-apparel\/outdoor-textiles\/"},{"@type":"ListItem","position":6,"name":"Pool Covers"}]},{"@type":"WebSite","@id":"https:\/\/awtaproducttesting.com.au\/#website","url":"https:\/\/awtaproducttesting.com.au\/","name":"Tests de produits de l'AWTA","description":"","publisher":{"@id":"https:\/\/awtaproducttesting.com.au\/#organization"},"potentialAction":[{"@type":"SearchAction","target":{"@type":"EntryPoint","urlTemplate":"https:\/\/awtaproducttesting.com.au\/?s={search_term_string}"},"query-input":{"@type":"PropertyValueSpecification","valueRequired":true,"valueName":"search_term_string"}}],"inLanguage":"fr-FR"},{"@type":"Organization","@id":"https:\/\/awtaproducttesting.com.au\/#organization","name":"Tests de produits de l'AWTA","url":"https:\/\/awtaproducttesting.com.au\/","logo":{"@type":"ImageObject","inLanguage":"fr-FR","@id":"https:\/\/awtaproducttesting.com.au\/#\/schema\/logo\/image\/","url":"https:\/\/awtaproducttesting.com.au\/app\/uploads\/2025\/08\/PT-News-Banner-scaled.jpg","contentUrl":"https:\/\/awtaproducttesting.com.au\/app\/uploads\/2025\/08\/PT-News-Banner-scaled.jpg","width":2560,"height":1580,"caption":"AWTA Product Testing"},"image":{"@id":"https:\/\/awtaproducttesting.com.au\/#\/schema\/logo\/image\/"}}]}},"_links":{"self":[{"href":"https:\/\/awtaproducttesting.com.au\/fr\/wp-json\/wp\/v2\/pages\/2369","targetHints":{"allow":["GET"]}}],"collection":[{"href":"https:\/\/awtaproducttesting.com.au\/fr\/wp-json\/wp\/v2\/pages"}],"about":[{"href":"https:\/\/awtaproducttesting.com.au\/fr\/wp-json\/wp\/v2\/types\/page"}],"author":[{"embeddable":true,"href":"https:\/\/awtaproducttesting.com.au\/fr\/wp-json\/wp\/v2\/users\/3"}],"replies":[{"embeddable":true,"href":"https:\/\/awtaproducttesting.com.au\/fr\/wp-json\/wp\/v2\/comments?post=2369"}],"version-history":[{"count":5,"href":"https:\/\/awtaproducttesting.com.au\/fr\/wp-json\/wp\/v2\/pages\/2369\/revisions"}],"predecessor-version":[{"id":3111,"href":"https:\/\/awtaproducttesting.com.au\/fr\/wp-json\/wp\/v2\/pages\/2369\/revisions\/3111"}],"up":[{"embeddable":true,"href":"https:\/\/awtaproducttesting.com.au\/fr\/wp-json\/wp\/v2\/pages\/2362"}],"wp:attachment":[{"href":"https:\/\/awtaproducttesting.com.au\/fr\/wp-json\/wp\/v2\/media?parent=2369"}],"curies":[{"name":"wp","href":"https:\/\/api.w.org\/{rel}","templated":true}]}}