{"id":2643,"date":"2025-11-05T05:39:10","date_gmt":"2025-11-05T05:39:10","guid":{"rendered":"https:\/\/awtaproducttesting.swim.net.au\/?page_id=2643"},"modified":"2025-11-27T03:02:01","modified_gmt":"2025-11-27T03:02:01","slug":"apparel","status":"publish","type":"page","link":"https:\/\/awtaproducttesting.com.au\/fr\/services\/by-industry\/textiles-and-apparel\/apparel\/","title":{"rendered":"V\u00eatements"},"content":{"rendered":"<div class=\"wp-block-group is-style-boxed is-layout-constrained wp-block-group-is-layout-constrained\">\n<div class=\"wp-block-columns is-layout-flex wp-container-core-columns-is-layout-9d6595d7 wp-block-columns-is-layout-flex\">\n<div class=\"wp-block-column is-vertically-aligned-center is-layout-constrained wp-block-column-is-layout-constrained\">\n<p><\/p>\n\n\n\n<p><\/p>\n\n\n\n<p>La demande de qualit\u00e9 de la part des consommateurs n'a jamais \u00e9t\u00e9 aussi forte dans tous les domaines de la vente au d\u00e9tail, et la mode vestimentaire ne fait pas exception \u00e0 la r\u00e8gle. Montrer que vos v\u00eatements sont fabriqu\u00e9s dans des tissus de qualit\u00e9, durables et faciles \u00e0 entretenir peut \u00eatre un outil de marketing important. L'AWTA propose des services d'essai complets pour les v\u00eatements, garantissant des essais pr\u00e9cis, rapides et de qualit\u00e9. <\/p>\n\n\n\n<p>Les essais propos\u00e9s couvrent un large \u00e9ventail de proc\u00e9dures physiques, chimiques, optiques et d'inflammabilit\u00e9, y compris des \u00e9valuations de performance et des \u00e9valuations conformes aux normes nationales et internationales. <\/p>\n\n\n\n<p>L'AWTA propose \u00e9galement des tests pour les v\u00eatements fonctionnels et performants, en se concentrant sur des aspects tels que le confort du porteur, la protection et la conformit\u00e9 aux normes de sant\u00e9.<\/p>\n<\/div>\n\n\n\n<div class=\"wp-block-column is-layout-flow wp-block-column-is-layout-flow\">\n<figure class=\"wp-block-image size-large\"><img loading=\"lazy\" decoding=\"async\" width=\"1024\" height=\"684\" src=\"https:\/\/awtaproducttesting.com.au\/app\/uploads\/2025\/11\/Apparel-Image-1024x684.jpg\" alt=\"\" class=\"wp-image-3062\" srcset=\"https:\/\/awtaproducttesting.com.au\/app\/uploads\/2025\/11\/Apparel-Image-1024x684.jpg 1024w, https:\/\/awtaproducttesting.com.au\/app\/uploads\/2025\/11\/Apparel-Image-300x200.jpg 300w, https:\/\/awtaproducttesting.com.au\/app\/uploads\/2025\/11\/Apparel-Image-768x513.jpg 768w, https:\/\/awtaproducttesting.com.au\/app\/uploads\/2025\/11\/Apparel-Image-1536x1025.jpg 1536w, https:\/\/awtaproducttesting.com.au\/app\/uploads\/2025\/11\/Apparel-Image-2048x1367.jpg 2048w, https:\/\/awtaproducttesting.com.au\/app\/uploads\/2025\/11\/Apparel-Image-18x12.jpg 18w, https:\/\/awtaproducttesting.com.au\/app\/uploads\/2025\/11\/Apparel-Image-scaled.jpg 2560w\" sizes=\"auto, (max-width: 1024px) 100vw, 1024px\" \/><\/figure>\n<\/div>\n<\/div>\n\n\n\n<h2 class=\"wp-block-heading\">Lire la suite<\/h2>\n\n\n\n<div class=\"wp-block-buttons is-layout-flex wp-block-buttons-is-layout-flex\">\n<div class=\"wp-block-button is-style-default\"><a class=\"wp-block-button__link wp-element-button\" href=\"https:\/\/awtaproducttesting.com.au\/fr\/services\/by-industry\/textiles-and-apparel\/apparel\/fashion\/\">La mode<\/a><\/div>\n\n\n\n<div class=\"wp-block-button is-style-default\"><a class=\"wp-block-button__link wp-element-button\" href=\"https:\/\/awtaproducttesting.com.au\/fr\/services\/by-industry\/textiles-and-apparel\/apparel\/corporate\/\">Entreprise<\/a><\/div>\n<\/div>\n<\/div>","protected":false},"excerpt":{"rendered":"<p>Consumer demand for quality is at an all-time high in aspects of retail, and fashion apparel is no exception. Showing that your garments made of quality, durable and e\u2026<\/p>","protected":false},"author":3,"featured_media":0,"parent":937,"menu_order":0,"comment_status":"closed","ping_status":"closed","template":"","meta":{"_acf_changed":false,"footnotes":""},"class_list":["post-2643","page","type-page","status-publish","hentry"],"acf":[],"yoast_head":"<!-- This site is optimized with the Yoast SEO plugin v27.0 - https:\/\/yoast.com\/product\/yoast-seo-wordpress\/ -->\n<title>Apparel - AWTA Product Testing<\/title>\n<meta name=\"robots\" content=\"index, follow, max-snippet:-1, max-image-preview:large, max-video-preview:-1\" \/>\n<link rel=\"canonical\" href=\"https:\/\/awtaproducttesting.com.au\/fr\/services\/by-industry\/textiles-and-apparel\/apparel\/\" \/>\n<meta property=\"og:locale\" content=\"fr_FR\" \/>\n<meta property=\"og:type\" content=\"article\" \/>\n<meta property=\"og:title\" content=\"Apparel - AWTA Product Testing\" \/>\n<meta property=\"og:description\" content=\"Consumer demand for quality is at an all-time high in aspects of retail, and fashion apparel is no exception. Showing that your garments made of quality, durable and e\u2026\" \/>\n<meta property=\"og:url\" content=\"https:\/\/awtaproducttesting.com.au\/fr\/services\/by-industry\/textiles-and-apparel\/apparel\/\" \/>\n<meta property=\"og:site_name\" content=\"AWTA Product Testing\" \/>\n<meta property=\"article:modified_time\" content=\"2025-11-27T03:02:01+00:00\" \/>\n<meta property=\"og:image\" content=\"https:\/\/awtaproducttesting.com.au\/app\/uploads\/2025\/11\/Apparel-Image-scaled.jpg\" \/>\n\t<meta property=\"og:image:width\" content=\"2560\" \/>\n\t<meta property=\"og:image:height\" content=\"1709\" \/>\n\t<meta property=\"og:image:type\" content=\"image\/jpeg\" \/>\n<meta name=\"twitter:card\" content=\"summary_large_image\" \/>\n<script type=\"application\/ld+json\" class=\"yoast-schema-graph\">{\"@context\":\"https:\/\/schema.org\",\"@graph\":[{\"@type\":\"WebPage\",\"@id\":\"https:\/\/awtaproducttesting.com.au\/services\/by-industry\/textiles-and-apparel\/apparel\/\",\"url\":\"https:\/\/awtaproducttesting.com.au\/services\/by-industry\/textiles-and-apparel\/apparel\/\",\"name\":\"Apparel - AWTA Product Testing\",\"isPartOf\":{\"@id\":\"https:\/\/awtaproducttesting.com.au\/#website\"},\"primaryImageOfPage\":{\"@id\":\"https:\/\/awtaproducttesting.com.au\/services\/by-industry\/textiles-and-apparel\/apparel\/#primaryimage\"},\"image\":{\"@id\":\"https:\/\/awtaproducttesting.com.au\/services\/by-industry\/textiles-and-apparel\/apparel\/#primaryimage\"},\"thumbnailUrl\":\"https:\/\/awtaproducttesting.com.au\/app\/uploads\/2025\/11\/Apparel-Image-1024x684.jpg\",\"datePublished\":\"2025-11-05T05:39:10+00:00\",\"dateModified\":\"2025-11-27T03:02:01+00:00\",\"breadcrumb\":{\"@id\":\"https:\/\/awtaproducttesting.com.au\/services\/by-industry\/textiles-and-apparel\/apparel\/#breadcrumb\"},\"inLanguage\":\"fr-FR\",\"potentialAction\":[{\"@type\":\"ReadAction\",\"target\":[\"https:\/\/awtaproducttesting.com.au\/services\/by-industry\/textiles-and-apparel\/apparel\/\"]}]},{\"@type\":\"ImageObject\",\"inLanguage\":\"fr-FR\",\"@id\":\"https:\/\/awtaproducttesting.com.au\/services\/by-industry\/textiles-and-apparel\/apparel\/#primaryimage\",\"url\":\"https:\/\/awtaproducttesting.com.au\/app\/uploads\/2025\/11\/Apparel-Image-1024x684.jpg\",\"contentUrl\":\"https:\/\/awtaproducttesting.com.au\/app\/uploads\/2025\/11\/Apparel-Image-1024x684.jpg\"},{\"@type\":\"BreadcrumbList\",\"@id\":\"https:\/\/awtaproducttesting.com.au\/services\/by-industry\/textiles-and-apparel\/apparel\/#breadcrumb\",\"itemListElement\":[{\"@type\":\"ListItem\",\"position\":1,\"name\":\"Home\",\"item\":\"https:\/\/awtaproducttesting.com.au\/\"},{\"@type\":\"ListItem\",\"position\":2,\"name\":\"Services\",\"item\":\"https:\/\/awtaproducttesting.com.au\/services\/\"},{\"@type\":\"ListItem\",\"position\":3,\"name\":\"By Industry\",\"item\":\"https:\/\/awtaproducttesting.com.au\/services\/by-industry\/\"},{\"@type\":\"ListItem\",\"position\":4,\"name\":\"Textiles &amp; Apparel\",\"item\":\"https:\/\/awtaproducttesting.com.au\/services\/by-industry\/textiles-and-apparel\/\"},{\"@type\":\"ListItem\",\"position\":5,\"name\":\"Apparel\"}]},{\"@type\":\"WebSite\",\"@id\":\"https:\/\/awtaproducttesting.com.au\/#website\",\"url\":\"https:\/\/awtaproducttesting.com.au\/\",\"name\":\"AWTA Product Testing\",\"description\":\"\",\"publisher\":{\"@id\":\"https:\/\/awtaproducttesting.com.au\/#organization\"},\"potentialAction\":[{\"@type\":\"SearchAction\",\"target\":{\"@type\":\"EntryPoint\",\"urlTemplate\":\"https:\/\/awtaproducttesting.com.au\/?s={search_term_string}\"},\"query-input\":{\"@type\":\"PropertyValueSpecification\",\"valueRequired\":true,\"valueName\":\"search_term_string\"}}],\"inLanguage\":\"fr-FR\"},{\"@type\":\"Organization\",\"@id\":\"https:\/\/awtaproducttesting.com.au\/#organization\",\"name\":\"AWTA Product Testing\",\"url\":\"https:\/\/awtaproducttesting.com.au\/\",\"logo\":{\"@type\":\"ImageObject\",\"inLanguage\":\"fr-FR\",\"@id\":\"https:\/\/awtaproducttesting.com.au\/#\/schema\/logo\/image\/\",\"url\":\"https:\/\/awtaproducttesting.com.au\/app\/uploads\/2025\/08\/PT-News-Banner-scaled.jpg\",\"contentUrl\":\"https:\/\/awtaproducttesting.com.au\/app\/uploads\/2025\/08\/PT-News-Banner-scaled.jpg\",\"width\":2560,\"height\":1580,\"caption\":\"AWTA Product Testing\"},\"image\":{\"@id\":\"https:\/\/awtaproducttesting.com.au\/#\/schema\/logo\/image\/\"}}]}<\/script>\n<!-- \/ Yoast SEO plugin. -->","yoast_head_json":{"title":"Apparel - AWTA Product Testing","robots":{"index":"index","follow":"follow","max-snippet":"max-snippet:-1","max-image-preview":"max-image-preview:large","max-video-preview":"max-video-preview:-1"},"canonical":"https:\/\/awtaproducttesting.com.au\/fr\/services\/by-industry\/textiles-and-apparel\/apparel\/","og_locale":"fr_FR","og_type":"article","og_title":"Apparel - AWTA Product Testing","og_description":"Consumer demand for quality is at an all-time high in aspects of retail, and fashion apparel is no exception. Showing that your garments made of quality, durable and e\u2026","og_url":"https:\/\/awtaproducttesting.com.au\/fr\/services\/by-industry\/textiles-and-apparel\/apparel\/","og_site_name":"AWTA Product Testing","article_modified_time":"2025-11-27T03:02:01+00:00","og_image":[{"width":2560,"height":1709,"url":"https:\/\/awtaproducttesting.com.au\/app\/uploads\/2025\/11\/Apparel-Image-scaled.jpg","type":"image\/jpeg"}],"twitter_card":"summary_large_image","schema":{"@context":"https:\/\/schema.org","@graph":[{"@type":"WebPage","@id":"https:\/\/awtaproducttesting.com.au\/services\/by-industry\/textiles-and-apparel\/apparel\/","url":"https:\/\/awtaproducttesting.com.au\/services\/by-industry\/textiles-and-apparel\/apparel\/","name":"Apparel - AWTA Product Testing","isPartOf":{"@id":"https:\/\/awtaproducttesting.com.au\/#website"},"primaryImageOfPage":{"@id":"https:\/\/awtaproducttesting.com.au\/services\/by-industry\/textiles-and-apparel\/apparel\/#primaryimage"},"image":{"@id":"https:\/\/awtaproducttesting.com.au\/services\/by-industry\/textiles-and-apparel\/apparel\/#primaryimage"},"thumbnailUrl":"https:\/\/awtaproducttesting.com.au\/app\/uploads\/2025\/11\/Apparel-Image-1024x684.jpg","datePublished":"2025-11-05T05:39:10+00:00","dateModified":"2025-11-27T03:02:01+00:00","breadcrumb":{"@id":"https:\/\/awtaproducttesting.com.au\/services\/by-industry\/textiles-and-apparel\/apparel\/#breadcrumb"},"inLanguage":"fr-FR","potentialAction":[{"@type":"ReadAction","target":["https:\/\/awtaproducttesting.com.au\/services\/by-industry\/textiles-and-apparel\/apparel\/"]}]},{"@type":"ImageObject","inLanguage":"fr-FR","@id":"https:\/\/awtaproducttesting.com.au\/services\/by-industry\/textiles-and-apparel\/apparel\/#primaryimage","url":"https:\/\/awtaproducttesting.com.au\/app\/uploads\/2025\/11\/Apparel-Image-1024x684.jpg","contentUrl":"https:\/\/awtaproducttesting.com.au\/app\/uploads\/2025\/11\/Apparel-Image-1024x684.jpg"},{"@type":"BreadcrumbList","@id":"https:\/\/awtaproducttesting.com.au\/services\/by-industry\/textiles-and-apparel\/apparel\/#breadcrumb","itemListElement":[{"@type":"ListItem","position":1,"name":"Home","item":"https:\/\/awtaproducttesting.com.au\/"},{"@type":"ListItem","position":2,"name":"Services","item":"https:\/\/awtaproducttesting.com.au\/services\/"},{"@type":"ListItem","position":3,"name":"By Industry","item":"https:\/\/awtaproducttesting.com.au\/services\/by-industry\/"},{"@type":"ListItem","position":4,"name":"Textiles &amp; Apparel","item":"https:\/\/awtaproducttesting.com.au\/services\/by-industry\/textiles-and-apparel\/"},{"@type":"ListItem","position":5,"name":"Apparel"}]},{"@type":"WebSite","@id":"https:\/\/awtaproducttesting.com.au\/#website","url":"https:\/\/awtaproducttesting.com.au\/","name":"Tests de produits de l'AWTA","description":"","publisher":{"@id":"https:\/\/awtaproducttesting.com.au\/#organization"},"potentialAction":[{"@type":"SearchAction","target":{"@type":"EntryPoint","urlTemplate":"https:\/\/awtaproducttesting.com.au\/?s={search_term_string}"},"query-input":{"@type":"PropertyValueSpecification","valueRequired":true,"valueName":"search_term_string"}}],"inLanguage":"fr-FR"},{"@type":"Organization","@id":"https:\/\/awtaproducttesting.com.au\/#organization","name":"Tests de produits de l'AWTA","url":"https:\/\/awtaproducttesting.com.au\/","logo":{"@type":"ImageObject","inLanguage":"fr-FR","@id":"https:\/\/awtaproducttesting.com.au\/#\/schema\/logo\/image\/","url":"https:\/\/awtaproducttesting.com.au\/app\/uploads\/2025\/08\/PT-News-Banner-scaled.jpg","contentUrl":"https:\/\/awtaproducttesting.com.au\/app\/uploads\/2025\/08\/PT-News-Banner-scaled.jpg","width":2560,"height":1580,"caption":"AWTA Product Testing"},"image":{"@id":"https:\/\/awtaproducttesting.com.au\/#\/schema\/logo\/image\/"}}]}},"_links":{"self":[{"href":"https:\/\/awtaproducttesting.com.au\/fr\/wp-json\/wp\/v2\/pages\/2643","targetHints":{"allow":["GET"]}}],"collection":[{"href":"https:\/\/awtaproducttesting.com.au\/fr\/wp-json\/wp\/v2\/pages"}],"about":[{"href":"https:\/\/awtaproducttesting.com.au\/fr\/wp-json\/wp\/v2\/types\/page"}],"author":[{"embeddable":true,"href":"https:\/\/awtaproducttesting.com.au\/fr\/wp-json\/wp\/v2\/users\/3"}],"replies":[{"embeddable":true,"href":"https:\/\/awtaproducttesting.com.au\/fr\/wp-json\/wp\/v2\/comments?post=2643"}],"version-history":[{"count":12,"href":"https:\/\/awtaproducttesting.com.au\/fr\/wp-json\/wp\/v2\/pages\/2643\/revisions"}],"predecessor-version":[{"id":3254,"href":"https:\/\/awtaproducttesting.com.au\/fr\/wp-json\/wp\/v2\/pages\/2643\/revisions\/3254"}],"up":[{"embeddable":true,"href":"https:\/\/awtaproducttesting.com.au\/fr\/wp-json\/wp\/v2\/pages\/937"}],"wp:attachment":[{"href":"https:\/\/awtaproducttesting.com.au\/fr\/wp-json\/wp\/v2\/media?parent=2643"}],"curies":[{"name":"wp","href":"https:\/\/api.w.org\/{rel}","templated":true}]}}