{"id":2817,"date":"2025-11-10T22:46:30","date_gmt":"2025-11-10T22:46:30","guid":{"rendered":"https:\/\/awtaproducttesting.swim.net.au\/?page_id=2817"},"modified":"2025-11-21T05:27:59","modified_gmt":"2025-11-21T05:27:59","slug":"small-parts","status":"publish","type":"page","link":"https:\/\/awtaproducttesting.com.au\/fr\/services\/by-industry\/textiles-and-apparel\/childrens-garments\/small-parts\/","title":{"rendered":"Petites pi\u00e8ces"},"content":{"rendered":"<div class=\"wp-block-group is-style-boxed is-layout-constrained wp-block-group-is-layout-constrained\">\n<div class=\"wp-block-columns is-layout-flex wp-container-core-columns-is-layout-9d6595d7 wp-block-columns-is-layout-flex\">\n<div class=\"wp-block-column is-layout-flow wp-block-column-is-layout-flow\">\n<p>La solidit\u00e9 de la fixation des petites pi\u00e8ces telles que les boutons-pression, les boutons et les garnitures sur les v\u00eatements et les jouets pour enfants est consid\u00e9r\u00e9e comme tr\u00e8s importante. S'ils sont mal attach\u00e9s, ils peuvent facilement devenir un risque d'\u00e9touffement pour un jeune enfant.&nbsp;<\/p>\n<\/div>\n\n\n\n<div class=\"wp-block-column is-layout-flow wp-block-column-is-layout-flow\">\n<figure class=\"wp-block-image size-full\"><img loading=\"lazy\" decoding=\"async\" width=\"640\" height=\"360\" src=\"https:\/\/awtaproducttesting.com.au\/app\/uploads\/2025\/09\/Closeup-of-young-mother-dressing-her-little-baby-son-in-socks-while-changing-clothes-on-table.-Concept-of-babies-and-newborn-hygiene-and-healthcare.-Caring-parents-with-little-children.jpg\" alt=\"\" class=\"wp-image-1571\" srcset=\"https:\/\/awtaproducttesting.com.au\/app\/uploads\/2025\/09\/Closeup-of-young-mother-dressing-her-little-baby-son-in-socks-while-changing-clothes-on-table.-Concept-of-babies-and-newborn-hygiene-and-healthcare.-Caring-parents-with-little-children.jpg 640w, https:\/\/awtaproducttesting.com.au\/app\/uploads\/2025\/09\/Closeup-of-young-mother-dressing-her-little-baby-son-in-socks-while-changing-clothes-on-table.-Concept-of-babies-and-newborn-hygiene-and-healthcare.-Caring-parents-with-little-children-300x169.jpg 300w, https:\/\/awtaproducttesting.com.au\/app\/uploads\/2025\/09\/Closeup-of-young-mother-dressing-her-little-baby-son-in-socks-while-changing-clothes-on-table.-Concept-of-babies-and-newborn-hygiene-and-healthcare.-Caring-parents-with-little-children-18x10.jpg 18w\" sizes=\"auto, (max-width: 640px) 100vw, 640px\" \/><\/figure>\n<\/div>\n<\/div>\n<\/div>","protected":false},"excerpt":{"rendered":"<p>The attachment strength of small parts such as snap fasteners, buttons and trims on children\u2019s garments and toys is considered highly important. Loosely attached, th\u2026<\/p>","protected":false},"author":1,"featured_media":0,"parent":967,"menu_order":0,"comment_status":"closed","ping_status":"closed","template":"","meta":{"_acf_changed":false,"footnotes":""},"class_list":["post-2817","page","type-page","status-publish","hentry"],"acf":[],"yoast_head":"<!-- This site is optimized with the Yoast SEO plugin v27.0 - https:\/\/yoast.com\/product\/yoast-seo-wordpress\/ -->\n<title>Small Parts - AWTA Product Testing<\/title>\n<meta name=\"robots\" content=\"index, follow, max-snippet:-1, max-image-preview:large, max-video-preview:-1\" \/>\n<link rel=\"canonical\" href=\"https:\/\/awtaproducttesting.com.au\/fr\/services\/by-industry\/textiles-and-apparel\/childrens-garments\/small-parts\/\" \/>\n<meta property=\"og:locale\" content=\"fr_FR\" \/>\n<meta property=\"og:type\" content=\"article\" \/>\n<meta property=\"og:title\" content=\"Small Parts - AWTA Product Testing\" \/>\n<meta property=\"og:description\" content=\"The attachment strength of small parts such as snap fasteners, buttons and trims on children\u2019s garments and toys is considered highly important. Loosely attached, th\u2026\" \/>\n<meta property=\"og:url\" content=\"https:\/\/awtaproducttesting.com.au\/fr\/services\/by-industry\/textiles-and-apparel\/childrens-garments\/small-parts\/\" \/>\n<meta property=\"og:site_name\" content=\"AWTA Product Testing\" \/>\n<meta property=\"article:modified_time\" content=\"2025-11-21T05:27:59+00:00\" \/>\n<meta property=\"og:image\" content=\"https:\/\/awtaproducttesting.com.au\/app\/uploads\/2025\/09\/Closeup-of-young-mother-dressing-her-little-baby-son-in-socks-while-changing-clothes-on-table.-Concept-of-babies-and-newborn-hygiene-and-healthcare.-Caring-parents-with-little-children.jpg\" \/>\n\t<meta property=\"og:image:width\" content=\"640\" \/>\n\t<meta property=\"og:image:height\" content=\"360\" \/>\n\t<meta property=\"og:image:type\" content=\"image\/jpeg\" \/>\n<meta name=\"twitter:card\" content=\"summary_large_image\" \/>\n<script type=\"application\/ld+json\" class=\"yoast-schema-graph\">{\"@context\":\"https:\/\/schema.org\",\"@graph\":[{\"@type\":\"WebPage\",\"@id\":\"https:\/\/awtaproducttesting.com.au\/services\/by-industry\/textiles-and-apparel\/childrens-garments\/small-parts\/\",\"url\":\"https:\/\/awtaproducttesting.com.au\/services\/by-industry\/textiles-and-apparel\/childrens-garments\/small-parts\/\",\"name\":\"Small Parts - AWTA Product Testing\",\"isPartOf\":{\"@id\":\"https:\/\/awtaproducttesting.com.au\/#website\"},\"primaryImageOfPage\":{\"@id\":\"https:\/\/awtaproducttesting.com.au\/services\/by-industry\/textiles-and-apparel\/childrens-garments\/small-parts\/#primaryimage\"},\"image\":{\"@id\":\"https:\/\/awtaproducttesting.com.au\/services\/by-industry\/textiles-and-apparel\/childrens-garments\/small-parts\/#primaryimage\"},\"thumbnailUrl\":\"https:\/\/awtaproducttesting.com.au\/app\/uploads\/2025\/09\/Closeup-of-young-mother-dressing-her-little-baby-son-in-socks-while-changing-clothes-on-table.-Concept-of-babies-and-newborn-hygiene-and-healthcare.-Caring-parents-with-little-children.jpg\",\"datePublished\":\"2025-11-10T22:46:30+00:00\",\"dateModified\":\"2025-11-21T05:27:59+00:00\",\"breadcrumb\":{\"@id\":\"https:\/\/awtaproducttesting.com.au\/services\/by-industry\/textiles-and-apparel\/childrens-garments\/small-parts\/#breadcrumb\"},\"inLanguage\":\"fr-FR\",\"potentialAction\":[{\"@type\":\"ReadAction\",\"target\":[\"https:\/\/awtaproducttesting.com.au\/services\/by-industry\/textiles-and-apparel\/childrens-garments\/small-parts\/\"]}]},{\"@type\":\"ImageObject\",\"inLanguage\":\"fr-FR\",\"@id\":\"https:\/\/awtaproducttesting.com.au\/services\/by-industry\/textiles-and-apparel\/childrens-garments\/small-parts\/#primaryimage\",\"url\":\"https:\/\/awtaproducttesting.com.au\/app\/uploads\/2025\/09\/Closeup-of-young-mother-dressing-her-little-baby-son-in-socks-while-changing-clothes-on-table.-Concept-of-babies-and-newborn-hygiene-and-healthcare.-Caring-parents-with-little-children.jpg\",\"contentUrl\":\"https:\/\/awtaproducttesting.com.au\/app\/uploads\/2025\/09\/Closeup-of-young-mother-dressing-her-little-baby-son-in-socks-while-changing-clothes-on-table.-Concept-of-babies-and-newborn-hygiene-and-healthcare.-Caring-parents-with-little-children.jpg\"},{\"@type\":\"BreadcrumbList\",\"@id\":\"https:\/\/awtaproducttesting.com.au\/services\/by-industry\/textiles-and-apparel\/childrens-garments\/small-parts\/#breadcrumb\",\"itemListElement\":[{\"@type\":\"ListItem\",\"position\":1,\"name\":\"Home\",\"item\":\"https:\/\/awtaproducttesting.com.au\/\"},{\"@type\":\"ListItem\",\"position\":2,\"name\":\"Services\",\"item\":\"https:\/\/awtaproducttesting.com.au\/services\/\"},{\"@type\":\"ListItem\",\"position\":3,\"name\":\"By Industry\",\"item\":\"https:\/\/awtaproducttesting.com.au\/services\/by-industry\/\"},{\"@type\":\"ListItem\",\"position\":4,\"name\":\"Textiles &amp; Apparel\",\"item\":\"https:\/\/awtaproducttesting.com.au\/services\/by-industry\/textiles-and-apparel\/\"},{\"@type\":\"ListItem\",\"position\":5,\"name\":\"Children\u2019s Garments\",\"item\":\"https:\/\/awtaproducttesting.com.au\/services\/by-industry\/textiles-and-apparel\/childrens-garments\/\"},{\"@type\":\"ListItem\",\"position\":6,\"name\":\"Small Parts\"}]},{\"@type\":\"WebSite\",\"@id\":\"https:\/\/awtaproducttesting.com.au\/#website\",\"url\":\"https:\/\/awtaproducttesting.com.au\/\",\"name\":\"AWTA Product Testing\",\"description\":\"\",\"publisher\":{\"@id\":\"https:\/\/awtaproducttesting.com.au\/#organization\"},\"potentialAction\":[{\"@type\":\"SearchAction\",\"target\":{\"@type\":\"EntryPoint\",\"urlTemplate\":\"https:\/\/awtaproducttesting.com.au\/?s={search_term_string}\"},\"query-input\":{\"@type\":\"PropertyValueSpecification\",\"valueRequired\":true,\"valueName\":\"search_term_string\"}}],\"inLanguage\":\"fr-FR\"},{\"@type\":\"Organization\",\"@id\":\"https:\/\/awtaproducttesting.com.au\/#organization\",\"name\":\"AWTA Product Testing\",\"url\":\"https:\/\/awtaproducttesting.com.au\/\",\"logo\":{\"@type\":\"ImageObject\",\"inLanguage\":\"fr-FR\",\"@id\":\"https:\/\/awtaproducttesting.com.au\/#\/schema\/logo\/image\/\",\"url\":\"https:\/\/awtaproducttesting.com.au\/app\/uploads\/2025\/08\/PT-News-Banner-scaled.jpg\",\"contentUrl\":\"https:\/\/awtaproducttesting.com.au\/app\/uploads\/2025\/08\/PT-News-Banner-scaled.jpg\",\"width\":2560,\"height\":1580,\"caption\":\"AWTA Product Testing\"},\"image\":{\"@id\":\"https:\/\/awtaproducttesting.com.au\/#\/schema\/logo\/image\/\"}}]}<\/script>\n<!-- \/ Yoast SEO plugin. -->","yoast_head_json":{"title":"Small Parts - AWTA Product Testing","robots":{"index":"index","follow":"follow","max-snippet":"max-snippet:-1","max-image-preview":"max-image-preview:large","max-video-preview":"max-video-preview:-1"},"canonical":"https:\/\/awtaproducttesting.com.au\/fr\/services\/by-industry\/textiles-and-apparel\/childrens-garments\/small-parts\/","og_locale":"fr_FR","og_type":"article","og_title":"Small Parts - AWTA Product Testing","og_description":"The attachment strength of small parts such as snap fasteners, buttons and trims on children\u2019s garments and toys is considered highly important. Loosely attached, th\u2026","og_url":"https:\/\/awtaproducttesting.com.au\/fr\/services\/by-industry\/textiles-and-apparel\/childrens-garments\/small-parts\/","og_site_name":"AWTA Product Testing","article_modified_time":"2025-11-21T05:27:59+00:00","og_image":[{"width":640,"height":360,"url":"https:\/\/awtaproducttesting.com.au\/app\/uploads\/2025\/09\/Closeup-of-young-mother-dressing-her-little-baby-son-in-socks-while-changing-clothes-on-table.-Concept-of-babies-and-newborn-hygiene-and-healthcare.-Caring-parents-with-little-children.jpg","type":"image\/jpeg"}],"twitter_card":"summary_large_image","schema":{"@context":"https:\/\/schema.org","@graph":[{"@type":"WebPage","@id":"https:\/\/awtaproducttesting.com.au\/services\/by-industry\/textiles-and-apparel\/childrens-garments\/small-parts\/","url":"https:\/\/awtaproducttesting.com.au\/services\/by-industry\/textiles-and-apparel\/childrens-garments\/small-parts\/","name":"Small Parts - AWTA Product Testing","isPartOf":{"@id":"https:\/\/awtaproducttesting.com.au\/#website"},"primaryImageOfPage":{"@id":"https:\/\/awtaproducttesting.com.au\/services\/by-industry\/textiles-and-apparel\/childrens-garments\/small-parts\/#primaryimage"},"image":{"@id":"https:\/\/awtaproducttesting.com.au\/services\/by-industry\/textiles-and-apparel\/childrens-garments\/small-parts\/#primaryimage"},"thumbnailUrl":"https:\/\/awtaproducttesting.com.au\/app\/uploads\/2025\/09\/Closeup-of-young-mother-dressing-her-little-baby-son-in-socks-while-changing-clothes-on-table.-Concept-of-babies-and-newborn-hygiene-and-healthcare.-Caring-parents-with-little-children.jpg","datePublished":"2025-11-10T22:46:30+00:00","dateModified":"2025-11-21T05:27:59+00:00","breadcrumb":{"@id":"https:\/\/awtaproducttesting.com.au\/services\/by-industry\/textiles-and-apparel\/childrens-garments\/small-parts\/#breadcrumb"},"inLanguage":"fr-FR","potentialAction":[{"@type":"ReadAction","target":["https:\/\/awtaproducttesting.com.au\/services\/by-industry\/textiles-and-apparel\/childrens-garments\/small-parts\/"]}]},{"@type":"ImageObject","inLanguage":"fr-FR","@id":"https:\/\/awtaproducttesting.com.au\/services\/by-industry\/textiles-and-apparel\/childrens-garments\/small-parts\/#primaryimage","url":"https:\/\/awtaproducttesting.com.au\/app\/uploads\/2025\/09\/Closeup-of-young-mother-dressing-her-little-baby-son-in-socks-while-changing-clothes-on-table.-Concept-of-babies-and-newborn-hygiene-and-healthcare.-Caring-parents-with-little-children.jpg","contentUrl":"https:\/\/awtaproducttesting.com.au\/app\/uploads\/2025\/09\/Closeup-of-young-mother-dressing-her-little-baby-son-in-socks-while-changing-clothes-on-table.-Concept-of-babies-and-newborn-hygiene-and-healthcare.-Caring-parents-with-little-children.jpg"},{"@type":"BreadcrumbList","@id":"https:\/\/awtaproducttesting.com.au\/services\/by-industry\/textiles-and-apparel\/childrens-garments\/small-parts\/#breadcrumb","itemListElement":[{"@type":"ListItem","position":1,"name":"Home","item":"https:\/\/awtaproducttesting.com.au\/"},{"@type":"ListItem","position":2,"name":"Services","item":"https:\/\/awtaproducttesting.com.au\/services\/"},{"@type":"ListItem","position":3,"name":"By Industry","item":"https:\/\/awtaproducttesting.com.au\/services\/by-industry\/"},{"@type":"ListItem","position":4,"name":"Textiles &amp; Apparel","item":"https:\/\/awtaproducttesting.com.au\/services\/by-industry\/textiles-and-apparel\/"},{"@type":"ListItem","position":5,"name":"Children\u2019s Garments","item":"https:\/\/awtaproducttesting.com.au\/services\/by-industry\/textiles-and-apparel\/childrens-garments\/"},{"@type":"ListItem","position":6,"name":"Small Parts"}]},{"@type":"WebSite","@id":"https:\/\/awtaproducttesting.com.au\/#website","url":"https:\/\/awtaproducttesting.com.au\/","name":"Tests de produits de l'AWTA","description":"","publisher":{"@id":"https:\/\/awtaproducttesting.com.au\/#organization"},"potentialAction":[{"@type":"SearchAction","target":{"@type":"EntryPoint","urlTemplate":"https:\/\/awtaproducttesting.com.au\/?s={search_term_string}"},"query-input":{"@type":"PropertyValueSpecification","valueRequired":true,"valueName":"search_term_string"}}],"inLanguage":"fr-FR"},{"@type":"Organization","@id":"https:\/\/awtaproducttesting.com.au\/#organization","name":"Tests de produits de l'AWTA","url":"https:\/\/awtaproducttesting.com.au\/","logo":{"@type":"ImageObject","inLanguage":"fr-FR","@id":"https:\/\/awtaproducttesting.com.au\/#\/schema\/logo\/image\/","url":"https:\/\/awtaproducttesting.com.au\/app\/uploads\/2025\/08\/PT-News-Banner-scaled.jpg","contentUrl":"https:\/\/awtaproducttesting.com.au\/app\/uploads\/2025\/08\/PT-News-Banner-scaled.jpg","width":2560,"height":1580,"caption":"AWTA Product Testing"},"image":{"@id":"https:\/\/awtaproducttesting.com.au\/#\/schema\/logo\/image\/"}}]}},"_links":{"self":[{"href":"https:\/\/awtaproducttesting.com.au\/fr\/wp-json\/wp\/v2\/pages\/2817","targetHints":{"allow":["GET"]}}],"collection":[{"href":"https:\/\/awtaproducttesting.com.au\/fr\/wp-json\/wp\/v2\/pages"}],"about":[{"href":"https:\/\/awtaproducttesting.com.au\/fr\/wp-json\/wp\/v2\/types\/page"}],"author":[{"embeddable":true,"href":"https:\/\/awtaproducttesting.com.au\/fr\/wp-json\/wp\/v2\/users\/1"}],"replies":[{"embeddable":true,"href":"https:\/\/awtaproducttesting.com.au\/fr\/wp-json\/wp\/v2\/comments?post=2817"}],"version-history":[{"count":3,"href":"https:\/\/awtaproducttesting.com.au\/fr\/wp-json\/wp\/v2\/pages\/2817\/revisions"}],"predecessor-version":[{"id":3053,"href":"https:\/\/awtaproducttesting.com.au\/fr\/wp-json\/wp\/v2\/pages\/2817\/revisions\/3053"}],"up":[{"embeddable":true,"href":"https:\/\/awtaproducttesting.com.au\/fr\/wp-json\/wp\/v2\/pages\/967"}],"wp:attachment":[{"href":"https:\/\/awtaproducttesting.com.au\/fr\/wp-json\/wp\/v2\/media?parent=2817"}],"curies":[{"name":"wp","href":"https:\/\/api.w.org\/{rel}","templated":true}]}}