{"id":37,"date":"2025-07-04T03:07:56","date_gmt":"2025-07-04T03:07:56","guid":{"rendered":"https:\/\/awtaproducttesting.swim.net.au\/?page_id=37"},"modified":"2025-12-04T02:03:26","modified_gmt":"2025-12-04T02:03:26","slug":"about","status":"publish","type":"page","link":"https:\/\/awtaproducttesting.com.au\/fr\/about\/","title":{"rendered":"A propos de"},"content":{"rendered":"<div class=\"wp-block-group is-style-boxed is-layout-constrained wp-block-group-is-layout-constrained\">\n<div class=\"wp-block-columns is-layout-flex wp-container-core-columns-is-layout-9d6595d7 wp-block-columns-is-layout-flex\">\n<div class=\"wp-block-column is-vertically-aligned-center is-layout-flow wp-block-column-is-layout-flow\">\n<h2 class=\"wp-block-heading\">Services d'essais accr\u00e9dit\u00e9s pour l'industrie<\/h2>\n\n\n\n<p>AWTA Product Testing offre des services d'essai complets et accr\u00e9dit\u00e9s \u00e0 un large \u00e9ventail d'industries sur les march\u00e9s australasiens et internationaux. Le laboratoire est sp\u00e9cialis\u00e9 dans l'inflammabilit\u00e9, la conductivit\u00e9 thermique, la spectrophotom\u00e9trie, la r\u00e9tro-r\u00e9flexion et le vieillissement acc\u00e9l\u00e9r\u00e9. Nous testons et \u00e9valuons un large \u00e9ventail de produits, notamment les fibres et les fils, les textiles et les v\u00eatements, les v\u00eatements de s\u00e9curit\u00e9 et les mat\u00e9riaux de soins de sant\u00e9, les plastiques et les stratifi\u00e9s, les conduits et l'isolation, les tapis et les rev\u00eatements de sol, les composants du march\u00e9 secondaire de l'automobile et de l'a\u00e9ronautique.<br><\/p>\n<\/div>\n\n\n\n<div class=\"wp-block-column is-vertically-aligned-center is-layout-flow wp-block-column-is-layout-flow\">\n<iframe loading=\"lazy\" title=\"vimeo-player\" src=\"https:\/\/player.vimeo.com\/video\/186362775?h=0cb7944ffa&#038;title=0&#038;byline=0&#038;portrait=0\" width=\"100%\" height=\"360\" frameborder=\"0\" referrerpolicy=\"strict-origin-when-cross-origin\" allow=\"autoplay; fullscreen; picture-in-picture; clipboard-write; encrypted-media; web-share\"   allowfullscreen><\/iframe>\n<\/div>\n<\/div>\n<\/div>\n\n\n\n<div class=\"wp-block-group is-style-boxed is-layout-constrained wp-block-group-is-layout-constrained\">\n<div class=\"wp-block-columns is-layout-flex wp-container-core-columns-is-layout-9d6595d7 wp-block-columns-is-layout-flex\">\n<div class=\"wp-block-column is-vertically-aligned-top is-layout-flow wp-block-column-is-layout-flow\">\n<figure class=\"wp-block-image size-full\"><img loading=\"lazy\" decoding=\"async\" width=\"236\" height=\"290\" src=\"https:\/\/awtaproducttesting.com.au\/app\/uploads\/2025\/11\/AS-1530.1.jpg\" alt=\"\" class=\"wp-image-2965\" srcset=\"https:\/\/awtaproducttesting.com.au\/app\/uploads\/2025\/11\/AS-1530.1.jpg 236w, https:\/\/awtaproducttesting.com.au\/app\/uploads\/2025\/11\/AS-1530.1-10x12.jpg 10w\" sizes=\"auto, (max-width: 236px) 100vw, 236px\" \/><\/figure>\n<\/div>\n\n\n\n<div class=\"wp-block-column is-vertically-aligned-center is-layout-flow wp-block-column-is-layout-flow\">\n<h2 class=\"wp-block-heading\">Votre partenaire de confiance pour les tests de produits<\/h2>\n\n\n\n<p>AWTA Product Testing est un centre d'essais de mat\u00e9riaux ind\u00e9pendant et accr\u00e9dit\u00e9, au service des minist\u00e8res, des secteurs industriels et du grand public. Dot\u00e9s d'une vaste gamme d'\u00e9quipements d'essai sp\u00e9cialis\u00e9s et g\u00e9r\u00e9s par des techniciens hautement qualifi\u00e9s, nous fournissons des services d'\u00e9valuation des mat\u00e9riaux fiables et pr\u00e9cis.<\/p>\n\n\n\n<p>Les essais peuvent \u00eatre r\u00e9alis\u00e9s en fonction d'un large \u00e9ventail de normes australiennes et internationales sp\u00e9cifiques \u00e0 l'industrie, ce qui garantit que vos produits r\u00e9pondent aux niveaux les plus \u00e9lev\u00e9s de conformit\u00e9 et de performance.<\/p>\n\n\n\n<p>Notre accr\u00e9ditation NATA englobe cinq cat\u00e9gories de tests cl\u00e9s :<\/p>\n\n\n\n<ul class=\"wp-block-list\">\n<li>R\u00e9tro-r\u00e9flexion<\/li>\n\n\n\n<li>Inflammabilit\u00e9<\/li>\n\n\n\n<li>Chimique<\/li>\n\n\n\n<li>Thermique<\/li>\n\n\n\n<li>M\u00e9canique<\/li>\n<\/ul>\n\n\n\n<p>Ces domaines principaux englobent 34 domaines secondaires de comp\u00e9tence en mati\u00e8re d'essais, ce qui nous permet d'offrir des solutions d'essais compl\u00e8tes et polyvalentes pour divers mat\u00e9riaux et applications.<\/p>\n\n\n\n<p>Avec des d\u00e9cennies d'exp\u00e9rience dans l'industrie et un engagement in\u00e9branlable en faveur de la qualit\u00e9, les essais de produits AWTA favorisent la conformit\u00e9, stimulent l'innovation et am\u00e9liorent les performances des produits dans un large \u00e9ventail d'industries.<\/p>\n<\/div>\n<\/div>\n<\/div>\n\n\n\n<p><\/p>","protected":false},"excerpt":{"rendered":"<p>Accredited Testing Services for Industry AWTA Product Testing offers comprehensive, accredited testing services to a wide range of industries within Australasian and I\u2026<\/p>","protected":false},"author":1,"featured_media":0,"parent":0,"menu_order":0,"comment_status":"closed","ping_status":"closed","template":"","meta":{"_acf_changed":false,"footnotes":""},"class_list":["post-37","page","type-page","status-publish","hentry"],"acf":[],"yoast_head":"<!-- This site is optimized with the Yoast SEO plugin v27.0 - https:\/\/yoast.com\/product\/yoast-seo-wordpress\/ -->\n<title>About - AWTA Product Testing<\/title>\n<meta name=\"robots\" content=\"index, follow, max-snippet:-1, max-image-preview:large, max-video-preview:-1\" \/>\n<link rel=\"canonical\" href=\"https:\/\/awtaproducttesting.com.au\/fr\/about\/\" \/>\n<meta property=\"og:locale\" content=\"fr_FR\" \/>\n<meta property=\"og:type\" content=\"article\" \/>\n<meta property=\"og:title\" content=\"About - AWTA Product Testing\" \/>\n<meta property=\"og:description\" content=\"Accredited Testing Services for Industry AWTA Product Testing offers comprehensive, accredited testing services to a wide range of industries within Australasian and I\u2026\" \/>\n<meta property=\"og:url\" content=\"https:\/\/awtaproducttesting.com.au\/fr\/about\/\" \/>\n<meta property=\"og:site_name\" content=\"AWTA Product Testing\" \/>\n<meta property=\"article:modified_time\" content=\"2025-12-04T02:03:26+00:00\" \/>\n<meta property=\"og:image\" content=\"https:\/\/awtaproducttesting.com.au\/app\/uploads\/2025\/11\/AS-1530.1.jpg\" \/>\n\t<meta property=\"og:image:width\" content=\"236\" \/>\n\t<meta property=\"og:image:height\" content=\"290\" \/>\n\t<meta property=\"og:image:type\" content=\"image\/jpeg\" \/>\n<meta name=\"twitter:card\" content=\"summary_large_image\" \/>\n<meta name=\"twitter:label1\" content=\"Est. reading time\" \/>\n\t<meta name=\"twitter:data1\" content=\"1 minute\" \/>\n<script type=\"application\/ld+json\" class=\"yoast-schema-graph\">{\"@context\":\"https:\/\/schema.org\",\"@graph\":[{\"@type\":\"WebPage\",\"@id\":\"https:\/\/awtaproducttesting.com.au\/about\/\",\"url\":\"https:\/\/awtaproducttesting.com.au\/about\/\",\"name\":\"About - AWTA Product Testing\",\"isPartOf\":{\"@id\":\"https:\/\/awtaproducttesting.com.au\/#website\"},\"primaryImageOfPage\":{\"@id\":\"https:\/\/awtaproducttesting.com.au\/about\/#primaryimage\"},\"image\":{\"@id\":\"https:\/\/awtaproducttesting.com.au\/about\/#primaryimage\"},\"thumbnailUrl\":\"https:\/\/awtaproducttesting.com.au\/app\/uploads\/2025\/11\/AS-1530.1.jpg\",\"datePublished\":\"2025-07-04T03:07:56+00:00\",\"dateModified\":\"2025-12-04T02:03:26+00:00\",\"breadcrumb\":{\"@id\":\"https:\/\/awtaproducttesting.com.au\/about\/#breadcrumb\"},\"inLanguage\":\"fr-FR\",\"potentialAction\":[{\"@type\":\"ReadAction\",\"target\":[\"https:\/\/awtaproducttesting.com.au\/about\/\"]}]},{\"@type\":\"ImageObject\",\"inLanguage\":\"fr-FR\",\"@id\":\"https:\/\/awtaproducttesting.com.au\/about\/#primaryimage\",\"url\":\"https:\/\/awtaproducttesting.com.au\/app\/uploads\/2025\/11\/AS-1530.1.jpg\",\"contentUrl\":\"https:\/\/awtaproducttesting.com.au\/app\/uploads\/2025\/11\/AS-1530.1.jpg\"},{\"@type\":\"BreadcrumbList\",\"@id\":\"https:\/\/awtaproducttesting.com.au\/about\/#breadcrumb\",\"itemListElement\":[{\"@type\":\"ListItem\",\"position\":1,\"name\":\"Home\",\"item\":\"https:\/\/awtaproducttesting.com.au\/\"},{\"@type\":\"ListItem\",\"position\":2,\"name\":\"About\"}]},{\"@type\":\"WebSite\",\"@id\":\"https:\/\/awtaproducttesting.com.au\/#website\",\"url\":\"https:\/\/awtaproducttesting.com.au\/\",\"name\":\"AWTA Product Testing\",\"description\":\"\",\"publisher\":{\"@id\":\"https:\/\/awtaproducttesting.com.au\/#organization\"},\"potentialAction\":[{\"@type\":\"SearchAction\",\"target\":{\"@type\":\"EntryPoint\",\"urlTemplate\":\"https:\/\/awtaproducttesting.com.au\/?s={search_term_string}\"},\"query-input\":{\"@type\":\"PropertyValueSpecification\",\"valueRequired\":true,\"valueName\":\"search_term_string\"}}],\"inLanguage\":\"fr-FR\"},{\"@type\":\"Organization\",\"@id\":\"https:\/\/awtaproducttesting.com.au\/#organization\",\"name\":\"AWTA Product Testing\",\"url\":\"https:\/\/awtaproducttesting.com.au\/\",\"logo\":{\"@type\":\"ImageObject\",\"inLanguage\":\"fr-FR\",\"@id\":\"https:\/\/awtaproducttesting.com.au\/#\/schema\/logo\/image\/\",\"url\":\"https:\/\/awtaproducttesting.com.au\/app\/uploads\/2025\/08\/PT-News-Banner-scaled.jpg\",\"contentUrl\":\"https:\/\/awtaproducttesting.com.au\/app\/uploads\/2025\/08\/PT-News-Banner-scaled.jpg\",\"width\":2560,\"height\":1580,\"caption\":\"AWTA Product Testing\"},\"image\":{\"@id\":\"https:\/\/awtaproducttesting.com.au\/#\/schema\/logo\/image\/\"}}]}<\/script>\n<!-- \/ Yoast SEO plugin. -->","yoast_head_json":{"title":"About - AWTA Product Testing","robots":{"index":"index","follow":"follow","max-snippet":"max-snippet:-1","max-image-preview":"max-image-preview:large","max-video-preview":"max-video-preview:-1"},"canonical":"https:\/\/awtaproducttesting.com.au\/fr\/about\/","og_locale":"fr_FR","og_type":"article","og_title":"About - AWTA Product Testing","og_description":"Accredited Testing Services for Industry AWTA Product Testing offers comprehensive, accredited testing services to a wide range of industries within Australasian and I\u2026","og_url":"https:\/\/awtaproducttesting.com.au\/fr\/about\/","og_site_name":"AWTA Product Testing","article_modified_time":"2025-12-04T02:03:26+00:00","og_image":[{"width":236,"height":290,"url":"https:\/\/awtaproducttesting.com.au\/app\/uploads\/2025\/11\/AS-1530.1.jpg","type":"image\/jpeg"}],"twitter_card":"summary_large_image","twitter_misc":{"Est. reading time":"1 minute"},"schema":{"@context":"https:\/\/schema.org","@graph":[{"@type":"WebPage","@id":"https:\/\/awtaproducttesting.com.au\/about\/","url":"https:\/\/awtaproducttesting.com.au\/about\/","name":"About - AWTA Product Testing","isPartOf":{"@id":"https:\/\/awtaproducttesting.com.au\/#website"},"primaryImageOfPage":{"@id":"https:\/\/awtaproducttesting.com.au\/about\/#primaryimage"},"image":{"@id":"https:\/\/awtaproducttesting.com.au\/about\/#primaryimage"},"thumbnailUrl":"https:\/\/awtaproducttesting.com.au\/app\/uploads\/2025\/11\/AS-1530.1.jpg","datePublished":"2025-07-04T03:07:56+00:00","dateModified":"2025-12-04T02:03:26+00:00","breadcrumb":{"@id":"https:\/\/awtaproducttesting.com.au\/about\/#breadcrumb"},"inLanguage":"fr-FR","potentialAction":[{"@type":"ReadAction","target":["https:\/\/awtaproducttesting.com.au\/about\/"]}]},{"@type":"ImageObject","inLanguage":"fr-FR","@id":"https:\/\/awtaproducttesting.com.au\/about\/#primaryimage","url":"https:\/\/awtaproducttesting.com.au\/app\/uploads\/2025\/11\/AS-1530.1.jpg","contentUrl":"https:\/\/awtaproducttesting.com.au\/app\/uploads\/2025\/11\/AS-1530.1.jpg"},{"@type":"BreadcrumbList","@id":"https:\/\/awtaproducttesting.com.au\/about\/#breadcrumb","itemListElement":[{"@type":"ListItem","position":1,"name":"Home","item":"https:\/\/awtaproducttesting.com.au\/"},{"@type":"ListItem","position":2,"name":"About"}]},{"@type":"WebSite","@id":"https:\/\/awtaproducttesting.com.au\/#website","url":"https:\/\/awtaproducttesting.com.au\/","name":"Tests de produits de l'AWTA","description":"","publisher":{"@id":"https:\/\/awtaproducttesting.com.au\/#organization"},"potentialAction":[{"@type":"SearchAction","target":{"@type":"EntryPoint","urlTemplate":"https:\/\/awtaproducttesting.com.au\/?s={search_term_string}"},"query-input":{"@type":"PropertyValueSpecification","valueRequired":true,"valueName":"search_term_string"}}],"inLanguage":"fr-FR"},{"@type":"Organization","@id":"https:\/\/awtaproducttesting.com.au\/#organization","name":"Tests de produits de l'AWTA","url":"https:\/\/awtaproducttesting.com.au\/","logo":{"@type":"ImageObject","inLanguage":"fr-FR","@id":"https:\/\/awtaproducttesting.com.au\/#\/schema\/logo\/image\/","url":"https:\/\/awtaproducttesting.com.au\/app\/uploads\/2025\/08\/PT-News-Banner-scaled.jpg","contentUrl":"https:\/\/awtaproducttesting.com.au\/app\/uploads\/2025\/08\/PT-News-Banner-scaled.jpg","width":2560,"height":1580,"caption":"AWTA Product Testing"},"image":{"@id":"https:\/\/awtaproducttesting.com.au\/#\/schema\/logo\/image\/"}}]}},"_links":{"self":[{"href":"https:\/\/awtaproducttesting.com.au\/fr\/wp-json\/wp\/v2\/pages\/37","targetHints":{"allow":["GET"]}}],"collection":[{"href":"https:\/\/awtaproducttesting.com.au\/fr\/wp-json\/wp\/v2\/pages"}],"about":[{"href":"https:\/\/awtaproducttesting.com.au\/fr\/wp-json\/wp\/v2\/types\/page"}],"author":[{"embeddable":true,"href":"https:\/\/awtaproducttesting.com.au\/fr\/wp-json\/wp\/v2\/users\/1"}],"replies":[{"embeddable":true,"href":"https:\/\/awtaproducttesting.com.au\/fr\/wp-json\/wp\/v2\/comments?post=37"}],"version-history":[{"count":73,"href":"https:\/\/awtaproducttesting.com.au\/fr\/wp-json\/wp\/v2\/pages\/37\/revisions"}],"predecessor-version":[{"id":3371,"href":"https:\/\/awtaproducttesting.com.au\/fr\/wp-json\/wp\/v2\/pages\/37\/revisions\/3371"}],"wp:attachment":[{"href":"https:\/\/awtaproducttesting.com.au\/fr\/wp-json\/wp\/v2\/media?parent=37"}],"curies":[{"name":"wp","href":"https:\/\/api.w.org\/{rel}","templated":true}]}}