{"id":39,"date":"2025-07-04T03:08:05","date_gmt":"2025-07-04T03:08:05","guid":{"rendered":"https:\/\/awtaproducttesting.swim.net.au\/?page_id=39"},"modified":"2025-10-28T02:41:04","modified_gmt":"2025-10-28T02:41:04","slug":"services","status":"publish","type":"page","link":"https:\/\/awtaproducttesting.com.au\/fr\/services\/","title":{"rendered":"Services"},"content":{"rendered":"<div class=\"wp-block-group is-style-boxed is-layout-constrained wp-block-group-is-layout-constrained\">\n<div class=\"wp-block-columns is-layout-flex wp-container-core-columns-is-layout-9d6595d7 wp-block-columns-is-layout-flex\">\n<div class=\"wp-block-column is-vertically-aligned-center is-layout-flow wp-block-column-is-layout-flow\">\n<h2 class=\"wp-block-heading\">B\u00e2timent et construction<\/h2>\n\n\n\n<div style=\"height:20px\" aria-hidden=\"true\" class=\"wp-block-spacer\"><\/div>\n\n\n\n<p>Les essais de produits de l'AWTA offrent une gamme de services portant sur les performances en mati\u00e8re de r\u00e9sistance au feu, de r\u00e9sistance thermique, de r\u00e9sistance physique, de r\u00e9sistance chimique et de r\u00e9sistance aux intemp\u00e9ries pour toute une s\u00e9rie de mat\u00e9riaux de construction et d'industries, dont les suivantes<\/p>\n\n\n\n<ul class=\"wp-block-list\">\n<li>Code national de la construction (CNC) Performance en mati\u00e8re d'incendie<\/li>\n\n\n\n<li>Performance thermique<\/li>\n\n\n\n<li>Classification des membranes souples<\/li>\n\n\n\n<li>Niveau d'attaque du feu de brousse (BAL)<\/li>\n\n\n\n<li>Conduits flexibles et rigides<\/li>\n\n\n\n<li>R\u00e9sistance au glissement des rev\u00eatements de sol<\/li>\n<\/ul>\n\n\n\n<div class=\"wp-block-buttons is-layout-flex wp-block-buttons-is-layout-flex\">\n<div class=\"wp-block-button\"><a class=\"wp-block-button__link wp-element-button\" href=\"\/fr\/services\/by-industry\/building-construction\/\">Lire la suite<\/a><\/div>\n<\/div>\n<\/div>\n\n\n\n<div class=\"wp-block-column is-vertically-aligned-center is-layout-flow wp-block-column-is-layout-flow\">\n<figure class=\"wp-block-image size-full\"><img loading=\"lazy\" decoding=\"async\" width=\"551\" height=\"367\" src=\"https:\/\/awtaproducttesting.com.au\/app\/uploads\/2025\/08\/Current-Fees-Header-Image.png\" alt=\"\" class=\"wp-image-734\" srcset=\"https:\/\/awtaproducttesting.com.au\/app\/uploads\/2025\/08\/Current-Fees-Header-Image.png 551w, https:\/\/awtaproducttesting.com.au\/app\/uploads\/2025\/08\/Current-Fees-Header-Image-300x200.png 300w\" sizes=\"auto, (max-width: 551px) 100vw, 551px\" \/><\/figure>\n<\/div>\n<\/div>\n<\/div>\n\n\n\n<div class=\"wp-block-group is-style-boxed is-layout-constrained wp-block-group-is-layout-constrained\">\n<div class=\"wp-block-columns is-layout-flex wp-container-core-columns-is-layout-9d6595d7 wp-block-columns-is-layout-flex\">\n<div class=\"wp-block-column is-vertically-aligned-center is-layout-flow wp-block-column-is-layout-flow\">\n<figure class=\"wp-block-image size-full\"><img loading=\"lazy\" decoding=\"async\" width=\"1185\" height=\"1190\" src=\"https:\/\/awtaproducttesting.com.au\/app\/uploads\/2025\/10\/textiles-hanger.jpg\" alt=\"\" class=\"wp-image-2054\" srcset=\"https:\/\/awtaproducttesting.com.au\/app\/uploads\/2025\/10\/textiles-hanger.jpg 1185w, https:\/\/awtaproducttesting.com.au\/app\/uploads\/2025\/10\/textiles-hanger-300x300.jpg 300w, https:\/\/awtaproducttesting.com.au\/app\/uploads\/2025\/10\/textiles-hanger-1020x1024.jpg 1020w, https:\/\/awtaproducttesting.com.au\/app\/uploads\/2025\/10\/textiles-hanger-150x150.jpg 150w, https:\/\/awtaproducttesting.com.au\/app\/uploads\/2025\/10\/textiles-hanger-768x771.jpg 768w, https:\/\/awtaproducttesting.com.au\/app\/uploads\/2025\/10\/textiles-hanger-12x12.jpg 12w\" sizes=\"auto, (max-width: 1185px) 100vw, 1185px\" \/><\/figure>\n<\/div>\n\n\n\n<div class=\"wp-block-column is-vertically-aligned-center is-layout-flow wp-block-column-is-layout-flow\">\n<h2 class=\"wp-block-heading\">Textiles et habillement<\/h2>\n\n\n\n<div style=\"height:20px\" aria-hidden=\"true\" class=\"wp-block-spacer\"><\/div>\n\n\n\n<p><strong>AWTA<\/strong>&nbsp;Product Testing fournit des services d'essai de pointe pour les produits textiles, garantissant des r\u00e9sultats rapides, pr\u00e9cis et fiables.<\/p>\n\n\n\n<p>Nous menons une gamme compl\u00e8te de&nbsp;<strong>essais physiques, chimiques, optiques et d'inflammabilit\u00e9<\/strong>, Tous les travaux ont \u00e9t\u00e9 r\u00e9alis\u00e9s dans le but de satisfaire \u00e0 la fois aux exigences de l'Union europ\u00e9enne et \u00e0 celles de l'Union europ\u00e9enne.&nbsp;<strong>normes nationales et internationales<\/strong>. Nos essais contribuent \u00e0 la conformit\u00e9, \u00e0 la validation des performances et \u00e0 l'assurance qualit\u00e9 dans un large \u00e9ventail d'applications textiles.<\/p>\n\n\n\n<div class=\"wp-block-buttons is-layout-flex wp-block-buttons-is-layout-flex\">\n<div class=\"wp-block-button\"><a class=\"wp-block-button__link wp-element-button\" href=\"\/fr\/services\/by-industry\/textiles-and-apparel\/\">Lire la suite<\/a><\/div>\n<\/div>\n<\/div>\n<\/div>\n<\/div>\n\n\n\n<div class=\"wp-block-group is-style-boxed is-layout-constrained wp-block-group-is-layout-constrained\">\n<div class=\"wp-block-columns is-layout-flex wp-container-core-columns-is-layout-9d6595d7 wp-block-columns-is-layout-flex\">\n<div class=\"wp-block-column is-vertically-aligned-center is-layout-flow wp-block-column-is-layout-flow\">\n<h2 class=\"wp-block-heading\">Transport et automobile<\/h2>\n\n\n\n<div style=\"height:20px\" aria-hidden=\"true\" class=\"wp-block-spacer\"><\/div>\n\n\n\n<p>AWTA Product Testing offre des services d'essai aux entreprises qui fournissent les industries automobile, a\u00e9rospatiale et marine.  En outre, nous proposons des essais de r\u00e9tror\u00e9flexion et des essais physiques sur les mat\u00e9riaux de signalisation routi\u00e8re.<\/p>\n\n\n\n<p>Les essais peuvent \u00eatre r\u00e9alis\u00e9s par rapport \u00e0 une s\u00e9rie de normes, notamment les normes OEM, la Society of Automotive Engineers (SAE), la Federal Aviation Regulation (FAR), l'Organisation maritime internationale (OMI), les normes internationales et les normes australiennes.<\/p>\n\n\n\n<div class=\"wp-block-buttons is-layout-flex wp-block-buttons-is-layout-flex\">\n<div class=\"wp-block-button\" id=\"show-agrifood\"><a class=\"wp-block-button__link wp-element-button\" href=\"\/fr\/services\/by-industry\/transport-and-automotive\/\">Lire la suite<\/a><\/div>\n<\/div>\n<\/div>\n\n\n\n<div class=\"wp-block-column is-vertically-aligned-center is-layout-flow wp-block-column-is-layout-flow\">\n<figure class=\"wp-block-image size-large\"><img loading=\"lazy\" decoding=\"async\" width=\"1024\" height=\"683\" src=\"https:\/\/awtaproducttesting.com.au\/app\/uploads\/2025\/08\/Automotive-3-1024x683.jpg\" alt=\"\" class=\"wp-image-1719\" srcset=\"https:\/\/awtaproducttesting.com.au\/app\/uploads\/2025\/08\/Automotive-3-1024x683.jpg 1024w, https:\/\/awtaproducttesting.com.au\/app\/uploads\/2025\/08\/Automotive-3-300x200.jpg 300w, https:\/\/awtaproducttesting.com.au\/app\/uploads\/2025\/08\/Automotive-3-768x513.jpg 768w, https:\/\/awtaproducttesting.com.au\/app\/uploads\/2025\/08\/Automotive-3-18x12.jpg 18w, https:\/\/awtaproducttesting.com.au\/app\/uploads\/2025\/08\/Automotive-3.jpg 1254w\" sizes=\"auto, (max-width: 1024px) 100vw, 1024px\" \/><\/figure>\n<\/div>\n<\/div>\n<\/div>\n\n\n\n<div class=\"wp-block-group is-style-boxed is-layout-constrained wp-block-group-is-layout-constrained\">\n<div class=\"wp-block-columns is-layout-flex wp-container-core-columns-is-layout-9d6595d7 wp-block-columns-is-layout-flex\">\n<div class=\"wp-block-column is-vertically-aligned-center is-layout-flow wp-block-column-is-layout-flow\">\n<figure class=\"wp-block-image size-full\"><img loading=\"lazy\" decoding=\"async\" width=\"551\" height=\"348\" src=\"https:\/\/awtaproducttesting.com.au\/app\/uploads\/2025\/08\/image-2.png\" alt=\"\" class=\"wp-image-735\" srcset=\"https:\/\/awtaproducttesting.com.au\/app\/uploads\/2025\/08\/image-2.png 551w, https:\/\/awtaproducttesting.com.au\/app\/uploads\/2025\/08\/image-2-300x189.png 300w\" sizes=\"auto, (max-width: 551px) 100vw, 551px\" \/><\/figure>\n<\/div>\n\n\n\n<div class=\"wp-block-column is-vertically-aligned-center is-layout-flow wp-block-column-is-layout-flow\">\n<h2 class=\"wp-block-heading\">Essais de s\u00e9curit\u00e9<\/h2>\n\n\n\n<div style=\"height:20px\" aria-hidden=\"true\" class=\"wp-block-spacer\"><\/div>\n\n\n\n<p>Lorem ipsum etc etc<\/p>\n\n\n\n<div class=\"wp-block-buttons is-layout-flex wp-block-buttons-is-layout-flex\">\n<div class=\"wp-block-button\"><a class=\"wp-block-button__link wp-element-button\" href=\"\/fr\/services\/by-industry\/general-testing\/\">Lire la suite<\/a><\/div>\n<\/div>\n<\/div>\n<\/div>\n<\/div>\n\n\n\n<div style=\"background-image:url(&apos;https:\/\/awtaproducttesting.com.au\/app\/uploads\/2025\/10\/soxhlet.jpg&apos;);background-size:cover;\" class=\"wp-block-group is-style-cta-banner is-layout-constrained wp-block-group-is-layout-constrained has-background\">\n<div class=\"wp-block-columns is-layout-flex wp-container-core-columns-is-layout-9d6595d7 wp-block-columns-is-layout-flex\">\n<div class=\"wp-block-column is-layout-flow wp-block-column-is-layout-flow\"><\/div>\n\n\n\n<div class=\"wp-block-column is-layout-flow wp-block-column-is-layout-flow\">\n<h2 class=\"wp-block-heading has-white-color has-text-color has-link-color wp-elements-5da85d329611642f77678892769369e0\">Pr\u00eat \u00e0 obtenir les services de test sp\u00e9cialis\u00e9s dont vous avez besoin ?<\/h2>\n\n\n\n<p class=\"has-white-color has-text-color has-link-color wp-elements-7f6be4cdc9fdca50e5aa459d5ef6791c\">Contactez-nous d\u00e8s aujourd'hui pour commencer.<\/p>\n\n\n\n<div class=\"wp-block-buttons is-layout-flex wp-block-buttons-is-layout-flex\">\n<div class=\"wp-block-button\"><a class=\"wp-block-button__link wp-element-button\" href=\"\/fr\/contact\/\">CONTACTEZ-NOUS<\/a><\/div>\n<\/div>\n<\/div>\n<\/div>\n<\/div>","protected":false},"excerpt":{"rendered":"<p>Building &amp; Construction AWTA Product Testing offers a range of services including fire, thermal, physical, chemical, and weathering performance across a range of b\u2026<\/p>","protected":false},"author":1,"featured_media":0,"parent":0,"menu_order":0,"comment_status":"closed","ping_status":"closed","template":"","meta":{"_acf_changed":false,"footnotes":""},"class_list":["post-39","page","type-page","status-publish","hentry"],"acf":[],"yoast_head":"<!-- This site is optimized with the Yoast SEO plugin v27.0 - https:\/\/yoast.com\/product\/yoast-seo-wordpress\/ -->\n<title>Services - AWTA Product Testing<\/title>\n<meta name=\"robots\" content=\"index, follow, max-snippet:-1, max-image-preview:large, max-video-preview:-1\" \/>\n<link rel=\"canonical\" href=\"https:\/\/awtaproducttesting.com.au\/fr\/services\/\" \/>\n<meta property=\"og:locale\" content=\"fr_FR\" \/>\n<meta property=\"og:type\" content=\"article\" \/>\n<meta property=\"og:title\" content=\"Services - AWTA Product Testing\" \/>\n<meta property=\"og:description\" content=\"Building &amp; Construction AWTA Product Testing offers a range of services including fire, thermal, physical, chemical, and weathering performance across a range of b\u2026\" \/>\n<meta property=\"og:url\" content=\"https:\/\/awtaproducttesting.com.au\/fr\/services\/\" \/>\n<meta property=\"og:site_name\" content=\"AWTA Product Testing\" \/>\n<meta property=\"article:modified_time\" content=\"2025-10-28T02:41:04+00:00\" \/>\n<meta property=\"og:image\" content=\"https:\/\/awtaproducttesting.com.au\/app\/uploads\/2025\/08\/Current-Fees-Header-Image.png\" \/>\n\t<meta property=\"og:image:width\" content=\"551\" \/>\n\t<meta property=\"og:image:height\" content=\"367\" \/>\n\t<meta property=\"og:image:type\" content=\"image\/png\" \/>\n<meta name=\"twitter:card\" content=\"summary_large_image\" \/>\n<meta name=\"twitter:label1\" content=\"Est. reading time\" \/>\n\t<meta name=\"twitter:data1\" content=\"1 minute\" \/>\n<script type=\"application\/ld+json\" class=\"yoast-schema-graph\">{\"@context\":\"https:\/\/schema.org\",\"@graph\":[{\"@type\":\"WebPage\",\"@id\":\"https:\/\/awtaproducttesting.com.au\/services\/\",\"url\":\"https:\/\/awtaproducttesting.com.au\/services\/\",\"name\":\"Services - AWTA Product Testing\",\"isPartOf\":{\"@id\":\"https:\/\/awtaproducttesting.com.au\/#website\"},\"primaryImageOfPage\":{\"@id\":\"https:\/\/awtaproducttesting.com.au\/services\/#primaryimage\"},\"image\":{\"@id\":\"https:\/\/awtaproducttesting.com.au\/services\/#primaryimage\"},\"thumbnailUrl\":\"https:\/\/awtaproducttesting.com.au\/app\/uploads\/2025\/08\/Current-Fees-Header-Image.png\",\"datePublished\":\"2025-07-04T03:08:05+00:00\",\"dateModified\":\"2025-10-28T02:41:04+00:00\",\"breadcrumb\":{\"@id\":\"https:\/\/awtaproducttesting.com.au\/services\/#breadcrumb\"},\"inLanguage\":\"fr-FR\",\"potentialAction\":[{\"@type\":\"ReadAction\",\"target\":[\"https:\/\/awtaproducttesting.com.au\/services\/\"]}]},{\"@type\":\"ImageObject\",\"inLanguage\":\"fr-FR\",\"@id\":\"https:\/\/awtaproducttesting.com.au\/services\/#primaryimage\",\"url\":\"https:\/\/awtaproducttesting.com.au\/app\/uploads\/2025\/08\/Current-Fees-Header-Image.png\",\"contentUrl\":\"https:\/\/awtaproducttesting.com.au\/app\/uploads\/2025\/08\/Current-Fees-Header-Image.png\"},{\"@type\":\"BreadcrumbList\",\"@id\":\"https:\/\/awtaproducttesting.com.au\/services\/#breadcrumb\",\"itemListElement\":[{\"@type\":\"ListItem\",\"position\":1,\"name\":\"Home\",\"item\":\"https:\/\/awtaproducttesting.com.au\/\"},{\"@type\":\"ListItem\",\"position\":2,\"name\":\"Services\"}]},{\"@type\":\"WebSite\",\"@id\":\"https:\/\/awtaproducttesting.com.au\/#website\",\"url\":\"https:\/\/awtaproducttesting.com.au\/\",\"name\":\"AWTA Product Testing\",\"description\":\"\",\"publisher\":{\"@id\":\"https:\/\/awtaproducttesting.com.au\/#organization\"},\"potentialAction\":[{\"@type\":\"SearchAction\",\"target\":{\"@type\":\"EntryPoint\",\"urlTemplate\":\"https:\/\/awtaproducttesting.com.au\/?s={search_term_string}\"},\"query-input\":{\"@type\":\"PropertyValueSpecification\",\"valueRequired\":true,\"valueName\":\"search_term_string\"}}],\"inLanguage\":\"fr-FR\"},{\"@type\":\"Organization\",\"@id\":\"https:\/\/awtaproducttesting.com.au\/#organization\",\"name\":\"AWTA Product Testing\",\"url\":\"https:\/\/awtaproducttesting.com.au\/\",\"logo\":{\"@type\":\"ImageObject\",\"inLanguage\":\"fr-FR\",\"@id\":\"https:\/\/awtaproducttesting.com.au\/#\/schema\/logo\/image\/\",\"url\":\"https:\/\/awtaproducttesting.com.au\/app\/uploads\/2025\/08\/PT-News-Banner-scaled.jpg\",\"contentUrl\":\"https:\/\/awtaproducttesting.com.au\/app\/uploads\/2025\/08\/PT-News-Banner-scaled.jpg\",\"width\":2560,\"height\":1580,\"caption\":\"AWTA Product Testing\"},\"image\":{\"@id\":\"https:\/\/awtaproducttesting.com.au\/#\/schema\/logo\/image\/\"}}]}<\/script>\n<!-- \/ Yoast SEO plugin. -->","yoast_head_json":{"title":"Services - AWTA Product Testing","robots":{"index":"index","follow":"follow","max-snippet":"max-snippet:-1","max-image-preview":"max-image-preview:large","max-video-preview":"max-video-preview:-1"},"canonical":"https:\/\/awtaproducttesting.com.au\/fr\/services\/","og_locale":"fr_FR","og_type":"article","og_title":"Services - AWTA Product Testing","og_description":"Building &amp; Construction AWTA Product Testing offers a range of services including fire, thermal, physical, chemical, and weathering performance across a range of b\u2026","og_url":"https:\/\/awtaproducttesting.com.au\/fr\/services\/","og_site_name":"AWTA Product Testing","article_modified_time":"2025-10-28T02:41:04+00:00","og_image":[{"width":551,"height":367,"url":"https:\/\/awtaproducttesting.com.au\/app\/uploads\/2025\/08\/Current-Fees-Header-Image.png","type":"image\/png"}],"twitter_card":"summary_large_image","twitter_misc":{"Est. reading time":"1 minute"},"schema":{"@context":"https:\/\/schema.org","@graph":[{"@type":"WebPage","@id":"https:\/\/awtaproducttesting.com.au\/services\/","url":"https:\/\/awtaproducttesting.com.au\/services\/","name":"Services - AWTA Product Testing","isPartOf":{"@id":"https:\/\/awtaproducttesting.com.au\/#website"},"primaryImageOfPage":{"@id":"https:\/\/awtaproducttesting.com.au\/services\/#primaryimage"},"image":{"@id":"https:\/\/awtaproducttesting.com.au\/services\/#primaryimage"},"thumbnailUrl":"https:\/\/awtaproducttesting.com.au\/app\/uploads\/2025\/08\/Current-Fees-Header-Image.png","datePublished":"2025-07-04T03:08:05+00:00","dateModified":"2025-10-28T02:41:04+00:00","breadcrumb":{"@id":"https:\/\/awtaproducttesting.com.au\/services\/#breadcrumb"},"inLanguage":"fr-FR","potentialAction":[{"@type":"ReadAction","target":["https:\/\/awtaproducttesting.com.au\/services\/"]}]},{"@type":"ImageObject","inLanguage":"fr-FR","@id":"https:\/\/awtaproducttesting.com.au\/services\/#primaryimage","url":"https:\/\/awtaproducttesting.com.au\/app\/uploads\/2025\/08\/Current-Fees-Header-Image.png","contentUrl":"https:\/\/awtaproducttesting.com.au\/app\/uploads\/2025\/08\/Current-Fees-Header-Image.png"},{"@type":"BreadcrumbList","@id":"https:\/\/awtaproducttesting.com.au\/services\/#breadcrumb","itemListElement":[{"@type":"ListItem","position":1,"name":"Home","item":"https:\/\/awtaproducttesting.com.au\/"},{"@type":"ListItem","position":2,"name":"Services"}]},{"@type":"WebSite","@id":"https:\/\/awtaproducttesting.com.au\/#website","url":"https:\/\/awtaproducttesting.com.au\/","name":"Tests de produits de l'AWTA","description":"","publisher":{"@id":"https:\/\/awtaproducttesting.com.au\/#organization"},"potentialAction":[{"@type":"SearchAction","target":{"@type":"EntryPoint","urlTemplate":"https:\/\/awtaproducttesting.com.au\/?s={search_term_string}"},"query-input":{"@type":"PropertyValueSpecification","valueRequired":true,"valueName":"search_term_string"}}],"inLanguage":"fr-FR"},{"@type":"Organization","@id":"https:\/\/awtaproducttesting.com.au\/#organization","name":"Tests de produits de l'AWTA","url":"https:\/\/awtaproducttesting.com.au\/","logo":{"@type":"ImageObject","inLanguage":"fr-FR","@id":"https:\/\/awtaproducttesting.com.au\/#\/schema\/logo\/image\/","url":"https:\/\/awtaproducttesting.com.au\/app\/uploads\/2025\/08\/PT-News-Banner-scaled.jpg","contentUrl":"https:\/\/awtaproducttesting.com.au\/app\/uploads\/2025\/08\/PT-News-Banner-scaled.jpg","width":2560,"height":1580,"caption":"AWTA Product Testing"},"image":{"@id":"https:\/\/awtaproducttesting.com.au\/#\/schema\/logo\/image\/"}}]}},"_links":{"self":[{"href":"https:\/\/awtaproducttesting.com.au\/fr\/wp-json\/wp\/v2\/pages\/39","targetHints":{"allow":["GET"]}}],"collection":[{"href":"https:\/\/awtaproducttesting.com.au\/fr\/wp-json\/wp\/v2\/pages"}],"about":[{"href":"https:\/\/awtaproducttesting.com.au\/fr\/wp-json\/wp\/v2\/types\/page"}],"author":[{"embeddable":true,"href":"https:\/\/awtaproducttesting.com.au\/fr\/wp-json\/wp\/v2\/users\/1"}],"replies":[{"embeddable":true,"href":"https:\/\/awtaproducttesting.com.au\/fr\/wp-json\/wp\/v2\/comments?post=39"}],"version-history":[{"count":75,"href":"https:\/\/awtaproducttesting.com.au\/fr\/wp-json\/wp\/v2\/pages\/39\/revisions"}],"predecessor-version":[{"id":2792,"href":"https:\/\/awtaproducttesting.com.au\/fr\/wp-json\/wp\/v2\/pages\/39\/revisions\/2792"}],"wp:attachment":[{"href":"https:\/\/awtaproducttesting.com.au\/fr\/wp-json\/wp\/v2\/media?parent=39"}],"curies":[{"name":"wp","href":"https:\/\/api.w.org\/{rel}","templated":true}]}}