{"id":629,"date":"2025-08-11T02:19:24","date_gmt":"2025-08-11T02:19:24","guid":{"rendered":"https:\/\/awtaproducttesting.swim.net.au\/?page_id=629"},"modified":"2025-12-04T02:05:41","modified_gmt":"2025-12-04T02:05:41","slug":"building-construction","status":"publish","type":"page","link":"https:\/\/awtaproducttesting.com.au\/fr\/services\/by-industry\/building-construction\/","title":{"rendered":"Industrie du b\u00e2timent et de la construction"},"content":{"rendered":"<div class=\"wp-block-group is-style-boxed is-layout-constrained wp-block-group-is-layout-constrained\">\n<div class=\"wp-block-columns is-layout-flex wp-container-core-columns-is-layout-9d6595d7 wp-block-columns-is-layout-flex\">\n<div class=\"wp-block-column is-vertically-aligned-center is-layout-constrained wp-block-column-is-layout-constrained\">\n<p>AWTA Product Testing offre une gamme de services comprenant les performances incendie, thermiques, physiques, chimiques et m\u00e9t\u00e9orologiques pour toute une s\u00e9rie de mat\u00e9riaux de construction et d'industries, y compris les performances incendie du Code national de la construction (NCC), les performances thermiques, la classification des membranes souples, le niveau d'attaque des feux de brousse (BAL), les conduits flexibles et rigides, la r\u00e9sistance au glissement des rev\u00eatements de sol.<\/p>\n<\/div>\n\n\n\n<div class=\"wp-block-column is-layout-flow wp-block-column-is-layout-flow\">\n<figure class=\"wp-block-image size-full\"><img loading=\"lazy\" decoding=\"async\" width=\"877\" height=\"585\" src=\"https:\/\/awtaproducttesting.com.au\/app\/uploads\/2025\/11\/Building-Image-AR-25-1.jpg\" alt=\"\" class=\"wp-image-2877\" srcset=\"https:\/\/awtaproducttesting.com.au\/app\/uploads\/2025\/11\/Building-Image-AR-25-1.jpg 877w, https:\/\/awtaproducttesting.com.au\/app\/uploads\/2025\/11\/Building-Image-AR-25-1-300x200.jpg 300w, https:\/\/awtaproducttesting.com.au\/app\/uploads\/2025\/11\/Building-Image-AR-25-1-768x512.jpg 768w, https:\/\/awtaproducttesting.com.au\/app\/uploads\/2025\/11\/Building-Image-AR-25-1-18x12.jpg 18w\" sizes=\"auto, (max-width: 877px) 100vw, 877px\" \/><\/figure>\n<\/div>\n<\/div>\n<\/div>\n\n\n\n<div class=\"wp-block-group is-style-carousel has-light-gray-background-color has-background is-layout-constrained wp-block-group-is-layout-constrained\">\n<p>AWTA Product Testing est le leader australien des tests de conformit\u00e9. <br>Nous pouvons vous aider \u00e0 mettre votre produit sur le march\u00e9 de mani\u00e8re rapide, responsable et efficace. <br>\u00e9conomiquement pour que votre entreprise progresse constamment.<\/p>\n\n\n\n<div class=\"carousel-slider-outer carousel-slider-outer-image-carousel carousel-slider-outer-767\" style=\"--carousel-slider-nav-color:rgb(221,51,51);--carousel-slider-active-nav-color:rgb(221,90,90);--carousel-slider-arrow-size:48px;--carousel-slider-bullet-size:10px\">\n<div id=\"&#039;id-767\" class=\"carousel-slider carousel-slider-767 arrows-visibility-always dots-visibility-never arrows-outside dots-center dots-circle owl-carousel\" data-slide-type=\"image-carousel\" data-owl-settings='{\"nav\":true,\"dots\":false,\"slideBy\":1,\"stagePadding\":30,\"margin\":10,\"loop\":false,\"lazyLoad\":false,\"autoplay\":false,\"autoplayTimeout\":5000,\"autoplaySpeed\":500,\"autoplayHoverPause\":false,\"autoWidth\":true,\"responsive\":{\"300\":{\"items\":1},\"576\":{\"items\":2},\"768\":{\"items\":2},\"1024\":{\"items\":3},\"1280\":{\"items\":4},\"1536\":{\"items\":5}}}'>\n<div class=\"carousel-slider__item\">\n\t<a href=\"https:\/\/awtaproducttesting.com.au\/fr\/services\/by-industry\/building-construction\/national-construction-code-ncc-fire-performance\/\" target=\"_blank\"><img loading=\"lazy\" decoding=\"async\" width=\"208\" height=\"300\" src=\"https:\/\/awtaproducttesting.com.au\/app\/uploads\/2025\/08\/AdobeStock_42110010-208x300.jpeg\" class=\"attachment-medium size-medium\" alt=\"\" srcset=\"https:\/\/awtaproducttesting.com.au\/app\/uploads\/2025\/08\/AdobeStock_42110010-208x300.jpeg 208w, https:\/\/awtaproducttesting.com.au\/app\/uploads\/2025\/08\/AdobeStock_42110010-710x1024.jpeg 710w, https:\/\/awtaproducttesting.com.au\/app\/uploads\/2025\/08\/AdobeStock_42110010-768x1108.jpeg 768w, https:\/\/awtaproducttesting.com.au\/app\/uploads\/2025\/08\/AdobeStock_42110010-1065x1536.jpeg 1065w, https:\/\/awtaproducttesting.com.au\/app\/uploads\/2025\/08\/AdobeStock_42110010-1419x2048.jpeg 1419w, https:\/\/awtaproducttesting.com.au\/app\/uploads\/2025\/08\/AdobeStock_42110010-8x12.jpeg 8w, https:\/\/awtaproducttesting.com.au\/app\/uploads\/2025\/08\/AdobeStock_42110010-scaled.jpeg 1774w\" sizes=\"auto, (max-width: 208px) 100vw, 208px\" \/><div class=\"carousel-slider__caption\"><h4 class=\"title\">Code national de la construction (CNC) Performance en mati\u00e8re d'incendie<\/h4><p class=\"caption\"><\/p><\/div><\/a><\/div>\n\n<div class=\"carousel-slider__item\">\n\t<a href=\"https:\/\/awtaproducttesting.com.au\/fr\/services\/by-industry\/building-construction\/thermal-performance\/\" target=\"_blank\"><img loading=\"lazy\" decoding=\"async\" width=\"300\" height=\"205\" src=\"https:\/\/awtaproducttesting.com.au\/app\/uploads\/2025\/08\/AdobeStock_405106381-300x205.jpeg\" class=\"attachment-medium size-medium\" alt=\"\" srcset=\"https:\/\/awtaproducttesting.com.au\/app\/uploads\/2025\/08\/AdobeStock_405106381-300x205.jpeg 300w, https:\/\/awtaproducttesting.com.au\/app\/uploads\/2025\/08\/AdobeStock_405106381-1024x701.jpeg 1024w, https:\/\/awtaproducttesting.com.au\/app\/uploads\/2025\/08\/AdobeStock_405106381-768x525.jpeg 768w, https:\/\/awtaproducttesting.com.au\/app\/uploads\/2025\/08\/AdobeStock_405106381-1536x1051.jpeg 1536w, https:\/\/awtaproducttesting.com.au\/app\/uploads\/2025\/08\/AdobeStock_405106381-2048x1401.jpeg 2048w, https:\/\/awtaproducttesting.com.au\/app\/uploads\/2025\/08\/AdobeStock_405106381-18x12.jpeg 18w, https:\/\/awtaproducttesting.com.au\/app\/uploads\/2025\/08\/AdobeStock_405106381-scaled.jpeg 2560w\" sizes=\"auto, (max-width: 300px) 100vw, 300px\" \/><div class=\"carousel-slider__caption\"><h4 class=\"title\">Performance thermique<\/h4><p class=\"caption\"><\/p><\/div><\/a><\/div>\n\n<div class=\"carousel-slider__item\">\n\t<a href=\"https:\/\/awtaproducttesting.com.au\/fr\/services\/by-industry\/building-construction\/pliable-building-membrane\/\" target=\"_blank\"><img loading=\"lazy\" decoding=\"async\" width=\"300\" height=\"280\" src=\"https:\/\/awtaproducttesting.com.au\/app\/uploads\/2025\/08\/PBM-insulation-300x280.jpg\" class=\"attachment-medium size-medium\" alt=\"\" srcset=\"https:\/\/awtaproducttesting.com.au\/app\/uploads\/2025\/08\/PBM-insulation-300x280.jpg 300w, https:\/\/awtaproducttesting.com.au\/app\/uploads\/2025\/08\/PBM-insulation-1024x956.jpg 1024w, https:\/\/awtaproducttesting.com.au\/app\/uploads\/2025\/08\/PBM-insulation-768x717.jpg 768w, https:\/\/awtaproducttesting.com.au\/app\/uploads\/2025\/08\/PBM-insulation-1536x1435.jpg 1536w, https:\/\/awtaproducttesting.com.au\/app\/uploads\/2025\/08\/PBM-insulation-2048x1913.jpg 2048w, https:\/\/awtaproducttesting.com.au\/app\/uploads\/2025\/08\/PBM-insulation-13x12.jpg 13w, https:\/\/awtaproducttesting.com.au\/app\/uploads\/2025\/08\/PBM-insulation-scaled.jpg 2560w\" sizes=\"auto, (max-width: 300px) 100vw, 300px\" \/><div class=\"carousel-slider__caption\"><h4 class=\"title\">Membrane de construction souple<\/h4><p class=\"caption\"><\/p><\/div><\/a><\/div>\n\n<div class=\"carousel-slider__item\">\n\t<a href=\"https:\/\/awtaproducttesting.com.au\/fr\/services\/by-industry\/building-construction\/bushfire-attack-level-bal\/\" target=\"_blank\"><img loading=\"lazy\" decoding=\"async\" width=\"300\" height=\"173\" src=\"https:\/\/awtaproducttesting.com.au\/app\/uploads\/2025\/08\/AdobeStock_175403123-300x173.jpeg\" class=\"attachment-medium size-medium\" alt=\"\" srcset=\"https:\/\/awtaproducttesting.com.au\/app\/uploads\/2025\/08\/AdobeStock_175403123-300x173.jpeg 300w, https:\/\/awtaproducttesting.com.au\/app\/uploads\/2025\/08\/AdobeStock_175403123-1024x590.jpeg 1024w, https:\/\/awtaproducttesting.com.au\/app\/uploads\/2025\/08\/AdobeStock_175403123-768x443.jpeg 768w, https:\/\/awtaproducttesting.com.au\/app\/uploads\/2025\/08\/AdobeStock_175403123-1536x886.jpeg 1536w, https:\/\/awtaproducttesting.com.au\/app\/uploads\/2025\/08\/AdobeStock_175403123-2048x1181.jpeg 2048w, https:\/\/awtaproducttesting.com.au\/app\/uploads\/2025\/08\/AdobeStock_175403123-18x10.jpeg 18w, https:\/\/awtaproducttesting.com.au\/app\/uploads\/2025\/08\/AdobeStock_175403123-scaled.jpeg 2560w\" sizes=\"auto, (max-width: 300px) 100vw, 300px\" \/><div class=\"carousel-slider__caption\"><h4 class=\"title\">Niveau d'attaque du feu de brousse (BAL)<\/h4><p class=\"caption\"><\/p><\/div><\/a><\/div>\n\n<div class=\"carousel-slider__item\">\n\t<a href=\"https:\/\/awtaproducttesting.com.au\/fr\/services\/by-industry\/building-construction\/flexible-and-rigid-ducting\/\" target=\"_blank\"><img loading=\"lazy\" decoding=\"async\" width=\"300\" height=\"280\" src=\"https:\/\/awtaproducttesting.com.au\/app\/uploads\/2025\/08\/Flexible-Ducting-300x280.jpg\" class=\"attachment-medium size-medium\" alt=\"\" srcset=\"https:\/\/awtaproducttesting.com.au\/app\/uploads\/2025\/08\/Flexible-Ducting-300x280.jpg 300w, https:\/\/awtaproducttesting.com.au\/app\/uploads\/2025\/08\/Flexible-Ducting-1024x956.jpg 1024w, https:\/\/awtaproducttesting.com.au\/app\/uploads\/2025\/08\/Flexible-Ducting-768x717.jpg 768w, https:\/\/awtaproducttesting.com.au\/app\/uploads\/2025\/08\/Flexible-Ducting-1536x1434.jpg 1536w, https:\/\/awtaproducttesting.com.au\/app\/uploads\/2025\/08\/Flexible-Ducting-2048x1912.jpg 2048w, https:\/\/awtaproducttesting.com.au\/app\/uploads\/2025\/08\/Flexible-Ducting-13x12.jpg 13w, https:\/\/awtaproducttesting.com.au\/app\/uploads\/2025\/08\/Flexible-Ducting-scaled.jpg 2560w\" sizes=\"auto, (max-width: 300px) 100vw, 300px\" \/><div class=\"carousel-slider__caption\"><h4 class=\"title\">Conduits flexibles et rigides<\/h4><p class=\"caption\"><\/p><\/div><\/a><\/div>\n\n<div class=\"carousel-slider__item\">\n\t<a href=\"https:\/\/awtaproducttesting.com.au\/fr\/services\/by-industry\/building-construction\/slip-resistance-of-flooring\/\" target=\"_blank\"><img loading=\"lazy\" decoding=\"async\" width=\"300\" height=\"199\" src=\"https:\/\/awtaproducttesting.com.au\/app\/uploads\/2025\/08\/Flooring-1-300x199.jpg\" class=\"attachment-medium size-medium\" alt=\"\" srcset=\"https:\/\/awtaproducttesting.com.au\/app\/uploads\/2025\/08\/Flooring-1-300x199.jpg 300w, https:\/\/awtaproducttesting.com.au\/app\/uploads\/2025\/08\/Flooring-1-1024x680.jpg 1024w, https:\/\/awtaproducttesting.com.au\/app\/uploads\/2025\/08\/Flooring-1-768x510.jpg 768w, https:\/\/awtaproducttesting.com.au\/app\/uploads\/2025\/08\/Flooring-1-18x12.jpg 18w, https:\/\/awtaproducttesting.com.au\/app\/uploads\/2025\/08\/Flooring-1.jpg 1257w\" sizes=\"auto, (max-width: 300px) 100vw, 300px\" \/><div class=\"carousel-slider__caption\"><h4 class=\"title\">R\u00e9sistance au glissement des rev\u00eatements de sol<\/h4><p class=\"caption\"><\/p><\/div><\/a><\/div>\n\n<div class=\"carousel-slider__item\">\n\t<a href=\"https:\/\/awtaproducttesting.com.au\/fr\/services\/by-industry\/building-construction\/graffiti-management\/\" target=\"_blank\"><img loading=\"lazy\" decoding=\"async\" width=\"300\" height=\"200\" src=\"https:\/\/awtaproducttesting.com.au\/app\/uploads\/2025\/09\/A-yellow-subway-train-car-covered-in-vibrant-graffiti-art-stands-at-a-station-platform-with-overhead-lighting.-Berlin-Germany.-28-March-2025-300x200.jpg\" class=\"attachment-medium size-medium\" alt=\"\" srcset=\"https:\/\/awtaproducttesting.com.au\/app\/uploads\/2025\/09\/A-yellow-subway-train-car-covered-in-vibrant-graffiti-art-stands-at-a-station-platform-with-overhead-lighting.-Berlin-Germany.-28-March-2025-300x200.jpg 300w, https:\/\/awtaproducttesting.com.au\/app\/uploads\/2025\/09\/A-yellow-subway-train-car-covered-in-vibrant-graffiti-art-stands-at-a-station-platform-with-overhead-lighting.-Berlin-Germany.-28-March-2025-18x12.jpg 18w, https:\/\/awtaproducttesting.com.au\/app\/uploads\/2025\/09\/A-yellow-subway-train-car-covered-in-vibrant-graffiti-art-stands-at-a-station-platform-with-overhead-lighting.-Berlin-Germany.-28-March-2025.jpg 540w\" sizes=\"auto, (max-width: 300px) 100vw, 300px\" \/><div class=\"carousel-slider__caption\"><h4 class=\"title\">Gestion des graffitis<\/h4><p class=\"caption\"><\/p><\/div><\/a><\/div>\n\n<\/div><!-- .carousel-slider-767 -->\n<\/div><!-- .carousel-slider-outer-767 -->\n\n<\/div>\n\n\n\n<div style=\"background-image:url(&apos;https:\/\/awtaproducttesting.com.au\/app\/uploads\/2025\/10\/soxhlet.jpg&apos;);background-size:cover;\" class=\"wp-block-group is-style-cta-banner is-layout-constrained wp-block-group-is-layout-constrained has-background\">\n<div class=\"wp-block-columns is-layout-flex wp-container-core-columns-is-layout-9d6595d7 wp-block-columns-is-layout-flex\">\n<div class=\"wp-block-column is-layout-flow wp-block-column-is-layout-flow\"><\/div>\n\n\n\n<div class=\"wp-block-column is-layout-flow wp-block-column-is-layout-flow\" style=\"flex-basis:689px\">\n<h2 class=\"wp-block-heading has-white-color has-text-color has-link-color wp-elements-5586e978f21db730a2e82c7bd8601a6b\">Pr\u00eat \u00e0 b\u00e9n\u00e9ficier des services d'essais de produits sp\u00e9cialis\u00e9s dont vous avez besoin ?<\/h2>\n\n\n\n<p class=\"has-white-color has-text-color has-link-color wp-elements-7f6be4cdc9fdca50e5aa459d5ef6791c\">Contactez-nous d\u00e8s aujourd'hui pour commencer.<\/p>\n\n\n\n<div class=\"wp-block-buttons is-layout-flex wp-block-buttons-is-layout-flex\">\n<div class=\"wp-block-button\"><a class=\"wp-block-button__link wp-element-button\" href=\"\/fr\/contact\/\">Nous contacter<\/a><\/div>\n<\/div>\n<\/div>\n<\/div>\n\n\n\n<p><\/p>\n<\/div>","protected":false},"excerpt":{"rendered":"<p>AWTA Product Testing offers a range of services including fire, thermal, physical, chemical, and weathering performance across a range of building materials and indust\u2026<\/p>","protected":false},"author":1,"featured_media":0,"parent":1042,"menu_order":0,"comment_status":"closed","ping_status":"closed","template":"","meta":{"_acf_changed":false,"footnotes":""},"class_list":["post-629","page","type-page","status-publish","hentry"],"acf":[],"yoast_head":"<!-- This site is optimized with the Yoast SEO plugin v27.0 - https:\/\/yoast.com\/product\/yoast-seo-wordpress\/ -->\n<title>Building &amp; Construction Industry - AWTA Product Testing<\/title>\n<meta name=\"robots\" content=\"index, follow, max-snippet:-1, max-image-preview:large, max-video-preview:-1\" \/>\n<link rel=\"canonical\" href=\"https:\/\/awtaproducttesting.com.au\/fr\/services\/by-industry\/building-construction\/\" \/>\n<meta property=\"og:locale\" content=\"fr_FR\" \/>\n<meta property=\"og:type\" content=\"article\" \/>\n<meta property=\"og:title\" content=\"Building &amp; Construction Industry - AWTA Product Testing\" \/>\n<meta property=\"og:description\" content=\"AWTA Product Testing offers a range of services including fire, thermal, physical, chemical, and weathering performance across a range of building materials and indust\u2026\" \/>\n<meta property=\"og:url\" content=\"https:\/\/awtaproducttesting.com.au\/fr\/services\/by-industry\/building-construction\/\" \/>\n<meta property=\"og:site_name\" content=\"AWTA Product Testing\" \/>\n<meta property=\"article:modified_time\" content=\"2025-12-04T02:05:41+00:00\" \/>\n<meta property=\"og:image\" content=\"https:\/\/awtaproducttesting.com.au\/app\/uploads\/2025\/11\/Building-Image-AR-25-1.jpg\" \/>\n\t<meta property=\"og:image:width\" content=\"877\" \/>\n\t<meta property=\"og:image:height\" content=\"585\" \/>\n\t<meta property=\"og:image:type\" content=\"image\/jpeg\" \/>\n<meta name=\"twitter:card\" content=\"summary_large_image\" \/>\n<meta name=\"twitter:label1\" content=\"Est. reading time\" \/>\n\t<meta name=\"twitter:data1\" content=\"1 minute\" \/>\n<script type=\"application\/ld+json\" class=\"yoast-schema-graph\">{\"@context\":\"https:\/\/schema.org\",\"@graph\":[{\"@type\":\"WebPage\",\"@id\":\"https:\/\/awtaproducttesting.com.au\/services\/by-industry\/building-construction\/\",\"url\":\"https:\/\/awtaproducttesting.com.au\/services\/by-industry\/building-construction\/\",\"name\":\"Building &amp; Construction Industry - AWTA Product Testing\",\"isPartOf\":{\"@id\":\"https:\/\/awtaproducttesting.com.au\/#website\"},\"primaryImageOfPage\":{\"@id\":\"https:\/\/awtaproducttesting.com.au\/services\/by-industry\/building-construction\/#primaryimage\"},\"image\":{\"@id\":\"https:\/\/awtaproducttesting.com.au\/services\/by-industry\/building-construction\/#primaryimage\"},\"thumbnailUrl\":\"https:\/\/awtaproducttesting.com.au\/app\/uploads\/2025\/11\/Building-Image-AR-25-1.jpg\",\"datePublished\":\"2025-08-11T02:19:24+00:00\",\"dateModified\":\"2025-12-04T02:05:41+00:00\",\"breadcrumb\":{\"@id\":\"https:\/\/awtaproducttesting.com.au\/services\/by-industry\/building-construction\/#breadcrumb\"},\"inLanguage\":\"fr-FR\",\"potentialAction\":[{\"@type\":\"ReadAction\",\"target\":[\"https:\/\/awtaproducttesting.com.au\/services\/by-industry\/building-construction\/\"]}]},{\"@type\":\"ImageObject\",\"inLanguage\":\"fr-FR\",\"@id\":\"https:\/\/awtaproducttesting.com.au\/services\/by-industry\/building-construction\/#primaryimage\",\"url\":\"https:\/\/awtaproducttesting.com.au\/app\/uploads\/2025\/11\/Building-Image-AR-25-1.jpg\",\"contentUrl\":\"https:\/\/awtaproducttesting.com.au\/app\/uploads\/2025\/11\/Building-Image-AR-25-1.jpg\"},{\"@type\":\"BreadcrumbList\",\"@id\":\"https:\/\/awtaproducttesting.com.au\/services\/by-industry\/building-construction\/#breadcrumb\",\"itemListElement\":[{\"@type\":\"ListItem\",\"position\":1,\"name\":\"Home\",\"item\":\"https:\/\/awtaproducttesting.com.au\/\"},{\"@type\":\"ListItem\",\"position\":2,\"name\":\"Services\",\"item\":\"https:\/\/awtaproducttesting.com.au\/services\/\"},{\"@type\":\"ListItem\",\"position\":3,\"name\":\"By Industry\",\"item\":\"https:\/\/awtaproducttesting.com.au\/services\/by-industry\/\"},{\"@type\":\"ListItem\",\"position\":4,\"name\":\"Building &amp; Construction Industry\"}]},{\"@type\":\"WebSite\",\"@id\":\"https:\/\/awtaproducttesting.com.au\/#website\",\"url\":\"https:\/\/awtaproducttesting.com.au\/\",\"name\":\"AWTA Product Testing\",\"description\":\"\",\"publisher\":{\"@id\":\"https:\/\/awtaproducttesting.com.au\/#organization\"},\"potentialAction\":[{\"@type\":\"SearchAction\",\"target\":{\"@type\":\"EntryPoint\",\"urlTemplate\":\"https:\/\/awtaproducttesting.com.au\/?s={search_term_string}\"},\"query-input\":{\"@type\":\"PropertyValueSpecification\",\"valueRequired\":true,\"valueName\":\"search_term_string\"}}],\"inLanguage\":\"fr-FR\"},{\"@type\":\"Organization\",\"@id\":\"https:\/\/awtaproducttesting.com.au\/#organization\",\"name\":\"AWTA Product Testing\",\"url\":\"https:\/\/awtaproducttesting.com.au\/\",\"logo\":{\"@type\":\"ImageObject\",\"inLanguage\":\"fr-FR\",\"@id\":\"https:\/\/awtaproducttesting.com.au\/#\/schema\/logo\/image\/\",\"url\":\"https:\/\/awtaproducttesting.com.au\/app\/uploads\/2025\/08\/PT-News-Banner-scaled.jpg\",\"contentUrl\":\"https:\/\/awtaproducttesting.com.au\/app\/uploads\/2025\/08\/PT-News-Banner-scaled.jpg\",\"width\":2560,\"height\":1580,\"caption\":\"AWTA Product Testing\"},\"image\":{\"@id\":\"https:\/\/awtaproducttesting.com.au\/#\/schema\/logo\/image\/\"}}]}<\/script>\n<!-- \/ Yoast SEO plugin. -->","yoast_head_json":{"title":"Building &amp; Construction Industry - AWTA Product Testing","robots":{"index":"index","follow":"follow","max-snippet":"max-snippet:-1","max-image-preview":"max-image-preview:large","max-video-preview":"max-video-preview:-1"},"canonical":"https:\/\/awtaproducttesting.com.au\/fr\/services\/by-industry\/building-construction\/","og_locale":"fr_FR","og_type":"article","og_title":"Building &amp; Construction Industry - AWTA Product Testing","og_description":"AWTA Product Testing offers a range of services including fire, thermal, physical, chemical, and weathering performance across a range of building materials and indust\u2026","og_url":"https:\/\/awtaproducttesting.com.au\/fr\/services\/by-industry\/building-construction\/","og_site_name":"AWTA Product Testing","article_modified_time":"2025-12-04T02:05:41+00:00","og_image":[{"width":877,"height":585,"url":"https:\/\/awtaproducttesting.com.au\/app\/uploads\/2025\/11\/Building-Image-AR-25-1.jpg","type":"image\/jpeg"}],"twitter_card":"summary_large_image","twitter_misc":{"Est. reading time":"1 minute"},"schema":{"@context":"https:\/\/schema.org","@graph":[{"@type":"WebPage","@id":"https:\/\/awtaproducttesting.com.au\/services\/by-industry\/building-construction\/","url":"https:\/\/awtaproducttesting.com.au\/services\/by-industry\/building-construction\/","name":"Building &amp; Construction Industry - AWTA Product Testing","isPartOf":{"@id":"https:\/\/awtaproducttesting.com.au\/#website"},"primaryImageOfPage":{"@id":"https:\/\/awtaproducttesting.com.au\/services\/by-industry\/building-construction\/#primaryimage"},"image":{"@id":"https:\/\/awtaproducttesting.com.au\/services\/by-industry\/building-construction\/#primaryimage"},"thumbnailUrl":"https:\/\/awtaproducttesting.com.au\/app\/uploads\/2025\/11\/Building-Image-AR-25-1.jpg","datePublished":"2025-08-11T02:19:24+00:00","dateModified":"2025-12-04T02:05:41+00:00","breadcrumb":{"@id":"https:\/\/awtaproducttesting.com.au\/services\/by-industry\/building-construction\/#breadcrumb"},"inLanguage":"fr-FR","potentialAction":[{"@type":"ReadAction","target":["https:\/\/awtaproducttesting.com.au\/services\/by-industry\/building-construction\/"]}]},{"@type":"ImageObject","inLanguage":"fr-FR","@id":"https:\/\/awtaproducttesting.com.au\/services\/by-industry\/building-construction\/#primaryimage","url":"https:\/\/awtaproducttesting.com.au\/app\/uploads\/2025\/11\/Building-Image-AR-25-1.jpg","contentUrl":"https:\/\/awtaproducttesting.com.au\/app\/uploads\/2025\/11\/Building-Image-AR-25-1.jpg"},{"@type":"BreadcrumbList","@id":"https:\/\/awtaproducttesting.com.au\/services\/by-industry\/building-construction\/#breadcrumb","itemListElement":[{"@type":"ListItem","position":1,"name":"Home","item":"https:\/\/awtaproducttesting.com.au\/"},{"@type":"ListItem","position":2,"name":"Services","item":"https:\/\/awtaproducttesting.com.au\/services\/"},{"@type":"ListItem","position":3,"name":"By Industry","item":"https:\/\/awtaproducttesting.com.au\/services\/by-industry\/"},{"@type":"ListItem","position":4,"name":"Building &amp; Construction Industry"}]},{"@type":"WebSite","@id":"https:\/\/awtaproducttesting.com.au\/#website","url":"https:\/\/awtaproducttesting.com.au\/","name":"Tests de produits de l'AWTA","description":"","publisher":{"@id":"https:\/\/awtaproducttesting.com.au\/#organization"},"potentialAction":[{"@type":"SearchAction","target":{"@type":"EntryPoint","urlTemplate":"https:\/\/awtaproducttesting.com.au\/?s={search_term_string}"},"query-input":{"@type":"PropertyValueSpecification","valueRequired":true,"valueName":"search_term_string"}}],"inLanguage":"fr-FR"},{"@type":"Organization","@id":"https:\/\/awtaproducttesting.com.au\/#organization","name":"Tests de produits de l'AWTA","url":"https:\/\/awtaproducttesting.com.au\/","logo":{"@type":"ImageObject","inLanguage":"fr-FR","@id":"https:\/\/awtaproducttesting.com.au\/#\/schema\/logo\/image\/","url":"https:\/\/awtaproducttesting.com.au\/app\/uploads\/2025\/08\/PT-News-Banner-scaled.jpg","contentUrl":"https:\/\/awtaproducttesting.com.au\/app\/uploads\/2025\/08\/PT-News-Banner-scaled.jpg","width":2560,"height":1580,"caption":"AWTA Product Testing"},"image":{"@id":"https:\/\/awtaproducttesting.com.au\/#\/schema\/logo\/image\/"}}]}},"_links":{"self":[{"href":"https:\/\/awtaproducttesting.com.au\/fr\/wp-json\/wp\/v2\/pages\/629","targetHints":{"allow":["GET"]}}],"collection":[{"href":"https:\/\/awtaproducttesting.com.au\/fr\/wp-json\/wp\/v2\/pages"}],"about":[{"href":"https:\/\/awtaproducttesting.com.au\/fr\/wp-json\/wp\/v2\/types\/page"}],"author":[{"embeddable":true,"href":"https:\/\/awtaproducttesting.com.au\/fr\/wp-json\/wp\/v2\/users\/1"}],"replies":[{"embeddable":true,"href":"https:\/\/awtaproducttesting.com.au\/fr\/wp-json\/wp\/v2\/comments?post=629"}],"version-history":[{"count":54,"href":"https:\/\/awtaproducttesting.com.au\/fr\/wp-json\/wp\/v2\/pages\/629\/revisions"}],"predecessor-version":[{"id":3374,"href":"https:\/\/awtaproducttesting.com.au\/fr\/wp-json\/wp\/v2\/pages\/629\/revisions\/3374"}],"up":[{"embeddable":true,"href":"https:\/\/awtaproducttesting.com.au\/fr\/wp-json\/wp\/v2\/pages\/1042"}],"wp:attachment":[{"href":"https:\/\/awtaproducttesting.com.au\/fr\/wp-json\/wp\/v2\/media?parent=629"}],"curies":[{"name":"wp","href":"https:\/\/api.w.org\/{rel}","templated":true}]}}