{"id":635,"date":"2025-08-11T02:19:58","date_gmt":"2025-08-11T02:19:58","guid":{"rendered":"https:\/\/awtaproducttesting.swim.net.au\/?page_id=635"},"modified":"2025-12-04T02:20:07","modified_gmt":"2025-12-04T02:20:07","slug":"safety-testing","status":"publish","type":"page","link":"https:\/\/awtaproducttesting.com.au\/fr\/services\/by-industry\/safety-testing\/","title":{"rendered":"Essais de s\u00e9curit\u00e9"},"content":{"rendered":"<div class=\"wp-block-group is-style-boxed is-layout-constrained wp-block-group-is-layout-constrained\">\n<div class=\"wp-block-columns is-layout-flex wp-container-core-columns-is-layout-9d6595d7 wp-block-columns-is-layout-flex\">\n<div class=\"wp-block-column is-vertically-aligned-center is-layout-constrained wp-block-column-is-layout-constrained\">\n<p>AWTA Product Testing effectue des \u00e9valuations de s\u00e9curit\u00e9 sp\u00e9cialis\u00e9es pour aider les fabricants \u00e0 s'assurer que leurs produits respectent les normes nationales de s\u00e9curit\u00e9 et de performance. Nos services d'essais de s\u00e9curit\u00e9 couvrent une gamme d'\u00e9valuations con\u00e7ues pour prot\u00e9ger les consommateurs et soutenir la conformit\u00e9 r\u00e9glementaire, de la v\u00e9rification de la s\u00e9curit\u00e9 des enfants dans les produits contenant des piles bouton ou des pi\u00e8ces de monnaie \u00e0 l'\u00e9valuation de la performance de la surface pour la r\u00e9sistance aux graffitis.<\/p>\n<\/div>\n\n\n\n<div class=\"wp-block-column is-layout-flow wp-block-column-is-layout-flow\">\n<figure class=\"wp-block-image size-full\"><img loading=\"lazy\" decoding=\"async\" width=\"1254\" height=\"836\" src=\"https:\/\/awtaproducttesting.com.au\/app\/uploads\/2025\/08\/Safety-Image.jpg\" alt=\"\" class=\"wp-image-2740\" srcset=\"https:\/\/awtaproducttesting.com.au\/app\/uploads\/2025\/08\/Safety-Image.jpg 1254w, https:\/\/awtaproducttesting.com.au\/app\/uploads\/2025\/08\/Safety-Image-300x200.jpg 300w, https:\/\/awtaproducttesting.com.au\/app\/uploads\/2025\/08\/Safety-Image-1024x683.jpg 1024w, https:\/\/awtaproducttesting.com.au\/app\/uploads\/2025\/08\/Safety-Image-768x512.jpg 768w, https:\/\/awtaproducttesting.com.au\/app\/uploads\/2025\/08\/Safety-Image-18x12.jpg 18w\" sizes=\"auto, (max-width: 1254px) 100vw, 1254px\" \/><\/figure>\n<\/div>\n<\/div>\n<\/div>\n\n\n\n<div class=\"wp-block-group is-style-carousel has-light-gray-background-color has-background is-layout-constrained wp-block-group-is-layout-constrained\">\n<div class=\"carousel-slider-outer carousel-slider-outer-image-carousel carousel-slider-outer-2168\" style=\"--carousel-slider-nav-color:rgb(221,51,51);--carousel-slider-active-nav-color:rgb(221,102,102);--carousel-slider-arrow-size:48px;--carousel-slider-bullet-size:10px\">\n<div id=\"&#039;id-2168\" class=\"carousel-slider carousel-slider-2168 arrows-visibility-always dots-visibility-never arrows-outside dots-center dots-circle owl-carousel\" data-slide-type=\"image-carousel\" data-owl-settings='{\"nav\":true,\"dots\":false,\"slideBy\":1,\"stagePadding\":30,\"margin\":10,\"loop\":false,\"lazyLoad\":false,\"autoplay\":false,\"autoplayTimeout\":5000,\"autoplaySpeed\":500,\"autoplayHoverPause\":false,\"autoWidth\":true,\"responsive\":{\"300\":{\"items\":1},\"576\":{\"items\":2},\"768\":{\"items\":2},\"1024\":{\"items\":3},\"1280\":{\"items\":4},\"1536\":{\"items\":5}}}'>\n<div class=\"carousel-slider__item\">\n\t<a href=\"https:\/\/awtaproducttesting.com.au\/fr\/services\/by-industry\/safety-testing\/button-battery-testing\/\" target=\"_self\"><img loading=\"lazy\" decoding=\"async\" width=\"300\" height=\"200\" src=\"https:\/\/awtaproducttesting.com.au\/app\/uploads\/2025\/09\/button-cell-battery-1-300x200.jpg\" class=\"attachment-medium size-medium\" alt=\"\" srcset=\"https:\/\/awtaproducttesting.com.au\/app\/uploads\/2025\/09\/button-cell-battery-1-300x200.jpg 300w, https:\/\/awtaproducttesting.com.au\/app\/uploads\/2025\/09\/button-cell-battery-1-18x12.jpg 18w, https:\/\/awtaproducttesting.com.au\/app\/uploads\/2025\/09\/button-cell-battery-1.jpg 541w\" sizes=\"auto, (max-width: 300px) 100vw, 300px\" \/><div class=\"carousel-slider__caption\"><h4 class=\"title\">Test de la pile bouton<\/h4><p class=\"caption\"><\/p><\/div><\/a><\/div>\n\n<div class=\"carousel-slider__item\">\n\t<a href=\"https:\/\/awtaproducttesting.com.au\/fr\/services\/by-industry\/safety-testing\/hi-vis\/\" target=\"_self\"><img loading=\"lazy\" decoding=\"async\" width=\"300\" height=\"164\" src=\"https:\/\/awtaproducttesting.com.au\/app\/uploads\/2025\/10\/240_F_1682398745_X9tdtAa7shZHNbITqtmwnWMPHZOJcDwT-300x164.jpg\" class=\"attachment-medium size-medium\" alt=\"\" srcset=\"https:\/\/awtaproducttesting.com.au\/app\/uploads\/2025\/10\/240_F_1682398745_X9tdtAa7shZHNbITqtmwnWMPHZOJcDwT-300x164.jpg 300w, https:\/\/awtaproducttesting.com.au\/app\/uploads\/2025\/10\/240_F_1682398745_X9tdtAa7shZHNbITqtmwnWMPHZOJcDwT-18x10.jpg 18w, https:\/\/awtaproducttesting.com.au\/app\/uploads\/2025\/10\/240_F_1682398745_X9tdtAa7shZHNbITqtmwnWMPHZOJcDwT.jpg 440w\" sizes=\"auto, (max-width: 300px) 100vw, 300px\" \/><div class=\"carousel-slider__caption\"><h4 class=\"title\">V\u00eatements de travail \u00e0 haute visibilit\u00e9<\/h4><p class=\"caption\"><\/p><\/div><\/a><\/div>\n\n<div class=\"carousel-slider__item\">\n\t<a href=\"https:\/\/awtaproducttesting.com.au\/fr\/services\/by-industry\/textiles-and-apparel\/childrens-garments\/childrens-nightwear\/\" target=\"_self\"><img loading=\"lazy\" decoding=\"async\" width=\"300\" height=\"197\" src=\"https:\/\/awtaproducttesting.com.au\/app\/uploads\/2025\/10\/Children-in-pajamas-300x197.jpg\" class=\"attachment-medium size-medium\" alt=\"\" srcset=\"https:\/\/awtaproducttesting.com.au\/app\/uploads\/2025\/10\/Children-in-pajamas-300x197.jpg 300w, https:\/\/awtaproducttesting.com.au\/app\/uploads\/2025\/10\/Children-in-pajamas-18x12.jpg 18w, https:\/\/awtaproducttesting.com.au\/app\/uploads\/2025\/10\/Children-in-pajamas.jpg 549w\" sizes=\"auto, (max-width: 300px) 100vw, 300px\" \/><div class=\"carousel-slider__caption\"><h4 class=\"title\">V\u00eatements de nuit pour enfants<\/h4><p class=\"caption\"><\/p><\/div><\/a><\/div>\n\n<div class=\"carousel-slider__item\">\n\t<a href=\"https:\/\/awtaproducttesting.com.au\/fr\/services\/by-industry\/safety-testing\/bean-bags\/\" target=\"_self\"><img loading=\"lazy\" decoding=\"async\" width=\"300\" height=\"168\" src=\"https:\/\/awtaproducttesting.com.au\/app\/uploads\/2025\/10\/beanbags-300x168.jpg\" class=\"attachment-medium size-medium\" alt=\"\" srcset=\"https:\/\/awtaproducttesting.com.au\/app\/uploads\/2025\/10\/beanbags-300x168.jpg 300w, https:\/\/awtaproducttesting.com.au\/app\/uploads\/2025\/10\/beanbags-18x10.jpg 18w, https:\/\/awtaproducttesting.com.au\/app\/uploads\/2025\/10\/beanbags.jpg 429w\" sizes=\"auto, (max-width: 300px) 100vw, 300px\" \/><div class=\"carousel-slider__caption\"><h4 class=\"title\">Sacs \u00e0 f\u00e8ves<\/h4><p class=\"caption\"><\/p><\/div><\/a><\/div>\n\n<\/div><!-- .carousel-slider-2168 -->\n<\/div><!-- .carousel-slider-outer-2168 -->\n\n<\/div>","protected":false},"excerpt":{"rendered":"<p>AWTA Product Testing conducts specialised safety evaluations to help manufacturers ensure their products meet national safety and performance standards. Our safety tes\u2026<\/p>","protected":false},"author":1,"featured_media":0,"parent":1042,"menu_order":0,"comment_status":"closed","ping_status":"closed","template":"","meta":{"_acf_changed":false,"footnotes":""},"class_list":["post-635","page","type-page","status-publish","hentry"],"acf":[],"yoast_head":"<!-- This site is optimized with the Yoast SEO plugin v27.0 - https:\/\/yoast.com\/product\/yoast-seo-wordpress\/ -->\n<title>Safety Testing - AWTA Product Testing<\/title>\n<meta name=\"robots\" content=\"index, follow, max-snippet:-1, max-image-preview:large, max-video-preview:-1\" \/>\n<link rel=\"canonical\" href=\"https:\/\/awtaproducttesting.com.au\/fr\/services\/by-industry\/safety-testing\/\" \/>\n<meta property=\"og:locale\" content=\"fr_FR\" \/>\n<meta property=\"og:type\" content=\"article\" \/>\n<meta property=\"og:title\" content=\"Safety Testing - AWTA Product Testing\" \/>\n<meta property=\"og:description\" content=\"AWTA Product Testing conducts specialised safety evaluations to help manufacturers ensure their products meet national safety and performance standards. Our safety tes\u2026\" \/>\n<meta property=\"og:url\" content=\"https:\/\/awtaproducttesting.com.au\/fr\/services\/by-industry\/safety-testing\/\" \/>\n<meta property=\"og:site_name\" content=\"AWTA Product Testing\" \/>\n<meta property=\"article:modified_time\" content=\"2025-12-04T02:20:07+00:00\" \/>\n<meta property=\"og:image\" content=\"https:\/\/awtaproducttesting.com.au\/app\/uploads\/2025\/08\/Safety-Image.jpg\" \/>\n\t<meta property=\"og:image:width\" content=\"1254\" \/>\n\t<meta property=\"og:image:height\" content=\"836\" \/>\n\t<meta property=\"og:image:type\" content=\"image\/jpeg\" \/>\n<meta name=\"twitter:card\" content=\"summary_large_image\" \/>\n<script type=\"application\/ld+json\" class=\"yoast-schema-graph\">{\"@context\":\"https:\/\/schema.org\",\"@graph\":[{\"@type\":\"WebPage\",\"@id\":\"https:\/\/awtaproducttesting.com.au\/services\/by-industry\/safety-testing\/\",\"url\":\"https:\/\/awtaproducttesting.com.au\/services\/by-industry\/safety-testing\/\",\"name\":\"Safety Testing - AWTA Product Testing\",\"isPartOf\":{\"@id\":\"https:\/\/awtaproducttesting.com.au\/#website\"},\"primaryImageOfPage\":{\"@id\":\"https:\/\/awtaproducttesting.com.au\/services\/by-industry\/safety-testing\/#primaryimage\"},\"image\":{\"@id\":\"https:\/\/awtaproducttesting.com.au\/services\/by-industry\/safety-testing\/#primaryimage\"},\"thumbnailUrl\":\"https:\/\/awtaproducttesting.com.au\/app\/uploads\/2025\/08\/Safety-Image.jpg\",\"datePublished\":\"2025-08-11T02:19:58+00:00\",\"dateModified\":\"2025-12-04T02:20:07+00:00\",\"breadcrumb\":{\"@id\":\"https:\/\/awtaproducttesting.com.au\/services\/by-industry\/safety-testing\/#breadcrumb\"},\"inLanguage\":\"fr-FR\",\"potentialAction\":[{\"@type\":\"ReadAction\",\"target\":[\"https:\/\/awtaproducttesting.com.au\/services\/by-industry\/safety-testing\/\"]}]},{\"@type\":\"ImageObject\",\"inLanguage\":\"fr-FR\",\"@id\":\"https:\/\/awtaproducttesting.com.au\/services\/by-industry\/safety-testing\/#primaryimage\",\"url\":\"https:\/\/awtaproducttesting.com.au\/app\/uploads\/2025\/08\/Safety-Image.jpg\",\"contentUrl\":\"https:\/\/awtaproducttesting.com.au\/app\/uploads\/2025\/08\/Safety-Image.jpg\"},{\"@type\":\"BreadcrumbList\",\"@id\":\"https:\/\/awtaproducttesting.com.au\/services\/by-industry\/safety-testing\/#breadcrumb\",\"itemListElement\":[{\"@type\":\"ListItem\",\"position\":1,\"name\":\"Home\",\"item\":\"https:\/\/awtaproducttesting.com.au\/\"},{\"@type\":\"ListItem\",\"position\":2,\"name\":\"Services\",\"item\":\"https:\/\/awtaproducttesting.com.au\/services\/\"},{\"@type\":\"ListItem\",\"position\":3,\"name\":\"By Industry\",\"item\":\"https:\/\/awtaproducttesting.com.au\/services\/by-industry\/\"},{\"@type\":\"ListItem\",\"position\":4,\"name\":\"Safety Testing\"}]},{\"@type\":\"WebSite\",\"@id\":\"https:\/\/awtaproducttesting.com.au\/#website\",\"url\":\"https:\/\/awtaproducttesting.com.au\/\",\"name\":\"AWTA Product Testing\",\"description\":\"\",\"publisher\":{\"@id\":\"https:\/\/awtaproducttesting.com.au\/#organization\"},\"potentialAction\":[{\"@type\":\"SearchAction\",\"target\":{\"@type\":\"EntryPoint\",\"urlTemplate\":\"https:\/\/awtaproducttesting.com.au\/?s={search_term_string}\"},\"query-input\":{\"@type\":\"PropertyValueSpecification\",\"valueRequired\":true,\"valueName\":\"search_term_string\"}}],\"inLanguage\":\"fr-FR\"},{\"@type\":\"Organization\",\"@id\":\"https:\/\/awtaproducttesting.com.au\/#organization\",\"name\":\"AWTA Product Testing\",\"url\":\"https:\/\/awtaproducttesting.com.au\/\",\"logo\":{\"@type\":\"ImageObject\",\"inLanguage\":\"fr-FR\",\"@id\":\"https:\/\/awtaproducttesting.com.au\/#\/schema\/logo\/image\/\",\"url\":\"https:\/\/awtaproducttesting.com.au\/app\/uploads\/2025\/08\/PT-News-Banner-scaled.jpg\",\"contentUrl\":\"https:\/\/awtaproducttesting.com.au\/app\/uploads\/2025\/08\/PT-News-Banner-scaled.jpg\",\"width\":2560,\"height\":1580,\"caption\":\"AWTA Product Testing\"},\"image\":{\"@id\":\"https:\/\/awtaproducttesting.com.au\/#\/schema\/logo\/image\/\"}}]}<\/script>\n<!-- \/ Yoast SEO plugin. -->","yoast_head_json":{"title":"Safety Testing - AWTA Product Testing","robots":{"index":"index","follow":"follow","max-snippet":"max-snippet:-1","max-image-preview":"max-image-preview:large","max-video-preview":"max-video-preview:-1"},"canonical":"https:\/\/awtaproducttesting.com.au\/fr\/services\/by-industry\/safety-testing\/","og_locale":"fr_FR","og_type":"article","og_title":"Safety Testing - AWTA Product Testing","og_description":"AWTA Product Testing conducts specialised safety evaluations to help manufacturers ensure their products meet national safety and performance standards. Our safety tes\u2026","og_url":"https:\/\/awtaproducttesting.com.au\/fr\/services\/by-industry\/safety-testing\/","og_site_name":"AWTA Product Testing","article_modified_time":"2025-12-04T02:20:07+00:00","og_image":[{"width":1254,"height":836,"url":"https:\/\/awtaproducttesting.com.au\/app\/uploads\/2025\/08\/Safety-Image.jpg","type":"image\/jpeg"}],"twitter_card":"summary_large_image","schema":{"@context":"https:\/\/schema.org","@graph":[{"@type":"WebPage","@id":"https:\/\/awtaproducttesting.com.au\/services\/by-industry\/safety-testing\/","url":"https:\/\/awtaproducttesting.com.au\/services\/by-industry\/safety-testing\/","name":"Safety Testing - AWTA Product Testing","isPartOf":{"@id":"https:\/\/awtaproducttesting.com.au\/#website"},"primaryImageOfPage":{"@id":"https:\/\/awtaproducttesting.com.au\/services\/by-industry\/safety-testing\/#primaryimage"},"image":{"@id":"https:\/\/awtaproducttesting.com.au\/services\/by-industry\/safety-testing\/#primaryimage"},"thumbnailUrl":"https:\/\/awtaproducttesting.com.au\/app\/uploads\/2025\/08\/Safety-Image.jpg","datePublished":"2025-08-11T02:19:58+00:00","dateModified":"2025-12-04T02:20:07+00:00","breadcrumb":{"@id":"https:\/\/awtaproducttesting.com.au\/services\/by-industry\/safety-testing\/#breadcrumb"},"inLanguage":"fr-FR","potentialAction":[{"@type":"ReadAction","target":["https:\/\/awtaproducttesting.com.au\/services\/by-industry\/safety-testing\/"]}]},{"@type":"ImageObject","inLanguage":"fr-FR","@id":"https:\/\/awtaproducttesting.com.au\/services\/by-industry\/safety-testing\/#primaryimage","url":"https:\/\/awtaproducttesting.com.au\/app\/uploads\/2025\/08\/Safety-Image.jpg","contentUrl":"https:\/\/awtaproducttesting.com.au\/app\/uploads\/2025\/08\/Safety-Image.jpg"},{"@type":"BreadcrumbList","@id":"https:\/\/awtaproducttesting.com.au\/services\/by-industry\/safety-testing\/#breadcrumb","itemListElement":[{"@type":"ListItem","position":1,"name":"Home","item":"https:\/\/awtaproducttesting.com.au\/"},{"@type":"ListItem","position":2,"name":"Services","item":"https:\/\/awtaproducttesting.com.au\/services\/"},{"@type":"ListItem","position":3,"name":"By Industry","item":"https:\/\/awtaproducttesting.com.au\/services\/by-industry\/"},{"@type":"ListItem","position":4,"name":"Safety Testing"}]},{"@type":"WebSite","@id":"https:\/\/awtaproducttesting.com.au\/#website","url":"https:\/\/awtaproducttesting.com.au\/","name":"Tests de produits de l'AWTA","description":"","publisher":{"@id":"https:\/\/awtaproducttesting.com.au\/#organization"},"potentialAction":[{"@type":"SearchAction","target":{"@type":"EntryPoint","urlTemplate":"https:\/\/awtaproducttesting.com.au\/?s={search_term_string}"},"query-input":{"@type":"PropertyValueSpecification","valueRequired":true,"valueName":"search_term_string"}}],"inLanguage":"fr-FR"},{"@type":"Organization","@id":"https:\/\/awtaproducttesting.com.au\/#organization","name":"Tests de produits de l'AWTA","url":"https:\/\/awtaproducttesting.com.au\/","logo":{"@type":"ImageObject","inLanguage":"fr-FR","@id":"https:\/\/awtaproducttesting.com.au\/#\/schema\/logo\/image\/","url":"https:\/\/awtaproducttesting.com.au\/app\/uploads\/2025\/08\/PT-News-Banner-scaled.jpg","contentUrl":"https:\/\/awtaproducttesting.com.au\/app\/uploads\/2025\/08\/PT-News-Banner-scaled.jpg","width":2560,"height":1580,"caption":"AWTA Product Testing"},"image":{"@id":"https:\/\/awtaproducttesting.com.au\/#\/schema\/logo\/image\/"}}]}},"_links":{"self":[{"href":"https:\/\/awtaproducttesting.com.au\/fr\/wp-json\/wp\/v2\/pages\/635","targetHints":{"allow":["GET"]}}],"collection":[{"href":"https:\/\/awtaproducttesting.com.au\/fr\/wp-json\/wp\/v2\/pages"}],"about":[{"href":"https:\/\/awtaproducttesting.com.au\/fr\/wp-json\/wp\/v2\/types\/page"}],"author":[{"embeddable":true,"href":"https:\/\/awtaproducttesting.com.au\/fr\/wp-json\/wp\/v2\/users\/1"}],"replies":[{"embeddable":true,"href":"https:\/\/awtaproducttesting.com.au\/fr\/wp-json\/wp\/v2\/comments?post=635"}],"version-history":[{"count":23,"href":"https:\/\/awtaproducttesting.com.au\/fr\/wp-json\/wp\/v2\/pages\/635\/revisions"}],"predecessor-version":[{"id":3389,"href":"https:\/\/awtaproducttesting.com.au\/fr\/wp-json\/wp\/v2\/pages\/635\/revisions\/3389"}],"up":[{"embeddable":true,"href":"https:\/\/awtaproducttesting.com.au\/fr\/wp-json\/wp\/v2\/pages\/1042"}],"wp:attachment":[{"href":"https:\/\/awtaproducttesting.com.au\/fr\/wp-json\/wp\/v2\/media?parent=635"}],"curies":[{"name":"wp","href":"https:\/\/api.w.org\/{rel}","templated":true}]}}