{"id":831,"date":"2025-08-26T01:20:46","date_gmt":"2025-08-26T01:20:46","guid":{"rendered":"https:\/\/awtaproducttesting.swim.net.au\/?page_id=831"},"modified":"2025-12-19T06:16:20","modified_gmt":"2025-12-19T06:16:20","slug":"accreditation","status":"publish","type":"page","link":"https:\/\/awtaproducttesting.com.au\/fr\/about\/accreditation\/","title":{"rendered":"Accr\u00e9ditation"},"content":{"rendered":"<div class=\"wp-block-group is-style-boxed is-layout-constrained wp-block-group-is-layout-constrained\">\n<div class=\"wp-block-columns is-layout-flex wp-container-core-columns-is-layout-9d6595d7 wp-block-columns-is-layout-flex\">\n<div class=\"wp-block-column is-vertically-aligned-center is-layout-flow wp-block-column-is-layout-flow\">\n<h2 class=\"wp-block-heading\">Nous sommes accr\u00e9dit\u00e9s et b\u00e9n\u00e9ficions de plus de 50 ans d'excellence.<\/h2>\n\n\n\n<p>Depuis plus de 50 ans, AWTA Product Testing est accr\u00e9dit\u00e9 par la National Association of Testing Authorities (NATA), Australie, ce qui t\u00e9moigne de notre engagement de longue date en faveur de la qualit\u00e9 et de la comp\u00e9tence technique.<\/p>\n\n\n\n<p>En plus de notre accr\u00e9ditation NATA aux exigences de la norme ISO\/IEC 17025:2017, nous maintenons \u00e9galement notre accr\u00e9ditation :<\/p>\n\n\n\n<ul class=\"wp-block-list\">\n<li>Accr\u00e9ditation du syst\u00e8me de gestion de la qualit\u00e9 ISO 9001:2015<\/li>\n\n\n\n<li>Accr\u00e9ditation IWTO (International Wool Textile Organisation)<\/li>\n\n\n\n<li>Accr\u00e9ditation Woolmark<\/li>\n<\/ul>\n\n\n\n<p>Outre les services de tests NATA approuv\u00e9s, nous proposons \u00e9galement une large gamme de tests de routine et non routiniers, con\u00e7us pour r\u00e9pondre aux besoins sp\u00e9cifiques de nos clients dans divers secteurs d'activit\u00e9.<\/p>\n\n\n\n<div class=\"wp-block-buttons is-layout-flex wp-block-buttons-is-layout-flex\">\n<div class=\"wp-block-button\"><a class=\"wp-block-button__link wp-element-button\" href=\"https:\/\/nata.com.au\/?post_type=site&amp;s=awta&amp;filter=&amp;state=&amp;status\" target=\"_blank\" rel=\"noreferrer noopener\">ACCR\u00c9DITATION NATA<\/a><\/div>\n\n\n\n<div class=\"wp-block-button\"><a class=\"wp-block-button__link wp-element-button\" href=\"https:\/\/awtaproducttesting.com.au\/fr\/app\/uploads\/2025\/12\/TQCSIISO90012025-28.pdf\/\" target=\"_blank\" rel=\"noreferrer noopener\">CERTIFICATION ISO 9001-2015<\/a><\/div>\n<\/div>\n<\/div>\n\n\n\n<div class=\"wp-block-column is-vertically-aligned-center is-layout-flow wp-block-column-is-layout-flow\">\n<figure class=\"wp-block-image size-full\"><img loading=\"lazy\" decoding=\"async\" width=\"538\" height=\"339\" src=\"https:\/\/awtaproducttesting.com.au\/app\/uploads\/2025\/08\/image-1.png\" alt=\"\" class=\"wp-image-710\" srcset=\"https:\/\/awtaproducttesting.com.au\/app\/uploads\/2025\/08\/image-1.png 538w, https:\/\/awtaproducttesting.com.au\/app\/uploads\/2025\/08\/image-1-300x189.png 300w\" sizes=\"auto, (max-width: 538px) 100vw, 538px\" \/><\/figure>\n<\/div>\n<\/div>\n<\/div>","protected":false},"excerpt":{"rendered":"<p>We\u2019re Accredited \u2013 Backed by Over 50 Years of Excellence For more than 50 years, AWTA Product Testing has held accreditation from the National Association of Testi\u2026<\/p>","protected":false},"author":1,"featured_media":0,"parent":37,"menu_order":0,"comment_status":"closed","ping_status":"closed","template":"","meta":{"_acf_changed":false,"footnotes":""},"class_list":["post-831","page","type-page","status-publish","hentry"],"acf":[],"yoast_head":"<!-- This site is optimized with the Yoast SEO plugin v27.0 - https:\/\/yoast.com\/product\/yoast-seo-wordpress\/ -->\n<title>Accreditation - AWTA Product Testing<\/title>\n<meta name=\"robots\" content=\"index, follow, max-snippet:-1, max-image-preview:large, max-video-preview:-1\" \/>\n<link rel=\"canonical\" href=\"https:\/\/awtaproducttesting.com.au\/fr\/about\/accreditation\/\" \/>\n<meta property=\"og:locale\" content=\"fr_FR\" \/>\n<meta property=\"og:type\" content=\"article\" \/>\n<meta property=\"og:title\" content=\"Accreditation - AWTA Product Testing\" \/>\n<meta property=\"og:description\" content=\"We\u2019re Accredited \u2013 Backed by Over 50 Years of Excellence For more than 50 years, AWTA Product Testing has held accreditation from the National Association of Testi\u2026\" \/>\n<meta property=\"og:url\" content=\"https:\/\/awtaproducttesting.com.au\/fr\/about\/accreditation\/\" \/>\n<meta property=\"og:site_name\" content=\"AWTA Product Testing\" \/>\n<meta property=\"article:modified_time\" content=\"2025-12-19T06:16:20+00:00\" \/>\n<meta property=\"og:image\" content=\"https:\/\/awtaproducttesting.com.au\/app\/uploads\/2025\/08\/image-1.png\" \/>\n\t<meta property=\"og:image:width\" content=\"538\" \/>\n\t<meta property=\"og:image:height\" content=\"339\" \/>\n\t<meta property=\"og:image:type\" content=\"image\/png\" \/>\n<meta name=\"twitter:card\" content=\"summary_large_image\" \/>\n<meta name=\"twitter:label1\" content=\"Est. reading time\" \/>\n\t<meta name=\"twitter:data1\" content=\"1 minute\" \/>\n<script type=\"application\/ld+json\" class=\"yoast-schema-graph\">{\"@context\":\"https:\/\/schema.org\",\"@graph\":[{\"@type\":\"WebPage\",\"@id\":\"https:\/\/awtaproducttesting.com.au\/about\/accreditation\/\",\"url\":\"https:\/\/awtaproducttesting.com.au\/about\/accreditation\/\",\"name\":\"Accreditation - AWTA Product Testing\",\"isPartOf\":{\"@id\":\"https:\/\/awtaproducttesting.com.au\/#website\"},\"primaryImageOfPage\":{\"@id\":\"https:\/\/awtaproducttesting.com.au\/about\/accreditation\/#primaryimage\"},\"image\":{\"@id\":\"https:\/\/awtaproducttesting.com.au\/about\/accreditation\/#primaryimage\"},\"thumbnailUrl\":\"https:\/\/awtaproducttesting.com.au\/app\/uploads\/2025\/08\/image-1.png\",\"datePublished\":\"2025-08-26T01:20:46+00:00\",\"dateModified\":\"2025-12-19T06:16:20+00:00\",\"breadcrumb\":{\"@id\":\"https:\/\/awtaproducttesting.com.au\/about\/accreditation\/#breadcrumb\"},\"inLanguage\":\"fr-FR\",\"potentialAction\":[{\"@type\":\"ReadAction\",\"target\":[\"https:\/\/awtaproducttesting.com.au\/about\/accreditation\/\"]}]},{\"@type\":\"ImageObject\",\"inLanguage\":\"fr-FR\",\"@id\":\"https:\/\/awtaproducttesting.com.au\/about\/accreditation\/#primaryimage\",\"url\":\"https:\/\/awtaproducttesting.com.au\/app\/uploads\/2025\/08\/image-1.png\",\"contentUrl\":\"https:\/\/awtaproducttesting.com.au\/app\/uploads\/2025\/08\/image-1.png\"},{\"@type\":\"BreadcrumbList\",\"@id\":\"https:\/\/awtaproducttesting.com.au\/about\/accreditation\/#breadcrumb\",\"itemListElement\":[{\"@type\":\"ListItem\",\"position\":1,\"name\":\"Home\",\"item\":\"https:\/\/awtaproducttesting.com.au\/\"},{\"@type\":\"ListItem\",\"position\":2,\"name\":\"About\",\"item\":\"https:\/\/awtaproducttesting.com.au\/about\/\"},{\"@type\":\"ListItem\",\"position\":3,\"name\":\"Accreditation\"}]},{\"@type\":\"WebSite\",\"@id\":\"https:\/\/awtaproducttesting.com.au\/#website\",\"url\":\"https:\/\/awtaproducttesting.com.au\/\",\"name\":\"AWTA Product Testing\",\"description\":\"\",\"publisher\":{\"@id\":\"https:\/\/awtaproducttesting.com.au\/#organization\"},\"potentialAction\":[{\"@type\":\"SearchAction\",\"target\":{\"@type\":\"EntryPoint\",\"urlTemplate\":\"https:\/\/awtaproducttesting.com.au\/?s={search_term_string}\"},\"query-input\":{\"@type\":\"PropertyValueSpecification\",\"valueRequired\":true,\"valueName\":\"search_term_string\"}}],\"inLanguage\":\"fr-FR\"},{\"@type\":\"Organization\",\"@id\":\"https:\/\/awtaproducttesting.com.au\/#organization\",\"name\":\"AWTA Product Testing\",\"url\":\"https:\/\/awtaproducttesting.com.au\/\",\"logo\":{\"@type\":\"ImageObject\",\"inLanguage\":\"fr-FR\",\"@id\":\"https:\/\/awtaproducttesting.com.au\/#\/schema\/logo\/image\/\",\"url\":\"https:\/\/awtaproducttesting.com.au\/app\/uploads\/2025\/08\/PT-News-Banner-scaled.jpg\",\"contentUrl\":\"https:\/\/awtaproducttesting.com.au\/app\/uploads\/2025\/08\/PT-News-Banner-scaled.jpg\",\"width\":2560,\"height\":1580,\"caption\":\"AWTA Product Testing\"},\"image\":{\"@id\":\"https:\/\/awtaproducttesting.com.au\/#\/schema\/logo\/image\/\"}}]}<\/script>\n<!-- \/ Yoast SEO plugin. -->","yoast_head_json":{"title":"Accreditation - AWTA Product Testing","robots":{"index":"index","follow":"follow","max-snippet":"max-snippet:-1","max-image-preview":"max-image-preview:large","max-video-preview":"max-video-preview:-1"},"canonical":"https:\/\/awtaproducttesting.com.au\/fr\/about\/accreditation\/","og_locale":"fr_FR","og_type":"article","og_title":"Accreditation - AWTA Product Testing","og_description":"We\u2019re Accredited \u2013 Backed by Over 50 Years of Excellence For more than 50 years, AWTA Product Testing has held accreditation from the National Association of Testi\u2026","og_url":"https:\/\/awtaproducttesting.com.au\/fr\/about\/accreditation\/","og_site_name":"AWTA Product Testing","article_modified_time":"2025-12-19T06:16:20+00:00","og_image":[{"width":538,"height":339,"url":"https:\/\/awtaproducttesting.com.au\/app\/uploads\/2025\/08\/image-1.png","type":"image\/png"}],"twitter_card":"summary_large_image","twitter_misc":{"Est. reading time":"1 minute"},"schema":{"@context":"https:\/\/schema.org","@graph":[{"@type":"WebPage","@id":"https:\/\/awtaproducttesting.com.au\/about\/accreditation\/","url":"https:\/\/awtaproducttesting.com.au\/about\/accreditation\/","name":"Accreditation - AWTA Product Testing","isPartOf":{"@id":"https:\/\/awtaproducttesting.com.au\/#website"},"primaryImageOfPage":{"@id":"https:\/\/awtaproducttesting.com.au\/about\/accreditation\/#primaryimage"},"image":{"@id":"https:\/\/awtaproducttesting.com.au\/about\/accreditation\/#primaryimage"},"thumbnailUrl":"https:\/\/awtaproducttesting.com.au\/app\/uploads\/2025\/08\/image-1.png","datePublished":"2025-08-26T01:20:46+00:00","dateModified":"2025-12-19T06:16:20+00:00","breadcrumb":{"@id":"https:\/\/awtaproducttesting.com.au\/about\/accreditation\/#breadcrumb"},"inLanguage":"fr-FR","potentialAction":[{"@type":"ReadAction","target":["https:\/\/awtaproducttesting.com.au\/about\/accreditation\/"]}]},{"@type":"ImageObject","inLanguage":"fr-FR","@id":"https:\/\/awtaproducttesting.com.au\/about\/accreditation\/#primaryimage","url":"https:\/\/awtaproducttesting.com.au\/app\/uploads\/2025\/08\/image-1.png","contentUrl":"https:\/\/awtaproducttesting.com.au\/app\/uploads\/2025\/08\/image-1.png"},{"@type":"BreadcrumbList","@id":"https:\/\/awtaproducttesting.com.au\/about\/accreditation\/#breadcrumb","itemListElement":[{"@type":"ListItem","position":1,"name":"Home","item":"https:\/\/awtaproducttesting.com.au\/"},{"@type":"ListItem","position":2,"name":"About","item":"https:\/\/awtaproducttesting.com.au\/about\/"},{"@type":"ListItem","position":3,"name":"Accreditation"}]},{"@type":"WebSite","@id":"https:\/\/awtaproducttesting.com.au\/#website","url":"https:\/\/awtaproducttesting.com.au\/","name":"Tests de produits de l'AWTA","description":"","publisher":{"@id":"https:\/\/awtaproducttesting.com.au\/#organization"},"potentialAction":[{"@type":"SearchAction","target":{"@type":"EntryPoint","urlTemplate":"https:\/\/awtaproducttesting.com.au\/?s={search_term_string}"},"query-input":{"@type":"PropertyValueSpecification","valueRequired":true,"valueName":"search_term_string"}}],"inLanguage":"fr-FR"},{"@type":"Organization","@id":"https:\/\/awtaproducttesting.com.au\/#organization","name":"Tests de produits de l'AWTA","url":"https:\/\/awtaproducttesting.com.au\/","logo":{"@type":"ImageObject","inLanguage":"fr-FR","@id":"https:\/\/awtaproducttesting.com.au\/#\/schema\/logo\/image\/","url":"https:\/\/awtaproducttesting.com.au\/app\/uploads\/2025\/08\/PT-News-Banner-scaled.jpg","contentUrl":"https:\/\/awtaproducttesting.com.au\/app\/uploads\/2025\/08\/PT-News-Banner-scaled.jpg","width":2560,"height":1580,"caption":"AWTA Product Testing"},"image":{"@id":"https:\/\/awtaproducttesting.com.au\/#\/schema\/logo\/image\/"}}]}},"_links":{"self":[{"href":"https:\/\/awtaproducttesting.com.au\/fr\/wp-json\/wp\/v2\/pages\/831","targetHints":{"allow":["GET"]}}],"collection":[{"href":"https:\/\/awtaproducttesting.com.au\/fr\/wp-json\/wp\/v2\/pages"}],"about":[{"href":"https:\/\/awtaproducttesting.com.au\/fr\/wp-json\/wp\/v2\/types\/page"}],"author":[{"embeddable":true,"href":"https:\/\/awtaproducttesting.com.au\/fr\/wp-json\/wp\/v2\/users\/1"}],"replies":[{"embeddable":true,"href":"https:\/\/awtaproducttesting.com.au\/fr\/wp-json\/wp\/v2\/comments?post=831"}],"version-history":[{"count":15,"href":"https:\/\/awtaproducttesting.com.au\/fr\/wp-json\/wp\/v2\/pages\/831\/revisions"}],"predecessor-version":[{"id":3592,"href":"https:\/\/awtaproducttesting.com.au\/fr\/wp-json\/wp\/v2\/pages\/831\/revisions\/3592"}],"up":[{"embeddable":true,"href":"https:\/\/awtaproducttesting.com.au\/fr\/wp-json\/wp\/v2\/pages\/37"}],"wp:attachment":[{"href":"https:\/\/awtaproducttesting.com.au\/fr\/wp-json\/wp\/v2\/media?parent=831"}],"curies":[{"name":"wp","href":"https:\/\/api.w.org\/{rel}","templated":true}]}}