{"id":836,"date":"2025-08-26T01:28:08","date_gmt":"2025-08-26T01:28:08","guid":{"rendered":"https:\/\/awtaproducttesting.swim.net.au\/?page_id=836"},"modified":"2025-11-27T02:52:22","modified_gmt":"2025-11-27T02:52:22","slug":"external-cladding-and-non-combustible-materials","status":"publish","type":"page","link":"https:\/\/awtaproducttesting.com.au\/fr\/services\/by-industry\/building-construction\/national-construction-code-ncc-fire-performance\/external-cladding-and-non-combustible-materials\/","title":{"rendered":"Bardage ext\u00e9rieur et mat\u00e9riaux incombustibles"},"content":{"rendered":"<div class=\"wp-block-group is-style-boxed is-layout-constrained wp-block-group-is-layout-constrained\">\n<div class=\"wp-block-columns is-layout-flex wp-container-core-columns-is-layout-9d6595d7 wp-block-columns-is-layout-flex\">\n<div class=\"wp-block-column is-vertically-aligned-center is-layout-constrained wp-block-column-is-layout-constrained\">\n<p>Les essais d'incombustibilit\u00e9 sont effectu\u00e9s conform\u00e9ment \u00e0 la norme AS 1530.1, qui consiste \u00e0 exposer un ensemble de sp\u00e9cimens \u00e0 750 \u00b0C dans un four d'essai pendant 30 minutes.  Pour \u00eatre consid\u00e9r\u00e9s comme incombustibles, les mat\u00e9riaux ne doivent pas s'enflammer pendant cette p\u00e9riode.<\/p>\n<\/div>\n\n\n\n<div class=\"wp-block-column is-layout-flow wp-block-column-is-layout-flow\">\n<figure class=\"wp-block-image size-full\"><img loading=\"lazy\" decoding=\"async\" width=\"236\" height=\"290\" src=\"https:\/\/awtaproducttesting.com.au\/app\/uploads\/2025\/11\/AS-1530.1.jpg\" alt=\"\" class=\"wp-image-2965\" srcset=\"https:\/\/awtaproducttesting.com.au\/app\/uploads\/2025\/11\/AS-1530.1.jpg 236w, https:\/\/awtaproducttesting.com.au\/app\/uploads\/2025\/11\/AS-1530.1-10x12.jpg 10w\" sizes=\"auto, (max-width: 236px) 100vw, 236px\" \/><\/figure>\n<\/div>\n<\/div>\n\n\n\n<h2 class=\"wp-block-heading\">Plus d'informations<\/h2>\n\n\n\n<div class=\"wp-block-buttons is-layout-flex wp-block-buttons-is-layout-flex\">\n<div class=\"wp-block-button is-style-gray-buttons\"><a class=\"wp-block-button__link wp-element-button\" href=\"\/fr\/app\/uploads\/2025\/09\/AS-1530.1-Combustibility-SSF.pdf\/\" target=\"_blank\" rel=\"noreferrer noopener\">AS 1530.1 Formulaire de soumission d'\u00e9chantillons<\/a><\/div>\n\n\n\n<div class=\"wp-block-button is-style-gray-buttons\"><a class=\"wp-block-button__link wp-element-button\" href=\"\/fr\/app\/uploads\/2025\/09\/AS-1530.1-Combustibility-TIS.pdf\/\">Fiche d'information sur le test AS 1530.1<\/a><\/div>\n<\/div>\n<\/div>","protected":false},"excerpt":{"rendered":"<p>Non-combustibility testing is carried out in accordance with AS 1530.1 which involves exposing a set of specimens to 750 \u00b0C in a test furnace for 30 minutes.&nbsp; In\u2026<\/p>","protected":false},"author":1,"featured_media":0,"parent":720,"menu_order":0,"comment_status":"closed","ping_status":"closed","template":"","meta":{"_acf_changed":false,"footnotes":""},"class_list":["post-836","page","type-page","status-publish","hentry"],"acf":[],"yoast_head":"<!-- This site is optimized with the Yoast SEO plugin v27.0 - https:\/\/yoast.com\/product\/yoast-seo-wordpress\/ -->\n<title>External Cladding and Non-combustible Materials - AWTA Product Testing<\/title>\n<meta name=\"robots\" content=\"index, follow, max-snippet:-1, max-image-preview:large, max-video-preview:-1\" \/>\n<link rel=\"canonical\" href=\"https:\/\/awtaproducttesting.com.au\/fr\/services\/by-industry\/building-construction\/national-construction-code-ncc-fire-performance\/external-cladding-and-non-combustible-materials\/\" \/>\n<meta property=\"og:locale\" content=\"fr_FR\" \/>\n<meta property=\"og:type\" content=\"article\" \/>\n<meta property=\"og:title\" content=\"External Cladding and Non-combustible Materials - AWTA Product Testing\" \/>\n<meta property=\"og:description\" content=\"Non-combustibility testing is carried out in accordance with AS 1530.1 which involves exposing a set of specimens to 750 \u00b0C in a test furnace for 30 minutes.&nbsp; In\u2026\" \/>\n<meta property=\"og:url\" content=\"https:\/\/awtaproducttesting.com.au\/fr\/services\/by-industry\/building-construction\/national-construction-code-ncc-fire-performance\/external-cladding-and-non-combustible-materials\/\" \/>\n<meta property=\"og:site_name\" content=\"AWTA Product Testing\" \/>\n<meta property=\"article:modified_time\" content=\"2025-11-27T02:52:22+00:00\" \/>\n<meta property=\"og:image\" content=\"https:\/\/awtaproducttesting.com.au\/app\/uploads\/2025\/11\/AS-1530.1.jpg\" \/>\n\t<meta property=\"og:image:width\" content=\"236\" \/>\n\t<meta property=\"og:image:height\" content=\"290\" \/>\n\t<meta property=\"og:image:type\" content=\"image\/jpeg\" \/>\n<meta name=\"twitter:card\" content=\"summary_large_image\" \/>\n<script type=\"application\/ld+json\" class=\"yoast-schema-graph\">{\"@context\":\"https:\/\/schema.org\",\"@graph\":[{\"@type\":\"WebPage\",\"@id\":\"https:\/\/awtaproducttesting.com.au\/services\/by-industry\/building-construction\/national-construction-code-ncc-fire-performance\/external-cladding-and-non-combustible-materials\/\",\"url\":\"https:\/\/awtaproducttesting.com.au\/services\/by-industry\/building-construction\/national-construction-code-ncc-fire-performance\/external-cladding-and-non-combustible-materials\/\",\"name\":\"External Cladding and Non-combustible Materials - AWTA Product Testing\",\"isPartOf\":{\"@id\":\"https:\/\/awtaproducttesting.com.au\/#website\"},\"primaryImageOfPage\":{\"@id\":\"https:\/\/awtaproducttesting.com.au\/services\/by-industry\/building-construction\/national-construction-code-ncc-fire-performance\/external-cladding-and-non-combustible-materials\/#primaryimage\"},\"image\":{\"@id\":\"https:\/\/awtaproducttesting.com.au\/services\/by-industry\/building-construction\/national-construction-code-ncc-fire-performance\/external-cladding-and-non-combustible-materials\/#primaryimage\"},\"thumbnailUrl\":\"https:\/\/awtaproducttesting.com.au\/app\/uploads\/2025\/11\/AS-1530.1.jpg\",\"datePublished\":\"2025-08-26T01:28:08+00:00\",\"dateModified\":\"2025-11-27T02:52:22+00:00\",\"breadcrumb\":{\"@id\":\"https:\/\/awtaproducttesting.com.au\/services\/by-industry\/building-construction\/national-construction-code-ncc-fire-performance\/external-cladding-and-non-combustible-materials\/#breadcrumb\"},\"inLanguage\":\"fr-FR\",\"potentialAction\":[{\"@type\":\"ReadAction\",\"target\":[\"https:\/\/awtaproducttesting.com.au\/services\/by-industry\/building-construction\/national-construction-code-ncc-fire-performance\/external-cladding-and-non-combustible-materials\/\"]}]},{\"@type\":\"ImageObject\",\"inLanguage\":\"fr-FR\",\"@id\":\"https:\/\/awtaproducttesting.com.au\/services\/by-industry\/building-construction\/national-construction-code-ncc-fire-performance\/external-cladding-and-non-combustible-materials\/#primaryimage\",\"url\":\"https:\/\/awtaproducttesting.com.au\/app\/uploads\/2025\/11\/AS-1530.1.jpg\",\"contentUrl\":\"https:\/\/awtaproducttesting.com.au\/app\/uploads\/2025\/11\/AS-1530.1.jpg\"},{\"@type\":\"BreadcrumbList\",\"@id\":\"https:\/\/awtaproducttesting.com.au\/services\/by-industry\/building-construction\/national-construction-code-ncc-fire-performance\/external-cladding-and-non-combustible-materials\/#breadcrumb\",\"itemListElement\":[{\"@type\":\"ListItem\",\"position\":1,\"name\":\"Home\",\"item\":\"https:\/\/awtaproducttesting.com.au\/\"},{\"@type\":\"ListItem\",\"position\":2,\"name\":\"Services\",\"item\":\"https:\/\/awtaproducttesting.com.au\/services\/\"},{\"@type\":\"ListItem\",\"position\":3,\"name\":\"By Industry\",\"item\":\"https:\/\/awtaproducttesting.com.au\/services\/by-industry\/\"},{\"@type\":\"ListItem\",\"position\":4,\"name\":\"Building &amp; Construction Industry\",\"item\":\"https:\/\/awtaproducttesting.com.au\/services\/by-industry\/building-construction\/\"},{\"@type\":\"ListItem\",\"position\":5,\"name\":\"National Construction Code (NCC) Fire Performance\",\"item\":\"https:\/\/awtaproducttesting.com.au\/services\/by-industry\/building-construction\/national-construction-code-ncc-fire-performance\/\"},{\"@type\":\"ListItem\",\"position\":6,\"name\":\"External Cladding and Non-combustible Materials\"}]},{\"@type\":\"WebSite\",\"@id\":\"https:\/\/awtaproducttesting.com.au\/#website\",\"url\":\"https:\/\/awtaproducttesting.com.au\/\",\"name\":\"AWTA Product Testing\",\"description\":\"\",\"publisher\":{\"@id\":\"https:\/\/awtaproducttesting.com.au\/#organization\"},\"potentialAction\":[{\"@type\":\"SearchAction\",\"target\":{\"@type\":\"EntryPoint\",\"urlTemplate\":\"https:\/\/awtaproducttesting.com.au\/?s={search_term_string}\"},\"query-input\":{\"@type\":\"PropertyValueSpecification\",\"valueRequired\":true,\"valueName\":\"search_term_string\"}}],\"inLanguage\":\"fr-FR\"},{\"@type\":\"Organization\",\"@id\":\"https:\/\/awtaproducttesting.com.au\/#organization\",\"name\":\"AWTA Product Testing\",\"url\":\"https:\/\/awtaproducttesting.com.au\/\",\"logo\":{\"@type\":\"ImageObject\",\"inLanguage\":\"fr-FR\",\"@id\":\"https:\/\/awtaproducttesting.com.au\/#\/schema\/logo\/image\/\",\"url\":\"https:\/\/awtaproducttesting.com.au\/app\/uploads\/2025\/08\/PT-News-Banner-scaled.jpg\",\"contentUrl\":\"https:\/\/awtaproducttesting.com.au\/app\/uploads\/2025\/08\/PT-News-Banner-scaled.jpg\",\"width\":2560,\"height\":1580,\"caption\":\"AWTA Product Testing\"},\"image\":{\"@id\":\"https:\/\/awtaproducttesting.com.au\/#\/schema\/logo\/image\/\"}}]}<\/script>\n<!-- \/ Yoast SEO plugin. -->","yoast_head_json":{"title":"External Cladding and Non-combustible Materials - AWTA Product Testing","robots":{"index":"index","follow":"follow","max-snippet":"max-snippet:-1","max-image-preview":"max-image-preview:large","max-video-preview":"max-video-preview:-1"},"canonical":"https:\/\/awtaproducttesting.com.au\/fr\/services\/by-industry\/building-construction\/national-construction-code-ncc-fire-performance\/external-cladding-and-non-combustible-materials\/","og_locale":"fr_FR","og_type":"article","og_title":"External Cladding and Non-combustible Materials - AWTA Product Testing","og_description":"Non-combustibility testing is carried out in accordance with AS 1530.1 which involves exposing a set of specimens to 750 \u00b0C in a test furnace for 30 minutes.&nbsp; In\u2026","og_url":"https:\/\/awtaproducttesting.com.au\/fr\/services\/by-industry\/building-construction\/national-construction-code-ncc-fire-performance\/external-cladding-and-non-combustible-materials\/","og_site_name":"AWTA Product Testing","article_modified_time":"2025-11-27T02:52:22+00:00","og_image":[{"width":236,"height":290,"url":"https:\/\/awtaproducttesting.com.au\/app\/uploads\/2025\/11\/AS-1530.1.jpg","type":"image\/jpeg"}],"twitter_card":"summary_large_image","schema":{"@context":"https:\/\/schema.org","@graph":[{"@type":"WebPage","@id":"https:\/\/awtaproducttesting.com.au\/services\/by-industry\/building-construction\/national-construction-code-ncc-fire-performance\/external-cladding-and-non-combustible-materials\/","url":"https:\/\/awtaproducttesting.com.au\/services\/by-industry\/building-construction\/national-construction-code-ncc-fire-performance\/external-cladding-and-non-combustible-materials\/","name":"External Cladding and Non-combustible Materials - AWTA Product Testing","isPartOf":{"@id":"https:\/\/awtaproducttesting.com.au\/#website"},"primaryImageOfPage":{"@id":"https:\/\/awtaproducttesting.com.au\/services\/by-industry\/building-construction\/national-construction-code-ncc-fire-performance\/external-cladding-and-non-combustible-materials\/#primaryimage"},"image":{"@id":"https:\/\/awtaproducttesting.com.au\/services\/by-industry\/building-construction\/national-construction-code-ncc-fire-performance\/external-cladding-and-non-combustible-materials\/#primaryimage"},"thumbnailUrl":"https:\/\/awtaproducttesting.com.au\/app\/uploads\/2025\/11\/AS-1530.1.jpg","datePublished":"2025-08-26T01:28:08+00:00","dateModified":"2025-11-27T02:52:22+00:00","breadcrumb":{"@id":"https:\/\/awtaproducttesting.com.au\/services\/by-industry\/building-construction\/national-construction-code-ncc-fire-performance\/external-cladding-and-non-combustible-materials\/#breadcrumb"},"inLanguage":"fr-FR","potentialAction":[{"@type":"ReadAction","target":["https:\/\/awtaproducttesting.com.au\/services\/by-industry\/building-construction\/national-construction-code-ncc-fire-performance\/external-cladding-and-non-combustible-materials\/"]}]},{"@type":"ImageObject","inLanguage":"fr-FR","@id":"https:\/\/awtaproducttesting.com.au\/services\/by-industry\/building-construction\/national-construction-code-ncc-fire-performance\/external-cladding-and-non-combustible-materials\/#primaryimage","url":"https:\/\/awtaproducttesting.com.au\/app\/uploads\/2025\/11\/AS-1530.1.jpg","contentUrl":"https:\/\/awtaproducttesting.com.au\/app\/uploads\/2025\/11\/AS-1530.1.jpg"},{"@type":"BreadcrumbList","@id":"https:\/\/awtaproducttesting.com.au\/services\/by-industry\/building-construction\/national-construction-code-ncc-fire-performance\/external-cladding-and-non-combustible-materials\/#breadcrumb","itemListElement":[{"@type":"ListItem","position":1,"name":"Home","item":"https:\/\/awtaproducttesting.com.au\/"},{"@type":"ListItem","position":2,"name":"Services","item":"https:\/\/awtaproducttesting.com.au\/services\/"},{"@type":"ListItem","position":3,"name":"By Industry","item":"https:\/\/awtaproducttesting.com.au\/services\/by-industry\/"},{"@type":"ListItem","position":4,"name":"Building &amp; Construction Industry","item":"https:\/\/awtaproducttesting.com.au\/services\/by-industry\/building-construction\/"},{"@type":"ListItem","position":5,"name":"National Construction Code (NCC) Fire Performance","item":"https:\/\/awtaproducttesting.com.au\/services\/by-industry\/building-construction\/national-construction-code-ncc-fire-performance\/"},{"@type":"ListItem","position":6,"name":"External Cladding and Non-combustible Materials"}]},{"@type":"WebSite","@id":"https:\/\/awtaproducttesting.com.au\/#website","url":"https:\/\/awtaproducttesting.com.au\/","name":"Tests de produits de l'AWTA","description":"","publisher":{"@id":"https:\/\/awtaproducttesting.com.au\/#organization"},"potentialAction":[{"@type":"SearchAction","target":{"@type":"EntryPoint","urlTemplate":"https:\/\/awtaproducttesting.com.au\/?s={search_term_string}"},"query-input":{"@type":"PropertyValueSpecification","valueRequired":true,"valueName":"search_term_string"}}],"inLanguage":"fr-FR"},{"@type":"Organization","@id":"https:\/\/awtaproducttesting.com.au\/#organization","name":"Tests de produits de l'AWTA","url":"https:\/\/awtaproducttesting.com.au\/","logo":{"@type":"ImageObject","inLanguage":"fr-FR","@id":"https:\/\/awtaproducttesting.com.au\/#\/schema\/logo\/image\/","url":"https:\/\/awtaproducttesting.com.au\/app\/uploads\/2025\/08\/PT-News-Banner-scaled.jpg","contentUrl":"https:\/\/awtaproducttesting.com.au\/app\/uploads\/2025\/08\/PT-News-Banner-scaled.jpg","width":2560,"height":1580,"caption":"AWTA Product Testing"},"image":{"@id":"https:\/\/awtaproducttesting.com.au\/#\/schema\/logo\/image\/"}}]}},"_links":{"self":[{"href":"https:\/\/awtaproducttesting.com.au\/fr\/wp-json\/wp\/v2\/pages\/836","targetHints":{"allow":["GET"]}}],"collection":[{"href":"https:\/\/awtaproducttesting.com.au\/fr\/wp-json\/wp\/v2\/pages"}],"about":[{"href":"https:\/\/awtaproducttesting.com.au\/fr\/wp-json\/wp\/v2\/types\/page"}],"author":[{"embeddable":true,"href":"https:\/\/awtaproducttesting.com.au\/fr\/wp-json\/wp\/v2\/users\/1"}],"replies":[{"embeddable":true,"href":"https:\/\/awtaproducttesting.com.au\/fr\/wp-json\/wp\/v2\/comments?post=836"}],"version-history":[{"count":28,"href":"https:\/\/awtaproducttesting.com.au\/fr\/wp-json\/wp\/v2\/pages\/836\/revisions"}],"predecessor-version":[{"id":3239,"href":"https:\/\/awtaproducttesting.com.au\/fr\/wp-json\/wp\/v2\/pages\/836\/revisions\/3239"}],"up":[{"embeddable":true,"href":"https:\/\/awtaproducttesting.com.au\/fr\/wp-json\/wp\/v2\/pages\/720"}],"wp:attachment":[{"href":"https:\/\/awtaproducttesting.com.au\/fr\/wp-json\/wp\/v2\/media?parent=836"}],"curies":[{"name":"wp","href":"https:\/\/api.w.org\/{rel}","templated":true}]}}