{"id":838,"date":"2025-08-26T01:28:36","date_gmt":"2025-08-26T01:28:36","guid":{"rendered":"https:\/\/awtaproducttesting.swim.net.au\/?page_id=838"},"modified":"2025-11-27T02:53:27","modified_gmt":"2025-11-27T02:53:27","slug":"pliable-building-membranes-and-window-furnishings","status":"publish","type":"page","link":"https:\/\/awtaproducttesting.com.au\/fr\/services\/by-industry\/building-construction\/national-construction-code-ncc-fire-performance\/pliable-building-membranes-and-window-furnishings\/","title":{"rendered":"Membranes de construction souples et garnitures de fen\u00eatres"},"content":{"rendered":"<div class=\"wp-block-group is-style-boxed is-layout-constrained wp-block-group-is-layout-constrained\">\n<div class=\"wp-block-columns is-layout-flex wp-container-core-columns-is-layout-9d6595d7 wp-block-columns-is-layout-flex\">\n<div class=\"wp-block-column is-vertically-aligned-center is-layout-constrained wp-block-column-is-layout-constrained\">\n<p><\/p>\n\n\n\n<p><\/p>\n\n\n\n<p>Les essais sont r\u00e9alis\u00e9s conform\u00e9ment \u00e0 la norme AS 1530.2.  Il s'agit d'un test vertical au cours duquel une petite flamme aliment\u00e9e par de l'alcool est appliqu\u00e9e au bas d'une s\u00e9rie d'\u00e9chantillons.  La hauteur de la flamme, la chaleur d\u00e9gag\u00e9e et le temps n\u00e9cessaire pour atteindre le haut de l'\u00e9chantillon sont enregistr\u00e9s et utilis\u00e9s pour calculer l'indice d'inflammabilit\u00e9.<\/p>\n<\/div>\n\n\n\n<div class=\"wp-block-column is-layout-flow wp-block-column-is-layout-flow\">\n<figure class=\"wp-block-image size-full\"><img loading=\"lazy\" decoding=\"async\" width=\"981\" height=\"700\" src=\"https:\/\/awtaproducttesting.com.au\/app\/uploads\/2025\/11\/PBM-Image-1.jpg\" alt=\"\" class=\"wp-image-2976\" srcset=\"https:\/\/awtaproducttesting.com.au\/app\/uploads\/2025\/11\/PBM-Image-1.jpg 981w, https:\/\/awtaproducttesting.com.au\/app\/uploads\/2025\/11\/PBM-Image-1-300x214.jpg 300w, https:\/\/awtaproducttesting.com.au\/app\/uploads\/2025\/11\/PBM-Image-1-768x548.jpg 768w, https:\/\/awtaproducttesting.com.au\/app\/uploads\/2025\/11\/PBM-Image-1-18x12.jpg 18w\" sizes=\"auto, (max-width: 981px) 100vw, 981px\" \/><\/figure>\n<\/div>\n<\/div>\n\n\n\n<h2 class=\"wp-block-heading\">Plus d'informations<\/h2>\n\n\n\n<div class=\"wp-block-buttons is-nowrap is-layout-flex wp-container-core-buttons-is-layout-ad2f72ca wp-block-buttons-is-layout-flex\">\n<div class=\"wp-block-button is-style-gray-buttons\"><a class=\"wp-block-button__link wp-element-button\" href=\"https:\/\/awtaproducttesting.com.au\/fr\/forms\/as-1530-2-flammability-of-materials-ssf\/as-1530-2-flammability-of-materials-ssf\/\" target=\"_blank\" rel=\"noreferrer noopener\">AS 1530.2 Formulaire de soumission d'\u00e9chantillons<\/a><\/div>\n<\/div>\n<\/div>","protected":false},"excerpt":{"rendered":"<p>Testing is carried out in accordance with AS 1530.2.&nbsp; This is a vertical test where a small alcohol fueled flame is applied to the bottom of a series of samples.&#038;\u2026<\/p>","protected":false},"author":1,"featured_media":0,"parent":720,"menu_order":0,"comment_status":"closed","ping_status":"closed","template":"","meta":{"_acf_changed":false,"footnotes":""},"class_list":["post-838","page","type-page","status-publish","hentry"],"acf":[],"yoast_head":"<!-- This site is optimized with the Yoast SEO plugin v27.0 - https:\/\/yoast.com\/product\/yoast-seo-wordpress\/ -->\n<title>Pliable Building Membranes and Window Furnishings - AWTA Product Testing<\/title>\n<meta name=\"robots\" content=\"index, follow, max-snippet:-1, max-image-preview:large, max-video-preview:-1\" \/>\n<link rel=\"canonical\" href=\"https:\/\/awtaproducttesting.com.au\/fr\/services\/by-industry\/building-construction\/national-construction-code-ncc-fire-performance\/pliable-building-membranes-and-window-furnishings\/\" \/>\n<meta property=\"og:locale\" content=\"fr_FR\" \/>\n<meta property=\"og:type\" content=\"article\" \/>\n<meta property=\"og:title\" content=\"Pliable Building Membranes and Window Furnishings - AWTA Product Testing\" \/>\n<meta property=\"og:description\" content=\"Testing is carried out in accordance with AS 1530.2.&nbsp; This is a vertical test where a small alcohol fueled flame is applied to the bottom of a series of samples.&amp;\u2026\" \/>\n<meta property=\"og:url\" content=\"https:\/\/awtaproducttesting.com.au\/fr\/services\/by-industry\/building-construction\/national-construction-code-ncc-fire-performance\/pliable-building-membranes-and-window-furnishings\/\" \/>\n<meta property=\"og:site_name\" content=\"AWTA Product Testing\" \/>\n<meta property=\"article:modified_time\" content=\"2025-11-27T02:53:27+00:00\" \/>\n<meta property=\"og:image\" content=\"https:\/\/awtaproducttesting.com.au\/app\/uploads\/2025\/11\/PBM-Image-1.jpg\" \/>\n\t<meta property=\"og:image:width\" content=\"981\" \/>\n\t<meta property=\"og:image:height\" content=\"700\" \/>\n\t<meta property=\"og:image:type\" content=\"image\/jpeg\" \/>\n<meta name=\"twitter:card\" content=\"summary_large_image\" \/>\n<script type=\"application\/ld+json\" class=\"yoast-schema-graph\">{\"@context\":\"https:\/\/schema.org\",\"@graph\":[{\"@type\":\"WebPage\",\"@id\":\"https:\/\/awtaproducttesting.com.au\/services\/by-industry\/building-construction\/national-construction-code-ncc-fire-performance\/pliable-building-membranes-and-window-furnishings\/\",\"url\":\"https:\/\/awtaproducttesting.com.au\/services\/by-industry\/building-construction\/national-construction-code-ncc-fire-performance\/pliable-building-membranes-and-window-furnishings\/\",\"name\":\"Pliable Building Membranes and Window Furnishings - AWTA Product Testing\",\"isPartOf\":{\"@id\":\"https:\/\/awtaproducttesting.com.au\/#website\"},\"primaryImageOfPage\":{\"@id\":\"https:\/\/awtaproducttesting.com.au\/services\/by-industry\/building-construction\/national-construction-code-ncc-fire-performance\/pliable-building-membranes-and-window-furnishings\/#primaryimage\"},\"image\":{\"@id\":\"https:\/\/awtaproducttesting.com.au\/services\/by-industry\/building-construction\/national-construction-code-ncc-fire-performance\/pliable-building-membranes-and-window-furnishings\/#primaryimage\"},\"thumbnailUrl\":\"https:\/\/awtaproducttesting.com.au\/app\/uploads\/2025\/11\/PBM-Image-1.jpg\",\"datePublished\":\"2025-08-26T01:28:36+00:00\",\"dateModified\":\"2025-11-27T02:53:27+00:00\",\"breadcrumb\":{\"@id\":\"https:\/\/awtaproducttesting.com.au\/services\/by-industry\/building-construction\/national-construction-code-ncc-fire-performance\/pliable-building-membranes-and-window-furnishings\/#breadcrumb\"},\"inLanguage\":\"fr-FR\",\"potentialAction\":[{\"@type\":\"ReadAction\",\"target\":[\"https:\/\/awtaproducttesting.com.au\/services\/by-industry\/building-construction\/national-construction-code-ncc-fire-performance\/pliable-building-membranes-and-window-furnishings\/\"]}]},{\"@type\":\"ImageObject\",\"inLanguage\":\"fr-FR\",\"@id\":\"https:\/\/awtaproducttesting.com.au\/services\/by-industry\/building-construction\/national-construction-code-ncc-fire-performance\/pliable-building-membranes-and-window-furnishings\/#primaryimage\",\"url\":\"https:\/\/awtaproducttesting.com.au\/app\/uploads\/2025\/11\/PBM-Image-1.jpg\",\"contentUrl\":\"https:\/\/awtaproducttesting.com.au\/app\/uploads\/2025\/11\/PBM-Image-1.jpg\"},{\"@type\":\"BreadcrumbList\",\"@id\":\"https:\/\/awtaproducttesting.com.au\/services\/by-industry\/building-construction\/national-construction-code-ncc-fire-performance\/pliable-building-membranes-and-window-furnishings\/#breadcrumb\",\"itemListElement\":[{\"@type\":\"ListItem\",\"position\":1,\"name\":\"Home\",\"item\":\"https:\/\/awtaproducttesting.com.au\/\"},{\"@type\":\"ListItem\",\"position\":2,\"name\":\"Services\",\"item\":\"https:\/\/awtaproducttesting.com.au\/services\/\"},{\"@type\":\"ListItem\",\"position\":3,\"name\":\"By Industry\",\"item\":\"https:\/\/awtaproducttesting.com.au\/services\/by-industry\/\"},{\"@type\":\"ListItem\",\"position\":4,\"name\":\"Building &amp; Construction Industry\",\"item\":\"https:\/\/awtaproducttesting.com.au\/services\/by-industry\/building-construction\/\"},{\"@type\":\"ListItem\",\"position\":5,\"name\":\"National Construction Code (NCC) Fire Performance\",\"item\":\"https:\/\/awtaproducttesting.com.au\/services\/by-industry\/building-construction\/national-construction-code-ncc-fire-performance\/\"},{\"@type\":\"ListItem\",\"position\":6,\"name\":\"Pliable Building Membranes and Window Furnishings\"}]},{\"@type\":\"WebSite\",\"@id\":\"https:\/\/awtaproducttesting.com.au\/#website\",\"url\":\"https:\/\/awtaproducttesting.com.au\/\",\"name\":\"AWTA Product Testing\",\"description\":\"\",\"publisher\":{\"@id\":\"https:\/\/awtaproducttesting.com.au\/#organization\"},\"potentialAction\":[{\"@type\":\"SearchAction\",\"target\":{\"@type\":\"EntryPoint\",\"urlTemplate\":\"https:\/\/awtaproducttesting.com.au\/?s={search_term_string}\"},\"query-input\":{\"@type\":\"PropertyValueSpecification\",\"valueRequired\":true,\"valueName\":\"search_term_string\"}}],\"inLanguage\":\"fr-FR\"},{\"@type\":\"Organization\",\"@id\":\"https:\/\/awtaproducttesting.com.au\/#organization\",\"name\":\"AWTA Product Testing\",\"url\":\"https:\/\/awtaproducttesting.com.au\/\",\"logo\":{\"@type\":\"ImageObject\",\"inLanguage\":\"fr-FR\",\"@id\":\"https:\/\/awtaproducttesting.com.au\/#\/schema\/logo\/image\/\",\"url\":\"https:\/\/awtaproducttesting.com.au\/app\/uploads\/2025\/08\/PT-News-Banner-scaled.jpg\",\"contentUrl\":\"https:\/\/awtaproducttesting.com.au\/app\/uploads\/2025\/08\/PT-News-Banner-scaled.jpg\",\"width\":2560,\"height\":1580,\"caption\":\"AWTA Product Testing\"},\"image\":{\"@id\":\"https:\/\/awtaproducttesting.com.au\/#\/schema\/logo\/image\/\"}}]}<\/script>\n<!-- \/ Yoast SEO plugin. -->","yoast_head_json":{"title":"Pliable Building Membranes and Window Furnishings - AWTA Product Testing","robots":{"index":"index","follow":"follow","max-snippet":"max-snippet:-1","max-image-preview":"max-image-preview:large","max-video-preview":"max-video-preview:-1"},"canonical":"https:\/\/awtaproducttesting.com.au\/fr\/services\/by-industry\/building-construction\/national-construction-code-ncc-fire-performance\/pliable-building-membranes-and-window-furnishings\/","og_locale":"fr_FR","og_type":"article","og_title":"Pliable Building Membranes and Window Furnishings - AWTA Product Testing","og_description":"Testing is carried out in accordance with AS 1530.2.&nbsp; This is a vertical test where a small alcohol fueled flame is applied to the bottom of a series of samples.&\u2026","og_url":"https:\/\/awtaproducttesting.com.au\/fr\/services\/by-industry\/building-construction\/national-construction-code-ncc-fire-performance\/pliable-building-membranes-and-window-furnishings\/","og_site_name":"AWTA Product Testing","article_modified_time":"2025-11-27T02:53:27+00:00","og_image":[{"width":981,"height":700,"url":"https:\/\/awtaproducttesting.com.au\/app\/uploads\/2025\/11\/PBM-Image-1.jpg","type":"image\/jpeg"}],"twitter_card":"summary_large_image","schema":{"@context":"https:\/\/schema.org","@graph":[{"@type":"WebPage","@id":"https:\/\/awtaproducttesting.com.au\/services\/by-industry\/building-construction\/national-construction-code-ncc-fire-performance\/pliable-building-membranes-and-window-furnishings\/","url":"https:\/\/awtaproducttesting.com.au\/services\/by-industry\/building-construction\/national-construction-code-ncc-fire-performance\/pliable-building-membranes-and-window-furnishings\/","name":"Pliable Building Membranes and Window Furnishings - AWTA Product Testing","isPartOf":{"@id":"https:\/\/awtaproducttesting.com.au\/#website"},"primaryImageOfPage":{"@id":"https:\/\/awtaproducttesting.com.au\/services\/by-industry\/building-construction\/national-construction-code-ncc-fire-performance\/pliable-building-membranes-and-window-furnishings\/#primaryimage"},"image":{"@id":"https:\/\/awtaproducttesting.com.au\/services\/by-industry\/building-construction\/national-construction-code-ncc-fire-performance\/pliable-building-membranes-and-window-furnishings\/#primaryimage"},"thumbnailUrl":"https:\/\/awtaproducttesting.com.au\/app\/uploads\/2025\/11\/PBM-Image-1.jpg","datePublished":"2025-08-26T01:28:36+00:00","dateModified":"2025-11-27T02:53:27+00:00","breadcrumb":{"@id":"https:\/\/awtaproducttesting.com.au\/services\/by-industry\/building-construction\/national-construction-code-ncc-fire-performance\/pliable-building-membranes-and-window-furnishings\/#breadcrumb"},"inLanguage":"fr-FR","potentialAction":[{"@type":"ReadAction","target":["https:\/\/awtaproducttesting.com.au\/services\/by-industry\/building-construction\/national-construction-code-ncc-fire-performance\/pliable-building-membranes-and-window-furnishings\/"]}]},{"@type":"ImageObject","inLanguage":"fr-FR","@id":"https:\/\/awtaproducttesting.com.au\/services\/by-industry\/building-construction\/national-construction-code-ncc-fire-performance\/pliable-building-membranes-and-window-furnishings\/#primaryimage","url":"https:\/\/awtaproducttesting.com.au\/app\/uploads\/2025\/11\/PBM-Image-1.jpg","contentUrl":"https:\/\/awtaproducttesting.com.au\/app\/uploads\/2025\/11\/PBM-Image-1.jpg"},{"@type":"BreadcrumbList","@id":"https:\/\/awtaproducttesting.com.au\/services\/by-industry\/building-construction\/national-construction-code-ncc-fire-performance\/pliable-building-membranes-and-window-furnishings\/#breadcrumb","itemListElement":[{"@type":"ListItem","position":1,"name":"Home","item":"https:\/\/awtaproducttesting.com.au\/"},{"@type":"ListItem","position":2,"name":"Services","item":"https:\/\/awtaproducttesting.com.au\/services\/"},{"@type":"ListItem","position":3,"name":"By Industry","item":"https:\/\/awtaproducttesting.com.au\/services\/by-industry\/"},{"@type":"ListItem","position":4,"name":"Building &amp; Construction Industry","item":"https:\/\/awtaproducttesting.com.au\/services\/by-industry\/building-construction\/"},{"@type":"ListItem","position":5,"name":"National Construction Code (NCC) Fire Performance","item":"https:\/\/awtaproducttesting.com.au\/services\/by-industry\/building-construction\/national-construction-code-ncc-fire-performance\/"},{"@type":"ListItem","position":6,"name":"Pliable Building Membranes and Window Furnishings"}]},{"@type":"WebSite","@id":"https:\/\/awtaproducttesting.com.au\/#website","url":"https:\/\/awtaproducttesting.com.au\/","name":"Tests de produits de l'AWTA","description":"","publisher":{"@id":"https:\/\/awtaproducttesting.com.au\/#organization"},"potentialAction":[{"@type":"SearchAction","target":{"@type":"EntryPoint","urlTemplate":"https:\/\/awtaproducttesting.com.au\/?s={search_term_string}"},"query-input":{"@type":"PropertyValueSpecification","valueRequired":true,"valueName":"search_term_string"}}],"inLanguage":"fr-FR"},{"@type":"Organization","@id":"https:\/\/awtaproducttesting.com.au\/#organization","name":"Tests de produits de l'AWTA","url":"https:\/\/awtaproducttesting.com.au\/","logo":{"@type":"ImageObject","inLanguage":"fr-FR","@id":"https:\/\/awtaproducttesting.com.au\/#\/schema\/logo\/image\/","url":"https:\/\/awtaproducttesting.com.au\/app\/uploads\/2025\/08\/PT-News-Banner-scaled.jpg","contentUrl":"https:\/\/awtaproducttesting.com.au\/app\/uploads\/2025\/08\/PT-News-Banner-scaled.jpg","width":2560,"height":1580,"caption":"AWTA Product Testing"},"image":{"@id":"https:\/\/awtaproducttesting.com.au\/#\/schema\/logo\/image\/"}}]}},"_links":{"self":[{"href":"https:\/\/awtaproducttesting.com.au\/fr\/wp-json\/wp\/v2\/pages\/838","targetHints":{"allow":["GET"]}}],"collection":[{"href":"https:\/\/awtaproducttesting.com.au\/fr\/wp-json\/wp\/v2\/pages"}],"about":[{"href":"https:\/\/awtaproducttesting.com.au\/fr\/wp-json\/wp\/v2\/types\/page"}],"author":[{"embeddable":true,"href":"https:\/\/awtaproducttesting.com.au\/fr\/wp-json\/wp\/v2\/users\/1"}],"replies":[{"embeddable":true,"href":"https:\/\/awtaproducttesting.com.au\/fr\/wp-json\/wp\/v2\/comments?post=838"}],"version-history":[{"count":19,"href":"https:\/\/awtaproducttesting.com.au\/fr\/wp-json\/wp\/v2\/pages\/838\/revisions"}],"predecessor-version":[{"id":3240,"href":"https:\/\/awtaproducttesting.com.au\/fr\/wp-json\/wp\/v2\/pages\/838\/revisions\/3240"}],"up":[{"embeddable":true,"href":"https:\/\/awtaproducttesting.com.au\/fr\/wp-json\/wp\/v2\/pages\/720"}],"wp:attachment":[{"href":"https:\/\/awtaproducttesting.com.au\/fr\/wp-json\/wp\/v2\/media?parent=838"}],"curies":[{"name":"wp","href":"https:\/\/api.w.org\/{rel}","templated":true}]}}