{"id":844,"date":"2025-08-26T01:32:04","date_gmt":"2025-08-26T01:32:04","guid":{"rendered":"https:\/\/awtaproducttesting.swim.net.au\/?page_id=844"},"modified":"2025-12-16T01:21:39","modified_gmt":"2025-12-16T01:21:39","slug":"wall-and-ceiling-linings","status":"publish","type":"page","link":"https:\/\/awtaproducttesting.com.au\/fr\/services\/by-industry\/building-construction\/national-construction-code-ncc-fire-performance\/wall-and-ceiling-linings\/","title":{"rendered":"Rev\u00eatements de murs et de plafonds"},"content":{"rendered":"<div class=\"wp-block-group is-style-boxed is-layout-constrained wp-block-group-is-layout-constrained\">\n<div class=\"wp-block-columns is-layout-flex wp-container-core-columns-is-layout-9d6595d7 wp-block-columns-is-layout-flex\">\n<div class=\"wp-block-column is-vertically-aligned-center is-layout-constrained wp-block-column-is-layout-constrained\">\n<p><\/p>\n\n\n\n<p>Les rev\u00eatements de murs et de plafonds peuvent \u00eatre test\u00e9s conform\u00e9ment \u00e0 la norme AS\/NZS 3837.  Il s'agit d'exposer des \u00e9chantillons \u00e0 un \u00e9l\u00e9ment chauffant conique \u00e0 l'aide d'un calorim\u00e8tre \u00e0 c\u00f4ne afin de d\u00e9terminer la chaleur et la fum\u00e9e produites.  Pour certains mat\u00e9riaux, un num\u00e9ro de groupe peut \u00eatre pr\u00e9dit \u00e0 partir des r\u00e9sultats du test, conform\u00e9ment \u00e0 la norme AS 5637.1.<\/p>\n<\/div>\n\n\n\n<div class=\"wp-block-column is-layout-flow wp-block-column-is-layout-flow\">\n<figure class=\"wp-block-image size-full\"><img loading=\"lazy\" decoding=\"async\" width=\"2560\" height=\"1440\" src=\"https:\/\/awtaproducttesting.com.au\/app\/uploads\/2025\/09\/Cone-Calorimeter-scaled.jpg\" alt=\"\" class=\"wp-image-1681\" srcset=\"https:\/\/awtaproducttesting.com.au\/app\/uploads\/2025\/09\/Cone-Calorimeter-scaled.jpg 2560w, https:\/\/awtaproducttesting.com.au\/app\/uploads\/2025\/09\/Cone-Calorimeter-300x169.jpg 300w, https:\/\/awtaproducttesting.com.au\/app\/uploads\/2025\/09\/Cone-Calorimeter-1024x576.jpg 1024w, https:\/\/awtaproducttesting.com.au\/app\/uploads\/2025\/09\/Cone-Calorimeter-768x432.jpg 768w, https:\/\/awtaproducttesting.com.au\/app\/uploads\/2025\/09\/Cone-Calorimeter-1536x864.jpg 1536w, https:\/\/awtaproducttesting.com.au\/app\/uploads\/2025\/09\/Cone-Calorimeter-2048x1152.jpg 2048w, https:\/\/awtaproducttesting.com.au\/app\/uploads\/2025\/09\/Cone-Calorimeter-18x10.jpg 18w\" sizes=\"auto, (max-width: 2560px) 100vw, 2560px\" \/><\/figure>\n<\/div>\n<\/div>\n\n\n\n<h2 class=\"wp-block-heading\">Plus d'informations<\/h2>\n\n\n\n<div class=\"wp-block-buttons is-layout-flex wp-block-buttons-is-layout-flex\">\n<div class=\"wp-block-button is-style-gray-buttons\"><a class=\"wp-block-button__link wp-element-button\" href=\"\/fr\/app\/uploads\/2025\/09\/AS-5637-Cone-Calorimeter-SSF.pdf\/\" target=\"_blank\" rel=\"noreferrer noopener\">AS 5637.1 (AS\/NZS 3837) Formulaire de soumission d'\u00e9chantillons<\/a><\/div>\n\n\n\n<div class=\"wp-block-button is-style-gray-buttons\"><a class=\"wp-block-button__link wp-element-button\" href=\"\/fr\/app\/uploads\/2025\/09\/AS-5637-Cone-Calorimeter-TIS.pdf\/\" target=\"_blank\" rel=\"noreferrer noopener\">AS 5637.1 (AS\/NZS 3837) Fiche d'information sur les essais<\/a><\/div>\n\n\n\n<div class=\"wp-block-button is-style-gray-buttons\"><a class=\"wp-block-button__link wp-element-button\" href=\"\/fr\/app\/uploads\/2025\/09\/ASNZS-3837-Cone-Calorimeter-Guidance-SSF.pdf\/\" target=\"_blank\" rel=\"noreferrer noopener\">AS\/NZS 3837 - Guidance Sample Submission Form (formulaire de soumission d'un \u00e9chantillon)<\/a><\/div>\n<\/div>\n\n\n\n<h4 class=\"wp-block-heading\">Nous proposons \u00e9galement des essais pour satisfaire aux exigences internationales de la norme ISO 5660.1.<\/h4>\n\n\n\n<div class=\"wp-block-buttons is-layout-flex wp-block-buttons-is-layout-flex\">\n<div class=\"wp-block-button is-style-gray-buttons\"><a class=\"wp-block-button__link wp-element-button\" href=\"\/fr\/app\/uploads\/2025\/09\/ISO-5660.1-Cone-Calorimeter-SSF.pdf\/\" target=\"_blank\" rel=\"noreferrer noopener\">ISO 5660.1 Formulaire de soumission d'\u00e9chantillons<\/a><\/div>\n\n\n\n<div class=\"wp-block-button is-style-gray-buttons\"><a class=\"wp-block-button__link wp-element-button\" href=\"\/fr\/app\/uploads\/2025\/09\/ISO-5660.1-Cone-Calorimeter-Guidance-SSF.pdf\/\" target=\"_blank\" rel=\"noreferrer noopener\">ISO 5660.1 Guidance Formulaire de soumission d'\u00e9chantillon<\/a><\/div>\n<\/div>\n<\/div>\n\n\n\n<p><\/p>","protected":false},"excerpt":{"rendered":"<p>Wall and ceiling linings can be tested to AS\/NZS 3837.&nbsp; This involves exposing samples to a conical heating element using a cone calorimeter to determine the heat\u2026<\/p>","protected":false},"author":1,"featured_media":0,"parent":720,"menu_order":0,"comment_status":"closed","ping_status":"closed","template":"","meta":{"_acf_changed":false,"footnotes":""},"class_list":["post-844","page","type-page","status-publish","hentry"],"acf":[],"yoast_head":"<!-- This site is optimized with the Yoast SEO plugin v27.0 - https:\/\/yoast.com\/product\/yoast-seo-wordpress\/ -->\n<title>Wall and Ceiling Linings - AWTA Product Testing<\/title>\n<meta name=\"robots\" content=\"index, follow, max-snippet:-1, max-image-preview:large, max-video-preview:-1\" \/>\n<link rel=\"canonical\" href=\"https:\/\/awtaproducttesting.com.au\/fr\/services\/by-industry\/building-construction\/national-construction-code-ncc-fire-performance\/wall-and-ceiling-linings\/\" \/>\n<meta property=\"og:locale\" content=\"fr_FR\" \/>\n<meta property=\"og:type\" content=\"article\" \/>\n<meta property=\"og:title\" content=\"Wall and Ceiling Linings - AWTA Product Testing\" \/>\n<meta property=\"og:description\" content=\"Wall and ceiling linings can be tested to AS\/NZS 3837.&nbsp; This involves exposing samples to a conical heating element using a cone calorimeter to determine the heat\u2026\" \/>\n<meta property=\"og:url\" content=\"https:\/\/awtaproducttesting.com.au\/fr\/services\/by-industry\/building-construction\/national-construction-code-ncc-fire-performance\/wall-and-ceiling-linings\/\" \/>\n<meta property=\"og:site_name\" content=\"AWTA Product Testing\" \/>\n<meta property=\"article:modified_time\" content=\"2025-12-16T01:21:39+00:00\" \/>\n<meta property=\"og:image\" content=\"https:\/\/awtaproducttesting.com.au\/app\/uploads\/2025\/09\/Cone-Calorimeter-scaled.jpg\" \/>\n\t<meta property=\"og:image:width\" content=\"2560\" \/>\n\t<meta property=\"og:image:height\" content=\"1440\" \/>\n\t<meta property=\"og:image:type\" content=\"image\/jpeg\" \/>\n<meta name=\"twitter:card\" content=\"summary_large_image\" \/>\n<script type=\"application\/ld+json\" class=\"yoast-schema-graph\">{\"@context\":\"https:\/\/schema.org\",\"@graph\":[{\"@type\":\"WebPage\",\"@id\":\"https:\/\/awtaproducttesting.com.au\/services\/by-industry\/building-construction\/national-construction-code-ncc-fire-performance\/wall-and-ceiling-linings\/\",\"url\":\"https:\/\/awtaproducttesting.com.au\/services\/by-industry\/building-construction\/national-construction-code-ncc-fire-performance\/wall-and-ceiling-linings\/\",\"name\":\"Wall and Ceiling Linings - AWTA Product Testing\",\"isPartOf\":{\"@id\":\"https:\/\/awtaproducttesting.com.au\/#website\"},\"primaryImageOfPage\":{\"@id\":\"https:\/\/awtaproducttesting.com.au\/services\/by-industry\/building-construction\/national-construction-code-ncc-fire-performance\/wall-and-ceiling-linings\/#primaryimage\"},\"image\":{\"@id\":\"https:\/\/awtaproducttesting.com.au\/services\/by-industry\/building-construction\/national-construction-code-ncc-fire-performance\/wall-and-ceiling-linings\/#primaryimage\"},\"thumbnailUrl\":\"https:\/\/awtaproducttesting.com.au\/app\/uploads\/2025\/09\/Cone-Calorimeter-scaled.jpg\",\"datePublished\":\"2025-08-26T01:32:04+00:00\",\"dateModified\":\"2025-12-16T01:21:39+00:00\",\"breadcrumb\":{\"@id\":\"https:\/\/awtaproducttesting.com.au\/services\/by-industry\/building-construction\/national-construction-code-ncc-fire-performance\/wall-and-ceiling-linings\/#breadcrumb\"},\"inLanguage\":\"fr-FR\",\"potentialAction\":[{\"@type\":\"ReadAction\",\"target\":[\"https:\/\/awtaproducttesting.com.au\/services\/by-industry\/building-construction\/national-construction-code-ncc-fire-performance\/wall-and-ceiling-linings\/\"]}]},{\"@type\":\"ImageObject\",\"inLanguage\":\"fr-FR\",\"@id\":\"https:\/\/awtaproducttesting.com.au\/services\/by-industry\/building-construction\/national-construction-code-ncc-fire-performance\/wall-and-ceiling-linings\/#primaryimage\",\"url\":\"https:\/\/awtaproducttesting.com.au\/app\/uploads\/2025\/09\/Cone-Calorimeter-scaled.jpg\",\"contentUrl\":\"https:\/\/awtaproducttesting.com.au\/app\/uploads\/2025\/09\/Cone-Calorimeter-scaled.jpg\"},{\"@type\":\"BreadcrumbList\",\"@id\":\"https:\/\/awtaproducttesting.com.au\/services\/by-industry\/building-construction\/national-construction-code-ncc-fire-performance\/wall-and-ceiling-linings\/#breadcrumb\",\"itemListElement\":[{\"@type\":\"ListItem\",\"position\":1,\"name\":\"Home\",\"item\":\"https:\/\/awtaproducttesting.com.au\/\"},{\"@type\":\"ListItem\",\"position\":2,\"name\":\"Services\",\"item\":\"https:\/\/awtaproducttesting.com.au\/services\/\"},{\"@type\":\"ListItem\",\"position\":3,\"name\":\"By Industry\",\"item\":\"https:\/\/awtaproducttesting.com.au\/services\/by-industry\/\"},{\"@type\":\"ListItem\",\"position\":4,\"name\":\"Building &amp; Construction Industry\",\"item\":\"https:\/\/awtaproducttesting.com.au\/services\/by-industry\/building-construction\/\"},{\"@type\":\"ListItem\",\"position\":5,\"name\":\"National Construction Code (NCC) Fire Performance\",\"item\":\"https:\/\/awtaproducttesting.com.au\/services\/by-industry\/building-construction\/national-construction-code-ncc-fire-performance\/\"},{\"@type\":\"ListItem\",\"position\":6,\"name\":\"Wall and Ceiling Linings\"}]},{\"@type\":\"WebSite\",\"@id\":\"https:\/\/awtaproducttesting.com.au\/#website\",\"url\":\"https:\/\/awtaproducttesting.com.au\/\",\"name\":\"AWTA Product Testing\",\"description\":\"\",\"publisher\":{\"@id\":\"https:\/\/awtaproducttesting.com.au\/#organization\"},\"potentialAction\":[{\"@type\":\"SearchAction\",\"target\":{\"@type\":\"EntryPoint\",\"urlTemplate\":\"https:\/\/awtaproducttesting.com.au\/?s={search_term_string}\"},\"query-input\":{\"@type\":\"PropertyValueSpecification\",\"valueRequired\":true,\"valueName\":\"search_term_string\"}}],\"inLanguage\":\"fr-FR\"},{\"@type\":\"Organization\",\"@id\":\"https:\/\/awtaproducttesting.com.au\/#organization\",\"name\":\"AWTA Product Testing\",\"url\":\"https:\/\/awtaproducttesting.com.au\/\",\"logo\":{\"@type\":\"ImageObject\",\"inLanguage\":\"fr-FR\",\"@id\":\"https:\/\/awtaproducttesting.com.au\/#\/schema\/logo\/image\/\",\"url\":\"https:\/\/awtaproducttesting.com.au\/app\/uploads\/2025\/08\/PT-News-Banner-scaled.jpg\",\"contentUrl\":\"https:\/\/awtaproducttesting.com.au\/app\/uploads\/2025\/08\/PT-News-Banner-scaled.jpg\",\"width\":2560,\"height\":1580,\"caption\":\"AWTA Product Testing\"},\"image\":{\"@id\":\"https:\/\/awtaproducttesting.com.au\/#\/schema\/logo\/image\/\"}}]}<\/script>\n<!-- \/ Yoast SEO plugin. -->","yoast_head_json":{"title":"Wall and Ceiling Linings - AWTA Product Testing","robots":{"index":"index","follow":"follow","max-snippet":"max-snippet:-1","max-image-preview":"max-image-preview:large","max-video-preview":"max-video-preview:-1"},"canonical":"https:\/\/awtaproducttesting.com.au\/fr\/services\/by-industry\/building-construction\/national-construction-code-ncc-fire-performance\/wall-and-ceiling-linings\/","og_locale":"fr_FR","og_type":"article","og_title":"Wall and Ceiling Linings - AWTA Product Testing","og_description":"Wall and ceiling linings can be tested to AS\/NZS 3837.&nbsp; This involves exposing samples to a conical heating element using a cone calorimeter to determine the heat\u2026","og_url":"https:\/\/awtaproducttesting.com.au\/fr\/services\/by-industry\/building-construction\/national-construction-code-ncc-fire-performance\/wall-and-ceiling-linings\/","og_site_name":"AWTA Product Testing","article_modified_time":"2025-12-16T01:21:39+00:00","og_image":[{"width":2560,"height":1440,"url":"https:\/\/awtaproducttesting.com.au\/app\/uploads\/2025\/09\/Cone-Calorimeter-scaled.jpg","type":"image\/jpeg"}],"twitter_card":"summary_large_image","schema":{"@context":"https:\/\/schema.org","@graph":[{"@type":"WebPage","@id":"https:\/\/awtaproducttesting.com.au\/services\/by-industry\/building-construction\/national-construction-code-ncc-fire-performance\/wall-and-ceiling-linings\/","url":"https:\/\/awtaproducttesting.com.au\/services\/by-industry\/building-construction\/national-construction-code-ncc-fire-performance\/wall-and-ceiling-linings\/","name":"Wall and Ceiling Linings - AWTA Product Testing","isPartOf":{"@id":"https:\/\/awtaproducttesting.com.au\/#website"},"primaryImageOfPage":{"@id":"https:\/\/awtaproducttesting.com.au\/services\/by-industry\/building-construction\/national-construction-code-ncc-fire-performance\/wall-and-ceiling-linings\/#primaryimage"},"image":{"@id":"https:\/\/awtaproducttesting.com.au\/services\/by-industry\/building-construction\/national-construction-code-ncc-fire-performance\/wall-and-ceiling-linings\/#primaryimage"},"thumbnailUrl":"https:\/\/awtaproducttesting.com.au\/app\/uploads\/2025\/09\/Cone-Calorimeter-scaled.jpg","datePublished":"2025-08-26T01:32:04+00:00","dateModified":"2025-12-16T01:21:39+00:00","breadcrumb":{"@id":"https:\/\/awtaproducttesting.com.au\/services\/by-industry\/building-construction\/national-construction-code-ncc-fire-performance\/wall-and-ceiling-linings\/#breadcrumb"},"inLanguage":"fr-FR","potentialAction":[{"@type":"ReadAction","target":["https:\/\/awtaproducttesting.com.au\/services\/by-industry\/building-construction\/national-construction-code-ncc-fire-performance\/wall-and-ceiling-linings\/"]}]},{"@type":"ImageObject","inLanguage":"fr-FR","@id":"https:\/\/awtaproducttesting.com.au\/services\/by-industry\/building-construction\/national-construction-code-ncc-fire-performance\/wall-and-ceiling-linings\/#primaryimage","url":"https:\/\/awtaproducttesting.com.au\/app\/uploads\/2025\/09\/Cone-Calorimeter-scaled.jpg","contentUrl":"https:\/\/awtaproducttesting.com.au\/app\/uploads\/2025\/09\/Cone-Calorimeter-scaled.jpg"},{"@type":"BreadcrumbList","@id":"https:\/\/awtaproducttesting.com.au\/services\/by-industry\/building-construction\/national-construction-code-ncc-fire-performance\/wall-and-ceiling-linings\/#breadcrumb","itemListElement":[{"@type":"ListItem","position":1,"name":"Home","item":"https:\/\/awtaproducttesting.com.au\/"},{"@type":"ListItem","position":2,"name":"Services","item":"https:\/\/awtaproducttesting.com.au\/services\/"},{"@type":"ListItem","position":3,"name":"By Industry","item":"https:\/\/awtaproducttesting.com.au\/services\/by-industry\/"},{"@type":"ListItem","position":4,"name":"Building &amp; Construction Industry","item":"https:\/\/awtaproducttesting.com.au\/services\/by-industry\/building-construction\/"},{"@type":"ListItem","position":5,"name":"National Construction Code (NCC) Fire Performance","item":"https:\/\/awtaproducttesting.com.au\/services\/by-industry\/building-construction\/national-construction-code-ncc-fire-performance\/"},{"@type":"ListItem","position":6,"name":"Wall and Ceiling Linings"}]},{"@type":"WebSite","@id":"https:\/\/awtaproducttesting.com.au\/#website","url":"https:\/\/awtaproducttesting.com.au\/","name":"Tests de produits de l'AWTA","description":"","publisher":{"@id":"https:\/\/awtaproducttesting.com.au\/#organization"},"potentialAction":[{"@type":"SearchAction","target":{"@type":"EntryPoint","urlTemplate":"https:\/\/awtaproducttesting.com.au\/?s={search_term_string}"},"query-input":{"@type":"PropertyValueSpecification","valueRequired":true,"valueName":"search_term_string"}}],"inLanguage":"fr-FR"},{"@type":"Organization","@id":"https:\/\/awtaproducttesting.com.au\/#organization","name":"Tests de produits de l'AWTA","url":"https:\/\/awtaproducttesting.com.au\/","logo":{"@type":"ImageObject","inLanguage":"fr-FR","@id":"https:\/\/awtaproducttesting.com.au\/#\/schema\/logo\/image\/","url":"https:\/\/awtaproducttesting.com.au\/app\/uploads\/2025\/08\/PT-News-Banner-scaled.jpg","contentUrl":"https:\/\/awtaproducttesting.com.au\/app\/uploads\/2025\/08\/PT-News-Banner-scaled.jpg","width":2560,"height":1580,"caption":"AWTA Product Testing"},"image":{"@id":"https:\/\/awtaproducttesting.com.au\/#\/schema\/logo\/image\/"}}]}},"_links":{"self":[{"href":"https:\/\/awtaproducttesting.com.au\/fr\/wp-json\/wp\/v2\/pages\/844","targetHints":{"allow":["GET"]}}],"collection":[{"href":"https:\/\/awtaproducttesting.com.au\/fr\/wp-json\/wp\/v2\/pages"}],"about":[{"href":"https:\/\/awtaproducttesting.com.au\/fr\/wp-json\/wp\/v2\/types\/page"}],"author":[{"embeddable":true,"href":"https:\/\/awtaproducttesting.com.au\/fr\/wp-json\/wp\/v2\/users\/1"}],"replies":[{"embeddable":true,"href":"https:\/\/awtaproducttesting.com.au\/fr\/wp-json\/wp\/v2\/comments?post=844"}],"version-history":[{"count":27,"href":"https:\/\/awtaproducttesting.com.au\/fr\/wp-json\/wp\/v2\/pages\/844\/revisions"}],"predecessor-version":[{"id":3510,"href":"https:\/\/awtaproducttesting.com.au\/fr\/wp-json\/wp\/v2\/pages\/844\/revisions\/3510"}],"up":[{"embeddable":true,"href":"https:\/\/awtaproducttesting.com.au\/fr\/wp-json\/wp\/v2\/pages\/720"}],"wp:attachment":[{"href":"https:\/\/awtaproducttesting.com.au\/fr\/wp-json\/wp\/v2\/media?parent=844"}],"curies":[{"name":"wp","href":"https:\/\/api.w.org\/{rel}","templated":true}]}}