{"id":951,"date":"2025-08-26T04:08:55","date_gmt":"2025-08-26T04:08:55","guid":{"rendered":"https:\/\/awtaproducttesting.swim.net.au\/?page_id=951"},"modified":"2025-12-16T02:43:03","modified_gmt":"2025-12-16T02:43:03","slug":"upholstery","status":"publish","type":"page","link":"https:\/\/awtaproducttesting.com.au\/fr\/services\/by-industry\/textiles-and-apparel\/interior-furnishings\/upholstery\/","title":{"rendered":"Tapisserie d'ameublement"},"content":{"rendered":"<div class=\"wp-block-group is-style-boxed is-layout-constrained wp-block-group-is-layout-constrained\">\n<div class=\"wp-block-columns is-layout-flex wp-container-core-columns-is-layout-9d6595d7 wp-block-columns-is-layout-flex\">\n<div class=\"wp-block-column is-vertically-aligned-center is-layout-constrained wp-block-column-is-layout-constrained\">\n<p>Les tissus d'ameublement sont utilis\u00e9s dans des circonstances tr\u00e8s diverses, qu'il s'agisse d'habitations domestiques ou d'environnements commerciaux tr\u00e8s sollicit\u00e9s.  Les attentes de chaque utilisateur du tissu sont diff\u00e9rentes, et les tissus sont donc produits pour r\u00e9pondre \u00e0 chacune de ces attentes.&nbsp;<\/p>\n\n\n\n<p>Un syst\u00e8me de classement permet de cat\u00e9goriser les tissus de mani\u00e8re \u00e0 pouvoir choisir le tissu appropri\u00e9 pour chaque application.<\/p>\n<\/div>\n\n\n\n<div class=\"wp-block-column is-layout-flow wp-block-column-is-layout-flow\">\n<figure class=\"wp-block-image size-full\"><img loading=\"lazy\" decoding=\"async\" width=\"2420\" height=\"2560\" src=\"https:\/\/awtaproducttesting.com.au\/app\/uploads\/2025\/11\/1st-image-Upholstrey-scaled.jpg\" alt=\"\" class=\"wp-image-3091\" srcset=\"https:\/\/awtaproducttesting.com.au\/app\/uploads\/2025\/11\/1st-image-Upholstrey-scaled.jpg 2420w, https:\/\/awtaproducttesting.com.au\/app\/uploads\/2025\/11\/1st-image-Upholstrey-284x300.jpg 284w, https:\/\/awtaproducttesting.com.au\/app\/uploads\/2025\/11\/1st-image-Upholstrey-968x1024.jpg 968w, https:\/\/awtaproducttesting.com.au\/app\/uploads\/2025\/11\/1st-image-Upholstrey-768x813.jpg 768w, https:\/\/awtaproducttesting.com.au\/app\/uploads\/2025\/11\/1st-image-Upholstrey-1452x1536.jpg 1452w, https:\/\/awtaproducttesting.com.au\/app\/uploads\/2025\/11\/1st-image-Upholstrey-1936x2048.jpg 1936w, https:\/\/awtaproducttesting.com.au\/app\/uploads\/2025\/11\/1st-image-Upholstrey-11x12.jpg 11w\" sizes=\"auto, (max-width: 2420px) 100vw, 2420px\" \/><\/figure>\n<\/div>\n<\/div>\n\n\n\n<div class=\"wp-block-columns is-layout-flex wp-container-core-columns-is-layout-9d6595d7 wp-block-columns-is-layout-flex\">\n<div class=\"wp-block-column is-layout-flow wp-block-column-is-layout-flow\">\n<figure class=\"wp-block-image size-full\"><img loading=\"lazy\" decoding=\"async\" width=\"529\" height=\"354\" src=\"https:\/\/awtaproducttesting.com.au\/app\/uploads\/2025\/11\/Martidale-test.jpg\" alt=\"\" class=\"wp-image-3090\" srcset=\"https:\/\/awtaproducttesting.com.au\/app\/uploads\/2025\/11\/Martidale-test.jpg 529w, https:\/\/awtaproducttesting.com.au\/app\/uploads\/2025\/11\/Martidale-test-300x201.jpg 300w, https:\/\/awtaproducttesting.com.au\/app\/uploads\/2025\/11\/Martidale-test-18x12.jpg 18w\" sizes=\"auto, (max-width: 529px) 100vw, 529px\" \/><\/figure>\n<\/div>\n\n\n\n<div class=\"wp-block-column is-vertically-aligned-center is-layout-constrained wp-block-column-is-layout-constrained\">\n<h2 class=\"wp-block-heading\">Classement des tissus d'ameublement<\/h2>\n\n\n\n<p><br>La norme australienne 2687:1997 \u201cTextiles - Tissus d'ameublement pour usage domestique et commercial\u201d classe les tissus d'ameublement en cinq cat\u00e9gories, sur la base de leur performance au cours d'une s\u00e9rie de tests.<\/p>\n\n\n\n<p>La Commercial Textile Association (CTA) propose \u00e9galement un syst\u00e8me de classification similaire.<\/p>\n\n\n\n<p><em>Les tests d\u00e9taill\u00e9s dans les syst\u00e8mes de classification couvrent des crit\u00e8res de performance tels que la r\u00e9sistance \u00e0 l'abrasion, le r\u00e9tr\u00e9cissement, la solidit\u00e9, le glissement des coutures, le boulochage et les propri\u00e9t\u00e9s de solidit\u00e9 des couleurs.<\/em><\/p>\n<\/div>\n<\/div>\n\n\n\n<div class=\"wp-block-columns is-layout-flex wp-container-core-columns-is-layout-9d6595d7 wp-block-columns-is-layout-flex\">\n<div class=\"wp-block-column is-vertically-aligned-center is-layout-constrained wp-block-column-is-layout-constrained\">\n<h2 class=\"wp-block-heading\">Essais d'inflammabilit\u00e9<\/h2>\n\n\n\n<p><\/p>\n\n\n\n<p>Les exigences sp\u00e9cifiques en mati\u00e8re d'essais de r\u00e9sistance au feu varient en fonction du lieu et du mode d'utilisation du produit. Il peut donc s'av\u00e9rer n\u00e9cessaire de soumettre votre tissu \u00e0 plusieurs essais afin de satisfaire tous les march\u00e9s sur lesquels il est vendu.<\/p>\n\n\n\n<p>Les tests d'inflammabilit\u00e9 couramment demand\u00e9s pour les tissus d'ameublement comprennent l'allumage par combustion (cigarette), l'allumage par flamme d'allumette simul\u00e9e et l'allumage par le lit d'enfant.&nbsp;<\/p>\n\n\n\n<p>Le Code national de la construction sp\u00e9cifie des tests pour les propri\u00e9t\u00e9s de risque d'incendie pr\u00e9coce pour les si\u00e8ges fixes dans les b\u00e2timents de classe 2 \u00e0 9.<\/p>\n<\/div>\n\n\n\n<div class=\"wp-block-column is-layout-flow wp-block-column-is-layout-flow\">\n<figure class=\"wp-block-image size-full\"><img loading=\"lazy\" decoding=\"async\" width=\"813\" height=\"1021\" src=\"https:\/\/awtaproducttesting.com.au\/app\/uploads\/2025\/11\/Image-3-Part-3.jpg\" alt=\"\" class=\"wp-image-3092\" srcset=\"https:\/\/awtaproducttesting.com.au\/app\/uploads\/2025\/11\/Image-3-Part-3.jpg 813w, https:\/\/awtaproducttesting.com.au\/app\/uploads\/2025\/11\/Image-3-Part-3-239x300.jpg 239w, https:\/\/awtaproducttesting.com.au\/app\/uploads\/2025\/11\/Image-3-Part-3-768x964.jpg 768w, https:\/\/awtaproducttesting.com.au\/app\/uploads\/2025\/11\/Image-3-Part-3-10x12.jpg 10w\" sizes=\"auto, (max-width: 813px) 100vw, 813px\" \/><\/figure>\n<\/div>\n<\/div>\n\n\n\n<h2 class=\"wp-block-heading\">Plus d'informations<\/h2>\n\n\n\n<div class=\"wp-block-buttons is-layout-flex wp-block-buttons-is-layout-flex\">\n<div class=\"wp-block-button is-style-gray-buttons\"><a class=\"wp-block-button__link wp-element-button\" href=\"\/fr\/app\/uploads\/2025\/09\/Colourfastness-rating-TIS-.pdf\/\" target=\"_blank\" rel=\"noreferrer noopener\">Fiche d'information sur le test de solidit\u00e9 des couleurs<\/a><\/div>\n\n\n\n<div class=\"wp-block-button is-style-gray-buttons\"><a class=\"wp-block-button__link wp-element-button\" href=\"\/fr\/app\/uploads\/2025\/09\/BS-5852-Upholstery-TIS.pdf\/\" target=\"_blank\" rel=\"noreferrer noopener\">Fiche d'information sur le test d'ameublement BS 5852<\/a><\/div>\n\n\n\n<div class=\"wp-block-button is-style-gray-buttons\"><a class=\"wp-block-button__link wp-element-button\" href=\"\/fr\/app\/uploads\/2025\/09\/BS-7177-Mattress-TIS.pdf\/\" target=\"_blank\" rel=\"noreferrer noopener\">Fiche d'information sur le test de matelas BS 7717<\/a><\/div>\n\n\n\n<div class=\"wp-block-button is-style-gray-buttons\"><a class=\"wp-block-button__link wp-element-button\" href=\"\/fr\/app\/uploads\/2025\/09\/AS-1530.3-EFH-SSF.pdf\/\" target=\"_blank\" rel=\"noreferrer noopener\">AS\/NZS 1530.3 Formulaire de soumission d'\u00e9chantillons<\/a><\/div>\n<\/div>\n<\/div>\n\n\n\n<div style=\"background-image:url(&apos;https:\/\/awtaproducttesting.com.au\/app\/uploads\/2025\/10\/soxhlet.jpg&apos;);background-size:cover;\" class=\"wp-block-group is-style-cta-banner is-layout-constrained wp-block-group-is-layout-constrained has-background\">\n<div class=\"wp-block-columns is-layout-flex wp-container-core-columns-is-layout-9d6595d7 wp-block-columns-is-layout-flex\">\n<div class=\"wp-block-column is-layout-flow wp-block-column-is-layout-flow\"><\/div>\n\n\n\n<div class=\"wp-block-column is-layout-flow wp-block-column-is-layout-flow\" style=\"flex-basis:689px\">\n<h2 class=\"wp-block-heading has-white-color has-text-color has-link-color wp-elements-5586e978f21db730a2e82c7bd8601a6b\">Pr\u00eat \u00e0 b\u00e9n\u00e9ficier des services d'essais de produits sp\u00e9cialis\u00e9s dont vous avez besoin ?<\/h2>\n\n\n\n<p class=\"has-white-color has-text-color has-link-color wp-elements-7f6be4cdc9fdca50e5aa459d5ef6791c\">Contactez-nous d\u00e8s aujourd'hui pour commencer.<\/p>\n\n\n\n<div class=\"wp-block-buttons is-layout-flex wp-block-buttons-is-layout-flex\">\n<div class=\"wp-block-button\"><a class=\"wp-block-button__link wp-element-button\" href=\"\/fr\/contact\/\">Nous contacter<\/a><\/div>\n<\/div>\n<\/div>\n<\/div>\n<\/div>","protected":false},"excerpt":{"rendered":"<p>Upholstery fabrics are used in a wide variety of circumstances from domestic homes to heavy duty commercial environments.&nbsp; The expectations of each user of the fa\u2026<\/p>","protected":false},"author":1,"featured_media":0,"parent":2353,"menu_order":0,"comment_status":"closed","ping_status":"closed","template":"","meta":{"_acf_changed":false,"footnotes":""},"class_list":["post-951","page","type-page","status-publish","hentry"],"acf":[],"yoast_head":"<!-- This site is optimized with the Yoast SEO plugin v27.0 - https:\/\/yoast.com\/product\/yoast-seo-wordpress\/ -->\n<title>Upholstery - AWTA Product Testing<\/title>\n<meta name=\"robots\" content=\"index, follow, max-snippet:-1, max-image-preview:large, max-video-preview:-1\" \/>\n<link rel=\"canonical\" href=\"https:\/\/awtaproducttesting.com.au\/fr\/services\/by-industry\/textiles-and-apparel\/interior-furnishings\/upholstery\/\" \/>\n<meta property=\"og:locale\" content=\"fr_FR\" \/>\n<meta property=\"og:type\" content=\"article\" \/>\n<meta property=\"og:title\" content=\"Upholstery - AWTA Product Testing\" \/>\n<meta property=\"og:description\" content=\"Upholstery fabrics are used in a wide variety of circumstances from domestic homes to heavy duty commercial environments.&nbsp; The expectations of each user of the fa\u2026\" \/>\n<meta property=\"og:url\" content=\"https:\/\/awtaproducttesting.com.au\/fr\/services\/by-industry\/textiles-and-apparel\/interior-furnishings\/upholstery\/\" \/>\n<meta property=\"og:site_name\" content=\"AWTA Product Testing\" \/>\n<meta property=\"article:modified_time\" content=\"2025-12-16T02:43:03+00:00\" \/>\n<meta property=\"og:image\" content=\"https:\/\/awtaproducttesting.com.au\/app\/uploads\/2025\/11\/1st-image-Upholstrey-scaled.jpg\" \/>\n\t<meta property=\"og:image:width\" content=\"2420\" \/>\n\t<meta property=\"og:image:height\" content=\"2560\" \/>\n\t<meta property=\"og:image:type\" content=\"image\/jpeg\" \/>\n<meta name=\"twitter:card\" content=\"summary_large_image\" \/>\n<meta name=\"twitter:label1\" content=\"Est. reading time\" \/>\n\t<meta name=\"twitter:data1\" content=\"1 minute\" \/>\n<script type=\"application\/ld+json\" class=\"yoast-schema-graph\">{\"@context\":\"https:\/\/schema.org\",\"@graph\":[{\"@type\":\"WebPage\",\"@id\":\"https:\/\/awtaproducttesting.com.au\/services\/by-industry\/textiles-and-apparel\/interior-furnishings\/upholstery\/\",\"url\":\"https:\/\/awtaproducttesting.com.au\/services\/by-industry\/textiles-and-apparel\/interior-furnishings\/upholstery\/\",\"name\":\"Upholstery - AWTA Product Testing\",\"isPartOf\":{\"@id\":\"https:\/\/awtaproducttesting.com.au\/#website\"},\"primaryImageOfPage\":{\"@id\":\"https:\/\/awtaproducttesting.com.au\/services\/by-industry\/textiles-and-apparel\/interior-furnishings\/upholstery\/#primaryimage\"},\"image\":{\"@id\":\"https:\/\/awtaproducttesting.com.au\/services\/by-industry\/textiles-and-apparel\/interior-furnishings\/upholstery\/#primaryimage\"},\"thumbnailUrl\":\"https:\/\/awtaproducttesting.com.au\/app\/uploads\/2025\/11\/1st-image-Upholstrey-scaled.jpg\",\"datePublished\":\"2025-08-26T04:08:55+00:00\",\"dateModified\":\"2025-12-16T02:43:03+00:00\",\"breadcrumb\":{\"@id\":\"https:\/\/awtaproducttesting.com.au\/services\/by-industry\/textiles-and-apparel\/interior-furnishings\/upholstery\/#breadcrumb\"},\"inLanguage\":\"fr-FR\",\"potentialAction\":[{\"@type\":\"ReadAction\",\"target\":[\"https:\/\/awtaproducttesting.com.au\/services\/by-industry\/textiles-and-apparel\/interior-furnishings\/upholstery\/\"]}]},{\"@type\":\"ImageObject\",\"inLanguage\":\"fr-FR\",\"@id\":\"https:\/\/awtaproducttesting.com.au\/services\/by-industry\/textiles-and-apparel\/interior-furnishings\/upholstery\/#primaryimage\",\"url\":\"https:\/\/awtaproducttesting.com.au\/app\/uploads\/2025\/11\/1st-image-Upholstrey-scaled.jpg\",\"contentUrl\":\"https:\/\/awtaproducttesting.com.au\/app\/uploads\/2025\/11\/1st-image-Upholstrey-scaled.jpg\"},{\"@type\":\"BreadcrumbList\",\"@id\":\"https:\/\/awtaproducttesting.com.au\/services\/by-industry\/textiles-and-apparel\/interior-furnishings\/upholstery\/#breadcrumb\",\"itemListElement\":[{\"@type\":\"ListItem\",\"position\":1,\"name\":\"Home\",\"item\":\"https:\/\/awtaproducttesting.com.au\/\"},{\"@type\":\"ListItem\",\"position\":2,\"name\":\"Services\",\"item\":\"https:\/\/awtaproducttesting.com.au\/services\/\"},{\"@type\":\"ListItem\",\"position\":3,\"name\":\"By Industry\",\"item\":\"https:\/\/awtaproducttesting.com.au\/services\/by-industry\/\"},{\"@type\":\"ListItem\",\"position\":4,\"name\":\"Textiles &amp; Apparel\",\"item\":\"https:\/\/awtaproducttesting.com.au\/services\/by-industry\/textiles-and-apparel\/\"},{\"@type\":\"ListItem\",\"position\":5,\"name\":\"Interior Furnishings\",\"item\":\"https:\/\/awtaproducttesting.com.au\/services\/by-industry\/textiles-and-apparel\/interior-furnishings\/\"},{\"@type\":\"ListItem\",\"position\":6,\"name\":\"Upholstery\"}]},{\"@type\":\"WebSite\",\"@id\":\"https:\/\/awtaproducttesting.com.au\/#website\",\"url\":\"https:\/\/awtaproducttesting.com.au\/\",\"name\":\"AWTA Product Testing\",\"description\":\"\",\"publisher\":{\"@id\":\"https:\/\/awtaproducttesting.com.au\/#organization\"},\"potentialAction\":[{\"@type\":\"SearchAction\",\"target\":{\"@type\":\"EntryPoint\",\"urlTemplate\":\"https:\/\/awtaproducttesting.com.au\/?s={search_term_string}\"},\"query-input\":{\"@type\":\"PropertyValueSpecification\",\"valueRequired\":true,\"valueName\":\"search_term_string\"}}],\"inLanguage\":\"fr-FR\"},{\"@type\":\"Organization\",\"@id\":\"https:\/\/awtaproducttesting.com.au\/#organization\",\"name\":\"AWTA Product Testing\",\"url\":\"https:\/\/awtaproducttesting.com.au\/\",\"logo\":{\"@type\":\"ImageObject\",\"inLanguage\":\"fr-FR\",\"@id\":\"https:\/\/awtaproducttesting.com.au\/#\/schema\/logo\/image\/\",\"url\":\"https:\/\/awtaproducttesting.com.au\/app\/uploads\/2025\/08\/PT-News-Banner-scaled.jpg\",\"contentUrl\":\"https:\/\/awtaproducttesting.com.au\/app\/uploads\/2025\/08\/PT-News-Banner-scaled.jpg\",\"width\":2560,\"height\":1580,\"caption\":\"AWTA Product Testing\"},\"image\":{\"@id\":\"https:\/\/awtaproducttesting.com.au\/#\/schema\/logo\/image\/\"}}]}<\/script>\n<!-- \/ Yoast SEO plugin. -->","yoast_head_json":{"title":"Upholstery - AWTA Product Testing","robots":{"index":"index","follow":"follow","max-snippet":"max-snippet:-1","max-image-preview":"max-image-preview:large","max-video-preview":"max-video-preview:-1"},"canonical":"https:\/\/awtaproducttesting.com.au\/fr\/services\/by-industry\/textiles-and-apparel\/interior-furnishings\/upholstery\/","og_locale":"fr_FR","og_type":"article","og_title":"Upholstery - AWTA Product Testing","og_description":"Upholstery fabrics are used in a wide variety of circumstances from domestic homes to heavy duty commercial environments.&nbsp; The expectations of each user of the fa\u2026","og_url":"https:\/\/awtaproducttesting.com.au\/fr\/services\/by-industry\/textiles-and-apparel\/interior-furnishings\/upholstery\/","og_site_name":"AWTA Product Testing","article_modified_time":"2025-12-16T02:43:03+00:00","og_image":[{"width":2420,"height":2560,"url":"https:\/\/awtaproducttesting.com.au\/app\/uploads\/2025\/11\/1st-image-Upholstrey-scaled.jpg","type":"image\/jpeg"}],"twitter_card":"summary_large_image","twitter_misc":{"Est. reading time":"1 minute"},"schema":{"@context":"https:\/\/schema.org","@graph":[{"@type":"WebPage","@id":"https:\/\/awtaproducttesting.com.au\/services\/by-industry\/textiles-and-apparel\/interior-furnishings\/upholstery\/","url":"https:\/\/awtaproducttesting.com.au\/services\/by-industry\/textiles-and-apparel\/interior-furnishings\/upholstery\/","name":"Upholstery - AWTA Product Testing","isPartOf":{"@id":"https:\/\/awtaproducttesting.com.au\/#website"},"primaryImageOfPage":{"@id":"https:\/\/awtaproducttesting.com.au\/services\/by-industry\/textiles-and-apparel\/interior-furnishings\/upholstery\/#primaryimage"},"image":{"@id":"https:\/\/awtaproducttesting.com.au\/services\/by-industry\/textiles-and-apparel\/interior-furnishings\/upholstery\/#primaryimage"},"thumbnailUrl":"https:\/\/awtaproducttesting.com.au\/app\/uploads\/2025\/11\/1st-image-Upholstrey-scaled.jpg","datePublished":"2025-08-26T04:08:55+00:00","dateModified":"2025-12-16T02:43:03+00:00","breadcrumb":{"@id":"https:\/\/awtaproducttesting.com.au\/services\/by-industry\/textiles-and-apparel\/interior-furnishings\/upholstery\/#breadcrumb"},"inLanguage":"fr-FR","potentialAction":[{"@type":"ReadAction","target":["https:\/\/awtaproducttesting.com.au\/services\/by-industry\/textiles-and-apparel\/interior-furnishings\/upholstery\/"]}]},{"@type":"ImageObject","inLanguage":"fr-FR","@id":"https:\/\/awtaproducttesting.com.au\/services\/by-industry\/textiles-and-apparel\/interior-furnishings\/upholstery\/#primaryimage","url":"https:\/\/awtaproducttesting.com.au\/app\/uploads\/2025\/11\/1st-image-Upholstrey-scaled.jpg","contentUrl":"https:\/\/awtaproducttesting.com.au\/app\/uploads\/2025\/11\/1st-image-Upholstrey-scaled.jpg"},{"@type":"BreadcrumbList","@id":"https:\/\/awtaproducttesting.com.au\/services\/by-industry\/textiles-and-apparel\/interior-furnishings\/upholstery\/#breadcrumb","itemListElement":[{"@type":"ListItem","position":1,"name":"Home","item":"https:\/\/awtaproducttesting.com.au\/"},{"@type":"ListItem","position":2,"name":"Services","item":"https:\/\/awtaproducttesting.com.au\/services\/"},{"@type":"ListItem","position":3,"name":"By Industry","item":"https:\/\/awtaproducttesting.com.au\/services\/by-industry\/"},{"@type":"ListItem","position":4,"name":"Textiles &amp; Apparel","item":"https:\/\/awtaproducttesting.com.au\/services\/by-industry\/textiles-and-apparel\/"},{"@type":"ListItem","position":5,"name":"Interior Furnishings","item":"https:\/\/awtaproducttesting.com.au\/services\/by-industry\/textiles-and-apparel\/interior-furnishings\/"},{"@type":"ListItem","position":6,"name":"Upholstery"}]},{"@type":"WebSite","@id":"https:\/\/awtaproducttesting.com.au\/#website","url":"https:\/\/awtaproducttesting.com.au\/","name":"Tests de produits de l'AWTA","description":"","publisher":{"@id":"https:\/\/awtaproducttesting.com.au\/#organization"},"potentialAction":[{"@type":"SearchAction","target":{"@type":"EntryPoint","urlTemplate":"https:\/\/awtaproducttesting.com.au\/?s={search_term_string}"},"query-input":{"@type":"PropertyValueSpecification","valueRequired":true,"valueName":"search_term_string"}}],"inLanguage":"fr-FR"},{"@type":"Organization","@id":"https:\/\/awtaproducttesting.com.au\/#organization","name":"Tests de produits de l'AWTA","url":"https:\/\/awtaproducttesting.com.au\/","logo":{"@type":"ImageObject","inLanguage":"fr-FR","@id":"https:\/\/awtaproducttesting.com.au\/#\/schema\/logo\/image\/","url":"https:\/\/awtaproducttesting.com.au\/app\/uploads\/2025\/08\/PT-News-Banner-scaled.jpg","contentUrl":"https:\/\/awtaproducttesting.com.au\/app\/uploads\/2025\/08\/PT-News-Banner-scaled.jpg","width":2560,"height":1580,"caption":"AWTA Product Testing"},"image":{"@id":"https:\/\/awtaproducttesting.com.au\/#\/schema\/logo\/image\/"}}]}},"_links":{"self":[{"href":"https:\/\/awtaproducttesting.com.au\/fr\/wp-json\/wp\/v2\/pages\/951","targetHints":{"allow":["GET"]}}],"collection":[{"href":"https:\/\/awtaproducttesting.com.au\/fr\/wp-json\/wp\/v2\/pages"}],"about":[{"href":"https:\/\/awtaproducttesting.com.au\/fr\/wp-json\/wp\/v2\/types\/page"}],"author":[{"embeddable":true,"href":"https:\/\/awtaproducttesting.com.au\/fr\/wp-json\/wp\/v2\/users\/1"}],"replies":[{"embeddable":true,"href":"https:\/\/awtaproducttesting.com.au\/fr\/wp-json\/wp\/v2\/comments?post=951"}],"version-history":[{"count":24,"href":"https:\/\/awtaproducttesting.com.au\/fr\/wp-json\/wp\/v2\/pages\/951\/revisions"}],"predecessor-version":[{"id":3519,"href":"https:\/\/awtaproducttesting.com.au\/fr\/wp-json\/wp\/v2\/pages\/951\/revisions\/3519"}],"up":[{"embeddable":true,"href":"https:\/\/awtaproducttesting.com.au\/fr\/wp-json\/wp\/v2\/pages\/2353"}],"wp:attachment":[{"href":"https:\/\/awtaproducttesting.com.au\/fr\/wp-json\/wp\/v2\/media?parent=951"}],"curies":[{"name":"wp","href":"https:\/\/api.w.org\/{rel}","templated":true}]}}