{"id":953,"date":"2025-08-26T04:09:27","date_gmt":"2025-08-26T04:09:27","guid":{"rendered":"https:\/\/awtaproducttesting.swim.net.au\/?page_id=953"},"modified":"2025-11-25T14:01:31","modified_gmt":"2025-11-25T14:01:31","slug":"window-furnishings","status":"publish","type":"page","link":"https:\/\/awtaproducttesting.com.au\/fr\/services\/by-industry\/textiles-and-apparel\/interior-furnishings\/window-furnishings\/","title":{"rendered":"Meubles de fen\u00eatre"},"content":{"rendered":"<div class=\"wp-block-group is-style-boxed is-layout-constrained wp-block-group-is-layout-constrained\">\n<div class=\"wp-block-columns is-layout-flex wp-container-core-columns-is-layout-9d6595d7 wp-block-columns-is-layout-flex\">\n<div class=\"wp-block-column is-vertically-aligned-center is-layout-constrained wp-block-column-is-layout-constrained\">\n<p>Les tissus d'ameublement pour fen\u00eatres sont utilis\u00e9s dans une grande vari\u00e9t\u00e9 de circonstances, depuis les maisons individuelles jusqu'aux environnements commerciaux \u00e0 usage intensif.  Les attentes de chacun des utilisateurs du tissu diff\u00e8rent et il existe des tissus con\u00e7us pour r\u00e9pondre \u00e0 chacune de ces attentes.&nbsp;<\/p>\n<\/div>\n\n\n\n<div class=\"wp-block-column is-layout-flow wp-block-column-is-layout-flow\">\n<figure class=\"wp-block-image size-full\"><img loading=\"lazy\" decoding=\"async\" width=\"540\" height=\"360\" src=\"https:\/\/awtaproducttesting.com.au\/app\/uploads\/2025\/09\/Beautiful-curtains-on-window-in-stylish-living-room-interior.jpg\" alt=\"\" class=\"wp-image-1619\" srcset=\"https:\/\/awtaproducttesting.com.au\/app\/uploads\/2025\/09\/Beautiful-curtains-on-window-in-stylish-living-room-interior.jpg 540w, https:\/\/awtaproducttesting.com.au\/app\/uploads\/2025\/09\/Beautiful-curtains-on-window-in-stylish-living-room-interior-300x200.jpg 300w, https:\/\/awtaproducttesting.com.au\/app\/uploads\/2025\/09\/Beautiful-curtains-on-window-in-stylish-living-room-interior-18x12.jpg 18w\" sizes=\"auto, (max-width: 540px) 100vw, 540px\" \/><\/figure>\n<\/div>\n<\/div>\n\n\n\n<div class=\"wp-block-columns is-layout-flex wp-container-core-columns-is-layout-9d6595d7 wp-block-columns-is-layout-flex\">\n<div class=\"wp-block-column is-layout-flow wp-block-column-is-layout-flow\">\n<figure class=\"wp-block-image size-large\"><img loading=\"lazy\" decoding=\"async\" width=\"1004\" height=\"1024\" src=\"https:\/\/awtaproducttesting.com.au\/app\/uploads\/2025\/11\/2nd-Image-Curtain-light-1004x1024.jpg\" alt=\"\" class=\"wp-image-3096\" srcset=\"https:\/\/awtaproducttesting.com.au\/app\/uploads\/2025\/11\/2nd-Image-Curtain-light-1004x1024.jpg 1004w, https:\/\/awtaproducttesting.com.au\/app\/uploads\/2025\/11\/2nd-Image-Curtain-light-294x300.jpg 294w, https:\/\/awtaproducttesting.com.au\/app\/uploads\/2025\/11\/2nd-Image-Curtain-light-768x783.jpg 768w, https:\/\/awtaproducttesting.com.au\/app\/uploads\/2025\/11\/2nd-Image-Curtain-light-1507x1536.jpg 1507w, https:\/\/awtaproducttesting.com.au\/app\/uploads\/2025\/11\/2nd-Image-Curtain-light-2009x2048.jpg 2009w, https:\/\/awtaproducttesting.com.au\/app\/uploads\/2025\/11\/2nd-Image-Curtain-light-12x12.jpg 12w, https:\/\/awtaproducttesting.com.au\/app\/uploads\/2025\/11\/2nd-Image-Curtain-light-scaled.jpg 2511w\" sizes=\"auto, (max-width: 1004px) 100vw, 1004px\" \/><\/figure>\n<\/div>\n\n\n\n<div class=\"wp-block-column is-vertically-aligned-center is-layout-constrained wp-block-column-is-layout-constrained\">\n<h2 class=\"wp-block-heading\">Classement des tissus d'ameublement pour fen\u00eatres<\/h2>\n\n\n\n<p><br>Un syst\u00e8me de classement bas\u00e9 sur la mesure des performances des tissus fournit aux utilisateurs un guide des performances probables lors du choix d'un tissu.  Standards Australia a publi\u00e9 le <strong><em>S\u00e9rie AS 2663 d\u00e9taillant la classification des tissus pour l'ameublement des fen\u00eatres.<\/em><\/strong><\/p>\n\n\n\n<p>Les essais portent sur les changements dimensionnels, la solidit\u00e9, la r\u00e9sistance aux UV et les propri\u00e9t\u00e9s de solidit\u00e9 des couleurs.  La permanence des rev\u00eatements appliqu\u00e9s peut \u00eatre mesur\u00e9e par des \u00e9valuations compl\u00e8tes apr\u00e8s les traitements de remise \u00e0 neuf.<\/p>\n<\/div>\n<\/div>\n<\/div>\n\n\n\n<div style=\"background-image:url(&apos;https:\/\/awtaproducttesting.com.au\/app\/uploads\/2025\/10\/soxhlet.jpg&apos;);background-size:cover;\" class=\"wp-block-group is-style-cta-banner is-layout-constrained wp-block-group-is-layout-constrained has-background\">\n<div class=\"wp-block-columns is-layout-flex wp-container-core-columns-is-layout-9d6595d7 wp-block-columns-is-layout-flex\">\n<div class=\"wp-block-column is-layout-flow wp-block-column-is-layout-flow\"><\/div>\n\n\n\n<div class=\"wp-block-column is-layout-flow wp-block-column-is-layout-flow\" style=\"flex-basis:689px\">\n<h2 class=\"wp-block-heading has-white-color has-text-color has-link-color wp-elements-5586e978f21db730a2e82c7bd8601a6b\">Pr\u00eat \u00e0 b\u00e9n\u00e9ficier des services d'essais de produits sp\u00e9cialis\u00e9s dont vous avez besoin ?<\/h2>\n\n\n\n<p class=\"has-white-color has-text-color has-link-color wp-elements-7f6be4cdc9fdca50e5aa459d5ef6791c\">Contactez-nous d\u00e8s aujourd'hui pour commencer.<\/p>\n\n\n\n<div class=\"wp-block-buttons is-layout-flex wp-block-buttons-is-layout-flex\">\n<div class=\"wp-block-button\"><a class=\"wp-block-button__link wp-element-button\" href=\"\/fr\/contact\/\">Nous contacter<\/a><\/div>\n<\/div>\n<\/div>\n<\/div>\n\n\n\n<p><\/p>\n<\/div>","protected":false},"excerpt":{"rendered":"<p>Window furnishing fabrics are used in a wide variety of circumstances from domestic homes to heavy duty commercial environments.&nbsp; The expectations of each of the\u2026<\/p>","protected":false},"author":1,"featured_media":0,"parent":2353,"menu_order":0,"comment_status":"closed","ping_status":"closed","template":"","meta":{"_acf_changed":false,"footnotes":""},"class_list":["post-953","page","type-page","status-publish","hentry"],"acf":[],"yoast_head":"<!-- This site is optimized with the Yoast SEO plugin v27.0 - https:\/\/yoast.com\/product\/yoast-seo-wordpress\/ -->\n<title>Window Furnishings - AWTA Product Testing<\/title>\n<meta name=\"robots\" content=\"index, follow, max-snippet:-1, max-image-preview:large, max-video-preview:-1\" \/>\n<link rel=\"canonical\" href=\"https:\/\/awtaproducttesting.com.au\/fr\/services\/by-industry\/textiles-and-apparel\/interior-furnishings\/window-furnishings\/\" \/>\n<meta property=\"og:locale\" content=\"fr_FR\" \/>\n<meta property=\"og:type\" content=\"article\" \/>\n<meta property=\"og:title\" content=\"Window Furnishings - AWTA Product Testing\" \/>\n<meta property=\"og:description\" content=\"Window furnishing fabrics are used in a wide variety of circumstances from domestic homes to heavy duty commercial environments.&nbsp; The expectations of each of the\u2026\" \/>\n<meta property=\"og:url\" content=\"https:\/\/awtaproducttesting.com.au\/fr\/services\/by-industry\/textiles-and-apparel\/interior-furnishings\/window-furnishings\/\" \/>\n<meta property=\"og:site_name\" content=\"AWTA Product Testing\" \/>\n<meta property=\"article:modified_time\" content=\"2025-11-25T14:01:31+00:00\" \/>\n<meta property=\"og:image\" content=\"https:\/\/awtaproducttesting.com.au\/app\/uploads\/2025\/09\/Beautiful-curtains-on-window-in-stylish-living-room-interior.jpg\" \/>\n\t<meta property=\"og:image:width\" content=\"540\" \/>\n\t<meta property=\"og:image:height\" content=\"360\" \/>\n\t<meta property=\"og:image:type\" content=\"image\/jpeg\" \/>\n<meta name=\"twitter:card\" content=\"summary_large_image\" \/>\n<meta name=\"twitter:label1\" content=\"Est. reading time\" \/>\n\t<meta name=\"twitter:data1\" content=\"1 minute\" \/>\n<script type=\"application\/ld+json\" class=\"yoast-schema-graph\">{\"@context\":\"https:\/\/schema.org\",\"@graph\":[{\"@type\":\"WebPage\",\"@id\":\"https:\/\/awtaproducttesting.com.au\/services\/by-industry\/textiles-and-apparel\/interior-furnishings\/window-furnishings\/\",\"url\":\"https:\/\/awtaproducttesting.com.au\/services\/by-industry\/textiles-and-apparel\/interior-furnishings\/window-furnishings\/\",\"name\":\"Window Furnishings - AWTA Product Testing\",\"isPartOf\":{\"@id\":\"https:\/\/awtaproducttesting.com.au\/#website\"},\"primaryImageOfPage\":{\"@id\":\"https:\/\/awtaproducttesting.com.au\/services\/by-industry\/textiles-and-apparel\/interior-furnishings\/window-furnishings\/#primaryimage\"},\"image\":{\"@id\":\"https:\/\/awtaproducttesting.com.au\/services\/by-industry\/textiles-and-apparel\/interior-furnishings\/window-furnishings\/#primaryimage\"},\"thumbnailUrl\":\"https:\/\/awtaproducttesting.com.au\/app\/uploads\/2025\/09\/Beautiful-curtains-on-window-in-stylish-living-room-interior.jpg\",\"datePublished\":\"2025-08-26T04:09:27+00:00\",\"dateModified\":\"2025-11-25T14:01:31+00:00\",\"breadcrumb\":{\"@id\":\"https:\/\/awtaproducttesting.com.au\/services\/by-industry\/textiles-and-apparel\/interior-furnishings\/window-furnishings\/#breadcrumb\"},\"inLanguage\":\"fr-FR\",\"potentialAction\":[{\"@type\":\"ReadAction\",\"target\":[\"https:\/\/awtaproducttesting.com.au\/services\/by-industry\/textiles-and-apparel\/interior-furnishings\/window-furnishings\/\"]}]},{\"@type\":\"ImageObject\",\"inLanguage\":\"fr-FR\",\"@id\":\"https:\/\/awtaproducttesting.com.au\/services\/by-industry\/textiles-and-apparel\/interior-furnishings\/window-furnishings\/#primaryimage\",\"url\":\"https:\/\/awtaproducttesting.com.au\/app\/uploads\/2025\/09\/Beautiful-curtains-on-window-in-stylish-living-room-interior.jpg\",\"contentUrl\":\"https:\/\/awtaproducttesting.com.au\/app\/uploads\/2025\/09\/Beautiful-curtains-on-window-in-stylish-living-room-interior.jpg\"},{\"@type\":\"BreadcrumbList\",\"@id\":\"https:\/\/awtaproducttesting.com.au\/services\/by-industry\/textiles-and-apparel\/interior-furnishings\/window-furnishings\/#breadcrumb\",\"itemListElement\":[{\"@type\":\"ListItem\",\"position\":1,\"name\":\"Home\",\"item\":\"https:\/\/awtaproducttesting.com.au\/\"},{\"@type\":\"ListItem\",\"position\":2,\"name\":\"Services\",\"item\":\"https:\/\/awtaproducttesting.com.au\/services\/\"},{\"@type\":\"ListItem\",\"position\":3,\"name\":\"By Industry\",\"item\":\"https:\/\/awtaproducttesting.com.au\/services\/by-industry\/\"},{\"@type\":\"ListItem\",\"position\":4,\"name\":\"Textiles &amp; Apparel\",\"item\":\"https:\/\/awtaproducttesting.com.au\/services\/by-industry\/textiles-and-apparel\/\"},{\"@type\":\"ListItem\",\"position\":5,\"name\":\"Interior Furnishings\",\"item\":\"https:\/\/awtaproducttesting.com.au\/services\/by-industry\/textiles-and-apparel\/interior-furnishings\/\"},{\"@type\":\"ListItem\",\"position\":6,\"name\":\"Window Furnishings\"}]},{\"@type\":\"WebSite\",\"@id\":\"https:\/\/awtaproducttesting.com.au\/#website\",\"url\":\"https:\/\/awtaproducttesting.com.au\/\",\"name\":\"AWTA Product Testing\",\"description\":\"\",\"publisher\":{\"@id\":\"https:\/\/awtaproducttesting.com.au\/#organization\"},\"potentialAction\":[{\"@type\":\"SearchAction\",\"target\":{\"@type\":\"EntryPoint\",\"urlTemplate\":\"https:\/\/awtaproducttesting.com.au\/?s={search_term_string}\"},\"query-input\":{\"@type\":\"PropertyValueSpecification\",\"valueRequired\":true,\"valueName\":\"search_term_string\"}}],\"inLanguage\":\"fr-FR\"},{\"@type\":\"Organization\",\"@id\":\"https:\/\/awtaproducttesting.com.au\/#organization\",\"name\":\"AWTA Product Testing\",\"url\":\"https:\/\/awtaproducttesting.com.au\/\",\"logo\":{\"@type\":\"ImageObject\",\"inLanguage\":\"fr-FR\",\"@id\":\"https:\/\/awtaproducttesting.com.au\/#\/schema\/logo\/image\/\",\"url\":\"https:\/\/awtaproducttesting.com.au\/app\/uploads\/2025\/08\/PT-News-Banner-scaled.jpg\",\"contentUrl\":\"https:\/\/awtaproducttesting.com.au\/app\/uploads\/2025\/08\/PT-News-Banner-scaled.jpg\",\"width\":2560,\"height\":1580,\"caption\":\"AWTA Product Testing\"},\"image\":{\"@id\":\"https:\/\/awtaproducttesting.com.au\/#\/schema\/logo\/image\/\"}}]}<\/script>\n<!-- \/ Yoast SEO plugin. -->","yoast_head_json":{"title":"Window Furnishings - AWTA Product Testing","robots":{"index":"index","follow":"follow","max-snippet":"max-snippet:-1","max-image-preview":"max-image-preview:large","max-video-preview":"max-video-preview:-1"},"canonical":"https:\/\/awtaproducttesting.com.au\/fr\/services\/by-industry\/textiles-and-apparel\/interior-furnishings\/window-furnishings\/","og_locale":"fr_FR","og_type":"article","og_title":"Window Furnishings - AWTA Product Testing","og_description":"Window furnishing fabrics are used in a wide variety of circumstances from domestic homes to heavy duty commercial environments.&nbsp; The expectations of each of the\u2026","og_url":"https:\/\/awtaproducttesting.com.au\/fr\/services\/by-industry\/textiles-and-apparel\/interior-furnishings\/window-furnishings\/","og_site_name":"AWTA Product Testing","article_modified_time":"2025-11-25T14:01:31+00:00","og_image":[{"width":540,"height":360,"url":"https:\/\/awtaproducttesting.com.au\/app\/uploads\/2025\/09\/Beautiful-curtains-on-window-in-stylish-living-room-interior.jpg","type":"image\/jpeg"}],"twitter_card":"summary_large_image","twitter_misc":{"Est. reading time":"1 minute"},"schema":{"@context":"https:\/\/schema.org","@graph":[{"@type":"WebPage","@id":"https:\/\/awtaproducttesting.com.au\/services\/by-industry\/textiles-and-apparel\/interior-furnishings\/window-furnishings\/","url":"https:\/\/awtaproducttesting.com.au\/services\/by-industry\/textiles-and-apparel\/interior-furnishings\/window-furnishings\/","name":"Window Furnishings - AWTA Product Testing","isPartOf":{"@id":"https:\/\/awtaproducttesting.com.au\/#website"},"primaryImageOfPage":{"@id":"https:\/\/awtaproducttesting.com.au\/services\/by-industry\/textiles-and-apparel\/interior-furnishings\/window-furnishings\/#primaryimage"},"image":{"@id":"https:\/\/awtaproducttesting.com.au\/services\/by-industry\/textiles-and-apparel\/interior-furnishings\/window-furnishings\/#primaryimage"},"thumbnailUrl":"https:\/\/awtaproducttesting.com.au\/app\/uploads\/2025\/09\/Beautiful-curtains-on-window-in-stylish-living-room-interior.jpg","datePublished":"2025-08-26T04:09:27+00:00","dateModified":"2025-11-25T14:01:31+00:00","breadcrumb":{"@id":"https:\/\/awtaproducttesting.com.au\/services\/by-industry\/textiles-and-apparel\/interior-furnishings\/window-furnishings\/#breadcrumb"},"inLanguage":"fr-FR","potentialAction":[{"@type":"ReadAction","target":["https:\/\/awtaproducttesting.com.au\/services\/by-industry\/textiles-and-apparel\/interior-furnishings\/window-furnishings\/"]}]},{"@type":"ImageObject","inLanguage":"fr-FR","@id":"https:\/\/awtaproducttesting.com.au\/services\/by-industry\/textiles-and-apparel\/interior-furnishings\/window-furnishings\/#primaryimage","url":"https:\/\/awtaproducttesting.com.au\/app\/uploads\/2025\/09\/Beautiful-curtains-on-window-in-stylish-living-room-interior.jpg","contentUrl":"https:\/\/awtaproducttesting.com.au\/app\/uploads\/2025\/09\/Beautiful-curtains-on-window-in-stylish-living-room-interior.jpg"},{"@type":"BreadcrumbList","@id":"https:\/\/awtaproducttesting.com.au\/services\/by-industry\/textiles-and-apparel\/interior-furnishings\/window-furnishings\/#breadcrumb","itemListElement":[{"@type":"ListItem","position":1,"name":"Home","item":"https:\/\/awtaproducttesting.com.au\/"},{"@type":"ListItem","position":2,"name":"Services","item":"https:\/\/awtaproducttesting.com.au\/services\/"},{"@type":"ListItem","position":3,"name":"By Industry","item":"https:\/\/awtaproducttesting.com.au\/services\/by-industry\/"},{"@type":"ListItem","position":4,"name":"Textiles &amp; Apparel","item":"https:\/\/awtaproducttesting.com.au\/services\/by-industry\/textiles-and-apparel\/"},{"@type":"ListItem","position":5,"name":"Interior Furnishings","item":"https:\/\/awtaproducttesting.com.au\/services\/by-industry\/textiles-and-apparel\/interior-furnishings\/"},{"@type":"ListItem","position":6,"name":"Window Furnishings"}]},{"@type":"WebSite","@id":"https:\/\/awtaproducttesting.com.au\/#website","url":"https:\/\/awtaproducttesting.com.au\/","name":"Tests de produits de l'AWTA","description":"","publisher":{"@id":"https:\/\/awtaproducttesting.com.au\/#organization"},"potentialAction":[{"@type":"SearchAction","target":{"@type":"EntryPoint","urlTemplate":"https:\/\/awtaproducttesting.com.au\/?s={search_term_string}"},"query-input":{"@type":"PropertyValueSpecification","valueRequired":true,"valueName":"search_term_string"}}],"inLanguage":"fr-FR"},{"@type":"Organization","@id":"https:\/\/awtaproducttesting.com.au\/#organization","name":"Tests de produits de l'AWTA","url":"https:\/\/awtaproducttesting.com.au\/","logo":{"@type":"ImageObject","inLanguage":"fr-FR","@id":"https:\/\/awtaproducttesting.com.au\/#\/schema\/logo\/image\/","url":"https:\/\/awtaproducttesting.com.au\/app\/uploads\/2025\/08\/PT-News-Banner-scaled.jpg","contentUrl":"https:\/\/awtaproducttesting.com.au\/app\/uploads\/2025\/08\/PT-News-Banner-scaled.jpg","width":2560,"height":1580,"caption":"AWTA Product Testing"},"image":{"@id":"https:\/\/awtaproducttesting.com.au\/#\/schema\/logo\/image\/"}}]}},"_links":{"self":[{"href":"https:\/\/awtaproducttesting.com.au\/fr\/wp-json\/wp\/v2\/pages\/953","targetHints":{"allow":["GET"]}}],"collection":[{"href":"https:\/\/awtaproducttesting.com.au\/fr\/wp-json\/wp\/v2\/pages"}],"about":[{"href":"https:\/\/awtaproducttesting.com.au\/fr\/wp-json\/wp\/v2\/types\/page"}],"author":[{"embeddable":true,"href":"https:\/\/awtaproducttesting.com.au\/fr\/wp-json\/wp\/v2\/users\/1"}],"replies":[{"embeddable":true,"href":"https:\/\/awtaproducttesting.com.au\/fr\/wp-json\/wp\/v2\/comments?post=953"}],"version-history":[{"count":15,"href":"https:\/\/awtaproducttesting.com.au\/fr\/wp-json\/wp\/v2\/pages\/953\/revisions"}],"predecessor-version":[{"id":3207,"href":"https:\/\/awtaproducttesting.com.au\/fr\/wp-json\/wp\/v2\/pages\/953\/revisions\/3207"}],"up":[{"embeddable":true,"href":"https:\/\/awtaproducttesting.com.au\/fr\/wp-json\/wp\/v2\/pages\/2353"}],"wp:attachment":[{"href":"https:\/\/awtaproducttesting.com.au\/fr\/wp-json\/wp\/v2\/media?parent=953"}],"curies":[{"name":"wp","href":"https:\/\/api.w.org\/{rel}","templated":true}]}}