{"id":971,"date":"2025-08-26T04:22:18","date_gmt":"2025-08-26T04:22:18","guid":{"rendered":"https:\/\/awtaproducttesting.swim.net.au\/?page_id=971"},"modified":"2025-12-16T02:39:45","modified_gmt":"2025-12-16T02:39:45","slug":"school-wear","status":"publish","type":"page","link":"https:\/\/awtaproducttesting.com.au\/fr\/services\/by-industry\/textiles-and-apparel\/childrens-garments\/school-wear\/","title":{"rendered":"V\u00eatements scolaires"},"content":{"rendered":"<div class=\"wp-block-group is-style-boxed is-layout-constrained wp-block-group-is-layout-constrained\">\n<div class=\"wp-block-columns is-layout-flex wp-container-core-columns-is-layout-9d6595d7 wp-block-columns-is-layout-flex\">\n<div class=\"wp-block-column is-vertically-aligned-center is-layout-constrained wp-block-column-is-layout-constrained\">\n<h2 class=\"wp-block-heading\">Uniformes scolaires<\/h2>\n\n\n\n<p><\/p>\n\n\n\n<p>Le choix d'un tissu appropri\u00e9 est plus qu'une simple question d'apparence ; il aura un impact direct sur le confort, les performances et l'exp\u00e9rience globale de l'utilisateur.<\/p>\n\n\n\n<p>R\u00e9sistance \u00e0 l'accrochage<\/p>\n\n\n\n<p>Les uniformes scolaires doivent r\u00e9sister aux rigueurs de l'usure quotidienne. Les tissus durables garantissent la long\u00e9vit\u00e9 de l'uniforme.<\/p>\n\n\n\n<ul class=\"wp-block-list\">\n<li>R\u00e9sistance \u00e0 la d\u00e9chirure<\/li>\n\n\n\n<li>Force d'\u00e9clatement<\/li>\n\n\n\n<li>\u00c9tirement et r\u00e9cup\u00e9ration<\/li>\n\n\n\n<li>Tests de r\u00e9sistance \u00e0 l'abrasion<\/li>\n\n\n\n<li>Tests de r\u00e9sistance au boulochage<\/li>\n<\/ul>\n\n\n\n<p><\/p>\n<\/div>\n\n\n\n<div class=\"wp-block-column is-layout-flow wp-block-column-is-layout-flow\">\n<figure class=\"wp-block-image size-full\"><img loading=\"lazy\" decoding=\"async\" width=\"539\" height=\"360\" src=\"https:\/\/awtaproducttesting.com.au\/app\/uploads\/2025\/10\/Pupils-In-Computer-Class-With-Teacher.jpg\" alt=\"\" class=\"wp-image-2331\" srcset=\"https:\/\/awtaproducttesting.com.au\/app\/uploads\/2025\/10\/Pupils-In-Computer-Class-With-Teacher.jpg 539w, https:\/\/awtaproducttesting.com.au\/app\/uploads\/2025\/10\/Pupils-In-Computer-Class-With-Teacher-300x200.jpg 300w, https:\/\/awtaproducttesting.com.au\/app\/uploads\/2025\/10\/Pupils-In-Computer-Class-With-Teacher-18x12.jpg 18w\" sizes=\"auto, (max-width: 539px) 100vw, 539px\" \/><\/figure>\n<\/div>\n<\/div>\n\n\n\n<div class=\"wp-block-columns is-layout-flex wp-container-core-columns-is-layout-9d6595d7 wp-block-columns-is-layout-flex\">\n<div class=\"wp-block-column is-layout-flow wp-block-column-is-layout-flow\">\n<figure class=\"wp-block-image size-full\"><img loading=\"lazy\" decoding=\"async\" width=\"2560\" height=\"1708\" src=\"https:\/\/awtaproducttesting.com.au\/app\/uploads\/2025\/12\/AdobeStock_303602534-1-scaled.jpeg\" alt=\"\" class=\"wp-image-3324\" srcset=\"https:\/\/awtaproducttesting.com.au\/app\/uploads\/2025\/12\/AdobeStock_303602534-1-scaled.jpeg 2560w, https:\/\/awtaproducttesting.com.au\/app\/uploads\/2025\/12\/AdobeStock_303602534-1-300x200.jpeg 300w, https:\/\/awtaproducttesting.com.au\/app\/uploads\/2025\/12\/AdobeStock_303602534-1-1024x683.jpeg 1024w, https:\/\/awtaproducttesting.com.au\/app\/uploads\/2025\/12\/AdobeStock_303602534-1-768x512.jpeg 768w, https:\/\/awtaproducttesting.com.au\/app\/uploads\/2025\/12\/AdobeStock_303602534-1-1536x1025.jpeg 1536w, https:\/\/awtaproducttesting.com.au\/app\/uploads\/2025\/12\/AdobeStock_303602534-1-2048x1367.jpeg 2048w, https:\/\/awtaproducttesting.com.au\/app\/uploads\/2025\/12\/AdobeStock_303602534-1-18x12.jpeg 18w\" sizes=\"auto, (max-width: 2560px) 100vw, 2560px\" \/><\/figure>\n<\/div>\n\n\n\n<div class=\"wp-block-column is-vertically-aligned-center is-layout-constrained wp-block-column-is-layout-constrained\">\n<p>Les tissus faciles \u00e0 entretenir r\u00e9duisent la charge de travail des parents et des personnes qui s'occupent des enfants, en garantissant que l'uniforme est soign\u00e9 et professionnel avec un minimum d'efforts.<\/p>\n\n\n\n<ul class=\"wp-block-list\">\n<li>Stabilit\u00e9 dimensionnelle au lavage<br><\/li>\n\n\n\n<li>Spiralit\u00e9<br><\/li>\n\n\n\n<li>Solidit\u00e9 des couleurs<br><\/li>\n\n\n\n<li>R\u00e9sistance aux taches<\/li>\n<\/ul>\n\n\n\n<p><\/p>\n\n\n\n<p>Les \u00e9l\u00e8ves passent une grande partie de leur journ\u00e9e en uniforme. Les tissus doivent \u00eatre adapt\u00e9s au climat local et permettre aux \u00e9l\u00e8ves de rester au chaud en hiver et au frais en \u00e9t\u00e9.<\/p>\n\n\n\n<ul class=\"wp-block-list\">\n<li>R\u00e9sistance thermique<br><\/li>\n\n\n\n<li>Respirabilit\u00e9<br><\/li>\n\n\n\n<li>M\u00e8che<br><\/li>\n\n\n\n<li>Imperm\u00e9abilit\u00e9 \u00e0 l'eau<\/li>\n<\/ul>\n<\/div>\n<\/div>\n\n\n\n<h2 class=\"wp-block-heading\">Plus d'informations<\/h2>\n\n\n\n<div class=\"wp-block-buttons is-nowrap is-layout-flex wp-container-core-buttons-is-layout-ad2f72ca wp-block-buttons-is-layout-flex\">\n<div class=\"wp-block-button is-style-gray-buttons\"><a class=\"wp-block-button__link wp-element-button\" href=\"https:\/\/awtaproducttesting.com.au\/fr\/information-sheets\/asnzs-1249-testing-childrens-garments-tis\/asnzs-1249-testing-childrens-garments-tis\/\" target=\"_blank\" rel=\"noreferrer noopener\">AS\/NZS 1249 Testing Children's Garments Fiche d'information sur les tests<\/a><\/div>\n<\/div>\n<\/div>\n\n\n\n<div style=\"background-image:url(&apos;https:\/\/awtaproducttesting.com.au\/app\/uploads\/2025\/10\/soxhlet.jpg&apos;);background-size:cover;\" class=\"wp-block-group is-style-cta-banner is-layout-constrained wp-block-group-is-layout-constrained has-background\">\n<div class=\"wp-block-columns is-layout-flex wp-container-core-columns-is-layout-9d6595d7 wp-block-columns-is-layout-flex\">\n<div class=\"wp-block-column is-layout-flow wp-block-column-is-layout-flow\"><\/div>\n\n\n\n<div class=\"wp-block-column is-layout-flow wp-block-column-is-layout-flow\" style=\"flex-basis:689px\">\n<h2 class=\"wp-block-heading has-white-color has-text-color has-link-color wp-elements-5586e978f21db730a2e82c7bd8601a6b\">Pr\u00eat \u00e0 b\u00e9n\u00e9ficier des services d'essais de produits sp\u00e9cialis\u00e9s dont vous avez besoin ?<\/h2>\n\n\n\n<p class=\"has-white-color has-text-color has-link-color wp-elements-7f6be4cdc9fdca50e5aa459d5ef6791c\">Contactez-nous d\u00e8s aujourd'hui pour commencer.<\/p>\n\n\n\n<div class=\"wp-block-buttons is-layout-flex wp-block-buttons-is-layout-flex\">\n<div class=\"wp-block-button\"><a class=\"wp-block-button__link wp-element-button\" href=\"\/fr\/contact\/\">Nous contacter<\/a><\/div>\n<\/div>\n<\/div>\n<\/div>\n\n\n\n<p><\/p>\n<\/div>","protected":false},"excerpt":{"rendered":"<p>School Uniforms Selecting an appropriate fabric is more than just a matter of appearance; it will directly impact the wearer\u2019s comfort, performance, and overall expe\u2026<\/p>","protected":false},"author":1,"featured_media":0,"parent":967,"menu_order":0,"comment_status":"closed","ping_status":"closed","template":"","meta":{"_acf_changed":false,"footnotes":""},"class_list":["post-971","page","type-page","status-publish","hentry"],"acf":[],"yoast_head":"<!-- This site is optimized with the Yoast SEO plugin v27.0 - https:\/\/yoast.com\/product\/yoast-seo-wordpress\/ -->\n<title>School Wear - AWTA Product Testing<\/title>\n<meta name=\"robots\" content=\"index, follow, max-snippet:-1, max-image-preview:large, max-video-preview:-1\" \/>\n<link rel=\"canonical\" href=\"https:\/\/awtaproducttesting.com.au\/fr\/services\/by-industry\/textiles-and-apparel\/childrens-garments\/school-wear\/\" \/>\n<meta property=\"og:locale\" content=\"fr_FR\" \/>\n<meta property=\"og:type\" content=\"article\" \/>\n<meta property=\"og:title\" content=\"School Wear - AWTA Product Testing\" \/>\n<meta property=\"og:description\" content=\"School Uniforms Selecting an appropriate fabric is more than just a matter of appearance; it will directly impact the wearer\u2019s comfort, performance, and overall expe\u2026\" \/>\n<meta property=\"og:url\" content=\"https:\/\/awtaproducttesting.com.au\/fr\/services\/by-industry\/textiles-and-apparel\/childrens-garments\/school-wear\/\" \/>\n<meta property=\"og:site_name\" content=\"AWTA Product Testing\" \/>\n<meta property=\"article:modified_time\" content=\"2025-12-16T02:39:45+00:00\" \/>\n<meta property=\"og:image\" content=\"https:\/\/awtaproducttesting.com.au\/app\/uploads\/2025\/10\/Pupils-In-Computer-Class-With-Teacher.jpg\" \/>\n\t<meta property=\"og:image:width\" content=\"539\" \/>\n\t<meta property=\"og:image:height\" content=\"360\" \/>\n\t<meta property=\"og:image:type\" content=\"image\/jpeg\" \/>\n<meta name=\"twitter:card\" content=\"summary_large_image\" \/>\n<meta name=\"twitter:label1\" content=\"Est. reading time\" \/>\n\t<meta name=\"twitter:data1\" content=\"1 minute\" \/>\n<script type=\"application\/ld+json\" class=\"yoast-schema-graph\">{\"@context\":\"https:\/\/schema.org\",\"@graph\":[{\"@type\":\"WebPage\",\"@id\":\"https:\/\/awtaproducttesting.com.au\/services\/by-industry\/textiles-and-apparel\/childrens-garments\/school-wear\/\",\"url\":\"https:\/\/awtaproducttesting.com.au\/services\/by-industry\/textiles-and-apparel\/childrens-garments\/school-wear\/\",\"name\":\"School Wear - AWTA Product Testing\",\"isPartOf\":{\"@id\":\"https:\/\/awtaproducttesting.com.au\/#website\"},\"primaryImageOfPage\":{\"@id\":\"https:\/\/awtaproducttesting.com.au\/services\/by-industry\/textiles-and-apparel\/childrens-garments\/school-wear\/#primaryimage\"},\"image\":{\"@id\":\"https:\/\/awtaproducttesting.com.au\/services\/by-industry\/textiles-and-apparel\/childrens-garments\/school-wear\/#primaryimage\"},\"thumbnailUrl\":\"https:\/\/awtaproducttesting.com.au\/app\/uploads\/2025\/10\/Pupils-In-Computer-Class-With-Teacher.jpg\",\"datePublished\":\"2025-08-26T04:22:18+00:00\",\"dateModified\":\"2025-12-16T02:39:45+00:00\",\"breadcrumb\":{\"@id\":\"https:\/\/awtaproducttesting.com.au\/services\/by-industry\/textiles-and-apparel\/childrens-garments\/school-wear\/#breadcrumb\"},\"inLanguage\":\"fr-FR\",\"potentialAction\":[{\"@type\":\"ReadAction\",\"target\":[\"https:\/\/awtaproducttesting.com.au\/services\/by-industry\/textiles-and-apparel\/childrens-garments\/school-wear\/\"]}]},{\"@type\":\"ImageObject\",\"inLanguage\":\"fr-FR\",\"@id\":\"https:\/\/awtaproducttesting.com.au\/services\/by-industry\/textiles-and-apparel\/childrens-garments\/school-wear\/#primaryimage\",\"url\":\"https:\/\/awtaproducttesting.com.au\/app\/uploads\/2025\/10\/Pupils-In-Computer-Class-With-Teacher.jpg\",\"contentUrl\":\"https:\/\/awtaproducttesting.com.au\/app\/uploads\/2025\/10\/Pupils-In-Computer-Class-With-Teacher.jpg\"},{\"@type\":\"BreadcrumbList\",\"@id\":\"https:\/\/awtaproducttesting.com.au\/services\/by-industry\/textiles-and-apparel\/childrens-garments\/school-wear\/#breadcrumb\",\"itemListElement\":[{\"@type\":\"ListItem\",\"position\":1,\"name\":\"Home\",\"item\":\"https:\/\/awtaproducttesting.com.au\/\"},{\"@type\":\"ListItem\",\"position\":2,\"name\":\"Services\",\"item\":\"https:\/\/awtaproducttesting.com.au\/services\/\"},{\"@type\":\"ListItem\",\"position\":3,\"name\":\"By Industry\",\"item\":\"https:\/\/awtaproducttesting.com.au\/services\/by-industry\/\"},{\"@type\":\"ListItem\",\"position\":4,\"name\":\"Textiles &amp; Apparel\",\"item\":\"https:\/\/awtaproducttesting.com.au\/services\/by-industry\/textiles-and-apparel\/\"},{\"@type\":\"ListItem\",\"position\":5,\"name\":\"Children\u2019s Garments\",\"item\":\"https:\/\/awtaproducttesting.com.au\/services\/by-industry\/textiles-and-apparel\/childrens-garments\/\"},{\"@type\":\"ListItem\",\"position\":6,\"name\":\"School Wear\"}]},{\"@type\":\"WebSite\",\"@id\":\"https:\/\/awtaproducttesting.com.au\/#website\",\"url\":\"https:\/\/awtaproducttesting.com.au\/\",\"name\":\"AWTA Product Testing\",\"description\":\"\",\"publisher\":{\"@id\":\"https:\/\/awtaproducttesting.com.au\/#organization\"},\"potentialAction\":[{\"@type\":\"SearchAction\",\"target\":{\"@type\":\"EntryPoint\",\"urlTemplate\":\"https:\/\/awtaproducttesting.com.au\/?s={search_term_string}\"},\"query-input\":{\"@type\":\"PropertyValueSpecification\",\"valueRequired\":true,\"valueName\":\"search_term_string\"}}],\"inLanguage\":\"fr-FR\"},{\"@type\":\"Organization\",\"@id\":\"https:\/\/awtaproducttesting.com.au\/#organization\",\"name\":\"AWTA Product Testing\",\"url\":\"https:\/\/awtaproducttesting.com.au\/\",\"logo\":{\"@type\":\"ImageObject\",\"inLanguage\":\"fr-FR\",\"@id\":\"https:\/\/awtaproducttesting.com.au\/#\/schema\/logo\/image\/\",\"url\":\"https:\/\/awtaproducttesting.com.au\/app\/uploads\/2025\/08\/PT-News-Banner-scaled.jpg\",\"contentUrl\":\"https:\/\/awtaproducttesting.com.au\/app\/uploads\/2025\/08\/PT-News-Banner-scaled.jpg\",\"width\":2560,\"height\":1580,\"caption\":\"AWTA Product Testing\"},\"image\":{\"@id\":\"https:\/\/awtaproducttesting.com.au\/#\/schema\/logo\/image\/\"}}]}<\/script>\n<!-- \/ Yoast SEO plugin. -->","yoast_head_json":{"title":"School Wear - AWTA Product Testing","robots":{"index":"index","follow":"follow","max-snippet":"max-snippet:-1","max-image-preview":"max-image-preview:large","max-video-preview":"max-video-preview:-1"},"canonical":"https:\/\/awtaproducttesting.com.au\/fr\/services\/by-industry\/textiles-and-apparel\/childrens-garments\/school-wear\/","og_locale":"fr_FR","og_type":"article","og_title":"School Wear - AWTA Product Testing","og_description":"School Uniforms Selecting an appropriate fabric is more than just a matter of appearance; it will directly impact the wearer\u2019s comfort, performance, and overall expe\u2026","og_url":"https:\/\/awtaproducttesting.com.au\/fr\/services\/by-industry\/textiles-and-apparel\/childrens-garments\/school-wear\/","og_site_name":"AWTA Product Testing","article_modified_time":"2025-12-16T02:39:45+00:00","og_image":[{"width":539,"height":360,"url":"https:\/\/awtaproducttesting.com.au\/app\/uploads\/2025\/10\/Pupils-In-Computer-Class-With-Teacher.jpg","type":"image\/jpeg"}],"twitter_card":"summary_large_image","twitter_misc":{"Est. reading time":"1 minute"},"schema":{"@context":"https:\/\/schema.org","@graph":[{"@type":"WebPage","@id":"https:\/\/awtaproducttesting.com.au\/services\/by-industry\/textiles-and-apparel\/childrens-garments\/school-wear\/","url":"https:\/\/awtaproducttesting.com.au\/services\/by-industry\/textiles-and-apparel\/childrens-garments\/school-wear\/","name":"School Wear - AWTA Product Testing","isPartOf":{"@id":"https:\/\/awtaproducttesting.com.au\/#website"},"primaryImageOfPage":{"@id":"https:\/\/awtaproducttesting.com.au\/services\/by-industry\/textiles-and-apparel\/childrens-garments\/school-wear\/#primaryimage"},"image":{"@id":"https:\/\/awtaproducttesting.com.au\/services\/by-industry\/textiles-and-apparel\/childrens-garments\/school-wear\/#primaryimage"},"thumbnailUrl":"https:\/\/awtaproducttesting.com.au\/app\/uploads\/2025\/10\/Pupils-In-Computer-Class-With-Teacher.jpg","datePublished":"2025-08-26T04:22:18+00:00","dateModified":"2025-12-16T02:39:45+00:00","breadcrumb":{"@id":"https:\/\/awtaproducttesting.com.au\/services\/by-industry\/textiles-and-apparel\/childrens-garments\/school-wear\/#breadcrumb"},"inLanguage":"fr-FR","potentialAction":[{"@type":"ReadAction","target":["https:\/\/awtaproducttesting.com.au\/services\/by-industry\/textiles-and-apparel\/childrens-garments\/school-wear\/"]}]},{"@type":"ImageObject","inLanguage":"fr-FR","@id":"https:\/\/awtaproducttesting.com.au\/services\/by-industry\/textiles-and-apparel\/childrens-garments\/school-wear\/#primaryimage","url":"https:\/\/awtaproducttesting.com.au\/app\/uploads\/2025\/10\/Pupils-In-Computer-Class-With-Teacher.jpg","contentUrl":"https:\/\/awtaproducttesting.com.au\/app\/uploads\/2025\/10\/Pupils-In-Computer-Class-With-Teacher.jpg"},{"@type":"BreadcrumbList","@id":"https:\/\/awtaproducttesting.com.au\/services\/by-industry\/textiles-and-apparel\/childrens-garments\/school-wear\/#breadcrumb","itemListElement":[{"@type":"ListItem","position":1,"name":"Home","item":"https:\/\/awtaproducttesting.com.au\/"},{"@type":"ListItem","position":2,"name":"Services","item":"https:\/\/awtaproducttesting.com.au\/services\/"},{"@type":"ListItem","position":3,"name":"By Industry","item":"https:\/\/awtaproducttesting.com.au\/services\/by-industry\/"},{"@type":"ListItem","position":4,"name":"Textiles &amp; Apparel","item":"https:\/\/awtaproducttesting.com.au\/services\/by-industry\/textiles-and-apparel\/"},{"@type":"ListItem","position":5,"name":"Children\u2019s Garments","item":"https:\/\/awtaproducttesting.com.au\/services\/by-industry\/textiles-and-apparel\/childrens-garments\/"},{"@type":"ListItem","position":6,"name":"School Wear"}]},{"@type":"WebSite","@id":"https:\/\/awtaproducttesting.com.au\/#website","url":"https:\/\/awtaproducttesting.com.au\/","name":"Tests de produits de l'AWTA","description":"","publisher":{"@id":"https:\/\/awtaproducttesting.com.au\/#organization"},"potentialAction":[{"@type":"SearchAction","target":{"@type":"EntryPoint","urlTemplate":"https:\/\/awtaproducttesting.com.au\/?s={search_term_string}"},"query-input":{"@type":"PropertyValueSpecification","valueRequired":true,"valueName":"search_term_string"}}],"inLanguage":"fr-FR"},{"@type":"Organization","@id":"https:\/\/awtaproducttesting.com.au\/#organization","name":"Tests de produits de l'AWTA","url":"https:\/\/awtaproducttesting.com.au\/","logo":{"@type":"ImageObject","inLanguage":"fr-FR","@id":"https:\/\/awtaproducttesting.com.au\/#\/schema\/logo\/image\/","url":"https:\/\/awtaproducttesting.com.au\/app\/uploads\/2025\/08\/PT-News-Banner-scaled.jpg","contentUrl":"https:\/\/awtaproducttesting.com.au\/app\/uploads\/2025\/08\/PT-News-Banner-scaled.jpg","width":2560,"height":1580,"caption":"AWTA Product Testing"},"image":{"@id":"https:\/\/awtaproducttesting.com.au\/#\/schema\/logo\/image\/"}}]}},"_links":{"self":[{"href":"https:\/\/awtaproducttesting.com.au\/fr\/wp-json\/wp\/v2\/pages\/971","targetHints":{"allow":["GET"]}}],"collection":[{"href":"https:\/\/awtaproducttesting.com.au\/fr\/wp-json\/wp\/v2\/pages"}],"about":[{"href":"https:\/\/awtaproducttesting.com.au\/fr\/wp-json\/wp\/v2\/types\/page"}],"author":[{"embeddable":true,"href":"https:\/\/awtaproducttesting.com.au\/fr\/wp-json\/wp\/v2\/users\/1"}],"replies":[{"embeddable":true,"href":"https:\/\/awtaproducttesting.com.au\/fr\/wp-json\/wp\/v2\/comments?post=971"}],"version-history":[{"count":18,"href":"https:\/\/awtaproducttesting.com.au\/fr\/wp-json\/wp\/v2\/pages\/971\/revisions"}],"predecessor-version":[{"id":3517,"href":"https:\/\/awtaproducttesting.com.au\/fr\/wp-json\/wp\/v2\/pages\/971\/revisions\/3517"}],"up":[{"embeddable":true,"href":"https:\/\/awtaproducttesting.com.au\/fr\/wp-json\/wp\/v2\/pages\/967"}],"wp:attachment":[{"href":"https:\/\/awtaproducttesting.com.au\/fr\/wp-json\/wp\/v2\/media?parent=971"}],"curies":[{"name":"wp","href":"https:\/\/api.w.org\/{rel}","templated":true}]}}