{"id":983,"date":"2025-08-26T04:29:04","date_gmt":"2025-08-26T04:29:04","guid":{"rendered":"https:\/\/awtaproducttesting.swim.net.au\/?page_id=983"},"modified":"2025-12-04T02:08:34","modified_gmt":"2025-12-04T02:08:34","slug":"transport-and-automotive","status":"publish","type":"page","link":"https:\/\/awtaproducttesting.com.au\/fr\/services\/by-industry\/transport-and-automotive\/","title":{"rendered":"Transport et automobile"},"content":{"rendered":"<div class=\"wp-block-group is-style-boxed is-layout-constrained wp-block-group-is-layout-constrained\">\n<div class=\"wp-block-columns is-layout-flex wp-container-core-columns-is-layout-9d6595d7 wp-block-columns-is-layout-flex\">\n<div class=\"wp-block-column is-layout-flow wp-block-column-is-layout-flow\">\n<p>AWTA Product Testing offre des services d'essai aux entreprises qui fournissent les industries automobile, a\u00e9rospatiale et marine.  En outre, nous proposons des essais de r\u00e9tror\u00e9flexion et des essais physiques sur les mat\u00e9riaux de signalisation routi\u00e8re.<\/p>\n\n\n\n<p>Les essais peuvent \u00eatre r\u00e9alis\u00e9s par rapport \u00e0 une s\u00e9rie de normes, notamment les normes OEM, la Society of Automotive Engineers (SAE), la Federal Aviation Regulation (FAR), l'Organisation maritime internationale (OMI), les normes internationales et les normes australiennes.<\/p>\n<\/div>\n\n\n\n<div class=\"wp-block-column is-layout-flow wp-block-column-is-layout-flow\">\n<figure class=\"wp-block-image size-full\"><img loading=\"lazy\" decoding=\"async\" width=\"1254\" height=\"837\" src=\"https:\/\/awtaproducttesting.com.au\/app\/uploads\/2025\/08\/Automotive-3.jpg\" alt=\"\" class=\"wp-image-1719\" srcset=\"https:\/\/awtaproducttesting.com.au\/app\/uploads\/2025\/08\/Automotive-3.jpg 1254w, https:\/\/awtaproducttesting.com.au\/app\/uploads\/2025\/08\/Automotive-3-300x200.jpg 300w, https:\/\/awtaproducttesting.com.au\/app\/uploads\/2025\/08\/Automotive-3-1024x683.jpg 1024w, https:\/\/awtaproducttesting.com.au\/app\/uploads\/2025\/08\/Automotive-3-768x513.jpg 768w, https:\/\/awtaproducttesting.com.au\/app\/uploads\/2025\/08\/Automotive-3-18x12.jpg 18w\" sizes=\"auto, (max-width: 1254px) 100vw, 1254px\" \/><\/figure>\n<\/div>\n<\/div>\n<\/div>\n\n\n\n<div class=\"wp-block-group is-style-carousel has-light-gray-background-color has-background is-layout-constrained wp-block-group-is-layout-constrained\">\n<div class=\"carousel-slider-outer carousel-slider-outer-image-carousel carousel-slider-outer-2154\" style=\"--carousel-slider-nav-color:rgb(221,51,51);--carousel-slider-active-nav-color:rgb(221,104,104);--carousel-slider-arrow-size:48px;--carousel-slider-bullet-size:10px\">\n<div id=\"&#039;id-2154\" class=\"carousel-slider carousel-slider-2154 arrows-visibility-always dots-visibility-never arrows-inside dots-center dots-circle owl-carousel\" data-slide-type=\"image-carousel\" data-owl-settings='{\"nav\":true,\"dots\":false,\"slideBy\":1,\"stagePadding\":30,\"margin\":10,\"loop\":false,\"lazyLoad\":false,\"autoplay\":false,\"autoplayTimeout\":5000,\"autoplaySpeed\":500,\"autoplayHoverPause\":false,\"autoWidth\":true,\"responsive\":{\"300\":{\"items\":1},\"576\":{\"items\":2},\"768\":{\"items\":2},\"1024\":{\"items\":3},\"1280\":{\"items\":4},\"1536\":{\"items\":5}}}'>\n<div class=\"carousel-slider__item\">\n\t<a href=\"https:\/\/awtaproducttesting.com.au\/fr\/services\/by-industry\/transport-and-automotive\/automotive\/\" target=\"_self\"><img loading=\"lazy\" decoding=\"async\" width=\"300\" height=\"168\" src=\"https:\/\/awtaproducttesting.com.au\/app\/uploads\/2025\/10\/automotive-300x168.jpg\" class=\"attachment-medium size-medium\" alt=\"\" srcset=\"https:\/\/awtaproducttesting.com.au\/app\/uploads\/2025\/10\/automotive-300x168.jpg 300w, https:\/\/awtaproducttesting.com.au\/app\/uploads\/2025\/10\/automotive-18x10.jpg 18w, https:\/\/awtaproducttesting.com.au\/app\/uploads\/2025\/10\/automotive.jpg 429w\" sizes=\"auto, (max-width: 300px) 100vw, 300px\" \/><div class=\"carousel-slider__caption\"><h4 class=\"title\">Automobile<\/h4><p class=\"caption\"><\/p><\/div><\/a><\/div>\n\n<div class=\"carousel-slider__item\">\n\t<a href=\"https:\/\/awtaproducttesting.com.au\/fr\/services\/by-industry\/transport-and-automotive\/aeronautical\/\" target=\"_self\"><img loading=\"lazy\" decoding=\"async\" width=\"300\" height=\"204\" src=\"https:\/\/awtaproducttesting.com.au\/app\/uploads\/2025\/10\/Aeroplane-Seat-300x204.jpg\" class=\"attachment-medium size-medium\" alt=\"\" srcset=\"https:\/\/awtaproducttesting.com.au\/app\/uploads\/2025\/10\/Aeroplane-Seat-300x204.jpg 300w, https:\/\/awtaproducttesting.com.au\/app\/uploads\/2025\/10\/Aeroplane-Seat-1024x696.jpg 1024w, https:\/\/awtaproducttesting.com.au\/app\/uploads\/2025\/10\/Aeroplane-Seat-768x522.jpg 768w, https:\/\/awtaproducttesting.com.au\/app\/uploads\/2025\/10\/Aeroplane-Seat-18x12.jpg 18w, https:\/\/awtaproducttesting.com.au\/app\/uploads\/2025\/10\/Aeroplane-Seat.jpg 1242w\" sizes=\"auto, (max-width: 300px) 100vw, 300px\" \/><div class=\"carousel-slider__caption\"><h4 class=\"title\">A\u00e9ronautique<\/h4><p class=\"caption\"><\/p><\/div><\/a><\/div>\n\n<div class=\"carousel-slider__item\">\n\t<a href=\"https:\/\/awtaproducttesting.com.au\/fr\/services\/by-industry\/transport-and-automotive\/marine\/\" target=\"_self\"><img loading=\"lazy\" decoding=\"async\" width=\"300\" height=\"200\" src=\"https:\/\/awtaproducttesting.com.au\/app\/uploads\/2025\/10\/boat-interior-300x200.jpg\" class=\"attachment-medium size-medium\" alt=\"\" srcset=\"https:\/\/awtaproducttesting.com.au\/app\/uploads\/2025\/10\/boat-interior-300x200.jpg 300w, https:\/\/awtaproducttesting.com.au\/app\/uploads\/2025\/10\/boat-interior-18x12.jpg 18w, https:\/\/awtaproducttesting.com.au\/app\/uploads\/2025\/10\/boat-interior.jpg 540w\" sizes=\"auto, (max-width: 300px) 100vw, 300px\" \/><div class=\"carousel-slider__caption\"><h4 class=\"title\">Marine<\/h4><p class=\"caption\"><\/p><\/div><\/a><\/div>\n\n<div class=\"carousel-slider__item\">\n\t<a href=\"https:\/\/awtaproducttesting.com.au\/fr\/services\/by-industry\/transport-and-automotive\/street-sign-retroreflective-materials\/\" target=\"_self\"><img loading=\"lazy\" decoding=\"async\" width=\"300\" height=\"171\" src=\"https:\/\/awtaproducttesting.com.au\/app\/uploads\/2025\/10\/Street-Sign-300x171.jpg\" class=\"attachment-medium size-medium\" alt=\"\" srcset=\"https:\/\/awtaproducttesting.com.au\/app\/uploads\/2025\/10\/Street-Sign-300x171.jpg 300w, https:\/\/awtaproducttesting.com.au\/app\/uploads\/2025\/10\/Street-Sign-1024x585.jpg 1024w, https:\/\/awtaproducttesting.com.au\/app\/uploads\/2025\/10\/Street-Sign-768x438.jpg 768w, https:\/\/awtaproducttesting.com.au\/app\/uploads\/2025\/10\/Street-Sign-18x10.jpg 18w, https:\/\/awtaproducttesting.com.au\/app\/uploads\/2025\/10\/Street-Sign.jpg 1065w\" sizes=\"auto, (max-width: 300px) 100vw, 300px\" \/><div class=\"carousel-slider__caption\"><h4 class=\"title\">Panneaux de rue\/mat\u00e9riaux r\u00e9tror\u00e9fl\u00e9chissants<\/h4><p class=\"caption\"><\/p><\/div><\/a><\/div>\n\n<\/div><!-- .carousel-slider-2154 -->\n<\/div><!-- .carousel-slider-outer-2154 -->\n\n<\/div>","protected":false},"excerpt":{"rendered":"<p>AWTA Product Testing offers testing services to companies supplying the automotive, aerospace, and marine industries.&nbsp; In addition, we offer retroreflective and p\u2026<\/p>","protected":false},"author":1,"featured_media":0,"parent":1042,"menu_order":0,"comment_status":"closed","ping_status":"closed","template":"","meta":{"_acf_changed":false,"footnotes":""},"class_list":["post-983","page","type-page","status-publish","hentry"],"acf":[],"yoast_head":"<!-- This site is optimized with the Yoast SEO plugin v27.0 - https:\/\/yoast.com\/product\/yoast-seo-wordpress\/ -->\n<title>Transport &amp; Automotive - AWTA Product Testing<\/title>\n<meta name=\"robots\" content=\"index, follow, max-snippet:-1, max-image-preview:large, max-video-preview:-1\" \/>\n<link rel=\"canonical\" href=\"https:\/\/awtaproducttesting.com.au\/fr\/services\/by-industry\/transport-and-automotive\/\" \/>\n<meta property=\"og:locale\" content=\"fr_FR\" \/>\n<meta property=\"og:type\" content=\"article\" \/>\n<meta property=\"og:title\" content=\"Transport &amp; Automotive - AWTA Product Testing\" \/>\n<meta property=\"og:description\" content=\"AWTA Product Testing offers testing services to companies supplying the automotive, aerospace, and marine industries.&nbsp; In addition, we offer retroreflective and p\u2026\" \/>\n<meta property=\"og:url\" content=\"https:\/\/awtaproducttesting.com.au\/fr\/services\/by-industry\/transport-and-automotive\/\" \/>\n<meta property=\"og:site_name\" content=\"AWTA Product Testing\" \/>\n<meta property=\"article:modified_time\" content=\"2025-12-04T02:08:34+00:00\" \/>\n<meta property=\"og:image\" content=\"https:\/\/awtaproducttesting.com.au\/app\/uploads\/2025\/08\/Automotive-3.jpg\" \/>\n\t<meta property=\"og:image:width\" content=\"1254\" \/>\n\t<meta property=\"og:image:height\" content=\"837\" \/>\n\t<meta property=\"og:image:type\" content=\"image\/jpeg\" \/>\n<meta name=\"twitter:card\" content=\"summary_large_image\" \/>\n<script type=\"application\/ld+json\" class=\"yoast-schema-graph\">{\"@context\":\"https:\/\/schema.org\",\"@graph\":[{\"@type\":\"WebPage\",\"@id\":\"https:\/\/awtaproducttesting.com.au\/services\/by-industry\/transport-and-automotive\/\",\"url\":\"https:\/\/awtaproducttesting.com.au\/services\/by-industry\/transport-and-automotive\/\",\"name\":\"Transport &amp; Automotive - AWTA Product Testing\",\"isPartOf\":{\"@id\":\"https:\/\/awtaproducttesting.com.au\/#website\"},\"primaryImageOfPage\":{\"@id\":\"https:\/\/awtaproducttesting.com.au\/services\/by-industry\/transport-and-automotive\/#primaryimage\"},\"image\":{\"@id\":\"https:\/\/awtaproducttesting.com.au\/services\/by-industry\/transport-and-automotive\/#primaryimage\"},\"thumbnailUrl\":\"https:\/\/awtaproducttesting.com.au\/app\/uploads\/2025\/08\/Automotive-3.jpg\",\"datePublished\":\"2025-08-26T04:29:04+00:00\",\"dateModified\":\"2025-12-04T02:08:34+00:00\",\"breadcrumb\":{\"@id\":\"https:\/\/awtaproducttesting.com.au\/services\/by-industry\/transport-and-automotive\/#breadcrumb\"},\"inLanguage\":\"fr-FR\",\"potentialAction\":[{\"@type\":\"ReadAction\",\"target\":[\"https:\/\/awtaproducttesting.com.au\/services\/by-industry\/transport-and-automotive\/\"]}]},{\"@type\":\"ImageObject\",\"inLanguage\":\"fr-FR\",\"@id\":\"https:\/\/awtaproducttesting.com.au\/services\/by-industry\/transport-and-automotive\/#primaryimage\",\"url\":\"https:\/\/awtaproducttesting.com.au\/app\/uploads\/2025\/08\/Automotive-3.jpg\",\"contentUrl\":\"https:\/\/awtaproducttesting.com.au\/app\/uploads\/2025\/08\/Automotive-3.jpg\"},{\"@type\":\"BreadcrumbList\",\"@id\":\"https:\/\/awtaproducttesting.com.au\/services\/by-industry\/transport-and-automotive\/#breadcrumb\",\"itemListElement\":[{\"@type\":\"ListItem\",\"position\":1,\"name\":\"Home\",\"item\":\"https:\/\/awtaproducttesting.com.au\/\"},{\"@type\":\"ListItem\",\"position\":2,\"name\":\"Services\",\"item\":\"https:\/\/awtaproducttesting.com.au\/services\/\"},{\"@type\":\"ListItem\",\"position\":3,\"name\":\"By Industry\",\"item\":\"https:\/\/awtaproducttesting.com.au\/services\/by-industry\/\"},{\"@type\":\"ListItem\",\"position\":4,\"name\":\"Transport &amp; Automotive\"}]},{\"@type\":\"WebSite\",\"@id\":\"https:\/\/awtaproducttesting.com.au\/#website\",\"url\":\"https:\/\/awtaproducttesting.com.au\/\",\"name\":\"AWTA Product Testing\",\"description\":\"\",\"publisher\":{\"@id\":\"https:\/\/awtaproducttesting.com.au\/#organization\"},\"potentialAction\":[{\"@type\":\"SearchAction\",\"target\":{\"@type\":\"EntryPoint\",\"urlTemplate\":\"https:\/\/awtaproducttesting.com.au\/?s={search_term_string}\"},\"query-input\":{\"@type\":\"PropertyValueSpecification\",\"valueRequired\":true,\"valueName\":\"search_term_string\"}}],\"inLanguage\":\"fr-FR\"},{\"@type\":\"Organization\",\"@id\":\"https:\/\/awtaproducttesting.com.au\/#organization\",\"name\":\"AWTA Product Testing\",\"url\":\"https:\/\/awtaproducttesting.com.au\/\",\"logo\":{\"@type\":\"ImageObject\",\"inLanguage\":\"fr-FR\",\"@id\":\"https:\/\/awtaproducttesting.com.au\/#\/schema\/logo\/image\/\",\"url\":\"https:\/\/awtaproducttesting.com.au\/app\/uploads\/2025\/08\/PT-News-Banner-scaled.jpg\",\"contentUrl\":\"https:\/\/awtaproducttesting.com.au\/app\/uploads\/2025\/08\/PT-News-Banner-scaled.jpg\",\"width\":2560,\"height\":1580,\"caption\":\"AWTA Product Testing\"},\"image\":{\"@id\":\"https:\/\/awtaproducttesting.com.au\/#\/schema\/logo\/image\/\"}}]}<\/script>\n<!-- \/ Yoast SEO plugin. -->","yoast_head_json":{"title":"Transport &amp; Automotive - AWTA Product Testing","robots":{"index":"index","follow":"follow","max-snippet":"max-snippet:-1","max-image-preview":"max-image-preview:large","max-video-preview":"max-video-preview:-1"},"canonical":"https:\/\/awtaproducttesting.com.au\/fr\/services\/by-industry\/transport-and-automotive\/","og_locale":"fr_FR","og_type":"article","og_title":"Transport &amp; Automotive - AWTA Product Testing","og_description":"AWTA Product Testing offers testing services to companies supplying the automotive, aerospace, and marine industries.&nbsp; In addition, we offer retroreflective and p\u2026","og_url":"https:\/\/awtaproducttesting.com.au\/fr\/services\/by-industry\/transport-and-automotive\/","og_site_name":"AWTA Product Testing","article_modified_time":"2025-12-04T02:08:34+00:00","og_image":[{"width":1254,"height":837,"url":"https:\/\/awtaproducttesting.com.au\/app\/uploads\/2025\/08\/Automotive-3.jpg","type":"image\/jpeg"}],"twitter_card":"summary_large_image","schema":{"@context":"https:\/\/schema.org","@graph":[{"@type":"WebPage","@id":"https:\/\/awtaproducttesting.com.au\/services\/by-industry\/transport-and-automotive\/","url":"https:\/\/awtaproducttesting.com.au\/services\/by-industry\/transport-and-automotive\/","name":"Transport &amp; Automotive - AWTA Product Testing","isPartOf":{"@id":"https:\/\/awtaproducttesting.com.au\/#website"},"primaryImageOfPage":{"@id":"https:\/\/awtaproducttesting.com.au\/services\/by-industry\/transport-and-automotive\/#primaryimage"},"image":{"@id":"https:\/\/awtaproducttesting.com.au\/services\/by-industry\/transport-and-automotive\/#primaryimage"},"thumbnailUrl":"https:\/\/awtaproducttesting.com.au\/app\/uploads\/2025\/08\/Automotive-3.jpg","datePublished":"2025-08-26T04:29:04+00:00","dateModified":"2025-12-04T02:08:34+00:00","breadcrumb":{"@id":"https:\/\/awtaproducttesting.com.au\/services\/by-industry\/transport-and-automotive\/#breadcrumb"},"inLanguage":"fr-FR","potentialAction":[{"@type":"ReadAction","target":["https:\/\/awtaproducttesting.com.au\/services\/by-industry\/transport-and-automotive\/"]}]},{"@type":"ImageObject","inLanguage":"fr-FR","@id":"https:\/\/awtaproducttesting.com.au\/services\/by-industry\/transport-and-automotive\/#primaryimage","url":"https:\/\/awtaproducttesting.com.au\/app\/uploads\/2025\/08\/Automotive-3.jpg","contentUrl":"https:\/\/awtaproducttesting.com.au\/app\/uploads\/2025\/08\/Automotive-3.jpg"},{"@type":"BreadcrumbList","@id":"https:\/\/awtaproducttesting.com.au\/services\/by-industry\/transport-and-automotive\/#breadcrumb","itemListElement":[{"@type":"ListItem","position":1,"name":"Home","item":"https:\/\/awtaproducttesting.com.au\/"},{"@type":"ListItem","position":2,"name":"Services","item":"https:\/\/awtaproducttesting.com.au\/services\/"},{"@type":"ListItem","position":3,"name":"By Industry","item":"https:\/\/awtaproducttesting.com.au\/services\/by-industry\/"},{"@type":"ListItem","position":4,"name":"Transport &amp; Automotive"}]},{"@type":"WebSite","@id":"https:\/\/awtaproducttesting.com.au\/#website","url":"https:\/\/awtaproducttesting.com.au\/","name":"Tests de produits de l'AWTA","description":"","publisher":{"@id":"https:\/\/awtaproducttesting.com.au\/#organization"},"potentialAction":[{"@type":"SearchAction","target":{"@type":"EntryPoint","urlTemplate":"https:\/\/awtaproducttesting.com.au\/?s={search_term_string}"},"query-input":{"@type":"PropertyValueSpecification","valueRequired":true,"valueName":"search_term_string"}}],"inLanguage":"fr-FR"},{"@type":"Organization","@id":"https:\/\/awtaproducttesting.com.au\/#organization","name":"Tests de produits de l'AWTA","url":"https:\/\/awtaproducttesting.com.au\/","logo":{"@type":"ImageObject","inLanguage":"fr-FR","@id":"https:\/\/awtaproducttesting.com.au\/#\/schema\/logo\/image\/","url":"https:\/\/awtaproducttesting.com.au\/app\/uploads\/2025\/08\/PT-News-Banner-scaled.jpg","contentUrl":"https:\/\/awtaproducttesting.com.au\/app\/uploads\/2025\/08\/PT-News-Banner-scaled.jpg","width":2560,"height":1580,"caption":"AWTA Product Testing"},"image":{"@id":"https:\/\/awtaproducttesting.com.au\/#\/schema\/logo\/image\/"}}]}},"_links":{"self":[{"href":"https:\/\/awtaproducttesting.com.au\/fr\/wp-json\/wp\/v2\/pages\/983","targetHints":{"allow":["GET"]}}],"collection":[{"href":"https:\/\/awtaproducttesting.com.au\/fr\/wp-json\/wp\/v2\/pages"}],"about":[{"href":"https:\/\/awtaproducttesting.com.au\/fr\/wp-json\/wp\/v2\/types\/page"}],"author":[{"embeddable":true,"href":"https:\/\/awtaproducttesting.com.au\/fr\/wp-json\/wp\/v2\/users\/1"}],"replies":[{"embeddable":true,"href":"https:\/\/awtaproducttesting.com.au\/fr\/wp-json\/wp\/v2\/comments?post=983"}],"version-history":[{"count":16,"href":"https:\/\/awtaproducttesting.com.au\/fr\/wp-json\/wp\/v2\/pages\/983\/revisions"}],"predecessor-version":[{"id":3378,"href":"https:\/\/awtaproducttesting.com.au\/fr\/wp-json\/wp\/v2\/pages\/983\/revisions\/3378"}],"up":[{"embeddable":true,"href":"https:\/\/awtaproducttesting.com.au\/fr\/wp-json\/wp\/v2\/pages\/1042"}],"wp:attachment":[{"href":"https:\/\/awtaproducttesting.com.au\/fr\/wp-json\/wp\/v2\/media?parent=983"}],"curies":[{"name":"wp","href":"https:\/\/api.w.org\/{rel}","templated":true}]}}