{"id":1006,"date":"2025-08-26T04:42:37","date_gmt":"2025-08-26T04:42:37","guid":{"rendered":"https:\/\/awtaproducttesting.swim.net.au\/?page_id=1006"},"modified":"2025-11-27T03:00:39","modified_gmt":"2025-11-27T03:00:39","slug":"button-battery-testing","status":"publish","type":"page","link":"https:\/\/awtaproducttesting.com.au\/it\/services\/by-industry\/safety-testing\/button-battery-testing\/","title":{"rendered":"Test della batteria a bottone\/moneta"},"content":{"rendered":"<div class=\"wp-block-group is-style-boxed is-layout-constrained wp-block-group-is-layout-constrained\">\n<div class=\"wp-block-columns is-layout-flex wp-container-core-columns-is-layout-9d6595d7 wp-block-columns-is-layout-flex\">\n<div class=\"wp-block-column is-vertically-aligned-center is-layout-constrained wp-block-column-is-layout-constrained\">\n<p><\/p>\n\n\n\n<p>Una serie di standard di sicurezza relativi all'uso delle batterie Button introdotti dal governo australiano \u00e8 stata resa obbligatoria in Australia a partire dal giugno 2022.  L'introduzione di questa legislazione \u00e8 stata ora ripresa in diversi Paesi. Le dimensioni e la forma di queste batterie fanno s\u00ec che, in caso di ingestione, si incastrino facilmente nelle vie respiratorie del bambino.  In caso di fuoriuscita, possono provocare danni ai tessuti di organi importanti; inoltre, possono emettere una tensione se collocate in un orifizio come l'orecchio o il naso.<\/p>\n\n\n\n<p><\/p>\n\n\n\n<p>L'Australian Consumer Goods (Products containing button\/ coin batteries) Safety Standard 2020 ha imposto che tutte le batterie a bottone o a moneta siano vendute con etichette di avvertimento adeguate per avvisare i consumatori ed educare il pubblico; inoltre, prescrive test di laboratorio per garantire che, in caso di uso o abuso ragionevole di oggetti contenenti le batterie, queste ultime rimangano inaccessibili.<\/p>\n<\/div>\n\n\n\n<div class=\"wp-block-column is-layout-flow wp-block-column-is-layout-flow\">\n<figure class=\"wp-block-image size-full\"><img loading=\"lazy\" decoding=\"async\" width=\"430\" height=\"281\" src=\"https:\/\/awtaproducttesting.com.au\/app\/uploads\/2025\/10\/Picture-2.jpg\" alt=\"\" class=\"wp-image-2323\" srcset=\"https:\/\/awtaproducttesting.com.au\/app\/uploads\/2025\/10\/Picture-2.jpg 430w, https:\/\/awtaproducttesting.com.au\/app\/uploads\/2025\/10\/Picture-2-300x196.jpg 300w, https:\/\/awtaproducttesting.com.au\/app\/uploads\/2025\/10\/Picture-2-18x12.jpg 18w\" sizes=\"auto, (max-width: 430px) 100vw, 430px\" \/><\/figure>\n<\/div>\n<\/div>\n\n\n\n<h2 class=\"wp-block-heading\">Ulteriori informazioni<\/h2>\n\n\n\n<div class=\"wp-block-buttons is-nowrap is-layout-flex wp-container-core-buttons-is-layout-ad2f72ca wp-block-buttons-is-layout-flex\">\n<div class=\"wp-block-button is-style-gray-buttons\"><a class=\"wp-block-button__link wp-element-button\" href=\"\/it\/app\/uploads\/2025\/09\/Button-Coin-Testing-Information-Sheet.pdf\/\" target=\"_blank\" rel=\"noreferrer noopener\">Foglio informativo sul test delle batterie a bottone\/moneta<\/a><\/div>\n<\/div>\n<\/div>","protected":false},"excerpt":{"rendered":"<p>A set of safety standards relating to the use of Button batteries introduced by the Australian Government was mandated in Australia from June 2022.&nbsp; This introduc\u2026<\/p>","protected":false},"author":1,"featured_media":0,"parent":635,"menu_order":0,"comment_status":"closed","ping_status":"closed","template":"","meta":{"_acf_changed":false,"footnotes":""},"class_list":["post-1006","page","type-page","status-publish","hentry"],"acf":[],"yoast_head":"<!-- This site is optimized with the Yoast SEO plugin v27.0 - https:\/\/yoast.com\/product\/yoast-seo-wordpress\/ -->\n<title>Button\/Coin Battery Testing - AWTA Product Testing<\/title>\n<meta name=\"robots\" content=\"index, follow, max-snippet:-1, max-image-preview:large, max-video-preview:-1\" \/>\n<link rel=\"canonical\" href=\"https:\/\/awtaproducttesting.com.au\/it\/services\/by-industry\/safety-testing\/button-battery-testing\/\" \/>\n<meta property=\"og:locale\" content=\"it_IT\" \/>\n<meta property=\"og:type\" content=\"article\" \/>\n<meta property=\"og:title\" content=\"Button\/Coin Battery Testing - AWTA Product Testing\" \/>\n<meta property=\"og:description\" content=\"A set of safety standards relating to the use of Button batteries introduced by the Australian Government was mandated in Australia from June 2022.&nbsp; This introduc\u2026\" \/>\n<meta property=\"og:url\" content=\"https:\/\/awtaproducttesting.com.au\/it\/services\/by-industry\/safety-testing\/button-battery-testing\/\" \/>\n<meta property=\"og:site_name\" content=\"AWTA Product Testing\" \/>\n<meta property=\"article:modified_time\" content=\"2025-11-27T03:00:39+00:00\" \/>\n<meta property=\"og:image\" content=\"https:\/\/awtaproducttesting.com.au\/app\/uploads\/2025\/10\/Picture-2.jpg\" \/>\n\t<meta property=\"og:image:width\" content=\"430\" \/>\n\t<meta property=\"og:image:height\" content=\"281\" \/>\n\t<meta property=\"og:image:type\" content=\"image\/jpeg\" \/>\n<meta name=\"twitter:card\" content=\"summary_large_image\" \/>\n<meta name=\"twitter:label1\" content=\"Est. reading time\" \/>\n\t<meta name=\"twitter:data1\" content=\"1 minute\" \/>\n<script type=\"application\/ld+json\" class=\"yoast-schema-graph\">{\"@context\":\"https:\/\/schema.org\",\"@graph\":[{\"@type\":\"WebPage\",\"@id\":\"https:\/\/awtaproducttesting.com.au\/services\/by-industry\/safety-testing\/button-battery-testing\/\",\"url\":\"https:\/\/awtaproducttesting.com.au\/services\/by-industry\/safety-testing\/button-battery-testing\/\",\"name\":\"Button\/Coin Battery Testing - AWTA Product Testing\",\"isPartOf\":{\"@id\":\"https:\/\/awtaproducttesting.com.au\/#website\"},\"primaryImageOfPage\":{\"@id\":\"https:\/\/awtaproducttesting.com.au\/services\/by-industry\/safety-testing\/button-battery-testing\/#primaryimage\"},\"image\":{\"@id\":\"https:\/\/awtaproducttesting.com.au\/services\/by-industry\/safety-testing\/button-battery-testing\/#primaryimage\"},\"thumbnailUrl\":\"https:\/\/awtaproducttesting.com.au\/app\/uploads\/2025\/10\/Picture-2.jpg\",\"datePublished\":\"2025-08-26T04:42:37+00:00\",\"dateModified\":\"2025-11-27T03:00:39+00:00\",\"breadcrumb\":{\"@id\":\"https:\/\/awtaproducttesting.com.au\/services\/by-industry\/safety-testing\/button-battery-testing\/#breadcrumb\"},\"inLanguage\":\"it-IT\",\"potentialAction\":[{\"@type\":\"ReadAction\",\"target\":[\"https:\/\/awtaproducttesting.com.au\/services\/by-industry\/safety-testing\/button-battery-testing\/\"]}]},{\"@type\":\"ImageObject\",\"inLanguage\":\"it-IT\",\"@id\":\"https:\/\/awtaproducttesting.com.au\/services\/by-industry\/safety-testing\/button-battery-testing\/#primaryimage\",\"url\":\"https:\/\/awtaproducttesting.com.au\/app\/uploads\/2025\/10\/Picture-2.jpg\",\"contentUrl\":\"https:\/\/awtaproducttesting.com.au\/app\/uploads\/2025\/10\/Picture-2.jpg\"},{\"@type\":\"BreadcrumbList\",\"@id\":\"https:\/\/awtaproducttesting.com.au\/services\/by-industry\/safety-testing\/button-battery-testing\/#breadcrumb\",\"itemListElement\":[{\"@type\":\"ListItem\",\"position\":1,\"name\":\"Home\",\"item\":\"https:\/\/awtaproducttesting.com.au\/\"},{\"@type\":\"ListItem\",\"position\":2,\"name\":\"Services\",\"item\":\"https:\/\/awtaproducttesting.com.au\/services\/\"},{\"@type\":\"ListItem\",\"position\":3,\"name\":\"By Industry\",\"item\":\"https:\/\/awtaproducttesting.com.au\/services\/by-industry\/\"},{\"@type\":\"ListItem\",\"position\":4,\"name\":\"Safety Testing\",\"item\":\"https:\/\/awtaproducttesting.com.au\/services\/by-industry\/safety-testing\/\"},{\"@type\":\"ListItem\",\"position\":5,\"name\":\"Button\/Coin Battery Testing\"}]},{\"@type\":\"WebSite\",\"@id\":\"https:\/\/awtaproducttesting.com.au\/#website\",\"url\":\"https:\/\/awtaproducttesting.com.au\/\",\"name\":\"AWTA Product Testing\",\"description\":\"\",\"publisher\":{\"@id\":\"https:\/\/awtaproducttesting.com.au\/#organization\"},\"potentialAction\":[{\"@type\":\"SearchAction\",\"target\":{\"@type\":\"EntryPoint\",\"urlTemplate\":\"https:\/\/awtaproducttesting.com.au\/?s={search_term_string}\"},\"query-input\":{\"@type\":\"PropertyValueSpecification\",\"valueRequired\":true,\"valueName\":\"search_term_string\"}}],\"inLanguage\":\"it-IT\"},{\"@type\":\"Organization\",\"@id\":\"https:\/\/awtaproducttesting.com.au\/#organization\",\"name\":\"AWTA Product Testing\",\"url\":\"https:\/\/awtaproducttesting.com.au\/\",\"logo\":{\"@type\":\"ImageObject\",\"inLanguage\":\"it-IT\",\"@id\":\"https:\/\/awtaproducttesting.com.au\/#\/schema\/logo\/image\/\",\"url\":\"https:\/\/awtaproducttesting.com.au\/app\/uploads\/2025\/08\/PT-News-Banner-scaled.jpg\",\"contentUrl\":\"https:\/\/awtaproducttesting.com.au\/app\/uploads\/2025\/08\/PT-News-Banner-scaled.jpg\",\"width\":2560,\"height\":1580,\"caption\":\"AWTA Product Testing\"},\"image\":{\"@id\":\"https:\/\/awtaproducttesting.com.au\/#\/schema\/logo\/image\/\"}}]}<\/script>\n<!-- \/ Yoast SEO plugin. -->","yoast_head_json":{"title":"Button\/Coin Battery Testing - AWTA Product Testing","robots":{"index":"index","follow":"follow","max-snippet":"max-snippet:-1","max-image-preview":"max-image-preview:large","max-video-preview":"max-video-preview:-1"},"canonical":"https:\/\/awtaproducttesting.com.au\/it\/services\/by-industry\/safety-testing\/button-battery-testing\/","og_locale":"it_IT","og_type":"article","og_title":"Button\/Coin Battery Testing - AWTA Product Testing","og_description":"A set of safety standards relating to the use of Button batteries introduced by the Australian Government was mandated in Australia from June 2022.&nbsp; This introduc\u2026","og_url":"https:\/\/awtaproducttesting.com.au\/it\/services\/by-industry\/safety-testing\/button-battery-testing\/","og_site_name":"AWTA Product Testing","article_modified_time":"2025-11-27T03:00:39+00:00","og_image":[{"width":430,"height":281,"url":"https:\/\/awtaproducttesting.com.au\/app\/uploads\/2025\/10\/Picture-2.jpg","type":"image\/jpeg"}],"twitter_card":"summary_large_image","twitter_misc":{"Est. reading time":"1 minute"},"schema":{"@context":"https:\/\/schema.org","@graph":[{"@type":"WebPage","@id":"https:\/\/awtaproducttesting.com.au\/services\/by-industry\/safety-testing\/button-battery-testing\/","url":"https:\/\/awtaproducttesting.com.au\/services\/by-industry\/safety-testing\/button-battery-testing\/","name":"Button\/Coin Battery Testing - AWTA Product Testing","isPartOf":{"@id":"https:\/\/awtaproducttesting.com.au\/#website"},"primaryImageOfPage":{"@id":"https:\/\/awtaproducttesting.com.au\/services\/by-industry\/safety-testing\/button-battery-testing\/#primaryimage"},"image":{"@id":"https:\/\/awtaproducttesting.com.au\/services\/by-industry\/safety-testing\/button-battery-testing\/#primaryimage"},"thumbnailUrl":"https:\/\/awtaproducttesting.com.au\/app\/uploads\/2025\/10\/Picture-2.jpg","datePublished":"2025-08-26T04:42:37+00:00","dateModified":"2025-11-27T03:00:39+00:00","breadcrumb":{"@id":"https:\/\/awtaproducttesting.com.au\/services\/by-industry\/safety-testing\/button-battery-testing\/#breadcrumb"},"inLanguage":"it-IT","potentialAction":[{"@type":"ReadAction","target":["https:\/\/awtaproducttesting.com.au\/services\/by-industry\/safety-testing\/button-battery-testing\/"]}]},{"@type":"ImageObject","inLanguage":"it-IT","@id":"https:\/\/awtaproducttesting.com.au\/services\/by-industry\/safety-testing\/button-battery-testing\/#primaryimage","url":"https:\/\/awtaproducttesting.com.au\/app\/uploads\/2025\/10\/Picture-2.jpg","contentUrl":"https:\/\/awtaproducttesting.com.au\/app\/uploads\/2025\/10\/Picture-2.jpg"},{"@type":"BreadcrumbList","@id":"https:\/\/awtaproducttesting.com.au\/services\/by-industry\/safety-testing\/button-battery-testing\/#breadcrumb","itemListElement":[{"@type":"ListItem","position":1,"name":"Home","item":"https:\/\/awtaproducttesting.com.au\/"},{"@type":"ListItem","position":2,"name":"Services","item":"https:\/\/awtaproducttesting.com.au\/services\/"},{"@type":"ListItem","position":3,"name":"By Industry","item":"https:\/\/awtaproducttesting.com.au\/services\/by-industry\/"},{"@type":"ListItem","position":4,"name":"Safety Testing","item":"https:\/\/awtaproducttesting.com.au\/services\/by-industry\/safety-testing\/"},{"@type":"ListItem","position":5,"name":"Button\/Coin Battery Testing"}]},{"@type":"WebSite","@id":"https:\/\/awtaproducttesting.com.au\/#website","url":"https:\/\/awtaproducttesting.com.au\/","name":"Test di prodotto AWTA","description":"","publisher":{"@id":"https:\/\/awtaproducttesting.com.au\/#organization"},"potentialAction":[{"@type":"SearchAction","target":{"@type":"EntryPoint","urlTemplate":"https:\/\/awtaproducttesting.com.au\/?s={search_term_string}"},"query-input":{"@type":"PropertyValueSpecification","valueRequired":true,"valueName":"search_term_string"}}],"inLanguage":"it-IT"},{"@type":"Organization","@id":"https:\/\/awtaproducttesting.com.au\/#organization","name":"Test di prodotto AWTA","url":"https:\/\/awtaproducttesting.com.au\/","logo":{"@type":"ImageObject","inLanguage":"it-IT","@id":"https:\/\/awtaproducttesting.com.au\/#\/schema\/logo\/image\/","url":"https:\/\/awtaproducttesting.com.au\/app\/uploads\/2025\/08\/PT-News-Banner-scaled.jpg","contentUrl":"https:\/\/awtaproducttesting.com.au\/app\/uploads\/2025\/08\/PT-News-Banner-scaled.jpg","width":2560,"height":1580,"caption":"AWTA Product Testing"},"image":{"@id":"https:\/\/awtaproducttesting.com.au\/#\/schema\/logo\/image\/"}}]}},"_links":{"self":[{"href":"https:\/\/awtaproducttesting.com.au\/it\/wp-json\/wp\/v2\/pages\/1006","targetHints":{"allow":["GET"]}}],"collection":[{"href":"https:\/\/awtaproducttesting.com.au\/it\/wp-json\/wp\/v2\/pages"}],"about":[{"href":"https:\/\/awtaproducttesting.com.au\/it\/wp-json\/wp\/v2\/types\/page"}],"author":[{"embeddable":true,"href":"https:\/\/awtaproducttesting.com.au\/it\/wp-json\/wp\/v2\/users\/1"}],"replies":[{"embeddable":true,"href":"https:\/\/awtaproducttesting.com.au\/it\/wp-json\/wp\/v2\/comments?post=1006"}],"version-history":[{"count":27,"href":"https:\/\/awtaproducttesting.com.au\/it\/wp-json\/wp\/v2\/pages\/1006\/revisions"}],"predecessor-version":[{"id":3252,"href":"https:\/\/awtaproducttesting.com.au\/it\/wp-json\/wp\/v2\/pages\/1006\/revisions\/3252"}],"up":[{"embeddable":true,"href":"https:\/\/awtaproducttesting.com.au\/it\/wp-json\/wp\/v2\/pages\/635"}],"wp:attachment":[{"href":"https:\/\/awtaproducttesting.com.au\/it\/wp-json\/wp\/v2\/media?parent=1006"}],"curies":[{"name":"wp","href":"https:\/\/api.w.org\/{rel}","templated":true}]}}