{"id":37,"date":"2025-07-04T03:07:56","date_gmt":"2025-07-04T03:07:56","guid":{"rendered":"https:\/\/awtaproducttesting.swim.net.au\/?page_id=37"},"modified":"2025-12-04T02:03:26","modified_gmt":"2025-12-04T02:03:26","slug":"about","status":"publish","type":"page","link":"https:\/\/awtaproducttesting.com.au\/it\/about\/","title":{"rendered":"Circa"},"content":{"rendered":"<div class=\"wp-block-group is-style-boxed is-layout-constrained wp-block-group-is-layout-constrained\">\n<div class=\"wp-block-columns is-layout-flex wp-container-core-columns-is-layout-9d6595d7 wp-block-columns-is-layout-flex\">\n<div class=\"wp-block-column is-vertically-aligned-center is-layout-flow wp-block-column-is-layout-flow\">\n<h2 class=\"wp-block-heading\">Servizi di test accreditati per l'industria<\/h2>\n\n\n\n<p>AWTA Product Testing offre servizi di analisi completi e accreditati a un'ampia gamma di industrie nei mercati australiani e internazionali. Il laboratorio \u00e8 specializzato in infiammabilit\u00e0, conducibilit\u00e0 termica, spettrofotometria, prestazioni retroriflettenti e invecchiamento accelerato. Testiamo e valutiamo una vasta gamma di prodotti, tra cui fibre e filati, tessuti e abbigliamento, indumenti di sicurezza e materiali sanitari, materie plastiche e laminati, condotti e isolamenti, tappeti e pavimenti, componenti per l'aftermarket automobilistico e aeronautico.<br><\/p>\n<\/div>\n\n\n\n<div class=\"wp-block-column is-vertically-aligned-center is-layout-flow wp-block-column-is-layout-flow\">\n<iframe loading=\"lazy\" title=\"lettore vimeo\" src=\"https:\/\/player.vimeo.com\/video\/186362775?h=0cb7944ffa&#038;title=0&#038;byline=0&#038;portrait=0\" width=\"100%\" height=\"360\" frameborder=\"0\" referrerpolicy=\"strict-origin-when-cross-origin\" allow=\"autoplay; fullscreen; picture-in-picture; clipboard-write; encrypted-media; web-share\"   allowfullscreen><\/iframe>\n<\/div>\n<\/div>\n<\/div>\n\n\n\n<div class=\"wp-block-group is-style-boxed is-layout-constrained wp-block-group-is-layout-constrained\">\n<div class=\"wp-block-columns is-layout-flex wp-container-core-columns-is-layout-9d6595d7 wp-block-columns-is-layout-flex\">\n<div class=\"wp-block-column is-vertically-aligned-top is-layout-flow wp-block-column-is-layout-flow\">\n<figure class=\"wp-block-image size-full\"><img loading=\"lazy\" decoding=\"async\" width=\"236\" height=\"290\" src=\"https:\/\/awtaproducttesting.com.au\/app\/uploads\/2025\/11\/AS-1530.1.jpg\" alt=\"\" class=\"wp-image-2965\" srcset=\"https:\/\/awtaproducttesting.com.au\/app\/uploads\/2025\/11\/AS-1530.1.jpg 236w, https:\/\/awtaproducttesting.com.au\/app\/uploads\/2025\/11\/AS-1530.1-10x12.jpg 10w\" sizes=\"auto, (max-width: 236px) 100vw, 236px\" \/><\/figure>\n<\/div>\n\n\n\n<div class=\"wp-block-column is-vertically-aligned-center is-layout-flow wp-block-column-is-layout-flow\">\n<h2 class=\"wp-block-heading\">Il vostro partner di fiducia per i test sui prodotti<\/h2>\n\n\n\n<p>AWTA Product Testing \u00e8 una struttura indipendente e accreditata per le prove sui materiali, al servizio di dipartimenti governativi, settori industriali e del pubblico in generale. Dotata di una vasta gamma di apparecchiature di prova specializzate e gestita da tecnici altamente qualificati, fornisce servizi di valutazione dei materiali affidabili e accurati.<\/p>\n\n\n\n<p>I test possono essere condotti a fronte di un'ampia gamma di standard australiani e internazionali specifici del settore, per garantire che i vostri prodotti soddisfino i pi\u00f9 alti livelli di conformit\u00e0 e prestazioni.<\/p>\n\n\n\n<p>Il nostro accreditamento NATA comprende cinque categorie chiave di test:<\/p>\n\n\n\n<ul class=\"wp-block-list\">\n<li>Retroflessione<\/li>\n\n\n\n<li>Infiammabilit\u00e0<\/li>\n\n\n\n<li>Chimica<\/li>\n\n\n\n<li>Termico<\/li>\n\n\n\n<li>Meccanico<\/li>\n<\/ul>\n\n\n\n<p>Queste aree principali comprendono 34 aree secondarie di competenza, che ci consentono di offrire soluzioni di prova complete e versatili per diversi materiali e applicazioni.<\/p>\n\n\n\n<p>Con decenni di esperienza nel settore e un impegno costante per la qualit\u00e0, AWTA Product Testing supporta la conformit\u00e0, promuove l'innovazione e migliora le prestazioni dei prodotti in un'ampia gamma di settori.<\/p>\n<\/div>\n<\/div>\n<\/div>\n\n\n\n<p><\/p>","protected":false},"excerpt":{"rendered":"<p>Accredited Testing Services for Industry AWTA Product Testing offers comprehensive, accredited testing services to a wide range of industries within Australasian and I\u2026<\/p>","protected":false},"author":1,"featured_media":0,"parent":0,"menu_order":0,"comment_status":"closed","ping_status":"closed","template":"","meta":{"_acf_changed":false,"footnotes":""},"class_list":["post-37","page","type-page","status-publish","hentry"],"acf":[],"yoast_head":"<!-- This site is optimized with the Yoast SEO plugin v27.0 - https:\/\/yoast.com\/product\/yoast-seo-wordpress\/ -->\n<title>About - AWTA Product Testing<\/title>\n<meta name=\"robots\" content=\"index, follow, max-snippet:-1, max-image-preview:large, max-video-preview:-1\" \/>\n<link rel=\"canonical\" href=\"https:\/\/awtaproducttesting.com.au\/it\/about\/\" \/>\n<meta property=\"og:locale\" content=\"it_IT\" \/>\n<meta property=\"og:type\" content=\"article\" \/>\n<meta property=\"og:title\" content=\"About - AWTA Product Testing\" \/>\n<meta property=\"og:description\" content=\"Accredited Testing Services for Industry AWTA Product Testing offers comprehensive, accredited testing services to a wide range of industries within Australasian and I\u2026\" \/>\n<meta property=\"og:url\" content=\"https:\/\/awtaproducttesting.com.au\/it\/about\/\" \/>\n<meta property=\"og:site_name\" content=\"AWTA Product Testing\" \/>\n<meta property=\"article:modified_time\" content=\"2025-12-04T02:03:26+00:00\" \/>\n<meta property=\"og:image\" content=\"https:\/\/awtaproducttesting.com.au\/app\/uploads\/2025\/11\/AS-1530.1.jpg\" \/>\n\t<meta property=\"og:image:width\" content=\"236\" \/>\n\t<meta property=\"og:image:height\" content=\"290\" \/>\n\t<meta property=\"og:image:type\" content=\"image\/jpeg\" \/>\n<meta name=\"twitter:card\" content=\"summary_large_image\" \/>\n<meta name=\"twitter:label1\" content=\"Est. reading time\" \/>\n\t<meta name=\"twitter:data1\" content=\"1 minute\" \/>\n<script type=\"application\/ld+json\" class=\"yoast-schema-graph\">{\"@context\":\"https:\/\/schema.org\",\"@graph\":[{\"@type\":\"WebPage\",\"@id\":\"https:\/\/awtaproducttesting.com.au\/about\/\",\"url\":\"https:\/\/awtaproducttesting.com.au\/about\/\",\"name\":\"About - AWTA Product Testing\",\"isPartOf\":{\"@id\":\"https:\/\/awtaproducttesting.com.au\/#website\"},\"primaryImageOfPage\":{\"@id\":\"https:\/\/awtaproducttesting.com.au\/about\/#primaryimage\"},\"image\":{\"@id\":\"https:\/\/awtaproducttesting.com.au\/about\/#primaryimage\"},\"thumbnailUrl\":\"https:\/\/awtaproducttesting.com.au\/app\/uploads\/2025\/11\/AS-1530.1.jpg\",\"datePublished\":\"2025-07-04T03:07:56+00:00\",\"dateModified\":\"2025-12-04T02:03:26+00:00\",\"breadcrumb\":{\"@id\":\"https:\/\/awtaproducttesting.com.au\/about\/#breadcrumb\"},\"inLanguage\":\"it-IT\",\"potentialAction\":[{\"@type\":\"ReadAction\",\"target\":[\"https:\/\/awtaproducttesting.com.au\/about\/\"]}]},{\"@type\":\"ImageObject\",\"inLanguage\":\"it-IT\",\"@id\":\"https:\/\/awtaproducttesting.com.au\/about\/#primaryimage\",\"url\":\"https:\/\/awtaproducttesting.com.au\/app\/uploads\/2025\/11\/AS-1530.1.jpg\",\"contentUrl\":\"https:\/\/awtaproducttesting.com.au\/app\/uploads\/2025\/11\/AS-1530.1.jpg\"},{\"@type\":\"BreadcrumbList\",\"@id\":\"https:\/\/awtaproducttesting.com.au\/about\/#breadcrumb\",\"itemListElement\":[{\"@type\":\"ListItem\",\"position\":1,\"name\":\"Home\",\"item\":\"https:\/\/awtaproducttesting.com.au\/\"},{\"@type\":\"ListItem\",\"position\":2,\"name\":\"About\"}]},{\"@type\":\"WebSite\",\"@id\":\"https:\/\/awtaproducttesting.com.au\/#website\",\"url\":\"https:\/\/awtaproducttesting.com.au\/\",\"name\":\"AWTA Product Testing\",\"description\":\"\",\"publisher\":{\"@id\":\"https:\/\/awtaproducttesting.com.au\/#organization\"},\"potentialAction\":[{\"@type\":\"SearchAction\",\"target\":{\"@type\":\"EntryPoint\",\"urlTemplate\":\"https:\/\/awtaproducttesting.com.au\/?s={search_term_string}\"},\"query-input\":{\"@type\":\"PropertyValueSpecification\",\"valueRequired\":true,\"valueName\":\"search_term_string\"}}],\"inLanguage\":\"it-IT\"},{\"@type\":\"Organization\",\"@id\":\"https:\/\/awtaproducttesting.com.au\/#organization\",\"name\":\"AWTA Product Testing\",\"url\":\"https:\/\/awtaproducttesting.com.au\/\",\"logo\":{\"@type\":\"ImageObject\",\"inLanguage\":\"it-IT\",\"@id\":\"https:\/\/awtaproducttesting.com.au\/#\/schema\/logo\/image\/\",\"url\":\"https:\/\/awtaproducttesting.com.au\/app\/uploads\/2025\/08\/PT-News-Banner-scaled.jpg\",\"contentUrl\":\"https:\/\/awtaproducttesting.com.au\/app\/uploads\/2025\/08\/PT-News-Banner-scaled.jpg\",\"width\":2560,\"height\":1580,\"caption\":\"AWTA Product Testing\"},\"image\":{\"@id\":\"https:\/\/awtaproducttesting.com.au\/#\/schema\/logo\/image\/\"}}]}<\/script>\n<!-- \/ Yoast SEO plugin. -->","yoast_head_json":{"title":"About - AWTA Product Testing","robots":{"index":"index","follow":"follow","max-snippet":"max-snippet:-1","max-image-preview":"max-image-preview:large","max-video-preview":"max-video-preview:-1"},"canonical":"https:\/\/awtaproducttesting.com.au\/it\/about\/","og_locale":"it_IT","og_type":"article","og_title":"About - AWTA Product Testing","og_description":"Accredited Testing Services for Industry AWTA Product Testing offers comprehensive, accredited testing services to a wide range of industries within Australasian and I\u2026","og_url":"https:\/\/awtaproducttesting.com.au\/it\/about\/","og_site_name":"AWTA Product Testing","article_modified_time":"2025-12-04T02:03:26+00:00","og_image":[{"width":236,"height":290,"url":"https:\/\/awtaproducttesting.com.au\/app\/uploads\/2025\/11\/AS-1530.1.jpg","type":"image\/jpeg"}],"twitter_card":"summary_large_image","twitter_misc":{"Est. reading time":"1 minute"},"schema":{"@context":"https:\/\/schema.org","@graph":[{"@type":"WebPage","@id":"https:\/\/awtaproducttesting.com.au\/about\/","url":"https:\/\/awtaproducttesting.com.au\/about\/","name":"About - AWTA Product Testing","isPartOf":{"@id":"https:\/\/awtaproducttesting.com.au\/#website"},"primaryImageOfPage":{"@id":"https:\/\/awtaproducttesting.com.au\/about\/#primaryimage"},"image":{"@id":"https:\/\/awtaproducttesting.com.au\/about\/#primaryimage"},"thumbnailUrl":"https:\/\/awtaproducttesting.com.au\/app\/uploads\/2025\/11\/AS-1530.1.jpg","datePublished":"2025-07-04T03:07:56+00:00","dateModified":"2025-12-04T02:03:26+00:00","breadcrumb":{"@id":"https:\/\/awtaproducttesting.com.au\/about\/#breadcrumb"},"inLanguage":"it-IT","potentialAction":[{"@type":"ReadAction","target":["https:\/\/awtaproducttesting.com.au\/about\/"]}]},{"@type":"ImageObject","inLanguage":"it-IT","@id":"https:\/\/awtaproducttesting.com.au\/about\/#primaryimage","url":"https:\/\/awtaproducttesting.com.au\/app\/uploads\/2025\/11\/AS-1530.1.jpg","contentUrl":"https:\/\/awtaproducttesting.com.au\/app\/uploads\/2025\/11\/AS-1530.1.jpg"},{"@type":"BreadcrumbList","@id":"https:\/\/awtaproducttesting.com.au\/about\/#breadcrumb","itemListElement":[{"@type":"ListItem","position":1,"name":"Home","item":"https:\/\/awtaproducttesting.com.au\/"},{"@type":"ListItem","position":2,"name":"About"}]},{"@type":"WebSite","@id":"https:\/\/awtaproducttesting.com.au\/#website","url":"https:\/\/awtaproducttesting.com.au\/","name":"Test di prodotto AWTA","description":"","publisher":{"@id":"https:\/\/awtaproducttesting.com.au\/#organization"},"potentialAction":[{"@type":"SearchAction","target":{"@type":"EntryPoint","urlTemplate":"https:\/\/awtaproducttesting.com.au\/?s={search_term_string}"},"query-input":{"@type":"PropertyValueSpecification","valueRequired":true,"valueName":"search_term_string"}}],"inLanguage":"it-IT"},{"@type":"Organization","@id":"https:\/\/awtaproducttesting.com.au\/#organization","name":"Test di prodotto AWTA","url":"https:\/\/awtaproducttesting.com.au\/","logo":{"@type":"ImageObject","inLanguage":"it-IT","@id":"https:\/\/awtaproducttesting.com.au\/#\/schema\/logo\/image\/","url":"https:\/\/awtaproducttesting.com.au\/app\/uploads\/2025\/08\/PT-News-Banner-scaled.jpg","contentUrl":"https:\/\/awtaproducttesting.com.au\/app\/uploads\/2025\/08\/PT-News-Banner-scaled.jpg","width":2560,"height":1580,"caption":"AWTA Product Testing"},"image":{"@id":"https:\/\/awtaproducttesting.com.au\/#\/schema\/logo\/image\/"}}]}},"_links":{"self":[{"href":"https:\/\/awtaproducttesting.com.au\/it\/wp-json\/wp\/v2\/pages\/37","targetHints":{"allow":["GET"]}}],"collection":[{"href":"https:\/\/awtaproducttesting.com.au\/it\/wp-json\/wp\/v2\/pages"}],"about":[{"href":"https:\/\/awtaproducttesting.com.au\/it\/wp-json\/wp\/v2\/types\/page"}],"author":[{"embeddable":true,"href":"https:\/\/awtaproducttesting.com.au\/it\/wp-json\/wp\/v2\/users\/1"}],"replies":[{"embeddable":true,"href":"https:\/\/awtaproducttesting.com.au\/it\/wp-json\/wp\/v2\/comments?post=37"}],"version-history":[{"count":73,"href":"https:\/\/awtaproducttesting.com.au\/it\/wp-json\/wp\/v2\/pages\/37\/revisions"}],"predecessor-version":[{"id":3371,"href":"https:\/\/awtaproducttesting.com.au\/it\/wp-json\/wp\/v2\/pages\/37\/revisions\/3371"}],"wp:attachment":[{"href":"https:\/\/awtaproducttesting.com.au\/it\/wp-json\/wp\/v2\/media?parent=37"}],"curies":[{"name":"wp","href":"https:\/\/api.w.org\/{rel}","templated":true}]}}