{"id":937,"date":"2025-08-26T03:59:54","date_gmt":"2025-08-26T03:59:54","guid":{"rendered":"https:\/\/awtaproducttesting.swim.net.au\/?page_id=937"},"modified":"2025-12-04T02:07:15","modified_gmt":"2025-12-04T02:07:15","slug":"textiles-and-apparel","status":"publish","type":"page","link":"https:\/\/awtaproducttesting.com.au\/it\/services\/by-industry\/textiles-and-apparel\/","title":{"rendered":"Tessili e abbigliamento"},"content":{"rendered":"<div class=\"wp-block-group is-style-boxed is-layout-constrained wp-block-group-is-layout-constrained\">\n<div class=\"wp-block-columns is-layout-flex wp-container-core-columns-is-layout-9d6595d7 wp-block-columns-is-layout-flex\">\n<div class=\"wp-block-column is-vertically-aligned-center is-layout-constrained wp-block-column-is-layout-constrained\">\n<h2 class=\"wp-block-heading\">Tessile <\/h2>\n\n\n\n<p><\/p>\n\n\n\n<p>AWTA Product Testing provides industry-leading testing services for textile products, ensuring fast, accurate, and reliable results.<\/p>\n\n\n\n<p>Conduciamo una gamma completa di test fisici, chimici, ottici e di infiammabilit\u00e0, tutti eseguiti in conformit\u00e0 agli standard nazionali e internazionali. I nostri test supportano la conformit\u00e0, la convalida delle prestazioni e la garanzia di qualit\u00e0 in un'ampia gamma di applicazioni tessili.<\/p>\n\n\n\n<p>Our services cover:<\/p>\n\n\n\n<ul class=\"wp-block-list\">\n<li>Safety and performance apparel<\/li>\n\n\n\n<li>Homeware and furnishings<\/li>\n\n\n\n<li>Technical and industrial textiles<\/li>\n<\/ul>\n<\/div>\n\n\n\n<div class=\"wp-block-column is-layout-flow wp-block-column-is-layout-flow\">\n<figure class=\"wp-block-image size-full\"><img loading=\"lazy\" decoding=\"async\" width=\"1253\" height=\"836\" src=\"https:\/\/awtaproducttesting.com.au\/app\/uploads\/2025\/11\/Textile-Jeans.jpg\" alt=\"\" class=\"wp-image-3003\" srcset=\"https:\/\/awtaproducttesting.com.au\/app\/uploads\/2025\/11\/Textile-Jeans.jpg 1253w, https:\/\/awtaproducttesting.com.au\/app\/uploads\/2025\/11\/Textile-Jeans-300x200.jpg 300w, https:\/\/awtaproducttesting.com.au\/app\/uploads\/2025\/11\/Textile-Jeans-1024x683.jpg 1024w, https:\/\/awtaproducttesting.com.au\/app\/uploads\/2025\/11\/Textile-Jeans-768x512.jpg 768w, https:\/\/awtaproducttesting.com.au\/app\/uploads\/2025\/11\/Textile-Jeans-18x12.jpg 18w\" sizes=\"auto, (max-width: 1253px) 100vw, 1253px\" \/><\/figure>\n<\/div>\n<\/div>\n<\/div>\n\n\n\n<div class=\"wp-block-group is-style-boxed is-layout-constrained wp-block-group-is-layout-constrained\">\n<div class=\"wp-block-columns is-layout-flex wp-container-core-columns-is-layout-9d6595d7 wp-block-columns-is-layout-flex\">\n<div class=\"wp-block-column is-layout-flow wp-block-column-is-layout-flow\">\n<figure class=\"wp-block-image size-full\"><img loading=\"lazy\" decoding=\"async\" width=\"2560\" height=\"1707\" src=\"https:\/\/awtaproducttesting.com.au\/app\/uploads\/2025\/11\/TA-2nd-Image-scaled.jpg\" alt=\"\" class=\"wp-image-3048\" srcset=\"https:\/\/awtaproducttesting.com.au\/app\/uploads\/2025\/11\/TA-2nd-Image-scaled.jpg 2560w, https:\/\/awtaproducttesting.com.au\/app\/uploads\/2025\/11\/TA-2nd-Image-300x200.jpg 300w, https:\/\/awtaproducttesting.com.au\/app\/uploads\/2025\/11\/TA-2nd-Image-1024x683.jpg 1024w, https:\/\/awtaproducttesting.com.au\/app\/uploads\/2025\/11\/TA-2nd-Image-768x512.jpg 768w, https:\/\/awtaproducttesting.com.au\/app\/uploads\/2025\/11\/TA-2nd-Image-1536x1024.jpg 1536w, https:\/\/awtaproducttesting.com.au\/app\/uploads\/2025\/11\/TA-2nd-Image-2048x1365.jpg 2048w, https:\/\/awtaproducttesting.com.au\/app\/uploads\/2025\/11\/TA-2nd-Image-18x12.jpg 18w\" sizes=\"auto, (max-width: 2560px) 100vw, 2560px\" \/><\/figure>\n<\/div>\n\n\n\n<div class=\"wp-block-column is-vertically-aligned-center is-layout-constrained wp-block-column-is-layout-constrained\">\n<p>Whether you&#8217;re developing new products or maintaining quality control, AWTA delivers the trusted expertise and rapid turnaround times your business needs.<\/p>\n\n\n\n<p>AWTA Product Testing offers a broad range of testing services and technical expertise to the apparel, floor covering and technical textile disciplines including:<\/p>\n\n\n\n<ul class=\"wp-block-list\">\n<li>Children\u2019s garments<\/li>\n\n\n\n<li>Abbigliamento<\/li>\n\n\n\n<li>Safety workwear<\/li>\n\n\n\n<li>Hospital and Healthcare products<\/li>\n\n\n\n<li>Interior furnishings<\/li>\n\n\n\n<li>Outdoor textiles<\/li>\n\n\n\n<li>Technical textiles<\/li>\n<\/ul>\n<\/div>\n<\/div>\n<\/div>\n\n\n\n<div class=\"wp-block-group is-style-boxed is-layout-constrained wp-block-group-is-layout-constrained\">\n<div class=\"wp-block-columns is-layout-flex wp-container-core-columns-is-layout-9d6595d7 wp-block-columns-is-layout-flex\">\n<div class=\"wp-block-column is-vertically-aligned-center is-layout-constrained wp-block-column-is-layout-constrained\">\n<h2 class=\"wp-block-heading\">Abbigliamento<\/h2>\n\n\n\n<p><\/p>\n\n\n\n<p>La domanda di qualit\u00e0 da parte dei consumatori \u00e8 ai massimi livelli in tutti gli aspetti della vendita al dettaglio, e l'abbigliamento di moda non fa eccezione. Dimostrare che i vostri capi sono realizzati con tessuti di qualit\u00e0, resistenti e facili da curare pu\u00f2 essere un importante strumento di marketing. L'AWTA fornisce servizi completi di analisi per l'abbigliamento, garantendo test accurati, rapidi e di qualit\u00e0.<\/p>\n\n\n\n<p> Testing offered covers a broad range of physical, chemical, optical and flammability procedures, including performance evaluations and assessments to national and international standards. AWTA also offers testing for functional and performance wear, focusing on aspects such as wearer comfort, protection, and healthcare compliance.<\/p>\n<\/div>\n\n\n\n<div class=\"wp-block-column is-layout-flow wp-block-column-is-layout-flow\">\n<figure class=\"wp-block-image size-full is-style-default\"><img loading=\"lazy\" decoding=\"async\" width=\"1185\" height=\"1190\" src=\"https:\/\/awtaproducttesting.com.au\/app\/uploads\/2025\/10\/textiles-hanger.jpg\" alt=\"\" class=\"wp-image-2054\" style=\"aspect-ratio:1\" srcset=\"https:\/\/awtaproducttesting.com.au\/app\/uploads\/2025\/10\/textiles-hanger.jpg 1185w, https:\/\/awtaproducttesting.com.au\/app\/uploads\/2025\/10\/textiles-hanger-300x300.jpg 300w, https:\/\/awtaproducttesting.com.au\/app\/uploads\/2025\/10\/textiles-hanger-1020x1024.jpg 1020w, https:\/\/awtaproducttesting.com.au\/app\/uploads\/2025\/10\/textiles-hanger-150x150.jpg 150w, https:\/\/awtaproducttesting.com.au\/app\/uploads\/2025\/10\/textiles-hanger-768x771.jpg 768w, https:\/\/awtaproducttesting.com.au\/app\/uploads\/2025\/10\/textiles-hanger-12x12.jpg 12w\" sizes=\"auto, (max-width: 1185px) 100vw, 1185px\" \/><\/figure>\n<\/div>\n<\/div>\n<\/div>\n\n\n\n<div class=\"wp-block-group is-style-carousel has-light-gray-background-color has-background is-layout-constrained wp-block-group-is-layout-constrained\">\n<p>AWTA Product Testing \u00e8 un'azienda australiana leader nei test di conformit\u00e0. <br>Possiamo assistervi per portare il vostro prodotto sul mercato in modo rapido, responsabile e <br>economico per far progredire costantemente la vostra attivit\u00e0.<\/p>\n\n\n\n<div class=\"carousel-slider-outer carousel-slider-outer-image-carousel carousel-slider-outer-2139\" style=\"--carousel-slider-nav-color:rgb(221,51,51);--carousel-slider-active-nav-color:rgb(221,113,113);--carousel-slider-arrow-size:48px;--carousel-slider-bullet-size:10px\">\n<div id=\"&#039;id-2139\" class=\"carousel-slider carousel-slider-2139 arrows-visibility-always dots-visibility-never arrows-outside dots-center dots-circle owl-carousel\" data-slide-type=\"image-carousel\" data-owl-settings='{\"nav\":true,\"dots\":false,\"slideBy\":1,\"stagePadding\":30,\"margin\":10,\"loop\":false,\"lazyLoad\":false,\"autoplay\":false,\"autoplayTimeout\":5000,\"autoplaySpeed\":500,\"autoplayHoverPause\":false,\"autoWidth\":true,\"responsive\":{\"300\":{\"items\":1},\"576\":{\"items\":2},\"768\":{\"items\":2},\"1024\":{\"items\":3},\"1280\":{\"items\":4},\"1536\":{\"items\":5}}}'>\n<div class=\"carousel-slider__item\">\n\t<a href=\"https:\/\/awtaproducttesting.com.au\/it\/services\/by-industry\/textiles-and-apparel\/childrens-garments\/\" target=\"_blank\"><img loading=\"lazy\" decoding=\"async\" width=\"300\" height=\"200\" src=\"https:\/\/awtaproducttesting.com.au\/app\/uploads\/2025\/10\/baby-PJs-300x200.jpg\" class=\"attachment-medium size-medium\" alt=\"\" srcset=\"https:\/\/awtaproducttesting.com.au\/app\/uploads\/2025\/10\/baby-PJs-300x200.jpg 300w, https:\/\/awtaproducttesting.com.au\/app\/uploads\/2025\/10\/baby-PJs-1024x683.jpg 1024w, https:\/\/awtaproducttesting.com.au\/app\/uploads\/2025\/10\/baby-PJs-768x512.jpg 768w, https:\/\/awtaproducttesting.com.au\/app\/uploads\/2025\/10\/baby-PJs-18x12.jpg 18w, https:\/\/awtaproducttesting.com.au\/app\/uploads\/2025\/10\/baby-PJs.jpg 1254w\" sizes=\"auto, (max-width: 300px) 100vw, 300px\" \/><div class=\"carousel-slider__caption\"><h4 class=\"title\">Children&#039;s Garments<\/h4><p class=\"caption\"><\/p><\/div><\/a><\/div>\n\n<div class=\"carousel-slider__item\">\n\t<a href=\"https:\/\/awtaproducttesting.com.au\/it\/services\/by-industry\/textiles-and-apparel\/apparel\/\" target=\"_blank\"><img loading=\"lazy\" decoding=\"async\" width=\"300\" height=\"168\" src=\"https:\/\/awtaproducttesting.com.au\/app\/uploads\/2025\/10\/corporatewear-300x168.jpg\" class=\"attachment-medium size-medium\" alt=\"\" srcset=\"https:\/\/awtaproducttesting.com.au\/app\/uploads\/2025\/10\/corporatewear-300x168.jpg 300w, https:\/\/awtaproducttesting.com.au\/app\/uploads\/2025\/10\/corporatewear-18x10.jpg 18w, https:\/\/awtaproducttesting.com.au\/app\/uploads\/2025\/10\/corporatewear.jpg 429w\" sizes=\"auto, (max-width: 300px) 100vw, 300px\" \/><div class=\"carousel-slider__caption\"><h4 class=\"title\">Abbigliamento<\/h4><p class=\"caption\"><\/p><\/div><\/a><\/div>\n\n<div class=\"carousel-slider__item\">\n\t<a href=\"https:\/\/awtaproducttesting.com.au\/it\/services\/by-industry\/textiles-and-apparel\/safety-workwear\/\" target=\"_blank\"><img loading=\"lazy\" decoding=\"async\" width=\"300\" height=\"200\" src=\"https:\/\/awtaproducttesting.com.au\/app\/uploads\/2025\/10\/Hi-Vis-Clothing-300x200.jpg\" class=\"attachment-medium size-medium\" alt=\"\" srcset=\"https:\/\/awtaproducttesting.com.au\/app\/uploads\/2025\/10\/Hi-Vis-Clothing-300x200.jpg 300w, https:\/\/awtaproducttesting.com.au\/app\/uploads\/2025\/10\/Hi-Vis-Clothing-1024x683.jpg 1024w, https:\/\/awtaproducttesting.com.au\/app\/uploads\/2025\/10\/Hi-Vis-Clothing-768x512.jpg 768w, https:\/\/awtaproducttesting.com.au\/app\/uploads\/2025\/10\/Hi-Vis-Clothing-18x12.jpg 18w, https:\/\/awtaproducttesting.com.au\/app\/uploads\/2025\/10\/Hi-Vis-Clothing.jpg 1253w\" sizes=\"auto, (max-width: 300px) 100vw, 300px\" \/><div class=\"carousel-slider__caption\"><h4 class=\"title\">Abbigliamento da lavoro di sicurezza<\/h4><p class=\"caption\"><\/p><\/div><\/a><\/div>\n\n<div class=\"carousel-slider__item\">\n\t<a href=\"https:\/\/awtaproducttesting.com.au\/it\/services\/by-industry\/textiles-and-apparel\/hospital-healthcare\/\" target=\"_blank\"><img loading=\"lazy\" decoding=\"async\" width=\"300\" height=\"200\" src=\"https:\/\/awtaproducttesting.com.au\/app\/uploads\/2025\/10\/AdobeStock_248779851-300x200.jpeg\" class=\"attachment-medium size-medium\" alt=\"\" srcset=\"https:\/\/awtaproducttesting.com.au\/app\/uploads\/2025\/10\/AdobeStock_248779851-300x200.jpeg 300w, https:\/\/awtaproducttesting.com.au\/app\/uploads\/2025\/10\/AdobeStock_248779851-1024x683.jpeg 1024w, https:\/\/awtaproducttesting.com.au\/app\/uploads\/2025\/10\/AdobeStock_248779851-768x512.jpeg 768w, https:\/\/awtaproducttesting.com.au\/app\/uploads\/2025\/10\/AdobeStock_248779851-1536x1024.jpeg 1536w, https:\/\/awtaproducttesting.com.au\/app\/uploads\/2025\/10\/AdobeStock_248779851-2048x1365.jpeg 2048w, https:\/\/awtaproducttesting.com.au\/app\/uploads\/2025\/10\/AdobeStock_248779851-18x12.jpeg 18w, https:\/\/awtaproducttesting.com.au\/app\/uploads\/2025\/10\/AdobeStock_248779851-scaled.jpeg 2560w\" sizes=\"auto, (max-width: 300px) 100vw, 300px\" \/><div class=\"carousel-slider__caption\"><h4 class=\"title\">Hospital and Healthcare<\/h4><p class=\"caption\"><\/p><\/div><\/a><\/div>\n\n<div class=\"carousel-slider__item\">\n\t<a href=\"https:\/\/awtaproducttesting.com.au\/it\/services\/by-industry\/textiles-and-apparel\/interior-furnishings\/\" target=\"_blank\"><img loading=\"lazy\" decoding=\"async\" width=\"300\" height=\"200\" src=\"https:\/\/awtaproducttesting.com.au\/app\/uploads\/2025\/09\/Beautiful-curtains-on-window-in-stylish-living-room-interior-300x200.jpg\" class=\"attachment-medium size-medium\" alt=\"\" srcset=\"https:\/\/awtaproducttesting.com.au\/app\/uploads\/2025\/09\/Beautiful-curtains-on-window-in-stylish-living-room-interior-300x200.jpg 300w, https:\/\/awtaproducttesting.com.au\/app\/uploads\/2025\/09\/Beautiful-curtains-on-window-in-stylish-living-room-interior-18x12.jpg 18w, https:\/\/awtaproducttesting.com.au\/app\/uploads\/2025\/09\/Beautiful-curtains-on-window-in-stylish-living-room-interior.jpg 540w\" sizes=\"auto, (max-width: 300px) 100vw, 300px\" \/><div class=\"carousel-slider__caption\"><h4 class=\"title\">Arredamento interno<\/h4><p class=\"caption\"><\/p><\/div><\/a><\/div>\n\n<div class=\"carousel-slider__item\">\n\t<a href=\"https:\/\/awtaproducttesting.com.au\/it\/services\/by-industry\/textiles-and-apparel\/outdoor-textiles\/\" target=\"_blank\"><img loading=\"lazy\" decoding=\"async\" width=\"300\" height=\"200\" src=\"https:\/\/awtaproducttesting.com.au\/app\/uploads\/2025\/10\/AdobeStock_194421188-300x200.jpeg\" class=\"attachment-medium size-medium\" alt=\"\" srcset=\"https:\/\/awtaproducttesting.com.au\/app\/uploads\/2025\/10\/AdobeStock_194421188-300x200.jpeg 300w, https:\/\/awtaproducttesting.com.au\/app\/uploads\/2025\/10\/AdobeStock_194421188-1024x683.jpeg 1024w, https:\/\/awtaproducttesting.com.au\/app\/uploads\/2025\/10\/AdobeStock_194421188-768x512.jpeg 768w, https:\/\/awtaproducttesting.com.au\/app\/uploads\/2025\/10\/AdobeStock_194421188-1536x1025.jpeg 1536w, https:\/\/awtaproducttesting.com.au\/app\/uploads\/2025\/10\/AdobeStock_194421188-2048x1366.jpeg 2048w, https:\/\/awtaproducttesting.com.au\/app\/uploads\/2025\/10\/AdobeStock_194421188-18x12.jpeg 18w, https:\/\/awtaproducttesting.com.au\/app\/uploads\/2025\/10\/AdobeStock_194421188-scaled.jpeg 2560w\" sizes=\"auto, (max-width: 300px) 100vw, 300px\" \/><div class=\"carousel-slider__caption\"><h4 class=\"title\">Tessili per esterni<\/h4><p class=\"caption\"><\/p><\/div><\/a><\/div>\n\n<div class=\"carousel-slider__item\">\n\t<a href=\"https:\/\/awtaproducttesting.com.au\/it\/services\/by-industry\/textiles-and-apparel\/technical-textiles\/\" target=\"_blank\"><img loading=\"lazy\" decoding=\"async\" width=\"300\" height=\"184\" src=\"https:\/\/awtaproducttesting.com.au\/app\/uploads\/2025\/11\/Bean-Bag-Red-Banner-300x184.jpg\" class=\"attachment-medium size-medium\" alt=\"\" srcset=\"https:\/\/awtaproducttesting.com.au\/app\/uploads\/2025\/11\/Bean-Bag-Red-Banner-300x184.jpg 300w, https:\/\/awtaproducttesting.com.au\/app\/uploads\/2025\/11\/Bean-Bag-Red-Banner-1024x627.jpg 1024w, https:\/\/awtaproducttesting.com.au\/app\/uploads\/2025\/11\/Bean-Bag-Red-Banner-768x470.jpg 768w, https:\/\/awtaproducttesting.com.au\/app\/uploads\/2025\/11\/Bean-Bag-Red-Banner-18x12.jpg 18w, https:\/\/awtaproducttesting.com.au\/app\/uploads\/2025\/11\/Bean-Bag-Red-Banner.jpg 1143w\" sizes=\"auto, (max-width: 300px) 100vw, 300px\" \/><div class=\"carousel-slider__caption\"><h4 class=\"title\">Tessili tecnici<\/h4><p class=\"caption\"><\/p><\/div><\/a><\/div>\n\n<\/div><!-- .carousel-slider-2139 -->\n<\/div><!-- .carousel-slider-outer-2139 -->\n\n<\/div>\n\n\n\n<div style=\"background-image:url(&apos;https:\/\/awtaproducttesting.com.au\/app\/uploads\/2025\/10\/soxhlet.jpg&apos;);background-size:cover;\" class=\"wp-block-group is-style-cta-banner is-layout-constrained wp-block-group-is-layout-constrained has-background\">\n<div class=\"wp-block-columns is-layout-flex wp-container-core-columns-is-layout-9d6595d7 wp-block-columns-is-layout-flex\">\n<div class=\"wp-block-column is-layout-flow wp-block-column-is-layout-flow\"><\/div>\n\n\n\n<div class=\"wp-block-column is-layout-flow wp-block-column-is-layout-flow\" style=\"flex-basis:689px\">\n<h2 class=\"wp-block-heading has-white-color has-text-color has-link-color wp-elements-5586e978f21db730a2e82c7bd8601a6b\">Siete pronti a ottenere i servizi di analisi dei prodotti specializzati di cui avete bisogno?<\/h2>\n\n\n\n<p class=\"has-white-color has-text-color has-link-color wp-elements-7f6be4cdc9fdca50e5aa459d5ef6791c\">Contattateci oggi stesso per iniziare.<\/p>\n\n\n\n<div class=\"wp-block-buttons is-layout-flex wp-block-buttons-is-layout-flex\">\n<div class=\"wp-block-button\"><a class=\"wp-block-button__link wp-element-button\" href=\"\/it\/contact\/\">Contatto<\/a><\/div>\n<\/div>\n<\/div>\n<\/div>\n<\/div>","protected":false},"excerpt":{"rendered":"<p>Textiles AWTA Product Testing provides industry-leading testing services for textile products, ensuring fast, accurate, and reliable results. We conduct a comprehensiv\u2026<\/p>","protected":false},"author":1,"featured_media":0,"parent":1042,"menu_order":0,"comment_status":"closed","ping_status":"closed","template":"","meta":{"_acf_changed":false,"footnotes":""},"class_list":["post-937","page","type-page","status-publish","hentry"],"acf":[],"yoast_head":"<!-- This site is optimized with the Yoast SEO plugin v27.0 - https:\/\/yoast.com\/product\/yoast-seo-wordpress\/ -->\n<title>Textiles &amp; Apparel - AWTA Product Testing<\/title>\n<meta name=\"robots\" content=\"index, follow, max-snippet:-1, max-image-preview:large, max-video-preview:-1\" \/>\n<link rel=\"canonical\" href=\"https:\/\/awtaproducttesting.com.au\/it\/services\/by-industry\/textiles-and-apparel\/\" \/>\n<meta property=\"og:locale\" content=\"it_IT\" \/>\n<meta property=\"og:type\" content=\"article\" \/>\n<meta property=\"og:title\" content=\"Textiles &amp; Apparel - AWTA Product Testing\" \/>\n<meta property=\"og:description\" content=\"Textiles AWTA Product Testing provides industry-leading testing services for textile products, ensuring fast, accurate, and reliable results. We conduct a comprehensiv\u2026\" \/>\n<meta property=\"og:url\" content=\"https:\/\/awtaproducttesting.com.au\/it\/services\/by-industry\/textiles-and-apparel\/\" \/>\n<meta property=\"og:site_name\" content=\"AWTA Product Testing\" \/>\n<meta property=\"article:modified_time\" content=\"2025-12-04T02:07:15+00:00\" \/>\n<meta property=\"og:image\" content=\"https:\/\/awtaproducttesting.com.au\/app\/uploads\/2025\/11\/Textile-Jeans.jpg\" \/>\n\t<meta property=\"og:image:width\" content=\"1253\" \/>\n\t<meta property=\"og:image:height\" content=\"836\" \/>\n\t<meta property=\"og:image:type\" content=\"image\/jpeg\" \/>\n<meta name=\"twitter:card\" content=\"summary_large_image\" \/>\n<meta name=\"twitter:label1\" content=\"Est. reading time\" \/>\n\t<meta name=\"twitter:data1\" content=\"1 minute\" \/>\n<script type=\"application\/ld+json\" class=\"yoast-schema-graph\">{\"@context\":\"https:\/\/schema.org\",\"@graph\":[{\"@type\":\"WebPage\",\"@id\":\"https:\/\/awtaproducttesting.com.au\/services\/by-industry\/textiles-and-apparel\/\",\"url\":\"https:\/\/awtaproducttesting.com.au\/services\/by-industry\/textiles-and-apparel\/\",\"name\":\"Textiles &amp; Apparel - AWTA Product Testing\",\"isPartOf\":{\"@id\":\"https:\/\/awtaproducttesting.com.au\/#website\"},\"primaryImageOfPage\":{\"@id\":\"https:\/\/awtaproducttesting.com.au\/services\/by-industry\/textiles-and-apparel\/#primaryimage\"},\"image\":{\"@id\":\"https:\/\/awtaproducttesting.com.au\/services\/by-industry\/textiles-and-apparel\/#primaryimage\"},\"thumbnailUrl\":\"https:\/\/awtaproducttesting.com.au\/app\/uploads\/2025\/11\/Textile-Jeans.jpg\",\"datePublished\":\"2025-08-26T03:59:54+00:00\",\"dateModified\":\"2025-12-04T02:07:15+00:00\",\"breadcrumb\":{\"@id\":\"https:\/\/awtaproducttesting.com.au\/services\/by-industry\/textiles-and-apparel\/#breadcrumb\"},\"inLanguage\":\"it-IT\",\"potentialAction\":[{\"@type\":\"ReadAction\",\"target\":[\"https:\/\/awtaproducttesting.com.au\/services\/by-industry\/textiles-and-apparel\/\"]}]},{\"@type\":\"ImageObject\",\"inLanguage\":\"it-IT\",\"@id\":\"https:\/\/awtaproducttesting.com.au\/services\/by-industry\/textiles-and-apparel\/#primaryimage\",\"url\":\"https:\/\/awtaproducttesting.com.au\/app\/uploads\/2025\/11\/Textile-Jeans.jpg\",\"contentUrl\":\"https:\/\/awtaproducttesting.com.au\/app\/uploads\/2025\/11\/Textile-Jeans.jpg\"},{\"@type\":\"BreadcrumbList\",\"@id\":\"https:\/\/awtaproducttesting.com.au\/services\/by-industry\/textiles-and-apparel\/#breadcrumb\",\"itemListElement\":[{\"@type\":\"ListItem\",\"position\":1,\"name\":\"Home\",\"item\":\"https:\/\/awtaproducttesting.com.au\/\"},{\"@type\":\"ListItem\",\"position\":2,\"name\":\"Services\",\"item\":\"https:\/\/awtaproducttesting.com.au\/services\/\"},{\"@type\":\"ListItem\",\"position\":3,\"name\":\"By Industry\",\"item\":\"https:\/\/awtaproducttesting.com.au\/services\/by-industry\/\"},{\"@type\":\"ListItem\",\"position\":4,\"name\":\"Textiles &amp; Apparel\"}]},{\"@type\":\"WebSite\",\"@id\":\"https:\/\/awtaproducttesting.com.au\/#website\",\"url\":\"https:\/\/awtaproducttesting.com.au\/\",\"name\":\"AWTA Product Testing\",\"description\":\"\",\"publisher\":{\"@id\":\"https:\/\/awtaproducttesting.com.au\/#organization\"},\"potentialAction\":[{\"@type\":\"SearchAction\",\"target\":{\"@type\":\"EntryPoint\",\"urlTemplate\":\"https:\/\/awtaproducttesting.com.au\/?s={search_term_string}\"},\"query-input\":{\"@type\":\"PropertyValueSpecification\",\"valueRequired\":true,\"valueName\":\"search_term_string\"}}],\"inLanguage\":\"it-IT\"},{\"@type\":\"Organization\",\"@id\":\"https:\/\/awtaproducttesting.com.au\/#organization\",\"name\":\"AWTA Product Testing\",\"url\":\"https:\/\/awtaproducttesting.com.au\/\",\"logo\":{\"@type\":\"ImageObject\",\"inLanguage\":\"it-IT\",\"@id\":\"https:\/\/awtaproducttesting.com.au\/#\/schema\/logo\/image\/\",\"url\":\"https:\/\/awtaproducttesting.com.au\/app\/uploads\/2025\/08\/PT-News-Banner-scaled.jpg\",\"contentUrl\":\"https:\/\/awtaproducttesting.com.au\/app\/uploads\/2025\/08\/PT-News-Banner-scaled.jpg\",\"width\":2560,\"height\":1580,\"caption\":\"AWTA Product Testing\"},\"image\":{\"@id\":\"https:\/\/awtaproducttesting.com.au\/#\/schema\/logo\/image\/\"}}]}<\/script>\n<!-- \/ Yoast SEO plugin. -->","yoast_head_json":{"title":"Textiles &amp; Apparel - AWTA Product Testing","robots":{"index":"index","follow":"follow","max-snippet":"max-snippet:-1","max-image-preview":"max-image-preview:large","max-video-preview":"max-video-preview:-1"},"canonical":"https:\/\/awtaproducttesting.com.au\/it\/services\/by-industry\/textiles-and-apparel\/","og_locale":"it_IT","og_type":"article","og_title":"Textiles &amp; Apparel - AWTA Product Testing","og_description":"Textiles AWTA Product Testing provides industry-leading testing services for textile products, ensuring fast, accurate, and reliable results. We conduct a comprehensiv\u2026","og_url":"https:\/\/awtaproducttesting.com.au\/it\/services\/by-industry\/textiles-and-apparel\/","og_site_name":"AWTA Product Testing","article_modified_time":"2025-12-04T02:07:15+00:00","og_image":[{"width":1253,"height":836,"url":"https:\/\/awtaproducttesting.com.au\/app\/uploads\/2025\/11\/Textile-Jeans.jpg","type":"image\/jpeg"}],"twitter_card":"summary_large_image","twitter_misc":{"Est. reading time":"1 minute"},"schema":{"@context":"https:\/\/schema.org","@graph":[{"@type":"WebPage","@id":"https:\/\/awtaproducttesting.com.au\/services\/by-industry\/textiles-and-apparel\/","url":"https:\/\/awtaproducttesting.com.au\/services\/by-industry\/textiles-and-apparel\/","name":"Textiles &amp; Apparel - AWTA Product Testing","isPartOf":{"@id":"https:\/\/awtaproducttesting.com.au\/#website"},"primaryImageOfPage":{"@id":"https:\/\/awtaproducttesting.com.au\/services\/by-industry\/textiles-and-apparel\/#primaryimage"},"image":{"@id":"https:\/\/awtaproducttesting.com.au\/services\/by-industry\/textiles-and-apparel\/#primaryimage"},"thumbnailUrl":"https:\/\/awtaproducttesting.com.au\/app\/uploads\/2025\/11\/Textile-Jeans.jpg","datePublished":"2025-08-26T03:59:54+00:00","dateModified":"2025-12-04T02:07:15+00:00","breadcrumb":{"@id":"https:\/\/awtaproducttesting.com.au\/services\/by-industry\/textiles-and-apparel\/#breadcrumb"},"inLanguage":"it-IT","potentialAction":[{"@type":"ReadAction","target":["https:\/\/awtaproducttesting.com.au\/services\/by-industry\/textiles-and-apparel\/"]}]},{"@type":"ImageObject","inLanguage":"it-IT","@id":"https:\/\/awtaproducttesting.com.au\/services\/by-industry\/textiles-and-apparel\/#primaryimage","url":"https:\/\/awtaproducttesting.com.au\/app\/uploads\/2025\/11\/Textile-Jeans.jpg","contentUrl":"https:\/\/awtaproducttesting.com.au\/app\/uploads\/2025\/11\/Textile-Jeans.jpg"},{"@type":"BreadcrumbList","@id":"https:\/\/awtaproducttesting.com.au\/services\/by-industry\/textiles-and-apparel\/#breadcrumb","itemListElement":[{"@type":"ListItem","position":1,"name":"Home","item":"https:\/\/awtaproducttesting.com.au\/"},{"@type":"ListItem","position":2,"name":"Services","item":"https:\/\/awtaproducttesting.com.au\/services\/"},{"@type":"ListItem","position":3,"name":"By Industry","item":"https:\/\/awtaproducttesting.com.au\/services\/by-industry\/"},{"@type":"ListItem","position":4,"name":"Textiles &amp; Apparel"}]},{"@type":"WebSite","@id":"https:\/\/awtaproducttesting.com.au\/#website","url":"https:\/\/awtaproducttesting.com.au\/","name":"Test di prodotto AWTA","description":"","publisher":{"@id":"https:\/\/awtaproducttesting.com.au\/#organization"},"potentialAction":[{"@type":"SearchAction","target":{"@type":"EntryPoint","urlTemplate":"https:\/\/awtaproducttesting.com.au\/?s={search_term_string}"},"query-input":{"@type":"PropertyValueSpecification","valueRequired":true,"valueName":"search_term_string"}}],"inLanguage":"it-IT"},{"@type":"Organization","@id":"https:\/\/awtaproducttesting.com.au\/#organization","name":"Test di prodotto AWTA","url":"https:\/\/awtaproducttesting.com.au\/","logo":{"@type":"ImageObject","inLanguage":"it-IT","@id":"https:\/\/awtaproducttesting.com.au\/#\/schema\/logo\/image\/","url":"https:\/\/awtaproducttesting.com.au\/app\/uploads\/2025\/08\/PT-News-Banner-scaled.jpg","contentUrl":"https:\/\/awtaproducttesting.com.au\/app\/uploads\/2025\/08\/PT-News-Banner-scaled.jpg","width":2560,"height":1580,"caption":"AWTA Product Testing"},"image":{"@id":"https:\/\/awtaproducttesting.com.au\/#\/schema\/logo\/image\/"}}]}},"_links":{"self":[{"href":"https:\/\/awtaproducttesting.com.au\/it\/wp-json\/wp\/v2\/pages\/937","targetHints":{"allow":["GET"]}}],"collection":[{"href":"https:\/\/awtaproducttesting.com.au\/it\/wp-json\/wp\/v2\/pages"}],"about":[{"href":"https:\/\/awtaproducttesting.com.au\/it\/wp-json\/wp\/v2\/types\/page"}],"author":[{"embeddable":true,"href":"https:\/\/awtaproducttesting.com.au\/it\/wp-json\/wp\/v2\/users\/1"}],"replies":[{"embeddable":true,"href":"https:\/\/awtaproducttesting.com.au\/it\/wp-json\/wp\/v2\/comments?post=937"}],"version-history":[{"count":46,"href":"https:\/\/awtaproducttesting.com.au\/it\/wp-json\/wp\/v2\/pages\/937\/revisions"}],"predecessor-version":[{"id":3376,"href":"https:\/\/awtaproducttesting.com.au\/it\/wp-json\/wp\/v2\/pages\/937\/revisions\/3376"}],"up":[{"embeddable":true,"href":"https:\/\/awtaproducttesting.com.au\/it\/wp-json\/wp\/v2\/pages\/1042"}],"wp:attachment":[{"href":"https:\/\/awtaproducttesting.com.au\/it\/wp-json\/wp\/v2\/media?parent=937"}],"curies":[{"name":"wp","href":"https:\/\/api.w.org\/{rel}","templated":true}]}}