{"id":949,"date":"2025-08-26T04:08:20","date_gmt":"2025-08-26T04:08:20","guid":{"rendered":"https:\/\/awtaproducttesting.swim.net.au\/?page_id=949"},"modified":"2025-12-03T04:54:09","modified_gmt":"2025-12-03T04:54:09","slug":"shade-structures","status":"publish","type":"page","link":"https:\/\/awtaproducttesting.com.au\/it\/services\/by-industry\/textiles-and-apparel\/outdoor-textiles\/shade-structures\/","title":{"rendered":"Strutture d'ombra"},"content":{"rendered":"<div class=\"wp-block-group is-style-boxed is-layout-constrained wp-block-group-is-layout-constrained\">\n<div class=\"wp-block-columns is-layout-flex wp-container-core-columns-is-layout-9d6595d7 wp-block-columns-is-layout-flex\">\n<div class=\"wp-block-column is-vertically-aligned-center is-layout-constrained wp-block-column-is-layout-constrained\">\n<p>Per misurare le prestazioni delle strutture ombreggianti tessili e valutare la loro capacit\u00e0 di sopravvivere a un ciclo di vita nelle condizioni australiane, la norma AS 4174:2018, Knitted and woven shade fabrics, fornisce una guida solida e collaudata grazie all'inclusione di un semplice metodo di test accelerato di resistenza agli agenti atmosferici per prevedere la probabile perdita di resistenza nel tempo, test di perforazione e resistenza agli UVE.<br><br>Quando \u00e8 richiesta la valutazione delle prestazioni di infiammabilit\u00e0, in genere si eseguono valutazioni secondo AS 1530.2 per ricavare un indice di infiammabilit\u00e0 e\/o ASNZS 1530.3 per l'accensione, la propagazione della fiamma, la misurazione del calore e del fumo.<\/p>\n<\/div>\n\n\n\n<div class=\"wp-block-column is-layout-flow wp-block-column-is-layout-flow\">\n<figure class=\"wp-block-image size-full\"><img loading=\"lazy\" decoding=\"async\" width=\"2560\" height=\"1708\" src=\"https:\/\/awtaproducttesting.com.au\/app\/uploads\/2025\/10\/AdobeStock_194421188-scaled.jpeg\" alt=\"\" class=\"wp-image-3319\" srcset=\"https:\/\/awtaproducttesting.com.au\/app\/uploads\/2025\/10\/AdobeStock_194421188-scaled.jpeg 2560w, https:\/\/awtaproducttesting.com.au\/app\/uploads\/2025\/10\/AdobeStock_194421188-300x200.jpeg 300w, https:\/\/awtaproducttesting.com.au\/app\/uploads\/2025\/10\/AdobeStock_194421188-1024x683.jpeg 1024w, https:\/\/awtaproducttesting.com.au\/app\/uploads\/2025\/10\/AdobeStock_194421188-768x512.jpeg 768w, https:\/\/awtaproducttesting.com.au\/app\/uploads\/2025\/10\/AdobeStock_194421188-1536x1025.jpeg 1536w, https:\/\/awtaproducttesting.com.au\/app\/uploads\/2025\/10\/AdobeStock_194421188-2048x1366.jpeg 2048w, https:\/\/awtaproducttesting.com.au\/app\/uploads\/2025\/10\/AdobeStock_194421188-18x12.jpeg 18w\" sizes=\"auto, (max-width: 2560px) 100vw, 2560px\" \/><\/figure>\n<\/div>\n<\/div>\n<\/div>\n\n\n\n<div style=\"background-image:url(&apos;https:\/\/awtaproducttesting.com.au\/app\/uploads\/2025\/10\/soxhlet.jpg&apos;);background-size:cover;\" class=\"wp-block-group is-style-cta-banner is-layout-constrained wp-block-group-is-layout-constrained has-background\">\n<div class=\"wp-block-columns is-layout-flex wp-container-core-columns-is-layout-9d6595d7 wp-block-columns-is-layout-flex\">\n<div class=\"wp-block-column is-layout-flow wp-block-column-is-layout-flow\"><\/div>\n\n\n\n<div class=\"wp-block-column is-layout-flow wp-block-column-is-layout-flow\" style=\"flex-basis:689px\">\n<h2 class=\"wp-block-heading has-white-color has-text-color has-link-color wp-elements-5586e978f21db730a2e82c7bd8601a6b\">Siete pronti a ottenere i servizi di analisi dei prodotti specializzati di cui avete bisogno?<\/h2>\n\n\n\n<p class=\"has-white-color has-text-color has-link-color wp-elements-7f6be4cdc9fdca50e5aa459d5ef6791c\">Contattateci oggi stesso per iniziare.<\/p>\n\n\n\n<div class=\"wp-block-buttons is-layout-flex wp-block-buttons-is-layout-flex\">\n<div class=\"wp-block-button\"><a class=\"wp-block-button__link wp-element-button\" href=\"\/it\/contact\/\">Contatto<\/a><\/div>\n<\/div>\n<\/div>\n<\/div>\n\n\n\n<p><\/p>\n<\/div>","protected":false},"excerpt":{"rendered":"<p>To measure the performance of textile shade structures and assess their ability to survive a life cycle in Australian conditions,&nbsp;AS 4174:2018, Knitted and woven\u2026<\/p>","protected":false},"author":1,"featured_media":0,"parent":2362,"menu_order":0,"comment_status":"closed","ping_status":"closed","template":"","meta":{"_acf_changed":false,"footnotes":""},"class_list":["post-949","page","type-page","status-publish","hentry"],"acf":[],"yoast_head":"<!-- This site is optimized with the Yoast SEO plugin v27.0 - https:\/\/yoast.com\/product\/yoast-seo-wordpress\/ -->\n<title>Shade Structures - AWTA Product Testing<\/title>\n<meta name=\"robots\" content=\"index, follow, max-snippet:-1, max-image-preview:large, max-video-preview:-1\" \/>\n<link rel=\"canonical\" href=\"https:\/\/awtaproducttesting.com.au\/it\/services\/by-industry\/textiles-and-apparel\/outdoor-textiles\/shade-structures\/\" \/>\n<meta property=\"og:locale\" content=\"it_IT\" \/>\n<meta property=\"og:type\" content=\"article\" \/>\n<meta property=\"og:title\" content=\"Shade Structures - AWTA Product Testing\" \/>\n<meta property=\"og:description\" content=\"To measure the performance of textile shade structures and assess their ability to survive a life cycle in Australian conditions,&nbsp;AS 4174:2018, Knitted and woven\u2026\" \/>\n<meta property=\"og:url\" content=\"https:\/\/awtaproducttesting.com.au\/it\/services\/by-industry\/textiles-and-apparel\/outdoor-textiles\/shade-structures\/\" \/>\n<meta property=\"og:site_name\" content=\"AWTA Product Testing\" \/>\n<meta property=\"article:modified_time\" content=\"2025-12-03T04:54:09+00:00\" \/>\n<meta property=\"og:image\" content=\"https:\/\/awtaproducttesting.com.au\/app\/uploads\/2025\/10\/AdobeStock_194421188-scaled.jpeg\" \/>\n\t<meta property=\"og:image:width\" content=\"2560\" \/>\n\t<meta property=\"og:image:height\" content=\"1708\" \/>\n\t<meta property=\"og:image:type\" content=\"image\/jpeg\" \/>\n<meta name=\"twitter:card\" content=\"summary_large_image\" \/>\n<meta name=\"twitter:label1\" content=\"Est. reading time\" \/>\n\t<meta name=\"twitter:data1\" content=\"1 minute\" \/>\n<script type=\"application\/ld+json\" class=\"yoast-schema-graph\">{\"@context\":\"https:\/\/schema.org\",\"@graph\":[{\"@type\":\"WebPage\",\"@id\":\"https:\/\/awtaproducttesting.com.au\/services\/by-industry\/textiles-and-apparel\/outdoor-textiles\/shade-structures\/\",\"url\":\"https:\/\/awtaproducttesting.com.au\/services\/by-industry\/textiles-and-apparel\/outdoor-textiles\/shade-structures\/\",\"name\":\"Shade Structures - AWTA Product Testing\",\"isPartOf\":{\"@id\":\"https:\/\/awtaproducttesting.com.au\/#website\"},\"primaryImageOfPage\":{\"@id\":\"https:\/\/awtaproducttesting.com.au\/services\/by-industry\/textiles-and-apparel\/outdoor-textiles\/shade-structures\/#primaryimage\"},\"image\":{\"@id\":\"https:\/\/awtaproducttesting.com.au\/services\/by-industry\/textiles-and-apparel\/outdoor-textiles\/shade-structures\/#primaryimage\"},\"thumbnailUrl\":\"https:\/\/awtaproducttesting.com.au\/app\/uploads\/2025\/10\/AdobeStock_194421188-scaled.jpeg\",\"datePublished\":\"2025-08-26T04:08:20+00:00\",\"dateModified\":\"2025-12-03T04:54:09+00:00\",\"breadcrumb\":{\"@id\":\"https:\/\/awtaproducttesting.com.au\/services\/by-industry\/textiles-and-apparel\/outdoor-textiles\/shade-structures\/#breadcrumb\"},\"inLanguage\":\"it-IT\",\"potentialAction\":[{\"@type\":\"ReadAction\",\"target\":[\"https:\/\/awtaproducttesting.com.au\/services\/by-industry\/textiles-and-apparel\/outdoor-textiles\/shade-structures\/\"]}]},{\"@type\":\"ImageObject\",\"inLanguage\":\"it-IT\",\"@id\":\"https:\/\/awtaproducttesting.com.au\/services\/by-industry\/textiles-and-apparel\/outdoor-textiles\/shade-structures\/#primaryimage\",\"url\":\"https:\/\/awtaproducttesting.com.au\/app\/uploads\/2025\/10\/AdobeStock_194421188-scaled.jpeg\",\"contentUrl\":\"https:\/\/awtaproducttesting.com.au\/app\/uploads\/2025\/10\/AdobeStock_194421188-scaled.jpeg\"},{\"@type\":\"BreadcrumbList\",\"@id\":\"https:\/\/awtaproducttesting.com.au\/services\/by-industry\/textiles-and-apparel\/outdoor-textiles\/shade-structures\/#breadcrumb\",\"itemListElement\":[{\"@type\":\"ListItem\",\"position\":1,\"name\":\"Home\",\"item\":\"https:\/\/awtaproducttesting.com.au\/\"},{\"@type\":\"ListItem\",\"position\":2,\"name\":\"Services\",\"item\":\"https:\/\/awtaproducttesting.com.au\/services\/\"},{\"@type\":\"ListItem\",\"position\":3,\"name\":\"By Industry\",\"item\":\"https:\/\/awtaproducttesting.com.au\/services\/by-industry\/\"},{\"@type\":\"ListItem\",\"position\":4,\"name\":\"Textiles &amp; Apparel\",\"item\":\"https:\/\/awtaproducttesting.com.au\/services\/by-industry\/textiles-and-apparel\/\"},{\"@type\":\"ListItem\",\"position\":5,\"name\":\"Outdoor Textiles\",\"item\":\"https:\/\/awtaproducttesting.com.au\/services\/by-industry\/textiles-and-apparel\/outdoor-textiles\/\"},{\"@type\":\"ListItem\",\"position\":6,\"name\":\"Shade Structures\"}]},{\"@type\":\"WebSite\",\"@id\":\"https:\/\/awtaproducttesting.com.au\/#website\",\"url\":\"https:\/\/awtaproducttesting.com.au\/\",\"name\":\"AWTA Product Testing\",\"description\":\"\",\"publisher\":{\"@id\":\"https:\/\/awtaproducttesting.com.au\/#organization\"},\"potentialAction\":[{\"@type\":\"SearchAction\",\"target\":{\"@type\":\"EntryPoint\",\"urlTemplate\":\"https:\/\/awtaproducttesting.com.au\/?s={search_term_string}\"},\"query-input\":{\"@type\":\"PropertyValueSpecification\",\"valueRequired\":true,\"valueName\":\"search_term_string\"}}],\"inLanguage\":\"it-IT\"},{\"@type\":\"Organization\",\"@id\":\"https:\/\/awtaproducttesting.com.au\/#organization\",\"name\":\"AWTA Product Testing\",\"url\":\"https:\/\/awtaproducttesting.com.au\/\",\"logo\":{\"@type\":\"ImageObject\",\"inLanguage\":\"it-IT\",\"@id\":\"https:\/\/awtaproducttesting.com.au\/#\/schema\/logo\/image\/\",\"url\":\"https:\/\/awtaproducttesting.com.au\/app\/uploads\/2025\/08\/PT-News-Banner-scaled.jpg\",\"contentUrl\":\"https:\/\/awtaproducttesting.com.au\/app\/uploads\/2025\/08\/PT-News-Banner-scaled.jpg\",\"width\":2560,\"height\":1580,\"caption\":\"AWTA Product Testing\"},\"image\":{\"@id\":\"https:\/\/awtaproducttesting.com.au\/#\/schema\/logo\/image\/\"}}]}<\/script>\n<!-- \/ Yoast SEO plugin. -->","yoast_head_json":{"title":"Shade Structures - AWTA Product Testing","robots":{"index":"index","follow":"follow","max-snippet":"max-snippet:-1","max-image-preview":"max-image-preview:large","max-video-preview":"max-video-preview:-1"},"canonical":"https:\/\/awtaproducttesting.com.au\/it\/services\/by-industry\/textiles-and-apparel\/outdoor-textiles\/shade-structures\/","og_locale":"it_IT","og_type":"article","og_title":"Shade Structures - AWTA Product Testing","og_description":"To measure the performance of textile shade structures and assess their ability to survive a life cycle in Australian conditions,&nbsp;AS 4174:2018, Knitted and woven\u2026","og_url":"https:\/\/awtaproducttesting.com.au\/it\/services\/by-industry\/textiles-and-apparel\/outdoor-textiles\/shade-structures\/","og_site_name":"AWTA Product Testing","article_modified_time":"2025-12-03T04:54:09+00:00","og_image":[{"width":2560,"height":1708,"url":"https:\/\/awtaproducttesting.com.au\/app\/uploads\/2025\/10\/AdobeStock_194421188-scaled.jpeg","type":"image\/jpeg"}],"twitter_card":"summary_large_image","twitter_misc":{"Est. reading time":"1 minute"},"schema":{"@context":"https:\/\/schema.org","@graph":[{"@type":"WebPage","@id":"https:\/\/awtaproducttesting.com.au\/services\/by-industry\/textiles-and-apparel\/outdoor-textiles\/shade-structures\/","url":"https:\/\/awtaproducttesting.com.au\/services\/by-industry\/textiles-and-apparel\/outdoor-textiles\/shade-structures\/","name":"Shade Structures - AWTA Product Testing","isPartOf":{"@id":"https:\/\/awtaproducttesting.com.au\/#website"},"primaryImageOfPage":{"@id":"https:\/\/awtaproducttesting.com.au\/services\/by-industry\/textiles-and-apparel\/outdoor-textiles\/shade-structures\/#primaryimage"},"image":{"@id":"https:\/\/awtaproducttesting.com.au\/services\/by-industry\/textiles-and-apparel\/outdoor-textiles\/shade-structures\/#primaryimage"},"thumbnailUrl":"https:\/\/awtaproducttesting.com.au\/app\/uploads\/2025\/10\/AdobeStock_194421188-scaled.jpeg","datePublished":"2025-08-26T04:08:20+00:00","dateModified":"2025-12-03T04:54:09+00:00","breadcrumb":{"@id":"https:\/\/awtaproducttesting.com.au\/services\/by-industry\/textiles-and-apparel\/outdoor-textiles\/shade-structures\/#breadcrumb"},"inLanguage":"it-IT","potentialAction":[{"@type":"ReadAction","target":["https:\/\/awtaproducttesting.com.au\/services\/by-industry\/textiles-and-apparel\/outdoor-textiles\/shade-structures\/"]}]},{"@type":"ImageObject","inLanguage":"it-IT","@id":"https:\/\/awtaproducttesting.com.au\/services\/by-industry\/textiles-and-apparel\/outdoor-textiles\/shade-structures\/#primaryimage","url":"https:\/\/awtaproducttesting.com.au\/app\/uploads\/2025\/10\/AdobeStock_194421188-scaled.jpeg","contentUrl":"https:\/\/awtaproducttesting.com.au\/app\/uploads\/2025\/10\/AdobeStock_194421188-scaled.jpeg"},{"@type":"BreadcrumbList","@id":"https:\/\/awtaproducttesting.com.au\/services\/by-industry\/textiles-and-apparel\/outdoor-textiles\/shade-structures\/#breadcrumb","itemListElement":[{"@type":"ListItem","position":1,"name":"Home","item":"https:\/\/awtaproducttesting.com.au\/"},{"@type":"ListItem","position":2,"name":"Services","item":"https:\/\/awtaproducttesting.com.au\/services\/"},{"@type":"ListItem","position":3,"name":"By Industry","item":"https:\/\/awtaproducttesting.com.au\/services\/by-industry\/"},{"@type":"ListItem","position":4,"name":"Textiles &amp; Apparel","item":"https:\/\/awtaproducttesting.com.au\/services\/by-industry\/textiles-and-apparel\/"},{"@type":"ListItem","position":5,"name":"Outdoor Textiles","item":"https:\/\/awtaproducttesting.com.au\/services\/by-industry\/textiles-and-apparel\/outdoor-textiles\/"},{"@type":"ListItem","position":6,"name":"Shade Structures"}]},{"@type":"WebSite","@id":"https:\/\/awtaproducttesting.com.au\/#website","url":"https:\/\/awtaproducttesting.com.au\/","name":"Test di prodotto AWTA","description":"","publisher":{"@id":"https:\/\/awtaproducttesting.com.au\/#organization"},"potentialAction":[{"@type":"SearchAction","target":{"@type":"EntryPoint","urlTemplate":"https:\/\/awtaproducttesting.com.au\/?s={search_term_string}"},"query-input":{"@type":"PropertyValueSpecification","valueRequired":true,"valueName":"search_term_string"}}],"inLanguage":"it-IT"},{"@type":"Organization","@id":"https:\/\/awtaproducttesting.com.au\/#organization","name":"Test di prodotto AWTA","url":"https:\/\/awtaproducttesting.com.au\/","logo":{"@type":"ImageObject","inLanguage":"it-IT","@id":"https:\/\/awtaproducttesting.com.au\/#\/schema\/logo\/image\/","url":"https:\/\/awtaproducttesting.com.au\/app\/uploads\/2025\/08\/PT-News-Banner-scaled.jpg","contentUrl":"https:\/\/awtaproducttesting.com.au\/app\/uploads\/2025\/08\/PT-News-Banner-scaled.jpg","width":2560,"height":1580,"caption":"AWTA Product Testing"},"image":{"@id":"https:\/\/awtaproducttesting.com.au\/#\/schema\/logo\/image\/"}}]}},"_links":{"self":[{"href":"https:\/\/awtaproducttesting.com.au\/it\/wp-json\/wp\/v2\/pages\/949","targetHints":{"allow":["GET"]}}],"collection":[{"href":"https:\/\/awtaproducttesting.com.au\/it\/wp-json\/wp\/v2\/pages"}],"about":[{"href":"https:\/\/awtaproducttesting.com.au\/it\/wp-json\/wp\/v2\/types\/page"}],"author":[{"embeddable":true,"href":"https:\/\/awtaproducttesting.com.au\/it\/wp-json\/wp\/v2\/users\/1"}],"replies":[{"embeddable":true,"href":"https:\/\/awtaproducttesting.com.au\/it\/wp-json\/wp\/v2\/comments?post=949"}],"version-history":[{"count":14,"href":"https:\/\/awtaproducttesting.com.au\/it\/wp-json\/wp\/v2\/pages\/949\/revisions"}],"predecessor-version":[{"id":3350,"href":"https:\/\/awtaproducttesting.com.au\/it\/wp-json\/wp\/v2\/pages\/949\/revisions\/3350"}],"up":[{"embeddable":true,"href":"https:\/\/awtaproducttesting.com.au\/it\/wp-json\/wp\/v2\/pages\/2362"}],"wp:attachment":[{"href":"https:\/\/awtaproducttesting.com.au\/it\/wp-json\/wp\/v2\/media?parent=949"}],"curies":[{"name":"wp","href":"https:\/\/api.w.org\/{rel}","templated":true}]}}