{"id":969,"date":"2025-08-26T04:21:35","date_gmt":"2025-08-26T04:21:35","guid":{"rendered":"https:\/\/awtaproducttesting.swim.net.au\/?page_id=969"},"modified":"2025-12-16T02:34:49","modified_gmt":"2025-12-16T02:34:49","slug":"childrens-nightwear","status":"publish","type":"page","link":"https:\/\/awtaproducttesting.com.au\/it\/services\/by-industry\/textiles-and-apparel\/childrens-garments\/childrens-nightwear\/","title":{"rendered":"Abbigliamento da notte per bambini"},"content":{"rendered":"<div class=\"wp-block-group is-style-boxed is-layout-constrained wp-block-group-is-layout-constrained\">\n<div class=\"wp-block-columns is-layout-flex wp-container-core-columns-is-layout-9d6595d7 wp-block-columns-is-layout-flex\">\n<div class=\"wp-block-column is-vertically-aligned-center is-layout-constrained wp-block-column-is-layout-constrained\">\n<p><\/p>\n\n\n\n<p>L'Australian Consumer Goods (Children's Nightwear and limited daywear and paper patterns for Children's Nightwear) Safety Standard Lo standard di sicurezza 2017 prevede che un'ampia gamma di capi di abbigliamento per neonati e bambini soddisfi i requisiti dello standard australiano AS\/NZS 1249-2014 e sia etichettata in conformit\u00e0 ad esso.  Esso<strong> <\/strong>cattura gli indumenti che ci si aspetterebbe come camicie da notte, pigiami, tutine e vestaglie, ma include anche prodotti come asciugamani o coperte con aperture per le braccia.<\/p>\n<\/div>\n\n\n\n<div class=\"wp-block-column is-layout-flow wp-block-column-is-layout-flow\">\n<figure class=\"wp-block-image size-full\"><img loading=\"lazy\" decoding=\"async\" width=\"1254\" height=\"836\" src=\"https:\/\/awtaproducttesting.com.au\/app\/uploads\/2025\/10\/baby-PJs.jpg\" alt=\"\" class=\"wp-image-2744\" srcset=\"https:\/\/awtaproducttesting.com.au\/app\/uploads\/2025\/10\/baby-PJs.jpg 1254w, https:\/\/awtaproducttesting.com.au\/app\/uploads\/2025\/10\/baby-PJs-300x200.jpg 300w, https:\/\/awtaproducttesting.com.au\/app\/uploads\/2025\/10\/baby-PJs-1024x683.jpg 1024w, https:\/\/awtaproducttesting.com.au\/app\/uploads\/2025\/10\/baby-PJs-768x512.jpg 768w, https:\/\/awtaproducttesting.com.au\/app\/uploads\/2025\/10\/baby-PJs-18x12.jpg 18w\" sizes=\"auto, (max-width: 1254px) 100vw, 1254px\" \/><\/figure>\n<\/div>\n<\/div>\n\n\n\n<p>In base ai requisiti della norma AS\/NZS 1249-2014, gli indumenti da notte per neonati e bambini possono essere valutati in base ai requisiti della Categoria 1, Categoria 2, Categoria 3 o Categoria 4.  I requisiti di valutazione ed etichettatura variano a seconda delle categorie e quindi i requisiti di prova dipendono dalla taglia, dalla composizione e dalla struttura dell'indumento.&nbsp;<\/p>\n\n\n\n<p>AWTA Product Testing \u00e8 accreditata dalla National Association of Testing Authorities per eseguire tutte le prove e le valutazioni associate alla norma AS\/NZS 1249-2014 ed \u00e8 considerata un'autorit\u00e0 in materia di conformit\u00e0 degli indumenti da notte per bambini.<\/p>\n\n\n\n<div style=\"height:100px\" aria-hidden=\"true\" class=\"wp-block-spacer\"><\/div>\n\n\n\n<h2 class=\"wp-block-heading\">Ulteriori informazioni<\/h2>\n\n\n\n<div class=\"wp-block-buttons is-layout-flex wp-block-buttons-is-layout-flex\">\n<div class=\"wp-block-button is-style-gray-buttons\"><a class=\"wp-block-button__link wp-element-button\" href=\"https:\/\/awtaproducttesting.com.au\/it\/information-sheets\/asnzs-1249-testing-childrens-garments-tis\/asnzs-1249-testing-childrens-garments-tis\/\" target=\"_blank\" rel=\"noreferrer noopener\">AS\/NZS 1249 Test sugli indumenti per bambini Foglio informativo sul test<\/a><\/div>\n\n\n\n<div class=\"wp-block-button is-style-gray-buttons\"><a class=\"wp-block-button__link wp-element-button\" href=\"https:\/\/awtaproducttesting.com.au\/it\/information-sheets\/asnzs-1249-childrens-nightwear-tis\/asnzs-1249-childrens-nightwear-tis\/\" target=\"_blank\" rel=\"noreferrer noopener\">AS\/NZS 1249 Foglio informativo sul test della biancheria da notte per bambini<\/a><\/div>\n\n\n\n<div class=\"wp-block-button is-style-gray-buttons\"><a class=\"wp-block-button__link wp-element-button\" href=\"https:\/\/awtaproducttesting.com.au\/it\/information-sheets\/beach-towel-safety-compliance-summary\/beach-towel-safety-compliance-summary\/\" target=\"_blank\" rel=\"noreferrer noopener\">Scheda informativa sul test degli asciugamani da spiaggia<\/a><\/div>\n<\/div>\n<\/div>\n\n\n\n<div style=\"background-image:url(&apos;https:\/\/awtaproducttesting.com.au\/app\/uploads\/2025\/12\/AdobeStock_648743482-scaled.jpeg&apos;);background-size:cover;\" class=\"wp-block-group is-style-cta-banner is-layout-constrained wp-block-group-is-layout-constrained has-background\">\n<div class=\"wp-block-columns is-layout-flex wp-container-core-columns-is-layout-9d6595d7 wp-block-columns-is-layout-flex\">\n<div class=\"wp-block-column is-layout-flow wp-block-column-is-layout-flow\"><\/div>\n\n\n\n<div class=\"wp-block-column is-layout-flow wp-block-column-is-layout-flow\" style=\"flex-basis:689px\">\n<h2 class=\"wp-block-heading has-white-color has-text-color has-link-color wp-elements-5586e978f21db730a2e82c7bd8601a6b\">Siete pronti a ottenere i servizi di analisi dei prodotti specializzati di cui avete bisogno?<\/h2>\n\n\n\n<p class=\"has-white-color has-text-color has-link-color wp-elements-7f6be4cdc9fdca50e5aa459d5ef6791c\">Contattateci oggi stesso per iniziare.<\/p>\n\n\n\n<div class=\"wp-block-buttons is-layout-flex wp-block-buttons-is-layout-flex\">\n<div class=\"wp-block-button\"><a class=\"wp-block-button__link wp-element-button\" href=\"\/it\/contact\/\">Contatto<\/a><\/div>\n<\/div>\n<\/div>\n<\/div>\n\n\n\n<p><\/p>\n<\/div>","protected":false},"excerpt":{"rendered":"<p>Lo Standard di sicurezza 2017 dei beni di consumo australiani (biancheria da notte per bambini e biancheria da giorno limitata e modelli di carta per biancheria da notte per bambini) impone...<\/p>","protected":false},"author":1,"featured_media":0,"parent":967,"menu_order":0,"comment_status":"closed","ping_status":"closed","template":"","meta":{"_acf_changed":false,"footnotes":""},"class_list":["post-969","page","type-page","status-publish","hentry"],"acf":[],"yoast_head":"<!-- This site is optimized with the Yoast SEO plugin v27.0 - https:\/\/yoast.com\/product\/yoast-seo-wordpress\/ -->\n<title>Children\u2019s Nightwear - AWTA Product Testing<\/title>\n<meta name=\"robots\" content=\"index, follow, max-snippet:-1, max-image-preview:large, max-video-preview:-1\" \/>\n<link rel=\"canonical\" href=\"https:\/\/awtaproducttesting.com.au\/it\/services\/by-industry\/textiles-and-apparel\/childrens-garments\/childrens-nightwear\/\" \/>\n<meta property=\"og:locale\" content=\"it_IT\" \/>\n<meta property=\"og:type\" content=\"article\" \/>\n<meta property=\"og:title\" content=\"Children\u2019s Nightwear - AWTA Product Testing\" \/>\n<meta property=\"og:description\" content=\"The Australian Consumer Goods (Children\u2019s Nightwear and limited daywear and paper patterns for Children\u2019s Nightwear) Safety Standard Safety Standard 2017 mandates\u2026\" \/>\n<meta property=\"og:url\" content=\"https:\/\/awtaproducttesting.com.au\/it\/services\/by-industry\/textiles-and-apparel\/childrens-garments\/childrens-nightwear\/\" \/>\n<meta property=\"og:site_name\" content=\"AWTA Product Testing\" \/>\n<meta property=\"article:modified_time\" content=\"2025-12-16T02:34:49+00:00\" \/>\n<meta property=\"og:image\" content=\"https:\/\/awtaproducttesting.com.au\/app\/uploads\/2025\/10\/baby-PJs.jpg\" \/>\n\t<meta property=\"og:image:width\" content=\"1254\" \/>\n\t<meta property=\"og:image:height\" content=\"836\" \/>\n\t<meta property=\"og:image:type\" content=\"image\/jpeg\" \/>\n<meta name=\"twitter:card\" content=\"summary_large_image\" \/>\n<meta name=\"twitter:label1\" content=\"Est. reading time\" \/>\n\t<meta name=\"twitter:data1\" content=\"1 minute\" \/>\n<script type=\"application\/ld+json\" class=\"yoast-schema-graph\">{\"@context\":\"https:\/\/schema.org\",\"@graph\":[{\"@type\":\"WebPage\",\"@id\":\"https:\/\/awtaproducttesting.com.au\/services\/by-industry\/textiles-and-apparel\/childrens-garments\/childrens-nightwear\/\",\"url\":\"https:\/\/awtaproducttesting.com.au\/services\/by-industry\/textiles-and-apparel\/childrens-garments\/childrens-nightwear\/\",\"name\":\"Children\u2019s Nightwear - AWTA Product Testing\",\"isPartOf\":{\"@id\":\"https:\/\/awtaproducttesting.com.au\/#website\"},\"primaryImageOfPage\":{\"@id\":\"https:\/\/awtaproducttesting.com.au\/services\/by-industry\/textiles-and-apparel\/childrens-garments\/childrens-nightwear\/#primaryimage\"},\"image\":{\"@id\":\"https:\/\/awtaproducttesting.com.au\/services\/by-industry\/textiles-and-apparel\/childrens-garments\/childrens-nightwear\/#primaryimage\"},\"thumbnailUrl\":\"https:\/\/awtaproducttesting.com.au\/app\/uploads\/2025\/10\/baby-PJs.jpg\",\"datePublished\":\"2025-08-26T04:21:35+00:00\",\"dateModified\":\"2025-12-16T02:34:49+00:00\",\"breadcrumb\":{\"@id\":\"https:\/\/awtaproducttesting.com.au\/services\/by-industry\/textiles-and-apparel\/childrens-garments\/childrens-nightwear\/#breadcrumb\"},\"inLanguage\":\"it-IT\",\"potentialAction\":[{\"@type\":\"ReadAction\",\"target\":[\"https:\/\/awtaproducttesting.com.au\/services\/by-industry\/textiles-and-apparel\/childrens-garments\/childrens-nightwear\/\"]}]},{\"@type\":\"ImageObject\",\"inLanguage\":\"it-IT\",\"@id\":\"https:\/\/awtaproducttesting.com.au\/services\/by-industry\/textiles-and-apparel\/childrens-garments\/childrens-nightwear\/#primaryimage\",\"url\":\"https:\/\/awtaproducttesting.com.au\/app\/uploads\/2025\/10\/baby-PJs.jpg\",\"contentUrl\":\"https:\/\/awtaproducttesting.com.au\/app\/uploads\/2025\/10\/baby-PJs.jpg\"},{\"@type\":\"BreadcrumbList\",\"@id\":\"https:\/\/awtaproducttesting.com.au\/services\/by-industry\/textiles-and-apparel\/childrens-garments\/childrens-nightwear\/#breadcrumb\",\"itemListElement\":[{\"@type\":\"ListItem\",\"position\":1,\"name\":\"Home\",\"item\":\"https:\/\/awtaproducttesting.com.au\/\"},{\"@type\":\"ListItem\",\"position\":2,\"name\":\"Services\",\"item\":\"https:\/\/awtaproducttesting.com.au\/services\/\"},{\"@type\":\"ListItem\",\"position\":3,\"name\":\"By Industry\",\"item\":\"https:\/\/awtaproducttesting.com.au\/services\/by-industry\/\"},{\"@type\":\"ListItem\",\"position\":4,\"name\":\"Textiles &amp; Apparel\",\"item\":\"https:\/\/awtaproducttesting.com.au\/services\/by-industry\/textiles-and-apparel\/\"},{\"@type\":\"ListItem\",\"position\":5,\"name\":\"Children\u2019s Garments\",\"item\":\"https:\/\/awtaproducttesting.com.au\/services\/by-industry\/textiles-and-apparel\/childrens-garments\/\"},{\"@type\":\"ListItem\",\"position\":6,\"name\":\"Children\u2019s Nightwear\"}]},{\"@type\":\"WebSite\",\"@id\":\"https:\/\/awtaproducttesting.com.au\/#website\",\"url\":\"https:\/\/awtaproducttesting.com.au\/\",\"name\":\"AWTA Product Testing\",\"description\":\"\",\"publisher\":{\"@id\":\"https:\/\/awtaproducttesting.com.au\/#organization\"},\"potentialAction\":[{\"@type\":\"SearchAction\",\"target\":{\"@type\":\"EntryPoint\",\"urlTemplate\":\"https:\/\/awtaproducttesting.com.au\/?s={search_term_string}\"},\"query-input\":{\"@type\":\"PropertyValueSpecification\",\"valueRequired\":true,\"valueName\":\"search_term_string\"}}],\"inLanguage\":\"it-IT\"},{\"@type\":\"Organization\",\"@id\":\"https:\/\/awtaproducttesting.com.au\/#organization\",\"name\":\"AWTA Product Testing\",\"url\":\"https:\/\/awtaproducttesting.com.au\/\",\"logo\":{\"@type\":\"ImageObject\",\"inLanguage\":\"it-IT\",\"@id\":\"https:\/\/awtaproducttesting.com.au\/#\/schema\/logo\/image\/\",\"url\":\"https:\/\/awtaproducttesting.com.au\/app\/uploads\/2025\/08\/PT-News-Banner-scaled.jpg\",\"contentUrl\":\"https:\/\/awtaproducttesting.com.au\/app\/uploads\/2025\/08\/PT-News-Banner-scaled.jpg\",\"width\":2560,\"height\":1580,\"caption\":\"AWTA Product Testing\"},\"image\":{\"@id\":\"https:\/\/awtaproducttesting.com.au\/#\/schema\/logo\/image\/\"}}]}<\/script>\n<!-- \/ Yoast SEO plugin. -->","yoast_head_json":{"title":"Children\u2019s Nightwear - AWTA Product Testing","robots":{"index":"index","follow":"follow","max-snippet":"max-snippet:-1","max-image-preview":"max-image-preview:large","max-video-preview":"max-video-preview:-1"},"canonical":"https:\/\/awtaproducttesting.com.au\/it\/services\/by-industry\/textiles-and-apparel\/childrens-garments\/childrens-nightwear\/","og_locale":"it_IT","og_type":"article","og_title":"Children\u2019s Nightwear - AWTA Product Testing","og_description":"The Australian Consumer Goods (Children\u2019s Nightwear and limited daywear and paper patterns for Children\u2019s Nightwear) Safety Standard Safety Standard 2017 mandates\u2026","og_url":"https:\/\/awtaproducttesting.com.au\/it\/services\/by-industry\/textiles-and-apparel\/childrens-garments\/childrens-nightwear\/","og_site_name":"AWTA Product Testing","article_modified_time":"2025-12-16T02:34:49+00:00","og_image":[{"width":1254,"height":836,"url":"https:\/\/awtaproducttesting.com.au\/app\/uploads\/2025\/10\/baby-PJs.jpg","type":"image\/jpeg"}],"twitter_card":"summary_large_image","twitter_misc":{"Est. reading time":"1 minute"},"schema":{"@context":"https:\/\/schema.org","@graph":[{"@type":"WebPage","@id":"https:\/\/awtaproducttesting.com.au\/services\/by-industry\/textiles-and-apparel\/childrens-garments\/childrens-nightwear\/","url":"https:\/\/awtaproducttesting.com.au\/services\/by-industry\/textiles-and-apparel\/childrens-garments\/childrens-nightwear\/","name":"Children\u2019s Nightwear - AWTA Product Testing","isPartOf":{"@id":"https:\/\/awtaproducttesting.com.au\/#website"},"primaryImageOfPage":{"@id":"https:\/\/awtaproducttesting.com.au\/services\/by-industry\/textiles-and-apparel\/childrens-garments\/childrens-nightwear\/#primaryimage"},"image":{"@id":"https:\/\/awtaproducttesting.com.au\/services\/by-industry\/textiles-and-apparel\/childrens-garments\/childrens-nightwear\/#primaryimage"},"thumbnailUrl":"https:\/\/awtaproducttesting.com.au\/app\/uploads\/2025\/10\/baby-PJs.jpg","datePublished":"2025-08-26T04:21:35+00:00","dateModified":"2025-12-16T02:34:49+00:00","breadcrumb":{"@id":"https:\/\/awtaproducttesting.com.au\/services\/by-industry\/textiles-and-apparel\/childrens-garments\/childrens-nightwear\/#breadcrumb"},"inLanguage":"it-IT","potentialAction":[{"@type":"ReadAction","target":["https:\/\/awtaproducttesting.com.au\/services\/by-industry\/textiles-and-apparel\/childrens-garments\/childrens-nightwear\/"]}]},{"@type":"ImageObject","inLanguage":"it-IT","@id":"https:\/\/awtaproducttesting.com.au\/services\/by-industry\/textiles-and-apparel\/childrens-garments\/childrens-nightwear\/#primaryimage","url":"https:\/\/awtaproducttesting.com.au\/app\/uploads\/2025\/10\/baby-PJs.jpg","contentUrl":"https:\/\/awtaproducttesting.com.au\/app\/uploads\/2025\/10\/baby-PJs.jpg"},{"@type":"BreadcrumbList","@id":"https:\/\/awtaproducttesting.com.au\/services\/by-industry\/textiles-and-apparel\/childrens-garments\/childrens-nightwear\/#breadcrumb","itemListElement":[{"@type":"ListItem","position":1,"name":"Home","item":"https:\/\/awtaproducttesting.com.au\/"},{"@type":"ListItem","position":2,"name":"Services","item":"https:\/\/awtaproducttesting.com.au\/services\/"},{"@type":"ListItem","position":3,"name":"By Industry","item":"https:\/\/awtaproducttesting.com.au\/services\/by-industry\/"},{"@type":"ListItem","position":4,"name":"Textiles &amp; Apparel","item":"https:\/\/awtaproducttesting.com.au\/services\/by-industry\/textiles-and-apparel\/"},{"@type":"ListItem","position":5,"name":"Children\u2019s Garments","item":"https:\/\/awtaproducttesting.com.au\/services\/by-industry\/textiles-and-apparel\/childrens-garments\/"},{"@type":"ListItem","position":6,"name":"Children\u2019s Nightwear"}]},{"@type":"WebSite","@id":"https:\/\/awtaproducttesting.com.au\/#website","url":"https:\/\/awtaproducttesting.com.au\/","name":"Test di prodotto AWTA","description":"","publisher":{"@id":"https:\/\/awtaproducttesting.com.au\/#organization"},"potentialAction":[{"@type":"SearchAction","target":{"@type":"EntryPoint","urlTemplate":"https:\/\/awtaproducttesting.com.au\/?s={search_term_string}"},"query-input":{"@type":"PropertyValueSpecification","valueRequired":true,"valueName":"search_term_string"}}],"inLanguage":"it-IT"},{"@type":"Organization","@id":"https:\/\/awtaproducttesting.com.au\/#organization","name":"Test di prodotto AWTA","url":"https:\/\/awtaproducttesting.com.au\/","logo":{"@type":"ImageObject","inLanguage":"it-IT","@id":"https:\/\/awtaproducttesting.com.au\/#\/schema\/logo\/image\/","url":"https:\/\/awtaproducttesting.com.au\/app\/uploads\/2025\/08\/PT-News-Banner-scaled.jpg","contentUrl":"https:\/\/awtaproducttesting.com.au\/app\/uploads\/2025\/08\/PT-News-Banner-scaled.jpg","width":2560,"height":1580,"caption":"AWTA Product Testing"},"image":{"@id":"https:\/\/awtaproducttesting.com.au\/#\/schema\/logo\/image\/"}}]}},"_links":{"self":[{"href":"https:\/\/awtaproducttesting.com.au\/it\/wp-json\/wp\/v2\/pages\/969","targetHints":{"allow":["GET"]}}],"collection":[{"href":"https:\/\/awtaproducttesting.com.au\/it\/wp-json\/wp\/v2\/pages"}],"about":[{"href":"https:\/\/awtaproducttesting.com.au\/it\/wp-json\/wp\/v2\/types\/page"}],"author":[{"embeddable":true,"href":"https:\/\/awtaproducttesting.com.au\/it\/wp-json\/wp\/v2\/users\/1"}],"replies":[{"embeddable":true,"href":"https:\/\/awtaproducttesting.com.au\/it\/wp-json\/wp\/v2\/comments?post=969"}],"version-history":[{"count":25,"href":"https:\/\/awtaproducttesting.com.au\/it\/wp-json\/wp\/v2\/pages\/969\/revisions"}],"predecessor-version":[{"id":3515,"href":"https:\/\/awtaproducttesting.com.au\/it\/wp-json\/wp\/v2\/pages\/969\/revisions\/3515"}],"up":[{"embeddable":true,"href":"https:\/\/awtaproducttesting.com.au\/it\/wp-json\/wp\/v2\/pages\/967"}],"wp:attachment":[{"href":"https:\/\/awtaproducttesting.com.au\/it\/wp-json\/wp\/v2\/media?parent=969"}],"curies":[{"name":"wp","href":"https:\/\/api.w.org\/{rel}","templated":true}]}}